{"id":979,"date":"2025-10-28T22:45:33","date_gmt":"2025-10-28T21:45:33","guid":{"rendered":"https:\/\/www.grandhotelhradec.cz\/?page_id=979"},"modified":"2026-04-02T22:26:49","modified_gmt":"2026-04-02T20:26:49","slug":"specjalne-elastyczne-oferty-sezonowe-z-3-daniowa-kolacja-i-wellness","status":"publish","type":"page","link":"https:\/\/www.grandhotelhradec.cz\/pl\/oferty-specjalne\/specjalne-elastyczne-oferty-sezonowe-z-3-daniowa-kolacja-i-wellness\/","title":{"rendered":"Specjalna elastyczna oferta sezonowa z 3-daniow\u0105 kolacj\u0105 i pakietem wellness"},"content":{"rendered":"<p class=\"translation-block\"><strong>Poznaj Karkonosze w wielkim stylu<\/strong> w sercu Pecy pod \u015anie\u017ck\u0105 i daj si\u0119 rozpieszcza\u0107 wyj\u0105tkowym us\u0142ugom naszego hotelu.Poznaj wyrafinowan\u0105 harmoni\u0119 smak\u00f3w w magicznym otoczeniu naszej designerskiej restauracji oraz urozmaicon\u0105 ofert\u0119 doskona\u0142ych piw i gatunkowych win.Po powrocie z w\u0119dr\u00f3wki lub przed wyruszeniem na odkrywanie pi\u0119kna Karkonoszy, zregeneruj si\u0142y w naszym ekskluzywnym centrum wellness.<\/p>\n\n\n\n<p><strong>Specjalna elastyczna oferta sezonowa z 3-daniow\u0105 kolacj\u0105 i pakietem wellness<\/strong><\/p>\n\n\n\n<h3 class=\"wp-block-heading\">Korzy\u015bci z rezerwacji<\/h3>\n\n\n\n<ul class=\"wp-block-list\">\n<li>Bezp\u0142atne Wi-Fi<\/li>\n\n\n\n<li>\u015aniadanie wliczone w cen\u0119<\/li>\n\n\n\n<li><strong>W cenie sezonowa 3-daniowa kolacja<\/strong><\/li>\n\n\n\n<li><strong>Wst\u0119p do strefy wellness Bubbly na 90 minut do godziny 17:00 ka\u017cdego dnia pobytu<\/strong><\/li>\n\n\n\n<li>Powitalny drink po przyje\u017adzie<\/li>\n\n\n\n<li>Woda w pokoju po przyje\u017adzie<\/li>\n\n\n\n<li>Prezent dla Twoich dzieci po przyje\u017adzie<\/li>\n<\/ul>\n\n\n\n<p>Parking nie jest wliczony w cen\u0119 i jest oferowany w zale\u017cno\u015bci od dost\u0119pno\u015bci.<\/p>\n\n\n\n<h3 class=\"wp-block-heading\">Dodatkowa korzy\u015b\u0107<\/h3>\n\n\n\n<ul class=\"wp-block-list\">\n<li>butelka wy\u015bmienitego Prosecco podczas przyjazdu przy rezerwacji dokonanej bezpo\u015brednio do 30.04.2026<\/li>\n\n\n\n<li>Po przyje\u017adzie istnieje mo\u017cliwo\u015b\u0107 um\u00f3wienia si\u0119 na degustacj\u0119 wina do kolacji w recepcji w cenie 300 CZK\/osoba<\/li>\n<\/ul>\n\n\n\n<p><\/p>\n\n\n\n<p><strong>Zarezerwuj pobyt ju\u017c dzi\u015b i do\u015bwiadcz doskona\u0142ego relaksu w Grand Hotelu Hradec!<\/strong><\/p>\n\n\n\n<div class=\"wp-block-buttons is-layout-flex wp-block-buttons-is-layout-flex\">\n<div class=\"wp-block-button rezervace alt btnalt\"><a class=\"wp-block-button__link wp-element-button\" href=\"https:\/\/grandhotelhradec.book-onlinenow.net\/index.aspx?cur=PLN&amp;lan_id=pl-PL&amp;Page=19\" target=\"_blank\" rel=\"\">Zarezerwuj<\/a><\/div>\n<\/div>\n\n\n\n<p>&nbsp;<\/p>\n\n\n\n<figure class=\"wp-block-image size-full\"><img loading=\"lazy\" decoding=\"async\" width=\"1920\" height=\"1080\" src=\"https:\/\/www.grandhotelhradec.cz\/wp-content\/uploads\/2025\/10\/Pokoj_GHH_I.jpg\" alt=\"\" class=\"wp-image-992\" srcset=\"https:\/\/www.grandhotelhradec.cz\/wp-content\/uploads\/2025\/10\/Pokoj_GHH_I.jpg 1920w, https:\/\/www.grandhotelhradec.cz\/wp-content\/uploads\/2025\/10\/Pokoj_GHH_I-600x338.jpg 600w, https:\/\/www.grandhotelhradec.cz\/wp-content\/uploads\/2025\/10\/Pokoj_GHH_I-18x10.jpg 18w\" sizes=\"auto, (max-width: 1920px) 100vw, 1920px\" \/><\/figure>\n\n\n\n<figure class=\"wp-block-image size-full\"><img loading=\"lazy\" decoding=\"async\" width=\"1920\" height=\"1080\" src=\"https:\/\/www.grandhotelhradec.cz\/wp-content\/uploads\/2025\/10\/Jidlo_GHH_I.jpg\" alt=\"\" class=\"wp-image-993\" srcset=\"https:\/\/www.grandhotelhradec.cz\/wp-content\/uploads\/2025\/10\/Jidlo_GHH_I.jpg 1920w, https:\/\/www.grandhotelhradec.cz\/wp-content\/uploads\/2025\/10\/Jidlo_GHH_I-600x338.jpg 600w, https:\/\/www.grandhotelhradec.cz\/wp-content\/uploads\/2025\/10\/Jidlo_GHH_I-18x10.jpg 18w\" sizes=\"auto, (max-width: 1920px) 100vw, 1920px\" \/><\/figure>\n\n\n\n<figure class=\"wp-block-image size-full\"><img loading=\"lazy\" decoding=\"async\" width=\"1920\" height=\"1080\" src=\"https:\/\/www.grandhotelhradec.cz\/wp-content\/uploads\/2025\/10\/wellness_GHH_I-1.jpg\" alt=\"\" class=\"wp-image-998\" srcset=\"https:\/\/www.grandhotelhradec.cz\/wp-content\/uploads\/2025\/10\/wellness_GHH_I-1.jpg 1920w, https:\/\/www.grandhotelhradec.cz\/wp-content\/uploads\/2025\/10\/wellness_GHH_I-1-600x338.jpg 600w, https:\/\/www.grandhotelhradec.cz\/wp-content\/uploads\/2025\/10\/wellness_GHH_I-1-18x10.jpg 18w\" sizes=\"auto, (max-width: 1920px) 100vw, 1920px\" \/><\/figure>","protected":false},"excerpt":{"rendered":"<p>Za\u017eijte Krkono\u0161e ve velk\u00e9m stylu&nbsp;v srdci Pece pod Sn\u011b\u017ekou a nechte se h\u00fd\u010dkat v\u00fdjime\u010dn\u00fdmi slu\u017ebami na\u0161eho hotelu. &nbsp;Poznejte&nbsp;vyt\u0159\u00edbenou harmonii chut\u00ed v&nbsp;kouzeln\u00e9m prost\u0159ed\u00ed na\u0161\u00ed designov\u00e9 restaurace a pestrou nab\u00eddkou v\u00fdte\u010dn\u00fdch piv a kvalitn\u00edch v\u00edn.&nbsp;Po n\u00e1vratu z t\u00fary, nebo ne\u017e vyraz\u00edte za kr\u00e1sami Krkono\u0161, na\u010derpejte energii v na\u0161em exkluzivn\u00edm wellness centru.&nbsp; Speci\u00e1ln\u00ed flexibiln\u00ed sezonn\u00ed nab\u00eddka s 3 [&hellip;]<\/p>","protected":false},"author":1,"featured_media":991,"parent":41,"menu_order":0,"comment_status":"closed","ping_status":"closed","template":"","meta":{"footnotes":""},"class_list":["post-979","page","type-page","status-publish","has-post-thumbnail","hentry"],"_links":{"self":[{"href":"https:\/\/www.grandhotelhradec.cz\/pl\/wp-json\/wp\/v2\/pages\/979","targetHints":{"allow":["GET"]}}],"collection":[{"href":"https:\/\/www.grandhotelhradec.cz\/pl\/wp-json\/wp\/v2\/pages"}],"about":[{"href":"https:\/\/www.grandhotelhradec.cz\/pl\/wp-json\/wp\/v2\/types\/page"}],"author":[{"embeddable":true,"href":"https:\/\/www.grandhotelhradec.cz\/pl\/wp-json\/wp\/v2\/users\/1"}],"replies":[{"embeddable":true,"href":"https:\/\/www.grandhotelhradec.cz\/pl\/wp-json\/wp\/v2\/comments?post=979"}],"version-history":[{"count":10,"href":"https:\/\/www.grandhotelhradec.cz\/pl\/wp-json\/wp\/v2\/pages\/979\/revisions"}],"predecessor-version":[{"id":1182,"href":"https:\/\/www.grandhotelhradec.cz\/pl\/wp-json\/wp\/v2\/pages\/979\/revisions\/1182"}],"up":[{"embeddable":true,"href":"https:\/\/www.grandhotelhradec.cz\/pl\/wp-json\/wp\/v2\/pages\/41"}],"wp:featuredmedia":[{"embeddable":true,"href":"https:\/\/www.grandhotelhradec.cz\/pl\/wp-json\/wp\/v2\/media\/991"}],"wp:attachment":[{"href":"https:\/\/www.grandhotelhradec.cz\/pl\/wp-json\/wp\/v2\/media?parent=979"}],"curies":[{"name":"wp","href":"https:\/\/api.w.org\/{rel}","templated":true}]}}