{"id":774,"date":"2025-04-06T21:48:54","date_gmt":"2025-04-06T19:48:54","guid":{"rendered":"https:\/\/www.grandhotelhradec.cz\/?page_id=774"},"modified":"2026-04-30T12:24:07","modified_gmt":"2026-04-30T10:24:07","slug":"prezent-za-pozostanie","status":"publish","type":"page","link":"https:\/\/www.grandhotelhradec.cz\/pl\/specialni-nabidky\/darek-k-pobytu\/","title":{"rendered":"Prezent na pobyt"},"content":{"rendered":"<p>W Grand Hotelu Hradec wierzymy, \u017ce ka\u017cdy pobyt powinien by\u0107 wyj\u0105tkowy. Dlatego przygotowali\u015bmy dla Pa\u0144stwa specjaln\u0105 ofert\u0119 \u2013 do ka\u017cdej rezerwacji w <strong>na naszej stronie internetowej<\/strong>, po przyje\u017adzie otrzymasz butelk\u0119 <strong>wysokiej jako\u015bci Prosecco<\/strong>.<\/p>\n\n\n\n<p>Podaruj sobie zas\u0142u\u017cony odpoczynek w sercu Karkonoszy i pozw\u00f3l, aby rozpieszczano Ci\u0119 nie tylko naszymi us\u0142ugami, ale tak\u017ce podarowano Ci odrobin\u0119 dodatkowej przyjemno\u015bci.<\/p>\n\n\n\n<p><strong>Dotyczy wszystkich rezerwacji bezpo\u015brednich<\/strong>\u00a0wykonane do 31 maja 2026 r.<\/p>\n\n\n\n<div class=\"wp-block-buttons is-layout-flex wp-block-buttons-is-layout-flex\">\n<div class=\"wp-block-button rezervace\"><a class=\"wp-block-button__link wp-element-button\" href=\"https:\/\/grandhotelhradec.book-onlinenow.net\/index.aspx?specialoffer=MLOS+3+nights+NRF&amp;lan_id=cs-CZ&amp;cur=CZK&amp;promocode=GHH\" target=\"_blank\" rel=\"\">Zarezerwuj<\/a><\/div>\n<\/div>\n\n\n\n<p><\/p>","protected":false},"excerpt":{"rendered":"<p>V Grand Hotelu Hradec v\u011b\u0159\u00edme, \u017ee ka\u017ed\u00fd pobyt by m\u011bl b\u00fdt v\u00fdjime\u010dn\u00fd. Proto jsme si pro v\u00e1s p\u0159ipravili speci\u00e1ln\u00ed nab\u00eddku \u2013 ke ka\u017ed\u00e9 rezervaci na na\u0161ich webov\u00fdch str\u00e1nk\u00e1ch, obdr\u017e\u00edte p\u0159i p\u0159\u00edjezdu lahev kvalitn\u00edho Prosecca. Dop\u0159ejte si zaslou\u017een\u00fd odpo\u010dinek uprost\u0159ed Krkono\u0161 a nechte se h\u00fd\u010dkat nejen na\u0161imi slu\u017ebami, ale i mal\u00fdm po\u017eitkem nav\u00edc. Plat\u00ed pro v\u0161echny [&hellip;]<\/p>\n","protected":false},"author":1,"featured_media":1204,"parent":41,"menu_order":0,"comment_status":"closed","ping_status":"closed","template":"","meta":{"footnotes":""},"class_list":["post-774","page","type-page","status-publish","has-post-thumbnail","hentry"],"_links":{"self":[{"href":"https:\/\/www.grandhotelhradec.cz\/pl\/wp-json\/wp\/v2\/pages\/774","targetHints":{"allow":["GET"]}}],"collection":[{"href":"https:\/\/www.grandhotelhradec.cz\/pl\/wp-json\/wp\/v2\/pages"}],"about":[{"href":"https:\/\/www.grandhotelhradec.cz\/pl\/wp-json\/wp\/v2\/types\/page"}],"author":[{"embeddable":true,"href":"https:\/\/www.grandhotelhradec.cz\/pl\/wp-json\/wp\/v2\/users\/1"}],"replies":[{"embeddable":true,"href":"https:\/\/www.grandhotelhradec.cz\/pl\/wp-json\/wp\/v2\/comments?post=774"}],"version-history":[{"count":17,"href":"https:\/\/www.grandhotelhradec.cz\/pl\/wp-json\/wp\/v2\/pages\/774\/revisions"}],"predecessor-version":[{"id":1208,"href":"https:\/\/www.grandhotelhradec.cz\/pl\/wp-json\/wp\/v2\/pages\/774\/revisions\/1208"}],"up":[{"embeddable":true,"href":"https:\/\/www.grandhotelhradec.cz\/pl\/wp-json\/wp\/v2\/pages\/41"}],"wp:featuredmedia":[{"embeddable":true,"href":"https:\/\/www.grandhotelhradec.cz\/pl\/wp-json\/wp\/v2\/media\/1204"}],"wp:attachment":[{"href":"https:\/\/www.grandhotelhradec.cz\/pl\/wp-json\/wp\/v2\/media?parent=774"}],"curies":[{"name":"wp","href":"https:\/\/api.w.org\/{rel}","templated":true}]}}