{"id":53,"date":"2025-02-03T23:40:57","date_gmt":"2025-02-03T22:40:57","guid":{"rendered":"https:\/\/www.grandhotelhradec.cz\/?page_id=53"},"modified":"2025-10-31T20:49:01","modified_gmt":"2025-10-31T19:49:01","slug":"kontakt","status":"publish","type":"page","link":"https:\/\/www.grandhotelhradec.cz\/pl\/kontakt\/","title":{"rendered":"Kontakt"},"content":{"rendered":"<div class=\"wp-block-columns is-layout-flex wp-container-core-columns-is-layout-9d6595d7 wp-block-columns-is-layout-flex\">\n<div class=\"wp-block-column is-layout-flow wp-block-column-is-layout-flow\">\n<h3 class=\"wp-block-heading black\">Grand Hotel Hradec<\/h3>\n\n\n\n<p class=\"black\"><strong>Pec pod Sn\u011b\u017ekou 137<br>542 21 Pec pod Sn\u011b\u017ekou<br><a href=\"tel:+420490509509\" data-type=\"tel\" data-id=\"tel:+420490509509\">+420 490 509 509<\/a><br><a href=\"mailto:hotel@grandhotelhradec.cz\">hotel@grandhotelhradec.cz<\/a><\/strong><\/p>\n\n\n\n<div style=\"height:50px\" aria-hidden=\"true\" class=\"wp-block-spacer\"><\/div>\n\n\n\n<p>Z przyjemno\u015bci\u0105 odpowiemy na wszystkie pytania. Skontaktuj si\u0119 z nami za po\u015brednictwem nast\u0119puj\u0105cego formularza.<\/p>\n\n\n\n<p>Ochron\u0119 Twojej prywatno\u015bci i danych osobowych traktujemy powa\u017cnie, dlatego wykorzystamy je wy\u0142\u0105cznie do tego, by pom\u00f3c Ci i \u015bwiadczy\u0107 us\u0142ugi, kt\u00f3re u nas zam\u00f3wisz.\n\nSzczeg\u00f3\u0142owe informacje dotycz\u0105ce przetwarzania danych osobowych znajduj\u0105 si\u0119 tutaj. <a href=\"https:\/\/www.grandhotelhradec.cz\/pl\/ochrona-danych-osobowych\/\" data-type=\"page\" data-id=\"3\">RODO<\/a>.<\/p>\n<\/div>\n\n\n\n<div class=\"wp-block-column is-layout-flow wp-block-column-is-layout-flow\"><style id=\"wpforms-css-vars-523-block-ecc1dd44-2653-49ef-99f7-2f0ae244e530\">\n\t\t\t\t#wpforms-523.wpforms-block-ecc1dd44-2653-49ef-99f7-2f0ae244e530 {\n\t\t\t\t--wpforms-label-color: #3a3a41;\n--wpforms-label-sublabel-color: #686974;\n--wpforms-label-error-color: #d63636;\n--wpforms-page-break-color: #67687d;\n--wpforms-field-border-color: #c3c3c7;\n--wpforms-field-border-color-spare: #c3c3c7;\n--wpforms-field-text-color: #3a3a41;\n--wpforms-container-border-radius: 0px;\n--wpforms-button-background-color: #67687d;\n--wpforms-button-text-color: #f0f0f2;\n--wpforms-button-border-color: #67687d;\n--wpforms-field-size-input-height: 43px;\n--wpforms-field-size-input-spacing: 15px;\n--wpforms-field-size-font-size: 16px;\n--wpforms-field-size-line-height: 19px;\n--wpforms-field-size-padding-h: 14px;\n--wpforms-field-size-checkbox-size: 16px;\n--wpforms-field-size-sublabel-spacing: 5px;\n--wpforms-field-size-icon-size: 1;\n--wpforms-label-size-font-size: 16px;\n--wpforms-label-size-line-height: 19px;\n--wpforms-label-size-sublabel-font-size: 14px;\n--wpforms-label-size-sublabel-line-height: 17px;\n--wpforms-button-size-font-size: 17px;\n--wpforms-button-size-height: 41px;\n--wpforms-button-size-padding-h: 15px;\n--wpforms-button-size-margin-top: 10px;\n--wpforms-container-shadow-size-box-shadow: none;\n\t\t\t}\n\t\t\t<\/style><div class=\"wpforms-container wpforms-container-full wpforms-block wpforms-block-ecc1dd44-2653-49ef-99f7-2f0ae244e530 wpforms-render-modern\" id=\"wpforms-523\"><form id=\"wpforms-form-523\" class=\"wpforms-validate wpforms-form wpforms-ajax-form\" data-formid=\"523\" method=\"post\" enctype=\"multipart\/form-data\" action=\"\/pl\/wp-json\/wp\/v2\/pages\/53\" data-token=\"25a85d7e6dfc3811e7e9fff631a52472\" data-token-time=\"1777667515\" data-trp-original-action=\"\/pl\/wp-json\/wp\/v2\/pages\/53\"><noscript class=\"wpforms-error-noscript\">Aby wype\u0142ni\u0107 ten formularz, w\u0142\u0105cz obs\u0142ug\u0119 JavaScript w przegl\u0105darce.<\/noscript><div id=\"wpforms-error-noscript\" style=\"display: none;\">Aby wype\u0142ni\u0107 ten formularz, w\u0142\u0105cz obs\u0142ug\u0119 JavaScript w przegl\u0105darce.<\/div><div class=\"wpforms-field-container\"><div id=\"wpforms-523-field_1-container\" class=\"wpforms-field wpforms-field-name\" data-field-id=\"1\"><fieldset><legend class=\"wpforms-field-label\">Twoje imi\u0119<\/legend><div class=\"wpforms-field-row wpforms-field-large\"><div class=\"wpforms-field-row-block wpforms-first wpforms-one-half\"><input type=\"text\" id=\"wpforms-523-field_1\" class=\"wpforms-field-name-first\" name=\"wpforms[fields][1][first]\" aria-errormessage=\"wpforms-523-field_1-error\" ><label for=\"wpforms-523-field_1\" class=\"wpforms-field-sublabel after\">Pierwszy<\/label><\/div><div class=\"wpforms-field-row-block wpforms-one-half\"><input type=\"text\" id=\"wpforms-523-field_1-last\" class=\"wpforms-field-name-last\" name=\"wpforms[fields][1][last]\" aria-errormessage=\"wpforms-523-field_1-last-error\" ><label for=\"wpforms-523-field_1-last\" class=\"wpforms-field-sublabel after\">Ostatni<\/label><\/div><\/div><\/fieldset><\/div><div id=\"wpforms-523-field_8-container\" class=\"wpforms-field wpforms-field-layout\" data-field-id=\"8\"><div class=\"wpforms-field-layout-rows wpforms-field-large\"><div class=\"wpforms-layout-row\"><div class=\"wpforms-layout-column wpforms-layout-column-50\"><div id=\"wpforms-523-field_2-container\" class=\"wpforms-field wpforms-field-email\" data-field-id=\"2\"><label class=\"wpforms-field-label\" for=\"wpforms-523-field_2\">E-mail <span class=\"wpforms-required-label\" aria-hidden=\"true\">*<\/span><\/label><input type=\"email\" id=\"wpforms-523-field_2\" class=\"wpforms-field-medium wpforms-field-required\" name=\"wpforms[fields][2]\" spellcheck=\"false\" aria-errormessage=\"wpforms-523-field_2-error\" required><\/div><\/div><div class=\"wpforms-layout-column wpforms-layout-column-50\"><div id=\"wpforms-523-field_4-container\" class=\"wpforms-field wpforms-field-text\" data-field-id=\"4\"><label class=\"wpforms-field-label\" for=\"wpforms-523-field_4\">Telefon<\/label><input type=\"text\" id=\"wpforms-523-field_4\" class=\"wpforms-field-medium\" name=\"wpforms[fields][4]\" aria-errormessage=\"wpforms-523-field_4-error\" ><\/div><\/div><\/div><\/div><\/div><div id=\"wpforms-523-field_3-container\" class=\"wpforms-field wpforms-field-textarea\" data-field-id=\"3\"><label class=\"wpforms-field-label\" for=\"wpforms-523-field_3\">Wiadomo\u015b\u0107 <span class=\"wpforms-required-label\" aria-hidden=\"true\">*<\/span><\/label><textarea id=\"wpforms-523-field_3\" class=\"wpforms-field-medium wpforms-field-required\" name=\"wpforms[fields][3]\" aria-errormessage=\"wpforms-523-field_3-error\" required><\/textarea><\/div>\t\t<div id=\"wpforms-523-field_5-container\"\n\t\t\tclass=\"wpforms-field wpforms-field-text\"\n\t\t\tdata-field-type=\"text\"\n\t\t\tdata-field-id=\"5\"\n\t\t\t>\n\t\t\t<label class=\"wpforms-field-label\" for=\"wpforms-523-field_5\" >Uk\u0142ad Telefon nazwa<\/label>\n\t\t\t<input type=\"text\" id=\"wpforms-523-field_5\" class=\"wpforms-field-medium\" name=\"wpforms[fields][5]\" >\n\t\t<\/div>\n\t\t<div id=\"wpforms-523-field_9-container\" class=\"wpforms-field wpforms-field-html small\" data-field-id=\"9\"><div id=\"wpforms-523-field_9\" aria-errormessage=\"wpforms-523-field_9-error\">Wysy\u0142aj\u0105c ten formularz wyra\u017casz zgod\u0119 na przetwarzanie podanych przeze mnie danych osobowych zgodnie z polityk\u0105 prywatno\u015bci, kt\u00f3r\u0105 przeczyta\u0142em i zrozumia\u0142em.<\/div><\/div><script>\n\t\t\t\t( function() {\n\t\t\t\t\tconst style = document.createElement( 'style' );\n\t\t\t\t\tstyle.appendChild( document.createTextNode( '#wpforms-523-field_5-container { position: absolute !important; overflow: hidden !important; display: inline !important; height: 1px !important; width: 1px !important; z-index: -1000 !important; padding: 0 !important; } #wpforms-523-field_5-container input { visibility: hidden; } #wpforms-conversational-form-page #wpforms-523-field_5-container label { counter-increment: none; }' ) );\n\t\t\t\t\tdocument.head.appendChild( style );\n\t\t\t\t\tdocument.currentScript?.remove();\n\t\t\t\t} )();\n\t\t\t<\/script><\/div><!-- .wpforms-field-container --><div class=\"wpforms-recaptcha-container wpforms-is-recaptcha wpforms-is-recaptcha-type-invisible\" ><div class=\"g-recaptcha\" data-sitekey=\"6Le7bdsqAAAAAHoQcYedGgPiKoXAKydj16cMv_dO\" data-size=\"invisible\"><\/div><\/div><div class=\"wpforms-submit-container\" ><input type=\"hidden\" name=\"wpforms[id]\" value=\"523\"><input type=\"hidden\" name=\"page_title\" value=\"\"><input type=\"hidden\" name=\"page_url\" value=\"https:\/\/www.grandhotelhradec.cz\/pl\/wp-json\/wp\/v2\/pages\/53\"><input type=\"hidden\" name=\"url_referer\" value=\"\"><button type=\"submit\" name=\"wpforms[submit]\" id=\"wpforms-submit-523\" class=\"wpforms-submit\" data-alt-text=\"Odes\u00edl\u00e1ni...\" data-submit-text=\"Odeslat\" aria-live=\"assertive\" value=\"wpforms-submit\">Wys\u0142a\u0107<\/button><img loading=\"lazy\" decoding=\"async\" src=\"https:\/\/www.grandhotelhradec.cz\/wp-content\/plugins\/wpforms\/assets\/images\/submit-spin.svg\" class=\"wpforms-submit-spinner\" style=\"display: none;\" width=\"26\" height=\"26\" alt=\"Wczytywanie\"><\/div><input type=\"hidden\" name=\"trp-form-language\" value=\"pl\"\/><\/form><\/div>  <!-- .wpforms-container --><\/div>\n<\/div>\n\n\n\n<iframe src=\"https:\/\/www.google.com\/maps\/embed?pb=!1m14!1m8!1m3!1d2527.2389966079154!2d15.736304929628254!3d50.696949326028204!3m2!1i1024!2i768!4f13.1!3m3!1m2!1s0x470eebbc9fdb897b%3A0x7eeeb1ba84ed892a!2sGrand%20Hotel%20Hradec%20Pec%20pod%20Sn%C4%9B%C5%BEkou!5e0!3m2!1ssk!2ssk!4v1739740988214!5m2!1ssk!2ssk\" width=\"100%\" height=\"600\" style=\"border:0;\" allowfullscreen=\"\" loading=\"lazy\" referrerpolicy=\"no-referrer-when-downgrade\"><\/iframe>","protected":false},"excerpt":{"rendered":"<p>Grand Hotel Hradec Pec pod Sn\u011b\u017ekou 137542 21 Pec pod Sn\u011b\u017ekou+420&nbsp;490&nbsp;509 509hotel@grandhotelhradec.cz Ve\u0161ker\u00e9 va\u0161e dotazy r\u00e1di zodpov\u00edme. Kontaktujte n\u00e1s pros\u00edm telefonicky nebo prost\u0159ednictv\u00edm kontaktn\u00edho formul\u00e1\u0159e. Ochranu va\u0161eho soukrom\u00ed a osobn\u00edch \u00fadaj\u016f bereme v\u00e1\u017en\u011b, a proto je pou\u017eijeme pouze k&nbsp;tomu, abychom v\u00e1m pomohli a poskytli slu\u017eby, kter\u00e9 od n\u00e1s po\u017eadujete. Podrobn\u00e9 informace t\u00fdkaj\u00edc\u00ed se zpracov\u00e1n\u00edch osobn\u00edch [&hellip;]<\/p>","protected":false},"author":1,"featured_media":433,"parent":0,"menu_order":0,"comment_status":"closed","ping_status":"closed","template":"","meta":{"footnotes":""},"class_list":["post-53","page","type-page","status-publish","has-post-thumbnail","hentry"],"_links":{"self":[{"href":"https:\/\/www.grandhotelhradec.cz\/pl\/wp-json\/wp\/v2\/pages\/53","targetHints":{"allow":["GET"]}}],"collection":[{"href":"https:\/\/www.grandhotelhradec.cz\/pl\/wp-json\/wp\/v2\/pages"}],"about":[{"href":"https:\/\/www.grandhotelhradec.cz\/pl\/wp-json\/wp\/v2\/types\/page"}],"author":[{"embeddable":true,"href":"https:\/\/www.grandhotelhradec.cz\/pl\/wp-json\/wp\/v2\/users\/1"}],"replies":[{"embeddable":true,"href":"https:\/\/www.grandhotelhradec.cz\/pl\/wp-json\/wp\/v2\/comments?post=53"}],"version-history":[{"count":1,"href":"https:\/\/www.grandhotelhradec.cz\/pl\/wp-json\/wp\/v2\/pages\/53\/revisions"}],"predecessor-version":[{"id":1018,"href":"https:\/\/www.grandhotelhradec.cz\/pl\/wp-json\/wp\/v2\/pages\/53\/revisions\/1018"}],"wp:featuredmedia":[{"embeddable":true,"href":"https:\/\/www.grandhotelhradec.cz\/pl\/wp-json\/wp\/v2\/media\/433"}],"wp:attachment":[{"href":"https:\/\/www.grandhotelhradec.cz\/pl\/wp-json\/wp\/v2\/media?parent=53"}],"curies":[{"name":"wp","href":"https:\/\/api.w.org\/{rel}","templated":true}]}}