{"id":51,"date":"2025-02-03T23:40:48","date_gmt":"2025-02-03T22:40:48","guid":{"rendered":"https:\/\/www.grandhotelhradec.cz\/?page_id=51"},"modified":"2025-03-04T00:36:39","modified_gmt":"2025-03-03T23:36:39","slug":"esg","status":"publish","type":"page","link":"https:\/\/www.grandhotelhradec.cz\/pl\/esg\/","title":{"rendered":"ESG"},"content":{"rendered":"<p class=\"translation-block\"><strong>Koncepcja ESG<\/strong> zosta\u0142a po raz pierwszy wprowadzona przez Organizacj\u0119 Narod\u00f3w Zjednoczonych w Zasadach Odpowiedzialnego Inwestowania z 2006 r., ale w ostatnich latach sta\u0142a si\u0119 bardziej rozpowszechniona. Akronim ESG jest po\u0142\u0105czeniem angielskich s\u0142\u00f3w \u201eEnvironmental, Social, Governance\u201d i odnosi si\u0119 do kryteri\u00f3w i standard\u00f3w dotycz\u0105cych wynik\u00f3w \u015brodowiskowych i spo\u0142ecznych sp\u00f3\u0142ek oraz ich zarz\u0105dzania i \u0142adu korporacyjnego. Sama koncepcja ESG opiera si\u0119 na spo\u0142ecznie odpowiedzialnym biznesie i odzwierciedla potrzeb\u0119 uzyskania przez inwestor\u00f3w wgl\u0105du w \u015brodowiskowe, zarz\u0105dcze i spo\u0142eczne zachowania sp\u00f3\u0142ek<\/p>\n\n\n\n<ul class=\"wp-block-list\">\n<li class=\"translation-block\"><strong>Grand Hotel Hradec<\/strong> to nowoczesny i energooszcz\u0119dny budynek po\u0142o\u017cony w miejscowo\u015bci Pec pod \u015anie\u017ck\u0105. Wykorzystuje unikalne \u017ar\u00f3d\u0142a energii i zosta\u0142 zaprojektowany z uwzgl\u0119dnieniem czynnik\u00f3w ESG (\u015brodowiskowych, spo\u0142ecznych i zwi\u0105zanych z zarz\u0105dzaniem).<\/li>\n\n\n\n<li class=\"translation-block\">W 2017 r. zosta\u0142 wyr\u00f3\u017cniony <strong>specjaln\u0105 nagrod\u0105 za zr\u00f3wnowa\u017cony rozw\u00f3j<\/strong> przez Ministerstwo Rozwoju Regionalnego Republiki Czeskiej w ramach projektu Czech Energy and Environmental Project (CEEP)<\/li>\n\n\n\n<li class=\"translation-block\"><strong>20 odwiert\u00f3w geotermalnych<\/strong>, kt\u00f3re s\u0105 wykorzystywane do ogrzewania hotelu, wraz z odzyskiwaniem g\u00f3rskiego powietrza, tworz\u0105 system, kt\u00f3ry jest bardziej przyjazny dla \u015brodowiska i pomaga utrzyma\u0107 sta\u0142\u0105 i komfortow\u0105 temperatur\u0119 w hotelu, niezale\u017cnie od pory roku.<\/li>\n\n\n\n<li class=\"translation-block\">W konstrukcji zastosowano <strong>1 131 m2 potr\u00f3jnych szyb<\/strong>, co jest jednym z kolejnych czynnik\u00f3w niskiego zu\u017cycia energii.<\/li>\n\n\n\n<li class=\"translation-block\"><strong>Panele s\u0142oneczne<\/strong> na dachu, kt\u00f3re wykorzystuj\u0105 energi\u0119 s\u0142oneczn\u0105 do generowania energii elektrycznej, s\u0105 w stanie wyprodukowa\u0107 20 kWp, pomagaj\u0105c zmniejszy\u0107 zu\u017cycie energii elektrycznej z lokalnej sieci.<\/li>\n<\/ul>\n\n\n\n<p><strong>Dzi\u0119ki tym innowacyjnym rozwi\u0105zaniom zmniejszono zu\u017cycie energii i zminimalizowano wp\u0142yw hotelu na \u015brodowisko.<\/strong><\/p>\n\n\n\n<p><\/p>","protected":false},"excerpt":{"rendered":"<p>Koncept&nbsp;ESG&nbsp;byl poprv\u00e9 p\u0159edstaven Organizac\u00ed spojen\u00fdch n\u00e1rod\u016f ve sv\u00fdch Z\u00e1sad\u00e1ch odpov\u011bdn\u00e9ho investov\u00e1n\u00ed z roku 2006, ale v posledn\u00edch letech se stal roz\u0161\u00ed\u0159en\u011bj\u0161\u00edm. Zkratka ESG je spojen\u00edm anglick\u00fdch slov \u201eEnvironmental, Social, Governance\u201c, p\u0159i\u010dem\u017e jde o krit\u00e9ria a normy pro \u010dinnosti spole\u010dnost\u00ed z hlediska \u017eivotn\u00edho prost\u0159ed\u00ed, soci\u00e1ln\u00edho vlivu a jejich \u0159\u00edzen\u00ed a veden\u00ed. Samotn\u00fd koncept ESG je postaven [&hellip;]<\/p>","protected":false},"author":1,"featured_media":403,"parent":0,"menu_order":0,"comment_status":"closed","ping_status":"closed","template":"","meta":{"footnotes":""},"class_list":["post-51","page","type-page","status-publish","has-post-thumbnail","hentry"],"_links":{"self":[{"href":"https:\/\/www.grandhotelhradec.cz\/pl\/wp-json\/wp\/v2\/pages\/51","targetHints":{"allow":["GET"]}}],"collection":[{"href":"https:\/\/www.grandhotelhradec.cz\/pl\/wp-json\/wp\/v2\/pages"}],"about":[{"href":"https:\/\/www.grandhotelhradec.cz\/pl\/wp-json\/wp\/v2\/types\/page"}],"author":[{"embeddable":true,"href":"https:\/\/www.grandhotelhradec.cz\/pl\/wp-json\/wp\/v2\/users\/1"}],"replies":[{"embeddable":true,"href":"https:\/\/www.grandhotelhradec.cz\/pl\/wp-json\/wp\/v2\/comments?post=51"}],"version-history":[{"count":0,"href":"https:\/\/www.grandhotelhradec.cz\/pl\/wp-json\/wp\/v2\/pages\/51\/revisions"}],"wp:featuredmedia":[{"embeddable":true,"href":"https:\/\/www.grandhotelhradec.cz\/pl\/wp-json\/wp\/v2\/media\/403"}],"wp:attachment":[{"href":"https:\/\/www.grandhotelhradec.cz\/pl\/wp-json\/wp\/v2\/media?parent=51"}],"curies":[{"name":"wp","href":"https:\/\/api.w.org\/{rel}","templated":true}]}}