{"id":409,"date":"2025-02-16T22:32:37","date_gmt":"2025-02-16T21:32:37","guid":{"rendered":"https:\/\/www.grandhotelhradec.cz\/?page_id=409"},"modified":"2025-02-16T22:32:37","modified_gmt":"2025-02-16T21:32:37","slug":"portier-bagazowy","status":"publish","type":"page","link":"https:\/\/www.grandhotelhradec.cz\/pl\/kariera\/portier-bagazowy\/","title":{"rendered":"Portier \/ Baga\u017cnik"},"content":{"rendered":"<p>Do nowo otwartego Grand Hotelu Hradec 4****Superior (68 pokoi) w Pecu pod \u015anie\u017ck\u0105 poszukujemy odpowiedniego kandydata na stanowisko Portiera\/Trajpera Baga\u017cu. Przyjd\u017a i zbuduj z nami co\u015b zupe\u0142nie nowego, niepowtarzalnego, wyj\u0105tkowego!<\/p>\n\n\n\n<h2 class=\"wp-block-heading\">Tre\u015b\u0107 pracy<\/h2>\n\n\n\n<ul class=\"wp-block-list\">\n<li>Zarz\u0105dzanie, organizacja i koordynacja przyjmowania go\u015bci<\/li>\n\n\n\n<li>Organizacja floty pojazd\u00f3w (50 miejsc parkingowych)<\/li>\n\n\n\n<li>Bezpiecze\u0144stwo\/drobne sprawy<\/li>\n\n\n\n<li>Pom\u00f3\u017c recepcji i technikowi<\/li>\n<\/ul>\n\n\n\n<h2 class=\"wp-block-heading\">\u017b\u0105damy<\/h2>\n\n\n\n<ul class=\"wp-block-list\">\n<li>Prawo jazdy grupy B<\/li>\n\n\n\n<li>Dobra postawa i duch zespo\u0142u<\/li>\n\n\n\n<li>Solidne i odpowiedzialne podej\u015bcie<\/li>\n\n\n\n<li>J\u0119zyki s\u0105 zalet\u0105<\/li>\n<\/ul>\n\n\n\n<h2 class=\"wp-block-heading\">Oferujemy<\/h2>\n\n\n\n<ul class=\"wp-block-list\">\n<li>Praca w nowo otwartym hotelu<\/li>\n\n\n\n<li>Pracuj w jednym z najlepszych hoteli w Karkonoszach<\/li>\n\n\n\n<li>Nowoczesne podej\u015bcie do pracownik\u00f3w<\/li>\n\n\n\n<li>Powa\u017cne podej\u015bcie i transakcje<\/li>\n\n\n\n<li>Ocena motywacyjna<\/li>\n<\/ul>\n\n\n\n<p><strong>Czy to jest w\u0142a\u015bnie to, czego szukasz? Jeste\u015b naszym cz\u0142owiekiem! Nie wahaj si\u0119 z nami skontaktowa\u0107! Napisz do nas na adres info@grandhotelhradec.cz, a my skontaktujemy si\u0119 z Tob\u0105 natychmiast.<\/strong><\/p>\n\n\n\n<p>Nie mo\u017cemy si\u0119 doczeka\u0107, \u017ceby Ci\u0119 zobaczy\u0107!<\/p>\n\n\n\n<figure class=\"wp-block-embed is-type-video is-provider-youtube wp-block-embed-youtube wp-embed-aspect-16-9 wp-has-aspect-ratio\"><div class=\"wp-block-embed__wrapper\">\n<iframe loading=\"lazy\" title=\"Portier\/Baga\u017cowy dla Grand Hotel Hradec 4****+\" width=\"1180\" height=\"664\" src=\"https:\/\/www.youtube.com\/embed\/pRrlvr5_FOU?feature=oembed\" frameborder=\"0\" allow=\"accelerometer; autoplay; clipboard-write; encrypted-media; gyroscope; picture-in-picture; web-share\" referrerpolicy=\"strict-origin-when-cross-origin\" allowfullscreen><\/iframe>\n<\/div><\/figure>","protected":false},"excerpt":{"rendered":"<p>Pro nov\u011b otev\u0159en\u00fd Grand Hotel Hradec 4****Superior (68 pokoj\u016f) v Peci pod Sn\u011b\u017ekou hled\u00e1me vhodn\u00e9ho kandid\u00e1ta na pozici Port\u00fdr\/Baga\u017eista. Poj\u010fte s n\u00e1mi budovat n\u011bco zcela nov\u00e9ho, jedine\u010dn\u00e9ho, v\u00fdjime\u010dn\u00e9ho! N\u00e1pl\u0148 pr\u00e1ce Po\u017eadujeme Nab\u00edz\u00edme Je tohle pr\u00e1v\u011b to, co hled\u00e1te? Jste n\u00e1\u0161 \u010dlov\u011bk! Nev\u00e1hejte a ozv\u011bte se n\u00e1m! Napi\u0161te n\u00e1m na email info@grandhotelhradec.cz, obratem se V\u00e1m ozveme. [&hellip;]<\/p>","protected":false},"author":1,"featured_media":411,"parent":49,"menu_order":0,"comment_status":"closed","ping_status":"closed","template":"","meta":{"footnotes":""},"class_list":["post-409","page","type-page","status-publish","has-post-thumbnail","hentry"],"_links":{"self":[{"href":"https:\/\/www.grandhotelhradec.cz\/pl\/wp-json\/wp\/v2\/pages\/409","targetHints":{"allow":["GET"]}}],"collection":[{"href":"https:\/\/www.grandhotelhradec.cz\/pl\/wp-json\/wp\/v2\/pages"}],"about":[{"href":"https:\/\/www.grandhotelhradec.cz\/pl\/wp-json\/wp\/v2\/types\/page"}],"author":[{"embeddable":true,"href":"https:\/\/www.grandhotelhradec.cz\/pl\/wp-json\/wp\/v2\/users\/1"}],"replies":[{"embeddable":true,"href":"https:\/\/www.grandhotelhradec.cz\/pl\/wp-json\/wp\/v2\/comments?post=409"}],"version-history":[{"count":0,"href":"https:\/\/www.grandhotelhradec.cz\/pl\/wp-json\/wp\/v2\/pages\/409\/revisions"}],"up":[{"embeddable":true,"href":"https:\/\/www.grandhotelhradec.cz\/pl\/wp-json\/wp\/v2\/pages\/49"}],"wp:featuredmedia":[{"embeddable":true,"href":"https:\/\/www.grandhotelhradec.cz\/pl\/wp-json\/wp\/v2\/media\/411"}],"wp:attachment":[{"href":"https:\/\/www.grandhotelhradec.cz\/pl\/wp-json\/wp\/v2\/media?parent=409"}],"curies":[{"name":"wp","href":"https:\/\/api.w.org\/{rel}","templated":true}]}}