{"id":375,"date":"2025-02-14T23:50:25","date_gmt":"2025-02-14T22:50:25","guid":{"rendered":"https:\/\/www.grandhotelhradec.cz\/?page_id=375"},"modified":"2025-02-25T19:36:34","modified_gmt":"2025-02-25T18:36:34","slug":"bon-podarunkowy","status":"publish","type":"page","link":"https:\/\/www.grandhotelhradec.cz\/pl\/oferty-specjalne\/bon-podarunkowy\/","title":{"rendered":"Bon podarunkowy"},"content":{"rendered":"<ul class=\"wp-block-list\">\n<li><strong>Bon upominkowy o warto\u015bci 3000 CZK<\/strong><\/li>\n\n\n\n<li><strong>Bon upominkowy o warto\u015bci 6000 CZK<\/strong><\/li>\n\n\n\n<li><strong>Bon upominkowy o warto\u015bci 9000 CZK<\/strong><\/li>\n<\/ul>\n\n\n\n<div class=\"wp-block-buttons is-layout-flex wp-block-buttons-is-layout-flex\">\n<div class=\"wp-block-button rezervace\"><a class=\"wp-block-button__link wp-element-button\" href=\"https:\/\/www.grandhotelhradec.cz\/wp-content\/uploads\/2025\/03\/voucher-en.jpg\" target=\"_blank\" rel=\"\">Kup teraz<\/a><\/div>\n<\/div>\n\n\n\n<p>&nbsp;<\/p>\n\n\n\n<figure class=\"wp-block-image size-full\"><img loading=\"lazy\" decoding=\"async\" width=\"900\" height=\"500\" src=\"https:\/\/www.grandhotelhradec.cz\/wp-content\/uploads\/2025\/03\/voucher-en.jpg\" alt=\"Kupon podarunkowy - Grand Hotel Hradec\" class=\"wp-image-377\" srcset=\"https:\/\/www.grandhotelhradec.cz\/wp-content\/uploads\/2025\/03\/voucher-en.jpg 900w, https:\/\/www.grandhotelhradec.cz\/wp-content\/uploads\/2025\/03\/voucher-en-600x333.jpg 600w, https:\/\/www.grandhotelhradec.cz\/wp-content\/uploads\/2025\/03\/voucher-en-18x10.jpg 18w\" sizes=\"auto, (max-width: 900px) 100vw, 900px\" \/><\/figure>\n\n\n\n<p><strong>Bon upominkowy mo\u017cna wykorzysta\u0107 na wszystkie us\u0142ugi \u015bwiadczone przez Grand Hotel Hradec i b\u0119dzie wa\u017cny przez 12 miesi\u0119cy.<\/strong><\/p>\n\n\n\n<h3 class=\"wp-block-heading\">Mo\u017cesz wybiera\u0107 spo\u015br\u00f3d nast\u0119puj\u0105cych us\u0142ug:<\/h3>\n\n\n\n<ul class=\"wp-block-list\">\n<li>zakwaterowanie z bogatym \u015bniadaniem w formie bufetu<\/li>\n\n\n\n<li>wst\u0119p do Bubbly Wellness<\/li>\n\n\n\n<li>masa\u017ce i kosmetyki<\/li>\n\n\n\n<li>spo\u017cycie w restauracji Meat &amp; Meet<\/li>\n<\/ul>\n\n\n\n<p>Spraw rado\u015b\u0107 swoim bliskim i zapewnij im niezapomniane prze\u017cycia w Grand Hotelu Hradec.<\/p>\n\n\n\n<h3 class=\"wp-block-heading\">Bon upominkowy \u2013 warunki p\u0142atno\u015bci<\/h3>\n\n\n\n<ul class=\"wp-block-list\">\n<li>Ca\u0142kowita kwota zakupionych voucher\u00f3w zostanie pobrana z Twojej karty kredytowej po zako\u0144czeniu rezerwacji online.<\/li>\n\n\n\n<li>Je\u015bli wybierzesz opcj\u0119 przelewu bankowego, voucher zostanie wys\u0142any do Ciebie po zaksi\u0119gowaniu wp\u0142aty na naszym koncie.<\/li>\n\n\n\n<li>Anulowanie nie jest mo\u017cliwe.<\/li>\n\n\n\n<li>Bon upominkowy wy\u015blemy zgodnie z Twoim \u017cyczeniem: poczt\u0105 lub e-mailem.<\/li>\n\n\n\n<li>Je\u017celi maj\u0105 Pa\u0144stwo jakiekolwiek pytania, prosimy o kontakt.<\/li>\n<\/ul>\n\n\n\n<h3 class=\"wp-block-heading\">Bony podarunkowe \u2013 warunki wa\u017cno\u015bci i anulowania<\/h3>\n\n\n\n<ul class=\"wp-block-list\">\n<li>Bon podarunkowy wa\u017cny jest przez 12 miesi\u0119cy.<\/li>\n\n\n\n<li>Je\u017celi bon upominkowy nie zostanie wykorzystany do ko\u0144ca jego wa\u017cno\u015bci, przepada on bez odszkodowania (rezygnacja nie jest mo\u017cliwa).<\/li>\n\n\n\n<li>Je\u017celi maj\u0105 Pa\u0144stwo jakiekolwiek pytania, prosimy o kontakt.<\/li>\n<\/ul>\n\n\n\n<div class=\"wp-block-buttons is-layout-flex wp-block-buttons-is-layout-flex\">\n<div class=\"wp-block-button rezervace\"><a class=\"wp-block-button__link wp-element-button\" href=\"https:\/\/www.grandhotelhradec.cz\/wp-content\/uploads\/2025\/03\/voucher-en.jpg\" target=\"_blank\" rel=\"\">Kup teraz<\/a><\/div>\n<\/div>","protected":false},"excerpt":{"rendered":"<p>&nbsp; D\u00e1rkov\u00fd poukaz je mo\u017en\u00e9 uplatnit na v\u0161echny slu\u017eby Grand Hotelu Hradec s platnost\u00ed 12 m\u011bs\u00edc\u016f. Vyb\u00edrat m\u016f\u017eete z&nbsp;n\u00e1sleduj\u00edc\u00edch slu\u017eeb Ud\u011blejte radost sv\u00fdm bl\u00edzk\u00fdm a darujte jim nezapomenuteln\u00fd z\u00e1\u017eitek v&nbsp;Grand Hotelu Hradec. D\u00e1rkov\u00fd poukaz \u2013 platebn\u00ed podm\u00ednky D\u00e1rkov\u00e9 poukazy \u2013 platnost a storno podm\u00ednky<\/p>","protected":false},"author":1,"featured_media":586,"parent":41,"menu_order":0,"comment_status":"closed","ping_status":"closed","template":"","meta":{"footnotes":""},"class_list":["post-375","page","type-page","status-publish","has-post-thumbnail","hentry"],"_links":{"self":[{"href":"https:\/\/www.grandhotelhradec.cz\/pl\/wp-json\/wp\/v2\/pages\/375","targetHints":{"allow":["GET"]}}],"collection":[{"href":"https:\/\/www.grandhotelhradec.cz\/pl\/wp-json\/wp\/v2\/pages"}],"about":[{"href":"https:\/\/www.grandhotelhradec.cz\/pl\/wp-json\/wp\/v2\/types\/page"}],"author":[{"embeddable":true,"href":"https:\/\/www.grandhotelhradec.cz\/pl\/wp-json\/wp\/v2\/users\/1"}],"replies":[{"embeddable":true,"href":"https:\/\/www.grandhotelhradec.cz\/pl\/wp-json\/wp\/v2\/comments?post=375"}],"version-history":[{"count":0,"href":"https:\/\/www.grandhotelhradec.cz\/pl\/wp-json\/wp\/v2\/pages\/375\/revisions"}],"up":[{"embeddable":true,"href":"https:\/\/www.grandhotelhradec.cz\/pl\/wp-json\/wp\/v2\/pages\/41"}],"wp:featuredmedia":[{"embeddable":true,"href":"https:\/\/www.grandhotelhradec.cz\/pl\/wp-json\/wp\/v2\/media\/586"}],"wp:attachment":[{"href":"https:\/\/www.grandhotelhradec.cz\/pl\/wp-json\/wp\/v2\/media?parent=375"}],"curies":[{"name":"wp","href":"https:\/\/api.w.org\/{rel}","templated":true}]}}