{"id":355,"date":"2025-02-14T23:16:23","date_gmt":"2025-02-14T22:16:23","guid":{"rendered":"https:\/\/www.grandhotelhradec.cz\/?page_id=355"},"modified":"2026-04-12T22:17:17","modified_gmt":"2026-04-12T20:17:17","slug":"pole-golfowe-mlade-buky","status":"publish","type":"page","link":"https:\/\/www.grandhotelhradec.cz\/pl\/odkryj-pec-pod-snezkou\/pole-golfowe-mlade-buky\/","title":{"rendered":"Pole golfowe Mlad\u00e9 Buky"},"content":{"rendered":"<p class=\"translation-block\">Jeste\u015b mi\u0142o\u015bnikiem gry w golfa i chcesz cieszy\u0107 si\u0119 gr\u0105 rozkoszuj\u0105c si\u0119 przy tym niepowtarzalnymi widokami na Karkonosze? Pole golfowe Mlad\u00e9 Buky oferuje zestaw \u015bwietnie zaprojektowanych do\u0142k\u00f3w, rozmaitych przeszk\u00f3d i szczyci si\u0119 jednym z najpi\u0119kniejszych widok\u00f3w w kraju. Obszar obejmuje 18-do\u0142kowe pole Mlad\u00e9 Buky \/ Par 70 \/, 6-do\u0142kowe pole z treningowymi chipping i putting greenami oraz kryty driving range, w tym stylowe zaplecze i o\u015bwietlenie. Dzi\u0119ki temu pole zapewnia naprawd\u0119 kompletn\u0105 ofert\u0119 golfow\u0105. Widoki na Karkonosze z dominantami Czarn\u0105 G\u00f3r\u0105 i \u015anie\u017ck\u0105 oraz pi\u0119kne Vran\u00ed vrchy i Zvi\u010dina pot\u0119guj\u0105 przyjemne wra\u017cenia podczas gry.<\/p>","protected":false},"excerpt":{"rendered":"<p>M\u00e1te r\u00e1di golf a chcete si u\u017e\u00edt hru s neopakovateln\u00fdmi v\u00fdhledy na Krkono\u0161e? Golfov\u00e9 h\u0159i\u0161t\u011b Mlad\u00e9 Buky\u00a0nab\u00edz\u00ed mix pest\u0159e projektovan\u00fdch jamek, rozli\u010dn\u00fdch hern\u00edch situac\u00ed a m\u016f\u017ee se pochlubit jednou z nejkr\u00e1sn\u011bj\u0161\u00edch vyhl\u00eddek v zemi. Sou\u010d\u00e1st\u00ed are\u00e1lu je 18jamkov\u00e9 h\u0159i\u0161t\u011b Mlad\u00e9 Buky (Par 70), 6jamkov\u00e9 h\u0159i\u0161t\u011b se cvi\u010dn\u00fdmi chipping a putting greeny a kryt\u00fd driving range [&hellip;]<\/p>","protected":false},"author":1,"featured_media":356,"parent":39,"menu_order":14,"comment_status":"closed","ping_status":"closed","template":"aktivity.php","meta":{"footnotes":""},"class_list":["post-355","page","type-page","status-publish","has-post-thumbnail","hentry"],"_links":{"self":[{"href":"https:\/\/www.grandhotelhradec.cz\/pl\/wp-json\/wp\/v2\/pages\/355","targetHints":{"allow":["GET"]}}],"collection":[{"href":"https:\/\/www.grandhotelhradec.cz\/pl\/wp-json\/wp\/v2\/pages"}],"about":[{"href":"https:\/\/www.grandhotelhradec.cz\/pl\/wp-json\/wp\/v2\/types\/page"}],"author":[{"embeddable":true,"href":"https:\/\/www.grandhotelhradec.cz\/pl\/wp-json\/wp\/v2\/users\/1"}],"replies":[{"embeddable":true,"href":"https:\/\/www.grandhotelhradec.cz\/pl\/wp-json\/wp\/v2\/comments?post=355"}],"version-history":[{"count":0,"href":"https:\/\/www.grandhotelhradec.cz\/pl\/wp-json\/wp\/v2\/pages\/355\/revisions"}],"up":[{"embeddable":true,"href":"https:\/\/www.grandhotelhradec.cz\/pl\/wp-json\/wp\/v2\/pages\/39"}],"wp:featuredmedia":[{"embeddable":true,"href":"https:\/\/www.grandhotelhradec.cz\/pl\/wp-json\/wp\/v2\/media\/356"}],"wp:attachment":[{"href":"https:\/\/www.grandhotelhradec.cz\/pl\/wp-json\/wp\/v2\/media?parent=355"}],"curies":[{"name":"wp","href":"https:\/\/api.w.org\/{rel}","templated":true}]}}