{"id":352,"date":"2025-02-14T23:06:46","date_gmt":"2025-02-14T22:06:46","guid":{"rendered":"https:\/\/www.grandhotelhradec.cz\/?page_id=352"},"modified":"2026-04-12T22:17:24","modified_gmt":"2026-04-12T20:17:24","slug":"browar-trautenberk","status":"publish","type":"page","link":"https:\/\/www.grandhotelhradec.cz\/pl\/odkryj-pec-pod-snezkou\/browar-trautenberk\/","title":{"rendered":"Browar Trautenberk"},"content":{"rendered":"<p class=\"translation-block\">Jeden z najm\u0142odszych minibrowar\u00f3w w Karkonoszach znajduje si\u0119 w malowniczej miejscowo\u015bci Mal\u00e1 \u00dapa. Browar Trautenberk warzy piwo o orze\u017awiaj\u0105cym ostrym smaku bez pasteryzacji i filtracji. Opr\u00f3cz samej degustacji pami\u0119tajcie Pa\u0144stwo, aby nie przegapi\u0107 wycieczki z interesuj\u0105c\u0105 pogaw\u0119dk\u0105 o procesie warzenia piwa.<\/p>\n\n\n\n<p><\/p>","protected":false},"excerpt":{"rendered":"<p class=\"translation-block\">Jeden z najm\u0142odszych minibrowar\u00f3w w Karkonoszach znajduje si\u0119 w malowniczej miejscowo\u015bci Mal\u00e1 \u00dapa. Browar Trautenberk warzy piwo o orze\u017awiaj\u0105cym ostrym smaku bez pasteryzacji i filtracji. Opr\u00f3cz samej degustacji pami\u0119tajcie Pa\u0144stwo, aby nie przegapi\u0107 wycieczki z interesuj\u0105c\u0105 pogaw\u0119dk\u0105 o procesie warzenia piwa.<\/p>","protected":false},"author":1,"featured_media":353,"parent":39,"menu_order":9,"comment_status":"closed","ping_status":"closed","template":"aktivity.php","meta":{"footnotes":""},"class_list":["post-352","page","type-page","status-publish","has-post-thumbnail","hentry"],"_links":{"self":[{"href":"https:\/\/www.grandhotelhradec.cz\/pl\/wp-json\/wp\/v2\/pages\/352","targetHints":{"allow":["GET"]}}],"collection":[{"href":"https:\/\/www.grandhotelhradec.cz\/pl\/wp-json\/wp\/v2\/pages"}],"about":[{"href":"https:\/\/www.grandhotelhradec.cz\/pl\/wp-json\/wp\/v2\/types\/page"}],"author":[{"embeddable":true,"href":"https:\/\/www.grandhotelhradec.cz\/pl\/wp-json\/wp\/v2\/users\/1"}],"replies":[{"embeddable":true,"href":"https:\/\/www.grandhotelhradec.cz\/pl\/wp-json\/wp\/v2\/comments?post=352"}],"version-history":[{"count":0,"href":"https:\/\/www.grandhotelhradec.cz\/pl\/wp-json\/wp\/v2\/pages\/352\/revisions"}],"up":[{"embeddable":true,"href":"https:\/\/www.grandhotelhradec.cz\/pl\/wp-json\/wp\/v2\/pages\/39"}],"wp:featuredmedia":[{"embeddable":true,"href":"https:\/\/www.grandhotelhradec.cz\/pl\/wp-json\/wp\/v2\/media\/353"}],"wp:attachment":[{"href":"https:\/\/www.grandhotelhradec.cz\/pl\/wp-json\/wp\/v2\/media?parent=352"}],"curies":[{"name":"wp","href":"https:\/\/api.w.org\/{rel}","templated":true}]}}