{"id":35,"date":"2025-02-03T23:39:05","date_gmt":"2025-02-03T22:39:05","guid":{"rendered":"https:\/\/www.grandhotelhradec.cz\/?page_id=35"},"modified":"2026-01-12T13:26:39","modified_gmt":"2026-01-12T12:26:39","slug":"wellness","status":"publish","type":"page","link":"https:\/\/www.grandhotelhradec.cz\/pl\/wellness\/","title":{"rendered":"Wellness"},"content":{"rendered":"<div class=\"wp-block-media-text has-media-on-the-right is-stacked-on-mobile is-image-fill-element\"><div class=\"wp-block-media-text__content\">\n<h2 class=\"wp-block-heading\">Bubbly Wellness<\/h2>\n\n\n\n<p>Witamy w Bubbly Wellness w sercu g\u00f3r w Pecu pod \u015anie\u017ck\u0105, gdzie natura \u0142\u0105czy si\u0119 z luksusem i komfortem. Nasze wellness to oaza spokoju, w kt\u00f3rej mo\u017cesz odda\u0107 si\u0119 zas\u0142u\u017conemu odpoczynkowi i regeneracji.<\/p>\n\n\n\n<p>Nasz pok\u00f3j relaksacyjny oferuje zapieraj\u0105cy dech w piersiach widok na malownicz\u0105 sceneri\u0119 g\u00f3rsk\u0105, kt\u00f3ra oczaruje Ci\u0119 o ka\u017cdej porze roku. Naturalny wystr\u00f3j wn\u0119trza tworzy harmonijn\u0105 atmosfer\u0119, kt\u00f3ra natychmiast przeniesie Ci\u0119 w stan dobrego samopoczucia i relaksu.<\/p>\n\n\n\n<p>Oferujemy szerok\u0105 gam\u0119 zabieg\u00f3w wellness i masa\u017cy, starannie zaprojektowanych, aby odpr\u0119\u017cy\u0107 Twoje cia\u0142o i umys\u0142. Nasze sauny, w tym fi\u0144ska i biosauna, zapewni\u0105 Ci wyj\u0105tkowe do\u015bwiadczenie, a du\u017cy jacuzzi i basen ch\u0142odz\u0105cy zagwarantuj\u0105 od\u015bwie\u017cenie po pracowitym, aktywnym dniu w g\u00f3rach.<\/p>\n\n\n\n<p>Przyjd\u017a i ciesz si\u0119 spokojem i cisz\u0105, relaksuj\u0105c si\u0119 na podgrzewanych le\u017cakach lub spaceruj\u0105c \u015bcie\u017ck\u0105 Kneippa, kt\u00f3ra ma dobroczynny wp\u0142yw na Twoje zdrowie. Nie zapomnij o naszej strefie ciszy, gdzie mo\u017cesz odpocz\u0105\u0107 z widokiem na otaczaj\u0105c\u0105 Ci\u0119 przyrod\u0119.<\/p>\n\n\n\n<p>Bubbly Wellness to miejsce, w kt\u00f3rym marzenia o idealnym relaksie staj\u0105 si\u0119 rzeczywisto\u015bci\u0105.<\/p>\n\n\n\n<p>Czekamy na Pa\u0144stwa wizyt\u0119!<\/p>\n\n\n\n<div class=\"wp-block-buttons is-layout-flex wp-block-buttons-is-layout-flex\">\n<div class=\"wp-block-button\"><a class=\"wp-block-button__link wp-element-button\" href=\"https:\/\/www.grandhotelhradec.cz\/pl\/bubbly-wellness\/\">Wi\u0119cej o Bubbly Wellness<\/a><\/div>\n<\/div>\n<\/div><figure class=\"wp-block-media-text__media\"><a href=\"https:\/\/www.grandhotelhradec.cz\/pl\/wellness\/bubbly-wellness\/\"><img loading=\"lazy\" decoding=\"async\" width=\"2000\" height=\"1335\" src=\"https:\/\/www.grandhotelhradec.cz\/wp-content\/uploads\/2025\/02\/Wellness-Pec-pod-Snezkou-Grand-Hotel-Hradec-2000x1335.webp\" alt=\"Wellness - Pec pod Sn\u011b\u017ekou - Grand Hotel Hradec\" class=\"wp-image-227 size-large\" style=\"object-position:50% 50%\" srcset=\"https:\/\/www.grandhotelhradec.cz\/wp-content\/uploads\/2025\/02\/Wellness-Pec-pod-Snezkou-Grand-Hotel-Hradec-2000x1335.webp 2000w, https:\/\/www.grandhotelhradec.cz\/wp-content\/uploads\/2025\/02\/Wellness-Pec-pod-Snezkou-Grand-Hotel-Hradec-600x401.webp 600w\" sizes=\"auto, (max-width: 2000px) 100vw, 2000px\" \/><\/a><\/figure><\/div>\n\n\n\n<div class=\"wp-block-media-text is-stacked-on-mobile is-image-fill-element\"><figure class=\"wp-block-media-text__media\"><a href=\"https:\/\/www.grandhotelhradec.cz\/pl\/wellness\/masaze-i-rytualy\/\"><img loading=\"lazy\" decoding=\"async\" width=\"600\" height=\"400\" src=\"https:\/\/www.grandhotelhradec.cz\/wp-content\/uploads\/2025\/02\/Masaze-Pec-pod-Snezkou-600x400.jpg\" alt=\"Masa\u017ce - Pec pod Sn\u011b\u017ekou\" class=\"wp-image-225 size-medium\" style=\"object-position:50% 50%\" srcset=\"https:\/\/www.grandhotelhradec.cz\/wp-content\/uploads\/2025\/02\/Masaze-Pec-pod-Snezkou-600x400.jpg 600w, https:\/\/www.grandhotelhradec.cz\/wp-content\/uploads\/2025\/02\/Masaze-Pec-pod-Snezkou.jpg 1920w\" sizes=\"auto, (max-width: 600px) 100vw, 600px\" \/><\/a><\/figure><div class=\"wp-block-media-text__content\">\n<h2 class=\"wp-block-heading\">Masa\u017c &amp; Rytua\u0142y<\/h2>\n\n\n\n<p>Bubbly Wellness to miejsce, w kt\u00f3rym spe\u0142niaj\u0105 si\u0119 marzenia o idealnym relaksie. Poddaj si\u0119 koj\u0105cej opiece naszych profesjonalnych terapeut\u00f3w i pozw\u00f3l si\u0119 rozpieszcza\u0107 w idealnym otoczeniu spokoju i dobrego samopoczucia. Podaruj sobie co\u015b wyj\u0105tkowego i ciesz si\u0119 masa\u017cami, kt\u00f3re zapewni\u0105 Ci ca\u0142kowity relaks mi\u0119\u015bni, lub wypr\u00f3buj masa\u017ce gor\u0105cymi kamieniami, kt\u00f3re Ci\u0119 rozgrzej\u0105 i ukoj\u0105. Nasze specjalne rytua\u0142y Pure Fiji zaoferuj\u0105 Ci wyj\u0105tkow\u0105 piel\u0119gnacj\u0119 cia\u0142a i sk\u00f3ry, kt\u00f3ra Ci\u0119 od\u015bwie\u017cy i doda Ci si\u0142. Wszystkie zabiegi s\u0105 wykonywane z mi\u0142o\u015bci\u0105 i trosk\u0105, przy u\u017cyciu wy\u0142\u0105cznie wysokiej jako\u015bci, delikatnych i czysto naturalnych kosmetyk\u00f3w marki Pure Fiji.<\/p>\n\n\n\n<p>Przyjd\u017a i ciesz si\u0119 chwilami, kt\u00f3re nape\u0142ni\u0105 Ci\u0119 dobrym samopoczuciem i harmoni\u0105!<\/p>\n\n\n\n<div class=\"wp-block-buttons is-layout-flex wp-block-buttons-is-layout-flex\">\n<div class=\"wp-block-button\"><a class=\"wp-block-button__link wp-element-button\" href=\"https:\/\/www.grandhotelhradec.cz\/pl\/masaze-i-rytualy\/\">Wi\u0119cej o masa\u017c &amp; rytua\u0142y<\/a><\/div>\n<\/div>\n<\/div><\/div>\n\n\n\n<div class=\"wp-block-media-text has-media-on-the-right is-stacked-on-mobile is-image-fill-element\"><div class=\"wp-block-media-text__content\">\n<h2 class=\"wp-block-heading\">Taping po podnoszeniu ci\u0119\u017car\u00f3w<\/h2>\n\n\n\n<p><strong>Regeneracja, ulga, wsparcie ruchu \u2013 nowoczesna forma regeneracji<\/strong><\/p>\n\n\n\n<p>Po sporcie, w\u0119dr\u00f3wce lub ci\u0119\u017ckim dniu zas\u0142ugujesz na regeneracj\u0119. Taping pomaga odci\u0105\u017cy\u0107 mi\u0119\u015bnie i \u015bci\u0119gna, \u0142agodzi podra\u017cnienia i wspomaga prawid\u0142owe funkcjonowanie uk\u0142adu mi\u0119\u015bniowo-szkieletowego. Taping w Bubbly Wellness to delikatna metoda wspomagaj\u0105ca regeneracj\u0119 po sporcie i przywracaj\u0105ca cia\u0142u lekko\u015b\u0107. Celowe zastosowanie plastr\u00f3w pomaga mi\u0119\u015bniom i \u015bci\u0119gnom wr\u00f3ci\u0107 do prawid\u0142owego funkcjonowania.<\/p>\n\n\n\n<p>Nie jest to metoda leczenia ani substytut interwencji medycznej. Taping jest odpowiedni zar\u00f3wno dla m\u0119\u017cczyzn, jak i dla kobiet, bez wzgl\u0119du na p\u0142e\u0107.<\/p>\n\n\n\n<div class=\"wp-block-buttons is-layout-flex wp-block-buttons-is-layout-flex\">\n<div class=\"wp-block-button\"><a class=\"wp-block-button__link wp-element-button\" href=\"https:\/\/www.grandhotelhradec.cz\/pl\/wellness\/tejpowanie-po-wysilku-2\/\">Wi\u0119cej o nagrywaniu<\/a><\/div>\n<\/div>\n<\/div><figure class=\"wp-block-media-text__media\"><a href=\"https:\/\/www.grandhotelhradec.cz\/pl\/wellness\/tejpowanie-po-wysilku-2\/\"><img loading=\"lazy\" decoding=\"async\" width=\"2000\" height=\"1335\" src=\"https:\/\/www.grandhotelhradec.cz\/wp-content\/uploads\/2026\/01\/Tejpovani-po-zatezi-2000x1335.webp\" alt=\"Taping po podnoszeniu ci\u0119\u017car\u00f3w\" class=\"wp-image-1097 size-medium\" style=\"object-position:50% 50%\" srcset=\"https:\/\/www.grandhotelhradec.cz\/wp-content\/uploads\/2026\/01\/Tejpovani-po-zatezi-2000x1335.webp 2000w, https:\/\/www.grandhotelhradec.cz\/wp-content\/uploads\/2026\/01\/Tejpovani-po-zatezi-600x401.webp 600w, https:\/\/www.grandhotelhradec.cz\/wp-content\/uploads\/2026\/01\/Tejpovani-po-zatezi-18x12.webp 18w\" sizes=\"auto, (max-width: 2000px) 100vw, 2000px\" \/><\/a><\/figure><\/div>\n\n\n\n<div class=\"wp-block-media-text is-stacked-on-mobile is-image-fill-element\"><figure class=\"wp-block-media-text__media\"><a href=\"https:\/\/www.grandhotelhradec.cz\/wp-content\/uploads\/2025\/02\/Wellness-Hotel-Pec-pod-Snezkou.webp\"><img loading=\"lazy\" decoding=\"async\" width=\"2000\" height=\"1335\" src=\"https:\/\/www.grandhotelhradec.cz\/wp-content\/uploads\/2025\/02\/Wellness-Hotel-Pec-pod-Snezkou-2000x1335.webp\" alt=\"Wellness Hotel - Pec pod Sn\u011b\u017ekou\" class=\"wp-image-226 size-large\" style=\"object-position:50% 50%\" srcset=\"https:\/\/www.grandhotelhradec.cz\/wp-content\/uploads\/2025\/02\/Wellness-Hotel-Pec-pod-Snezkou-2000x1335.webp 2000w, https:\/\/www.grandhotelhradec.cz\/wp-content\/uploads\/2025\/02\/Wellness-Hotel-Pec-pod-Snezkou-600x401.webp 600w\" sizes=\"auto, (max-width: 2000px) 100vw, 2000px\" \/><\/a><\/figure><div class=\"wp-block-media-text__content\">\n<h2 class=\"wp-block-heading\">Kontakty i godziny otwarcia<\/h2>\n\n\n\n<p><a href=\"tel:+420490509509\">+420 490 509 509<\/a><br><a href=\"mailto:wellness@grandhotelhradec.cz\">wellness@grandhotelhradec.cz<\/a><\/p>\n\n\n\n<figure class=\"wp-block-table is-style-regular\"><table><tbody><tr><td>Poniedzia\u0142ek &nbsp;<\/td><td>12:00 &#8211; 20:00<\/td><\/tr><tr><td>Wtorek<\/td><td>12:00 &#8211; 20:00<\/td><\/tr><tr><td>\u015aroda<\/td><td>12:00 &#8211; 20:00<\/td><\/tr><tr><td>Czwartek<\/td><td>12:00 &#8211; 20:00<\/td><\/tr><tr><td>Pi\u0105tek<\/td><td>12:00 &#8211; 22:00<\/td><\/tr><tr><td>Sobota<\/td><td>11:00 &#8211; 22:00<\/td><\/tr><tr><td>Niedziela<\/td><td>11:00 &#8211; 20:00<\/td><\/tr><\/tbody><\/table><\/figure>\n<\/div><\/div>\n\n\n\n<div style=\"height:100px\" aria-hidden=\"true\" class=\"wp-block-spacer\"><\/div>\n\n\n\n<figure class=\"wp-block-gallery has-nested-images columns-4 is-cropped wp-block-gallery-1 is-layout-flex wp-block-gallery-is-layout-flex\">\n<figure class=\"wp-block-image size-medium\"><a href=\"https:\/\/www.grandhotelhradec.cz\/wp-content\/uploads\/2025\/02\/Vyrivka-Pec-pod-Snezkou-02.jpg\"><img loading=\"lazy\" decoding=\"async\" width=\"600\" height=\"401\" data-id=\"255\" src=\"https:\/\/www.grandhotelhradec.cz\/wp-content\/uploads\/2025\/02\/Vyrivka-Pec-pod-Snezkou-02-600x401.jpg\" alt=\"Vyrivka - Pec pod Sn\u011b\u017ekou 02\" class=\"wp-image-255\" srcset=\"https:\/\/www.grandhotelhradec.cz\/wp-content\/uploads\/2025\/02\/Vyrivka-Pec-pod-Snezkou-02-600x401.jpg 600w, https:\/\/www.grandhotelhradec.cz\/wp-content\/uploads\/2025\/02\/Vyrivka-Pec-pod-Snezkou-02-2000x1335.jpg 2000w\" sizes=\"auto, (max-width: 600px) 100vw, 600px\" \/><\/a><\/figure>\n\n\n\n<figure class=\"wp-block-image size-medium\"><a href=\"https:\/\/www.grandhotelhradec.cz\/wp-content\/uploads\/2025\/02\/Vyrivka-Pec-pod-Snezkou-01.jpg\"><img loading=\"lazy\" decoding=\"async\" width=\"600\" height=\"401\" data-id=\"254\" src=\"https:\/\/www.grandhotelhradec.cz\/wp-content\/uploads\/2025\/02\/Vyrivka-Pec-pod-Snezkou-01-600x401.jpg\" alt=\"Vyrivka - Pec pod Sn\u011b\u017ekou 01\" class=\"wp-image-254\" srcset=\"https:\/\/www.grandhotelhradec.cz\/wp-content\/uploads\/2025\/02\/Vyrivka-Pec-pod-Snezkou-01-600x401.jpg 600w, https:\/\/www.grandhotelhradec.cz\/wp-content\/uploads\/2025\/02\/Vyrivka-Pec-pod-Snezkou-01-2000x1335.jpg 2000w\" sizes=\"auto, (max-width: 600px) 100vw, 600px\" \/><\/a><\/figure>\n\n\n\n<figure class=\"wp-block-image size-medium\"><a href=\"https:\/\/www.grandhotelhradec.cz\/wp-content\/uploads\/2025\/02\/Wellness-Pec-pod-Snezkou-03.jpg\"><img loading=\"lazy\" decoding=\"async\" width=\"600\" height=\"401\" data-id=\"258\" src=\"https:\/\/www.grandhotelhradec.cz\/wp-content\/uploads\/2025\/02\/Wellness-Pec-pod-Snezkou-03-600x401.jpg\" alt=\"Wellness - Pec pod Sn\u011b\u017ekou 03\" class=\"wp-image-258\" srcset=\"https:\/\/www.grandhotelhradec.cz\/wp-content\/uploads\/2025\/02\/Wellness-Pec-pod-Snezkou-03-600x401.jpg 600w, https:\/\/www.grandhotelhradec.cz\/wp-content\/uploads\/2025\/02\/Wellness-Pec-pod-Snezkou-03-2000x1335.jpg 2000w\" sizes=\"auto, (max-width: 600px) 100vw, 600px\" \/><\/a><\/figure>\n\n\n\n<figure class=\"wp-block-image size-medium\"><a href=\"https:\/\/www.grandhotelhradec.cz\/wp-content\/uploads\/2025\/02\/Privatni-wellness-Pec-pod-Snezkou-02.jpg\"><img loading=\"lazy\" decoding=\"async\" width=\"600\" height=\"401\" data-id=\"247\" src=\"https:\/\/www.grandhotelhradec.cz\/wp-content\/uploads\/2025\/02\/Privatni-wellness-Pec-pod-Snezkou-02-600x401.jpg\" alt=\"Prywatne wellness - Pec pod Sn\u011b\u017ekou 02\" class=\"wp-image-247\" srcset=\"https:\/\/www.grandhotelhradec.cz\/wp-content\/uploads\/2025\/02\/Privatni-wellness-Pec-pod-Snezkou-02-600x401.jpg 600w, https:\/\/www.grandhotelhradec.cz\/wp-content\/uploads\/2025\/02\/Privatni-wellness-Pec-pod-Snezkou-02-2000x1335.jpg 2000w\" sizes=\"auto, (max-width: 600px) 100vw, 600px\" \/><\/a><\/figure>\n\n\n\n<figure class=\"wp-block-image size-medium\"><a href=\"https:\/\/www.grandhotelhradec.cz\/wp-content\/uploads\/2025\/02\/Privatni-wellness-Pec-pod-Snezkou-03.jpg\"><img loading=\"lazy\" decoding=\"async\" width=\"600\" height=\"401\" data-id=\"248\" src=\"https:\/\/www.grandhotelhradec.cz\/wp-content\/uploads\/2025\/02\/Privatni-wellness-Pec-pod-Snezkou-03-600x401.jpg\" alt=\"Prywatne spa - Pec pod Sn\u011b\u017ekou 03\" class=\"wp-image-248\" srcset=\"https:\/\/www.grandhotelhradec.cz\/wp-content\/uploads\/2025\/02\/Privatni-wellness-Pec-pod-Snezkou-03-600x401.jpg 600w, https:\/\/www.grandhotelhradec.cz\/wp-content\/uploads\/2025\/02\/Privatni-wellness-Pec-pod-Snezkou-03-2000x1335.jpg 2000w\" sizes=\"auto, (max-width: 600px) 100vw, 600px\" \/><\/a><\/figure>\n\n\n\n<figure class=\"wp-block-image size-medium\"><a href=\"https:\/\/www.grandhotelhradec.cz\/wp-content\/uploads\/2025\/02\/Privatni-wellness-Pec-pod-Snezkou-04.jpg\"><img loading=\"lazy\" decoding=\"async\" width=\"600\" height=\"401\" data-id=\"249\" src=\"https:\/\/www.grandhotelhradec.cz\/wp-content\/uploads\/2025\/02\/Privatni-wellness-Pec-pod-Snezkou-04-600x401.jpg\" alt=\"Prywatne wellness - Pec pod Sn\u011b\u017ekou 04\" class=\"wp-image-249\" srcset=\"https:\/\/www.grandhotelhradec.cz\/wp-content\/uploads\/2025\/02\/Privatni-wellness-Pec-pod-Snezkou-04-600x401.jpg 600w, https:\/\/www.grandhotelhradec.cz\/wp-content\/uploads\/2025\/02\/Privatni-wellness-Pec-pod-Snezkou-04-2000x1335.jpg 2000w\" sizes=\"auto, (max-width: 600px) 100vw, 600px\" \/><\/a><\/figure>\n\n\n\n<figure class=\"wp-block-image size-medium\"><a href=\"https:\/\/www.grandhotelhradec.cz\/wp-content\/uploads\/2025\/02\/Privatni-wellness-Pec-pod-Snezkou-01.jpg\"><img loading=\"lazy\" decoding=\"async\" width=\"600\" height=\"401\" data-id=\"246\" src=\"https:\/\/www.grandhotelhradec.cz\/wp-content\/uploads\/2025\/02\/Privatni-wellness-Pec-pod-Snezkou-01-600x401.jpg\" alt=\"Prywatne wellness - Pec pod Sn\u011b\u017ekou 01\" class=\"wp-image-246\" srcset=\"https:\/\/www.grandhotelhradec.cz\/wp-content\/uploads\/2025\/02\/Privatni-wellness-Pec-pod-Snezkou-01-600x401.jpg 600w, https:\/\/www.grandhotelhradec.cz\/wp-content\/uploads\/2025\/02\/Privatni-wellness-Pec-pod-Snezkou-01-2000x1335.jpg 2000w\" sizes=\"auto, (max-width: 600px) 100vw, 600px\" \/><\/a><\/figure>\n\n\n\n<figure class=\"wp-block-image size-medium\"><a href=\"https:\/\/www.grandhotelhradec.cz\/wp-content\/uploads\/2025\/02\/Privatni-wellness-Pec-pod-Snezkou-05.jpg\"><img loading=\"lazy\" decoding=\"async\" width=\"600\" height=\"401\" data-id=\"250\" src=\"https:\/\/www.grandhotelhradec.cz\/wp-content\/uploads\/2025\/02\/Privatni-wellness-Pec-pod-Snezkou-05-600x401.jpg\" alt=\"Prywatne wellness - Pec pod Sn\u011b\u017ekou 05\" class=\"wp-image-250\" srcset=\"https:\/\/www.grandhotelhradec.cz\/wp-content\/uploads\/2025\/02\/Privatni-wellness-Pec-pod-Snezkou-05-600x401.jpg 600w, https:\/\/www.grandhotelhradec.cz\/wp-content\/uploads\/2025\/02\/Privatni-wellness-Pec-pod-Snezkou-05-2000x1335.jpg 2000w\" sizes=\"auto, (max-width: 600px) 100vw, 600px\" \/><\/a><\/figure>\n\n\n\n<figure class=\"wp-block-image size-medium\"><a href=\"https:\/\/www.grandhotelhradec.cz\/wp-content\/uploads\/2025\/02\/Privatni-wellness-Pec-pod-Snezkou-06.jpg\"><img loading=\"lazy\" decoding=\"async\" width=\"600\" height=\"401\" data-id=\"251\" src=\"https:\/\/www.grandhotelhradec.cz\/wp-content\/uploads\/2025\/02\/Privatni-wellness-Pec-pod-Snezkou-06-600x401.jpg\" alt=\"Prywatne wellness - Pec pod Sn\u011b\u017ekou 06\" class=\"wp-image-251\" srcset=\"https:\/\/www.grandhotelhradec.cz\/wp-content\/uploads\/2025\/02\/Privatni-wellness-Pec-pod-Snezkou-06-600x401.jpg 600w, https:\/\/www.grandhotelhradec.cz\/wp-content\/uploads\/2025\/02\/Privatni-wellness-Pec-pod-Snezkou-06-2000x1335.jpg 2000w\" sizes=\"auto, (max-width: 600px) 100vw, 600px\" \/><\/a><\/figure>\n\n\n\n<figure class=\"wp-block-image size-medium\"><a href=\"https:\/\/www.grandhotelhradec.cz\/wp-content\/uploads\/2025\/02\/Finska-Sauna-Pec-pod-Snezkou-Grand-Hotel-Hradec.jpg\"><img loading=\"lazy\" decoding=\"async\" width=\"600\" height=\"401\" data-id=\"244\" src=\"https:\/\/www.grandhotelhradec.cz\/wp-content\/uploads\/2025\/02\/Finska-Sauna-Pec-pod-Snezkou-Grand-Hotel-Hradec-600x401.jpg\" alt=\"Fi\u0144ska Sauna - Pec pod Sn\u011b\u017ekou - Grand Hotel Hradec\" class=\"wp-image-244\" srcset=\"https:\/\/www.grandhotelhradec.cz\/wp-content\/uploads\/2025\/02\/Finska-Sauna-Pec-pod-Snezkou-Grand-Hotel-Hradec-600x401.jpg 600w, https:\/\/www.grandhotelhradec.cz\/wp-content\/uploads\/2025\/02\/Finska-Sauna-Pec-pod-Snezkou-Grand-Hotel-Hradec-2000x1335.jpg 2000w\" sizes=\"auto, (max-width: 600px) 100vw, 600px\" \/><\/a><\/figure>\n\n\n\n<figure class=\"wp-block-image size-medium\"><a href=\"https:\/\/www.grandhotelhradec.cz\/wp-content\/uploads\/2025\/02\/Sauna-Pec-pod-Snezkou-Grand-Hotel-Hradec.jpg\"><img loading=\"lazy\" decoding=\"async\" width=\"600\" height=\"401\" data-id=\"252\" src=\"https:\/\/www.grandhotelhradec.cz\/wp-content\/uploads\/2025\/02\/Sauna-Pec-pod-Snezkou-Grand-Hotel-Hradec-600x401.jpg\" alt=\"Sauna - Pec pod Sn\u011b\u017ekou - Grand Hotel Hradec\" class=\"wp-image-252\" srcset=\"https:\/\/www.grandhotelhradec.cz\/wp-content\/uploads\/2025\/02\/Sauna-Pec-pod-Snezkou-Grand-Hotel-Hradec-600x401.jpg 600w, https:\/\/www.grandhotelhradec.cz\/wp-content\/uploads\/2025\/02\/Sauna-Pec-pod-Snezkou-Grand-Hotel-Hradec-2000x1335.jpg 2000w\" sizes=\"auto, (max-width: 600px) 100vw, 600px\" \/><\/a><\/figure>\n\n\n\n<figure class=\"wp-block-image size-medium\"><a href=\"https:\/\/www.grandhotelhradec.cz\/wp-content\/uploads\/2025\/02\/Sauna-Pec-pod-Snezkou.jpg\"><img loading=\"lazy\" decoding=\"async\" width=\"600\" height=\"401\" data-id=\"253\" src=\"https:\/\/www.grandhotelhradec.cz\/wp-content\/uploads\/2025\/02\/Sauna-Pec-pod-Snezkou-600x401.jpg\" alt=\"Sauna - piec pod \u015anie\u017ck\u0105\" class=\"wp-image-253\" srcset=\"https:\/\/www.grandhotelhradec.cz\/wp-content\/uploads\/2025\/02\/Sauna-Pec-pod-Snezkou-600x401.jpg 600w, https:\/\/www.grandhotelhradec.cz\/wp-content\/uploads\/2025\/02\/Sauna-Pec-pod-Snezkou-2000x1335.jpg 2000w\" sizes=\"auto, (max-width: 600px) 100vw, 600px\" \/><\/a><\/figure>\n\n\n\n<figure class=\"wp-block-image size-medium\"><a href=\"https:\/\/www.grandhotelhradec.cz\/wp-content\/uploads\/2025\/02\/Wellness-Pec-pod-Snezkou-01.jpg\"><img loading=\"lazy\" decoding=\"async\" width=\"600\" height=\"401\" data-id=\"256\" src=\"https:\/\/www.grandhotelhradec.cz\/wp-content\/uploads\/2025\/02\/Wellness-Pec-pod-Snezkou-01-600x401.jpg\" alt=\"Wellness - Pec pod Sn\u011b\u017ekou 01\" class=\"wp-image-256\" srcset=\"https:\/\/www.grandhotelhradec.cz\/wp-content\/uploads\/2025\/02\/Wellness-Pec-pod-Snezkou-01-600x401.jpg 600w, https:\/\/www.grandhotelhradec.cz\/wp-content\/uploads\/2025\/02\/Wellness-Pec-pod-Snezkou-01-2000x1335.jpg 2000w\" sizes=\"auto, (max-width: 600px) 100vw, 600px\" \/><\/a><\/figure>\n\n\n\n<figure class=\"wp-block-image size-medium\"><a href=\"https:\/\/www.grandhotelhradec.cz\/wp-content\/uploads\/2025\/02\/Wellness-Pec-pod-Snezkou-04.jpg\"><img loading=\"lazy\" decoding=\"async\" width=\"600\" height=\"401\" data-id=\"259\" src=\"https:\/\/www.grandhotelhradec.cz\/wp-content\/uploads\/2025\/02\/Wellness-Pec-pod-Snezkou-04-600x401.jpg\" alt=\"Wellness - Pec pod Sn\u011b\u017ekou 04\" class=\"wp-image-259\" srcset=\"https:\/\/www.grandhotelhradec.cz\/wp-content\/uploads\/2025\/02\/Wellness-Pec-pod-Snezkou-04-600x401.jpg 600w, https:\/\/www.grandhotelhradec.cz\/wp-content\/uploads\/2025\/02\/Wellness-Pec-pod-Snezkou-04-2000x1335.jpg 2000w\" sizes=\"auto, (max-width: 600px) 100vw, 600px\" \/><\/a><\/figure>\n\n\n\n<figure class=\"wp-block-image size-medium\"><a href=\"https:\/\/www.grandhotelhradec.cz\/wp-content\/uploads\/2025\/02\/Wellness-Pec-pod-Snezkou-02.jpg\"><img loading=\"lazy\" decoding=\"async\" width=\"600\" height=\"401\" data-id=\"257\" src=\"https:\/\/www.grandhotelhradec.cz\/wp-content\/uploads\/2025\/02\/Wellness-Pec-pod-Snezkou-02-600x401.jpg\" alt=\"Wellness - Pec pod Sn\u011b\u017ekou 02\" class=\"wp-image-257\" srcset=\"https:\/\/www.grandhotelhradec.cz\/wp-content\/uploads\/2025\/02\/Wellness-Pec-pod-Snezkou-02-600x401.jpg 600w, https:\/\/www.grandhotelhradec.cz\/wp-content\/uploads\/2025\/02\/Wellness-Pec-pod-Snezkou-02-2000x1335.jpg 2000w\" sizes=\"auto, (max-width: 600px) 100vw, 600px\" \/><\/a><\/figure>\n\n\n\n<figure class=\"wp-block-image size-medium\"><a href=\"https:\/\/www.grandhotelhradec.cz\/wp-content\/uploads\/2025\/02\/Masaze-Pec-pod-Snezkou-01.jpg\"><img loading=\"lazy\" decoding=\"async\" width=\"600\" height=\"401\" data-id=\"245\" src=\"https:\/\/www.grandhotelhradec.cz\/wp-content\/uploads\/2025\/02\/Masaze-Pec-pod-Snezkou-01-600x401.jpg\" alt=\"Masa\u017ce - Pec pod Sn\u011b\u017ekou 01\" class=\"wp-image-245\" srcset=\"https:\/\/www.grandhotelhradec.cz\/wp-content\/uploads\/2025\/02\/Masaze-Pec-pod-Snezkou-01-600x401.jpg 600w, https:\/\/www.grandhotelhradec.cz\/wp-content\/uploads\/2025\/02\/Masaze-Pec-pod-Snezkou-01-2000x1335.jpg 2000w\" sizes=\"auto, (max-width: 600px) 100vw, 600px\" \/><\/a><\/figure>\n<\/figure>","protected":false},"excerpt":{"rendered":"<p>Kontakty a otev\u00edrac\u00ed doba +420 490 509 509wellness@grandhotelhradec.cz Pond\u011bl\u00ed &nbsp; 12:00 &#8211; 20:00 \u00dater\u00fd 12:00 &#8211; 20:00 St\u0159eda 12:00 &#8211; 20:00 \u010ctvrtek 12:00 &#8211; 20:00 P\u00e1tek 12:00 &#8211; 22:00 Sobota 11:00 &#8211; 22:00 Ned\u011ble 11:00 &#8211; 20:00<\/p>","protected":false},"author":1,"featured_media":222,"parent":0,"menu_order":0,"comment_status":"closed","ping_status":"closed","template":"","meta":{"footnotes":""},"class_list":["post-35","page","type-page","status-publish","has-post-thumbnail","hentry"],"_links":{"self":[{"href":"https:\/\/www.grandhotelhradec.cz\/pl\/wp-json\/wp\/v2\/pages\/35","targetHints":{"allow":["GET"]}}],"collection":[{"href":"https:\/\/www.grandhotelhradec.cz\/pl\/wp-json\/wp\/v2\/pages"}],"about":[{"href":"https:\/\/www.grandhotelhradec.cz\/pl\/wp-json\/wp\/v2\/types\/page"}],"author":[{"embeddable":true,"href":"https:\/\/www.grandhotelhradec.cz\/pl\/wp-json\/wp\/v2\/users\/1"}],"replies":[{"embeddable":true,"href":"https:\/\/www.grandhotelhradec.cz\/pl\/wp-json\/wp\/v2\/comments?post=35"}],"version-history":[{"count":12,"href":"https:\/\/www.grandhotelhradec.cz\/pl\/wp-json\/wp\/v2\/pages\/35\/revisions"}],"predecessor-version":[{"id":1100,"href":"https:\/\/www.grandhotelhradec.cz\/pl\/wp-json\/wp\/v2\/pages\/35\/revisions\/1100"}],"wp:featuredmedia":[{"embeddable":true,"href":"https:\/\/www.grandhotelhradec.cz\/pl\/wp-json\/wp\/v2\/media\/222"}],"wp:attachment":[{"href":"https:\/\/www.grandhotelhradec.cz\/pl\/wp-json\/wp\/v2\/media?parent=35"}],"curies":[{"name":"wp","href":"https:\/\/api.w.org\/{rel}","templated":true}]}}