{"id":345,"date":"2025-02-14T22:59:32","date_gmt":"2025-02-14T21:59:32","guid":{"rendered":"https:\/\/www.grandhotelhradec.cz\/?page_id=345"},"modified":"2026-04-12T22:17:24","modified_gmt":"2026-04-12T20:17:24","slug":"monkey-park-centrum-wspinaczkowe","status":"publish","type":"page","link":"https:\/\/www.grandhotelhradec.cz\/pl\/odkryj-pec-pod-snezkou\/monkey-park-centrum-wspinaczkowe\/","title":{"rendered":"Monkey Park \u2013 centrum wspinaczkowe"},"content":{"rendered":"<p class=\"translation-block\">Park linowy <strong>Monkey Park w Pecu pod \u015anie\u017ck\u0105<\/strong>, oddalony o 2 minuty spacerem od Grand Hotelu Hradec, sk\u0142ada si\u0119 z 22 kolejnych przeszk\u00f3d linowych z 4 mostami (przeprawami) nad rzek\u0105 i zapor\u0105 i oferuje oryginaln\u0105 i niepowtarzaln\u0105 rozrywk\u0119 odpowiedni\u0105 dla wszystkich grup wiekowych.<\/p>\n\n\n\n<p>Wchodz\u0105c do parku linowego z wie\u017cy z 70-metrow\u0105 przepraw\u0105 przez zapor\u0119 Peck, wchodzi si\u0119 na jeden z najpi\u0119kniejszych tor\u00f3w w przepi\u0119knej karkonoskiej przyrodzie. Trudno\u015bci nie musz\u0105 si\u0119 martwi\u0107, ka\u017cdy przechodzi przez Ma\u0142pi Park wed\u0142ug w\u0142asnych mo\u017cliwo\u015bci, a obs\u0142uga parku zawsze s\u0142u\u017cy rad\u0105 i pomoc\u0105.<\/p>\n\n\n\n<figure data-wp-context=\"{&quot;imageId&quot;:&quot;69ecf4b2a5bbf&quot;}\" data-wp-interactive=\"core\/image\" data-wp-key=\"69ecf4b2a5bbf\" class=\"wp-block-image size-large wp-lightbox-container\"><img loading=\"lazy\" decoding=\"async\" width=\"2000\" height=\"1146\" data-wp-class--hide=\"state.isContentHidden\" data-wp-class--show=\"state.isContentVisible\" data-wp-init=\"callbacks.setButtonStyles\" data-wp-on--click=\"actions.showLightbox\" data-wp-on--load=\"callbacks.setButtonStyles\" data-wp-on-window--resize=\"callbacks.setButtonStyles\" src=\"https:\/\/www.grandhotelhradec.cz\/wp-content\/uploads\/2025\/02\/Lanovy-park-Monkey-Park-Pec-pod-Snezkou-01-2000x1146.webp\" alt=\"Monkey Park \u2013 centrum wspinaczkowe \u2013 Pec pod Sn\u011b\u017ekou 01\" class=\"wp-image-347\" srcset=\"https:\/\/www.grandhotelhradec.cz\/wp-content\/uploads\/2025\/02\/Lanovy-park-Monkey-Park-Pec-pod-Snezkou-01-2000x1146.webp 2000w, https:\/\/www.grandhotelhradec.cz\/wp-content\/uploads\/2025\/02\/Lanovy-park-Monkey-Park-Pec-pod-Snezkou-01-600x344.webp 600w, https:\/\/www.grandhotelhradec.cz\/wp-content\/uploads\/2025\/02\/Lanovy-park-Monkey-Park-Pec-pod-Snezkou-01.webp 2048w\" sizes=\"auto, (max-width: 2000px) 100vw, 2000px\" \/><button\n\t\t\tclass=\"lightbox-trigger\"\n\t\t\ttype=\"button\"\n\t\t\taria-haspopup=\"dialog\"\n\t\t\taria-label=\"Powi\u0119ksz\"\n\t\t\tdata-wp-init=\"callbacks.initTriggerButton\"\n\t\t\tdata-wp-on--click=\"actions.showLightbox\"\n\t\t\tdata-wp-style--right=\"state.imageButtonRight\"\n\t\t\tdata-wp-style--top=\"state.imageButtonTop\"\n\t\t>\n\t\t\t<svg xmlns=\"http:\/\/www.w3.org\/2000\/svg\" width=\"12\" height=\"12\" fill=\"none\" viewbox=\"0 0 12 12\">\n\t\t\t\t<path fill=\"#fff\" d=\"M2 0a2 2 0 0 0-2 2v2h1.5V2a.5.5 0 0 1 .5-.5h2V0H2Zm2 10.5H2a.5.5 0 0 1-.5-.5V8H0v2a2 2 0 0 0 2 2h2v-1.5ZM8 12v-1.5h2a.5.5 0 0 0 .5-.5V8H12v2a2 2 0 0 1-2 2H8Zm2-12a2 2 0 0 1 2 2v2h-1.5V2a.5.5 0 0 0-.5-.5H8V0h2Z\" \/>\n\t\t\t<\/svg>\n\t\t<\/button><\/figure>\n\n\n\n<p>Wst\u0119p do Monkey Park jest dozwolony dla dzieci i doros\u0142ych od 140 cm. Obowi\u0105zkowe wyposa\u017cenie obejmuje uprz\u0105\u017c biodrow\u0105 z karabi\u0144czykami blokuj\u0105cymi i bloczkiem, kask oraz r\u0119kawice ochronne.<\/p>\n\n\n\n<p>Dzieci\u0119cy park linowy przeznaczony jest dla dzieci do 140 cm wzrostu i od 4 roku \u017cycia. Dla dzieci dost\u0119pne s\u0105 3 warianty tor\u00f3w oraz przej\u015bcie dla dzieci \u2013 latanie. Dzieci mog\u0105 uko\u0144czy\u0107 i do\u015bwiadczy\u0107 niesamowitych wra\u017ce\u0144 podczas 2 przepraw przez g\u00f3rn\u0105 cz\u0119\u015b\u0107 zapory Pe\u010d. Tras\u0119 z dzie\u0107mi zawsze realizuje jeden z przewodnik\u00f3w, a dzieci s\u0105 pod sta\u0142\u0105 opiek\u0105 do\u015bwiadczonych przewodnik\u00f3w. Ofert\u0119 dla dzieci uzupe\u0142nia \u015bcianka wspinaczkowa i \u0142ucznictwo.<\/p>","protected":false},"excerpt":{"rendered":"<p>Lanov\u00fd park Monkey Park v Peci pod Sn\u011b\u017ekou, vzd\u00e1len\u00fd 2 minuty ch\u016fze od Grand Hotelu Hradec, se skl\u00e1d\u00e1 z 22 po sob\u011b jdouc\u00edch lanov\u00fdch p\u0159ek\u00e1\u017eek se 4 p\u0159emost\u011bn\u00edmi (p\u0159ejezdy) p\u0159es \u0159eku a p\u0159ehradu a nab\u00edz\u00ed origin\u00e1ln\u00ed a jedine\u010dnou z\u00e1bavu vhodnou pro v\u0161echny v\u011bkov\u00e9 kategorie. N\u00e1stupem do lanov\u00e9ho parku\u00a0z v\u011b\u017ee s dlouh\u00fdm 70 metrov\u00fdm p\u0159ejezdem\u00a0p\u0159es peckou [&hellip;]<\/p>","protected":false},"author":1,"featured_media":346,"parent":39,"menu_order":6,"comment_status":"closed","ping_status":"closed","template":"aktivity.php","meta":{"footnotes":""},"class_list":["post-345","page","type-page","status-publish","has-post-thumbnail","hentry"],"_links":{"self":[{"href":"https:\/\/www.grandhotelhradec.cz\/pl\/wp-json\/wp\/v2\/pages\/345","targetHints":{"allow":["GET"]}}],"collection":[{"href":"https:\/\/www.grandhotelhradec.cz\/pl\/wp-json\/wp\/v2\/pages"}],"about":[{"href":"https:\/\/www.grandhotelhradec.cz\/pl\/wp-json\/wp\/v2\/types\/page"}],"author":[{"embeddable":true,"href":"https:\/\/www.grandhotelhradec.cz\/pl\/wp-json\/wp\/v2\/users\/1"}],"replies":[{"embeddable":true,"href":"https:\/\/www.grandhotelhradec.cz\/pl\/wp-json\/wp\/v2\/comments?post=345"}],"version-history":[{"count":0,"href":"https:\/\/www.grandhotelhradec.cz\/pl\/wp-json\/wp\/v2\/pages\/345\/revisions"}],"up":[{"embeddable":true,"href":"https:\/\/www.grandhotelhradec.cz\/pl\/wp-json\/wp\/v2\/pages\/39"}],"wp:featuredmedia":[{"embeddable":true,"href":"https:\/\/www.grandhotelhradec.cz\/pl\/wp-json\/wp\/v2\/media\/346"}],"wp:attachment":[{"href":"https:\/\/www.grandhotelhradec.cz\/pl\/wp-json\/wp\/v2\/media?parent=345"}],"curies":[{"name":"wp","href":"https:\/\/api.w.org\/{rel}","templated":true}]}}