{"id":342,"date":"2025-02-14T22:53:21","date_gmt":"2025-02-14T21:53:21","guid":{"rendered":"https:\/\/www.grandhotelhradec.cz\/?page_id=342"},"modified":"2026-04-12T22:17:24","modified_gmt":"2026-04-12T20:17:24","slug":"miejski-plac-zabaw-dla-dzieci","status":"publish","type":"page","link":"https:\/\/www.grandhotelhradec.cz\/pl\/odkryj-pec-pod-snezkou\/miejski-plac-zabaw-dla-dzieci\/","title":{"rendered":"Miejski plac zabaw dla dzieci"},"content":{"rendered":"<p class=\"translation-block\">Plac zabaw dla dzieci w Pecu pod \u015anie\u017ck\u0105 z wieloma drewnianymi elementami do zabawy i piaskownic\u0105 z pewno\u015bci\u0105 zadowoli Pa\u0144stwa dzieci. Wraz ze \u015bwie\u017cym g\u00f3rskim powietrzem i pi\u0119knymi widokami na okolic\u0119 plac zabaw to w\u0142a\u015bciwe miejsce na popo\u0142udniowy odpoczynek.<\/p>\n\n\n\n<p><\/p>","protected":false},"excerpt":{"rendered":"<p class=\"translation-block\">Plac zabaw dla dzieci w Pecu pod \u015anie\u017ck\u0105 z wieloma drewnianymi elementami do zabawy i piaskownic\u0105 z pewno\u015bci\u0105 zadowoli Pa\u0144stwa dzieci. Wraz ze \u015bwie\u017cym g\u00f3rskim powietrzem i pi\u0119knymi widokami na okolic\u0119 plac zabaw to w\u0142a\u015bciwe miejsce na popo\u0142udniowy odpoczynek.<\/p>","protected":false},"author":1,"featured_media":343,"parent":39,"menu_order":10,"comment_status":"closed","ping_status":"closed","template":"aktivity.php","meta":{"footnotes":""},"class_list":["post-342","page","type-page","status-publish","has-post-thumbnail","hentry"],"_links":{"self":[{"href":"https:\/\/www.grandhotelhradec.cz\/pl\/wp-json\/wp\/v2\/pages\/342","targetHints":{"allow":["GET"]}}],"collection":[{"href":"https:\/\/www.grandhotelhradec.cz\/pl\/wp-json\/wp\/v2\/pages"}],"about":[{"href":"https:\/\/www.grandhotelhradec.cz\/pl\/wp-json\/wp\/v2\/types\/page"}],"author":[{"embeddable":true,"href":"https:\/\/www.grandhotelhradec.cz\/pl\/wp-json\/wp\/v2\/users\/1"}],"replies":[{"embeddable":true,"href":"https:\/\/www.grandhotelhradec.cz\/pl\/wp-json\/wp\/v2\/comments?post=342"}],"version-history":[{"count":0,"href":"https:\/\/www.grandhotelhradec.cz\/pl\/wp-json\/wp\/v2\/pages\/342\/revisions"}],"up":[{"embeddable":true,"href":"https:\/\/www.grandhotelhradec.cz\/pl\/wp-json\/wp\/v2\/pages\/39"}],"wp:featuredmedia":[{"embeddable":true,"href":"https:\/\/www.grandhotelhradec.cz\/pl\/wp-json\/wp\/v2\/media\/343"}],"wp:attachment":[{"href":"https:\/\/www.grandhotelhradec.cz\/pl\/wp-json\/wp\/v2\/media?parent=342"}],"curies":[{"name":"wp","href":"https:\/\/api.w.org\/{rel}","templated":true}]}}