{"id":339,"date":"2025-02-14T22:49:12","date_gmt":"2025-02-14T21:49:12","guid":{"rendered":"https:\/\/www.grandhotelhradec.cz\/?page_id=339"},"modified":"2026-04-12T22:17:24","modified_gmt":"2026-04-12T20:17:24","slug":"obri-dul","status":"publish","type":"page","link":"https:\/\/www.grandhotelhradec.cz\/pl\/odkryj-pec-pod-snezkou\/obri-dul\/","title":{"rendered":"Ob\u0159\u00ed d\u016fl"},"content":{"rendered":"<p class=\"translation-block\">Pot\u0119\u017cna dolina Ob\u0159\u00ed d\u016fl jest cz\u0119\u015bci\u0105 Karkonoskiego Parku Narodowego i rozci\u0105ga si\u0119 mi\u0119dzy Pecem pod \u015anie\u017ck\u0105 a podn\u00f3\u017cem \u015anie\u017cki. Link do trasy znajduje si\u0119 tutaj: https:\/\/mapy.cz\/s\/jocofojune. Przez dolin\u0119 prowadzi oznakowany szlak turystyczny, kt\u00f3ry w miesi\u0105cach letnich zaprowadzi Ci\u0119 a\u017c na szczyt \u015anie\u017cki. W\u0119dr\u00f3wk\u0119 uprzyjemni\u0105 malownicze g\u00f3rskie schroniska lub wizyta w tak zwanym Ogrodzie Liczyrzepy obfituj\u0105cym w rzadko wyst\u0119puj\u0105ce gatunki ro\u015blin.<\/p>","protected":false},"excerpt":{"rendered":"<p class=\"translation-block\">Pot\u0119\u017cna dolina Ob\u0159\u00ed d\u016fl jest cz\u0119\u015bci\u0105 Karkonoskiego Parku Narodowego i rozci\u0105ga si\u0119 mi\u0119dzy Pecem pod \u015anie\u017ck\u0105 a podn\u00f3\u017cem \u015anie\u017cki. Link do trasy znajduje si\u0119 tutaj: https:\/\/mapy.cz\/s\/jocofojune. Przez dolin\u0119 prowadzi oznakowany szlak turystyczny, kt\u00f3ry w miesi\u0105cach letnich zaprowadzi Ci\u0119 a\u017c na szczyt \u015anie\u017cki. W\u0119dr\u00f3wk\u0119 uprzyjemni\u0105 malownicze g\u00f3rskie schroniska lub wizyta w tak zwanym Ogrodzie Liczyrzepy obfituj\u0105cym w rzadko wyst\u0119puj\u0105ce gatunki ro\u015blin.<\/p>","protected":false},"author":1,"featured_media":340,"parent":39,"menu_order":12,"comment_status":"closed","ping_status":"closed","template":"aktivity.php","meta":{"footnotes":""},"class_list":["post-339","page","type-page","status-publish","has-post-thumbnail","hentry"],"_links":{"self":[{"href":"https:\/\/www.grandhotelhradec.cz\/pl\/wp-json\/wp\/v2\/pages\/339","targetHints":{"allow":["GET"]}}],"collection":[{"href":"https:\/\/www.grandhotelhradec.cz\/pl\/wp-json\/wp\/v2\/pages"}],"about":[{"href":"https:\/\/www.grandhotelhradec.cz\/pl\/wp-json\/wp\/v2\/types\/page"}],"author":[{"embeddable":true,"href":"https:\/\/www.grandhotelhradec.cz\/pl\/wp-json\/wp\/v2\/users\/1"}],"replies":[{"embeddable":true,"href":"https:\/\/www.grandhotelhradec.cz\/pl\/wp-json\/wp\/v2\/comments?post=339"}],"version-history":[{"count":0,"href":"https:\/\/www.grandhotelhradec.cz\/pl\/wp-json\/wp\/v2\/pages\/339\/revisions"}],"up":[{"embeddable":true,"href":"https:\/\/www.grandhotelhradec.cz\/pl\/wp-json\/wp\/v2\/pages\/39"}],"wp:featuredmedia":[{"embeddable":true,"href":"https:\/\/www.grandhotelhradec.cz\/pl\/wp-json\/wp\/v2\/media\/340"}],"wp:attachment":[{"href":"https:\/\/www.grandhotelhradec.cz\/pl\/wp-json\/wp\/v2\/media?parent=339"}],"curies":[{"name":"wp","href":"https:\/\/api.w.org\/{rel}","templated":true}]}}