{"id":333,"date":"2025-02-14T01:11:54","date_gmt":"2025-02-14T00:11:54","guid":{"rendered":"https:\/\/www.grandhotelhradec.cz\/?page_id=333"},"modified":"2026-04-12T22:17:24","modified_gmt":"2026-04-12T20:17:24","slug":"wieza-widokowa-hnedy-vrch","status":"publish","type":"page","link":"https:\/\/www.grandhotelhradec.cz\/pl\/odkryj-pec-pod-snezkou\/wieza-widokowa-hnedy-vrch\/","title":{"rendered":"Wie\u017ca widokowa Hn\u011bd\u00fd vrch"},"content":{"rendered":"<p>Wie\u017ca widokowa Hn\u011bd\u00fd vrch nad Pecem pod \u015anie\u017ck\u0105 jest najwy\u017csz\u0105 wie\u017c\u0105 widokow\u0105 w Karkonoszach. Link do trasy znajduje si\u0119 tutaj:: https:\/\/mapy.cz\/s\/lalarocalo. Znajduje si\u0119 w pobli\u017cu stacji ko\u0144cowej kolejki linowej, ale mo\u017cna te\u017c doj\u015b\u0107 do niej pieszo. Wie\u017ca widokowa oferuje niepowtarzalny widok na grzbiety Karkonoszy, \u015bwietnie widoczna jest \u015anie\u017cka, Lu\u010dn\u00ed hora i Studni\u010dn\u00ed hora. Przy dobrej pogodzie mo\u017cna zobaczy\u0107 G\u00f3ry Orlickie lub Jesioniki.<\/p>","protected":false},"excerpt":{"rendered":"<p>Wie\u017ca widokowa Hn\u011bd\u00fd vrch nad Pecem pod \u015anie\u017ck\u0105 jest najwy\u017csz\u0105 wie\u017c\u0105 widokow\u0105 w Karkonoszach. Link do trasy znajduje si\u0119 tutaj:: https:\/\/mapy.cz\/s\/lalarocalo. Znajduje si\u0119 w pobli\u017cu stacji ko\u0144cowej kolejki linowej, ale mo\u017cna te\u017c doj\u015b\u0107 do niej pieszo. Wie\u017ca widokowa oferuje niepowtarzalny widok na grzbiety Karkonoszy, \u015bwietnie widoczna jest \u015anie\u017cka, Lu\u010dn\u00ed hora i Studni\u010dn\u00ed hora. Przy dobrej pogodzie mo\u017cna zobaczy\u0107 G\u00f3ry Orlickie lub Jesioniki.<\/p>","protected":false},"author":1,"featured_media":753,"parent":39,"menu_order":13,"comment_status":"closed","ping_status":"closed","template":"aktivity.php","meta":{"footnotes":""},"class_list":["post-333","page","type-page","status-publish","has-post-thumbnail","hentry"],"_links":{"self":[{"href":"https:\/\/www.grandhotelhradec.cz\/pl\/wp-json\/wp\/v2\/pages\/333","targetHints":{"allow":["GET"]}}],"collection":[{"href":"https:\/\/www.grandhotelhradec.cz\/pl\/wp-json\/wp\/v2\/pages"}],"about":[{"href":"https:\/\/www.grandhotelhradec.cz\/pl\/wp-json\/wp\/v2\/types\/page"}],"author":[{"embeddable":true,"href":"https:\/\/www.grandhotelhradec.cz\/pl\/wp-json\/wp\/v2\/users\/1"}],"replies":[{"embeddable":true,"href":"https:\/\/www.grandhotelhradec.cz\/pl\/wp-json\/wp\/v2\/comments?post=333"}],"version-history":[{"count":1,"href":"https:\/\/www.grandhotelhradec.cz\/pl\/wp-json\/wp\/v2\/pages\/333\/revisions"}],"predecessor-version":[{"id":754,"href":"https:\/\/www.grandhotelhradec.cz\/pl\/wp-json\/wp\/v2\/pages\/333\/revisions\/754"}],"up":[{"embeddable":true,"href":"https:\/\/www.grandhotelhradec.cz\/pl\/wp-json\/wp\/v2\/pages\/39"}],"wp:featuredmedia":[{"embeddable":true,"href":"https:\/\/www.grandhotelhradec.cz\/pl\/wp-json\/wp\/v2\/media\/753"}],"wp:attachment":[{"href":"https:\/\/www.grandhotelhradec.cz\/pl\/wp-json\/wp\/v2\/media?parent=333"}],"curies":[{"name":"wp","href":"https:\/\/api.w.org\/{rel}","templated":true}]}}