{"id":33,"date":"2025-02-03T23:38:55","date_gmt":"2025-02-03T22:38:55","guid":{"rendered":"https:\/\/www.grandhotelhradec.cz\/?page_id=33"},"modified":"2026-03-30T00:34:57","modified_gmt":"2026-03-29T22:34:57","slug":"sale-konferencyjne","status":"publish","type":"page","link":"https:\/\/www.grandhotelhradec.cz\/pl\/sale-konferencyjne\/","title":{"rendered":"Konferencje"},"content":{"rendered":"<h2 class=\"wp-block-heading\">Ilo\u015b\u0107 miejsc a\u017c 180<\/h2>\n\n\n\n<p>Szukasz reprezentacyjnych pomieszcze\u0144 do organizacji szkole\u0144, konferencji, spotka\u0144 biznesowych, pokaz\u00f3w publicznych, warsztat\u00f3w lub prywatnych uroczysto\u015bci? Chcesz by\u0107 otoczony pi\u0119knymi, wyrafinowanymi wn\u0119trzami z odzyskiem \u015bwie\u017cego powietrza, du\u017c\u0105 ilo\u015bci\u0105 \u015bwiat\u0142a dziennego i najnowocze\u015bniejszymi urz\u0105dzeniami technicznymi? Je\u015bli Twoja odpowied\u017a brzmi tak, to nasze przestrzenie konferencyjne s\u0105 dok\u0142adnie tym, czego szukasz. Bonusem dla uczestnik\u00f3w jest urocze atrium zewn\u0119trzne mi\u0119dzy salami konferencyjnymi, a tak\u017ce oczywi\u015bcie nasza profesjonalna obs\u0142uga i doskona\u0142y catering.<\/p>\n\n\n\n<p>Je\u017celi interesuj\u0105 Ci\u0119 bardziej szczeg\u00f3\u0142owe informacje na temat mo\u017cliwo\u015bci organizacji przestrzeni konferencyjnych, zaj\u0119\u0107 integracyjnych lub naszego hotelu, przygotowali\u015bmy dla Ciebie prospekt konferencyjny pod poni\u017cszym linkiem:&nbsp;<\/p>\n\n\n\n<ul class=\"wp-block-list\">\n<li><a href=\"https:\/\/www.grandhotelhradec.cz\/wp-content\/uploads\/GHH-factsheet-2.3.pdf\" target=\"_blank\" rel=\"noreferrer noopener\">Arkusz informacyjny - Grand Hotel Hradec<\/a><\/li>\n\n\n\n<li><a href=\"https:\/\/www.grandhotelhradec.cz\/wp-content\/uploads\/Banketova-mapy-GHH-2025.pdf\" target=\"_blank\" rel=\"noreferrer noopener\">Mapa bankietowa \u2013 Grand Hotel Hradec<\/a><\/li>\n<\/ul>\n\n\n\n<h2 class=\"wp-block-heading\">Wiosenna oferta dla nowych zapyta\u0144:<\/h2>\n\n\n\n<ul class=\"wp-block-list\">\n<li><strong>Specjalne zni\u017cki na zakwaterowanie<\/strong><\/li>\n\n\n\n<li><strong>100% zni\u017cka na wynajem powierzchni kongresowej<\/strong><\/li>\n\n\n\n<li><strong>Bezp\u0142atny dost\u0119p do strefy wellness do godziny 17:00<\/strong><\/li>\n<\/ul>\n\n\n\n<p>Osoby zainteresowane zorganizowaniem imprezy firmowej mog\u0105 pobra\u0107 broszur\u0119 z bardziej szczeg\u00f3\u0142owymi informacjami, dost\u0119pn\u0105 pod poni\u017cszym linkiem.<br><a href=\"tel:+420720955325\">+420 720\u00a0955\u00a0325<\/a>\u00a0\/\u00a0<a href=\"mailto:sales@grandhotelhradec.cz\">sales@grandhotelhradec.cz<\/a> \/ alternatywnie u\u017cyj poni\u017cszego formularza\u2026<\/p>\n\n\n\n<figure class=\"wp-block-gallery has-nested-images columns-default is-cropped wp-block-gallery-1 is-layout-flex wp-block-gallery-is-layout-flex\">\n<figure class=\"wp-block-image size-medium\"><a href=\"https:\/\/www.grandhotelhradec.cz\/wp-content\/uploads\/2025\/02\/Firemni-akce-Pec-pod-Snezkou.jpg\"><img loading=\"lazy\" decoding=\"async\" width=\"600\" height=\"401\" data-id=\"218\" src=\"https:\/\/www.grandhotelhradec.cz\/wp-content\/uploads\/2025\/02\/Firemni-akce-Pec-pod-Snezkou-600x401.jpg\" alt=\"Imprezy firmowe Pec pod \u015anie\u017ck\u0105\" class=\"wp-image-218\" srcset=\"https:\/\/www.grandhotelhradec.cz\/wp-content\/uploads\/2025\/02\/Firemni-akce-Pec-pod-Snezkou-600x401.jpg 600w, https:\/\/www.grandhotelhradec.cz\/wp-content\/uploads\/2025\/02\/Firemni-akce-Pec-pod-Snezkou.jpg 1366w\" sizes=\"auto, (max-width: 600px) 100vw, 600px\" \/><\/a><\/figure>\n\n\n\n<figure class=\"wp-block-image size-medium\"><a href=\"https:\/\/www.grandhotelhradec.cz\/wp-content\/uploads\/2025\/02\/Konference-Pec-pod-Snezkou.jpg\"><img loading=\"lazy\" decoding=\"async\" width=\"600\" height=\"401\" data-id=\"219\" src=\"https:\/\/www.grandhotelhradec.cz\/wp-content\/uploads\/2025\/02\/Konference-Pec-pod-Snezkou-600x401.jpg\" alt=\"Konferencja Pec pod \u015anie\u017ck\u0105\" class=\"wp-image-219\" srcset=\"https:\/\/www.grandhotelhradec.cz\/wp-content\/uploads\/2025\/02\/Konference-Pec-pod-Snezkou-600x401.jpg 600w, https:\/\/www.grandhotelhradec.cz\/wp-content\/uploads\/2025\/02\/Konference-Pec-pod-Snezkou.jpg 1366w\" sizes=\"auto, (max-width: 600px) 100vw, 600px\" \/><\/a><\/figure>\n\n\n\n<figure class=\"wp-block-image size-medium\"><a href=\"https:\/\/www.grandhotelhradec.cz\/wp-content\/uploads\/2025\/02\/Teambuilding-Pec-pod-Snezkou.jpg\"><img loading=\"lazy\" decoding=\"async\" width=\"600\" height=\"401\" data-id=\"217\" src=\"https:\/\/www.grandhotelhradec.cz\/wp-content\/uploads\/2025\/02\/Teambuilding-Pec-pod-Snezkou-600x401.jpg\" alt=\"Teambuilding Pec pod \u015anie\u017ck\u0105\" class=\"wp-image-217\" srcset=\"https:\/\/www.grandhotelhradec.cz\/wp-content\/uploads\/2025\/02\/Teambuilding-Pec-pod-Snezkou-600x401.jpg 600w, https:\/\/www.grandhotelhradec.cz\/wp-content\/uploads\/2025\/02\/Teambuilding-Pec-pod-Snezkou.jpg 1366w\" sizes=\"auto, (max-width: 600px) 100vw, 600px\" \/><\/a><\/figure>\n<\/figure>\n\n\n\n<h2 class=\"wp-block-heading\">Niewi\u0105\u017c\u0105ce zapytanie<\/h2>\n\n\n<style id=\"wpforms-css-vars-911\">\n\t\t\t\t#wpforms-911 {\n\t\t\t\t--wpforms-field-size-input-height: 43px;\n--wpforms-field-size-input-spacing: 15px;\n--wpforms-field-size-font-size: 16px;\n--wpforms-field-size-line-height: 19px;\n--wpforms-field-size-padding-h: 14px;\n--wpforms-field-size-checkbox-size: 16px;\n--wpforms-field-size-sublabel-spacing: 5px;\n--wpforms-field-size-icon-size: 1;\n--wpforms-label-size-font-size: 16px;\n--wpforms-label-size-line-height: 19px;\n--wpforms-label-size-sublabel-font-size: 14px;\n--wpforms-label-size-sublabel-line-height: 17px;\n--wpforms-button-size-font-size: 17px;\n--wpforms-button-size-height: 41px;\n--wpforms-button-size-padding-h: 15px;\n--wpforms-button-size-margin-top: 10px;\n--wpforms-container-shadow-size-box-shadow: none;\n\t\t\t}\n\t\t\t<\/style><div class=\"wpforms-container wpforms-container-full wpforms-render-modern\" id=\"wpforms-911\"><form id=\"wpforms-form-911\" class=\"wpforms-validate wpforms-form wpforms-ajax-form\" data-formid=\"911\" method=\"post\" enctype=\"multipart\/form-data\" action=\"\/pl\/wp-json\/wp\/v2\/pages\/33\" data-token=\"931724a54c8700e0f362a0276046000e\" data-token-time=\"1777501742\" data-trp-original-action=\"\/pl\/wp-json\/wp\/v2\/pages\/33\"><noscript class=\"wpforms-error-noscript\">Aby wype\u0142ni\u0107 ten formularz, w\u0142\u0105cz obs\u0142ug\u0119 JavaScript w przegl\u0105darce.<\/noscript><div id=\"wpforms-error-noscript\" style=\"display: none;\">Aby wype\u0142ni\u0107 ten formularz, w\u0142\u0105cz obs\u0142ug\u0119 JavaScript w przegl\u0105darce.<\/div><div class=\"wpforms-field-container\"><div id=\"wpforms-911-field_0-container\" class=\"wpforms-field wpforms-field-name\" data-field-id=\"0\"><fieldset><legend class=\"wpforms-field-label\">Imi\u0119 <span class=\"wpforms-required-label\" aria-hidden=\"true\">*<\/span><\/legend><div class=\"wpforms-field-row wpforms-field-large\"><div class=\"wpforms-field-row-block wpforms-first wpforms-one-half\"><input type=\"text\" id=\"wpforms-911-field_0\" class=\"wpforms-field-name-first wpforms-field-required\" name=\"wpforms[fields][0][first]\" aria-errormessage=\"wpforms-911-field_0-error\" required><label for=\"wpforms-911-field_0\" class=\"wpforms-field-sublabel after\">Pierwszy<\/label><\/div><div class=\"wpforms-field-row-block wpforms-one-half\"><input type=\"text\" id=\"wpforms-911-field_0-last\" class=\"wpforms-field-name-last wpforms-field-required\" name=\"wpforms[fields][0][last]\" aria-errormessage=\"wpforms-911-field_0-last-error\" required><label for=\"wpforms-911-field_0-last\" class=\"wpforms-field-sublabel after\">Ostatni<\/label><\/div><\/div><\/fieldset><\/div><div id=\"wpforms-911-field_10-container\" class=\"wpforms-field wpforms-field-layout\" data-field-id=\"10\"><div class=\"wpforms-field-layout-rows wpforms-field-large\"><div class=\"wpforms-layout-row\"><div class=\"wpforms-layout-column wpforms-layout-column-50\"><div id=\"wpforms-911-field_1-container\" class=\"wpforms-field wpforms-field-email\" data-field-id=\"1\"><label class=\"wpforms-field-label\" for=\"wpforms-911-field_1\">E-mail <span class=\"wpforms-required-label\" aria-hidden=\"true\">*<\/span><\/label><input type=\"email\" id=\"wpforms-911-field_1\" class=\"wpforms-field-medium wpforms-field-required\" name=\"wpforms[fields][1]\" spellcheck=\"false\" aria-errormessage=\"wpforms-911-field_1-error\" required><\/div><\/div><div class=\"wpforms-layout-column wpforms-layout-column-50\"><div id=\"wpforms-911-field_5-container\" class=\"wpforms-field wpforms-field-phone\" data-field-id=\"5\"><label class=\"wpforms-field-label\" for=\"wpforms-911-field_5\">Telefon<\/label><input type=\"tel\" id=\"wpforms-911-field_5\" class=\"wpforms-field-medium wpforms-smart-phone-field\" data-rule-smart-phone-field=\"true\" name=\"wpforms[fields][5]\" aria-label=\"Telefon\" aria-errormessage=\"wpforms-911-field_5-error\" ><\/div><\/div><\/div><\/div><\/div><div id=\"wpforms-911-field_11-container\" class=\"wpforms-field wpforms-field-layout\" data-field-id=\"11\"><div class=\"wpforms-field-layout-rows wpforms-field-large\"><div class=\"wpforms-layout-row\"><div class=\"wpforms-layout-column wpforms-layout-column-50\"><div id=\"wpforms-911-field_6-container\" class=\"wpforms-field wpforms-field-date-time\" data-field-id=\"6\"><label class=\"wpforms-field-label\" for=\"wpforms-911-field_6\">Data od<\/label><div class=\"wpforms-datepicker-wrap\"><input type=\"text\" id=\"wpforms-911-field_6\" class=\"wpforms-field-date-time-date wpforms-datepicker wpforms-field-medium\" data-date-format=\"d\/m\/Y\" data-disable-past-dates=\"1\" data-disable-todays-date=\"0\" data-input=\"true\" name=\"wpforms[fields][6][date]\" aria-errormessage=\"wpforms-911-field_6-error\" ><a title=\"Wyczy\u015b\u0107 dat\u0119\" data-clear role=\"button\" tabindex=\"0\" class=\"wpforms-datepicker-clear\" aria-label=\"Wyczy\u015b\u0107 dat\u0119\" style=\"display:none;\"><\/a><\/div><\/div><\/div><div class=\"wpforms-layout-column wpforms-layout-column-50\"><div id=\"wpforms-911-field_7-container\" class=\"wpforms-field wpforms-field-date-time\" data-field-id=\"7\"><label class=\"wpforms-field-label\" for=\"wpforms-911-field_7\">Data do<\/label><div class=\"wpforms-datepicker-wrap\"><input type=\"text\" id=\"wpforms-911-field_7\" class=\"wpforms-field-date-time-date wpforms-datepicker wpforms-field-medium\" data-date-format=\"d\/m\/Y\" data-disable-past-dates=\"1\" data-disable-todays-date=\"0\" data-input=\"true\" name=\"wpforms[fields][7][date]\" aria-errormessage=\"wpforms-911-field_7-error\" ><a title=\"Wyczy\u015b\u0107 dat\u0119\" data-clear role=\"button\" tabindex=\"0\" class=\"wpforms-datepicker-clear\" aria-label=\"Wyczy\u015b\u0107 dat\u0119\" style=\"display:none;\"><\/a><\/div><\/div><\/div><\/div><\/div><\/div><div id=\"wpforms-911-field_12-container\" class=\"wpforms-field wpforms-field-layout\" data-field-id=\"12\"><div class=\"wpforms-field-layout-rows wpforms-field-large\"><div class=\"wpforms-layout-row\"><div class=\"wpforms-layout-column wpforms-layout-column-50\"><div id=\"wpforms-911-field_9-container\" class=\"wpforms-field wpforms-field-number\" data-field-id=\"9\"><label class=\"wpforms-field-label\" for=\"wpforms-911-field_9\">Liczba os\u00f3b <span class=\"wpforms-required-label\" aria-hidden=\"true\">*<\/span><\/label><input type=\"number\" id=\"wpforms-911-field_9\" class=\"wpforms-field-medium wpforms-field-required\" name=\"wpforms[fields][9]\" step=\"any\" aria-errormessage=\"wpforms-911-field_9-error\" required><\/div><\/div><div class=\"wpforms-layout-column wpforms-layout-column-50\"><div id=\"wpforms-911-field_4-container\" class=\"wpforms-field wpforms-field-text\" data-field-id=\"4\"><label class=\"wpforms-field-label\" for=\"wpforms-911-field_4\">Firma<\/label><input type=\"text\" id=\"wpforms-911-field_4\" class=\"wpforms-field-medium\" name=\"wpforms[fields][4]\" aria-errormessage=\"wpforms-911-field_4-error\" ><\/div><\/div><\/div><\/div><\/div><div id=\"wpforms-911-field_2-container\" class=\"wpforms-field wpforms-field-textarea\" data-field-id=\"2\"><label class=\"wpforms-field-label\" for=\"wpforms-911-field_2\">Komentarz lub wiadomo\u015b\u0107<\/label><textarea id=\"wpforms-911-field_2\" class=\"wpforms-field-medium\" name=\"wpforms[fields][2]\" aria-errormessage=\"wpforms-911-field_2-error\" ><\/textarea><\/div><\/div><!-- .wpforms-field-container --><div class=\"wpforms-recaptcha-container wpforms-is-recaptcha wpforms-is-recaptcha-type-invisible\" ><div class=\"g-recaptcha\" data-sitekey=\"6Le7bdsqAAAAAHoQcYedGgPiKoXAKydj16cMv_dO\" data-size=\"invisible\"><\/div><\/div><div class=\"wpforms-submit-container\" ><input type=\"hidden\" name=\"wpforms[id]\" value=\"911\"><input type=\"hidden\" name=\"page_title\" value=\"\"><input type=\"hidden\" name=\"page_url\" value=\"https:\/\/www.grandhotelhradec.cz\/pl\/wp-json\/wp\/v2\/pages\/33\"><input type=\"hidden\" name=\"url_referer\" value=\"\"><button type=\"submit\" name=\"wpforms[submit]\" id=\"wpforms-submit-911\" class=\"wpforms-submit\" data-alt-text=\"Odes\u00edl\u00e1ni...\" data-submit-text=\"Odeslat nez\u00e1vaznou popt\u00e1vku\" aria-live=\"assertive\" value=\"wpforms-submit\">Wy\u015blij niezobowi\u0105zuj\u0105ce zapytanie<\/button><img loading=\"lazy\" decoding=\"async\" src=\"https:\/\/www.grandhotelhradec.cz\/wp-content\/plugins\/wpforms\/assets\/images\/submit-spin.svg\" class=\"wpforms-submit-spinner\" style=\"display: none;\" width=\"26\" height=\"26\" alt=\"Wczytywanie\"><\/div><input type=\"hidden\" name=\"trp-form-language\" value=\"pl\"\/><\/form><\/div>  <!-- .wpforms-container -->","protected":false},"excerpt":{"rendered":"<p>Kapacita a\u017e 180 osob Hled\u00e1te reprezentativn\u00ed prostory pro uspo\u0159\u00e1d\u00e1n\u00ed \u0161kolen\u00ed, konference, obchodn\u00edho jedn\u00e1n\u00ed, ve\u0159ejn\u00e9 projekce, workshopu \u010di soukrom\u00e9 oslavy? Chcete, aby V\u00e1s obklopoval kr\u00e1sn\u00fd, \u00fa\u010deln\u011b promy\u0161len\u00fd interi\u00e9r s rekuperac\u00ed \u010derstv\u00e9ho vzduchu, dostatkem denn\u00edho sv\u011btla, vybaven\u00fd nejmodern\u011bj\u0161\u00edm technick\u00fdm z\u00e1zem\u00edm? Pokud je Va\u0161e odpov\u011b\u010f kladn\u00e1, pak jsou na\u0161e konferen\u010dn\u00ed prostory p\u0159esn\u011b t\u00edm, co hled\u00e1te. Bonusem pro \u00fa\u010dastn\u00edky [&hellip;]<\/p>","protected":false},"author":1,"featured_media":218,"parent":0,"menu_order":0,"comment_status":"closed","ping_status":"closed","template":"","meta":{"footnotes":""},"class_list":["post-33","page","type-page","status-publish","has-post-thumbnail","hentry"],"_links":{"self":[{"href":"https:\/\/www.grandhotelhradec.cz\/pl\/wp-json\/wp\/v2\/pages\/33","targetHints":{"allow":["GET"]}}],"collection":[{"href":"https:\/\/www.grandhotelhradec.cz\/pl\/wp-json\/wp\/v2\/pages"}],"about":[{"href":"https:\/\/www.grandhotelhradec.cz\/pl\/wp-json\/wp\/v2\/types\/page"}],"author":[{"embeddable":true,"href":"https:\/\/www.grandhotelhradec.cz\/pl\/wp-json\/wp\/v2\/users\/1"}],"replies":[{"embeddable":true,"href":"https:\/\/www.grandhotelhradec.cz\/pl\/wp-json\/wp\/v2\/comments?post=33"}],"version-history":[{"count":5,"href":"https:\/\/www.grandhotelhradec.cz\/pl\/wp-json\/wp\/v2\/pages\/33\/revisions"}],"predecessor-version":[{"id":1155,"href":"https:\/\/www.grandhotelhradec.cz\/pl\/wp-json\/wp\/v2\/pages\/33\/revisions\/1155"}],"wp:featuredmedia":[{"embeddable":true,"href":"https:\/\/www.grandhotelhradec.cz\/pl\/wp-json\/wp\/v2\/media\/218"}],"wp:attachment":[{"href":"https:\/\/www.grandhotelhradec.cz\/pl\/wp-json\/wp\/v2\/media?parent=33"}],"curies":[{"name":"wp","href":"https:\/\/api.w.org\/{rel}","templated":true}]}}