{"id":313,"date":"2025-02-14T00:05:39","date_gmt":"2025-02-13T23:05:39","guid":{"rendered":"https:\/\/www.grandhotelhradec.cz\/?page_id=313"},"modified":"2026-04-12T22:16:55","modified_gmt":"2026-04-12T20:16:55","slug":"przewodnik-gorski","status":"publish","type":"page","link":"https:\/\/www.grandhotelhradec.cz\/pl\/odkryj-pec-pod-snezkou\/przewodnik-gorski\/","title":{"rendered":"Przewodnik g\u00f3rski"},"content":{"rendered":"<p><strong>Przyroda w jej prawdziwej istocie, szlaki, kt\u00f3rych nikt nie zna, miejsca, kt\u00f3rych wielu z nas jeszcze nie odkry\u0142o. Wyj\u0105tkowo\u015b\u0107 wra\u017ce\u0144 i indywidualne podej\u015bcie mo\u017cna poczu\u0107 zar\u00f3wno podczas g\u00f3rskich i skialpejskich w\u0119dr\u00f3wek, jak i podczas wspinaczki i przeja\u017cd\u017cek rowerowych.<\/strong><\/p>\n\n\n\n<p class=\"translation-block\">Przewodnik g\u00f3rski <strong>Radek \u010cerm\u00e1k<\/strong> to profesjonalista, kt\u00f3ry towarzyszy sportowcom, turystom i wspinaczom w warunkach wysokog\u00f3rskich, aby zapewni\u0107 im bezpiecze\u0144stwo i przygotowa\u0107 dla nich niezwyk\u0142e prze\u017cycia. Jest akredytowanym przewodnikiem g\u00f3rskim, cz\u0142onkiem S\u0142u\u017cby G\u00f3rskiej, a tak\u017ce stowarzyszenia alpinistycznego i podr\u00f3\u017cniczego A-MountTeam, z kt\u00f3rym odby\u0142 szereg wypraw (5000-6000 m n.p.m.) w r\u00f3\u017cne miejsca na naszej planecie. Do najciekawszych nale\u017c\u0105 m.in. Biegun P\u00f3\u0142nocny, Pamiry, Himalaje, Kaukaz i Patagonia. Opr\u00f3cz wypraw Radek jest aktywnym narciarzem alpinist\u0105. Organizowa\u0142 i bra\u0142 udzia\u0142 w szeregu europejskich wypraw narciarsko-alpejsko-turystyczno-wspinaczkowych, m.in. w Tatrach, Alpach czy w p\u00f3\u0142nocnej Norwegii.<\/p>\n\n\n\n<p>Radek \u010cerm\u00e1k mo\u017ce zaoferowa\u0107 klientom Grand Hotelu Hradec us\u0142ugi profesjonalnego przewodnika w nast\u0119puj\u0105cym zakresie:<\/p>\n\n\n\n<ul class=\"wp-block-list\">\n<li class=\"translation-block\">W okresie <strong>lato<\/strong> niezwyk\u0142e w\u0119dr\u00f3wki z lokalizacj\u0105 i histori\u0105 Karkonoszy, przeja\u017cd\u017cki rowerowe dostosowane do potrzeb zainteresowanych.<\/li>\n\n\n\n<li class=\"translation-block\"><strong>Zim\u0105<\/strong> przygotowuje indywidualne wyprawy narciarskie alpejskie, wyprawy na rakietach \u015bnie\u017cnych lub w\u0119dr\u00f3wki, kursy lawinowe, wspinaczk\u0119 lodow\u0105 z czekanami i rakami.<\/li>\n<\/ul>\n\n\n\n<p class=\"translation-block\">Us\u0142ugi te przeznaczone s\u0105 zar\u00f3wno dla os\u00f3b prywatnych, jak i firm, kr\u00f3tko m\u00f3wi\u0105c, ka\u017cdego, kto interesuje si\u0119 g\u00f3rami i niezwyk\u0142ymi przygodami. Ich wsp\u00f3lnym mianownikiem jest indywidualne podej\u015bcie i wyj\u0105tkowe do\u015bwiadczenie<\/p>\n\n\n\n<figure class=\"wp-block-table\"><table class=\"has-fixed-layout\"><tbody><tr><td>6-godzinna wycieczka dla pary<\/td><td>od 5.000 CZK<\/td><\/tr><tr><td>Grupa od 7 do 12 os\u00f3b<\/td><td>10 000 CZK<\/td><\/tr><tr><td>Firma do 8 os\u00f3b<\/td><td>10 000 CZK<\/td><\/tr><tr><td>Firma powy\u017cej 8 os\u00f3b<\/td><td>kalkulacja indywidualna<\/td><\/tr><\/tbody><\/table><\/figure>\n\n\n\n<p>Istnieje mo\u017cliwo\u015b\u0107 zabrania na wycieczk\u0119 dowolnej du\u017cej grupy, ilo\u015b\u0107 przewodnik\u00f3w zostanie dostosowana do potrzeb.<br><br><strong>Orientacyjne ceny wynajmu dodatkowego wyposa\u017cenia<\/strong><\/p>\n\n\n\n<figure class=\"wp-block-table\"><table class=\"has-fixed-layout\"><tbody><tr><td>Skialp set<\/td><td>800 CZK\/dzie\u0144\/os<\/td><\/tr><tr><td>Rakiety \u015bnie\u017cne<\/td><td>250 CZK\/dzie\u0144\/os<\/td><\/tr><tr><td>Nesmeky<\/td><td>100 CZK\/dzie\u0144\/os<\/td><\/tr><tr><td>Pa\u0142eczki<\/td><td>100 CZK\/dzie\u0144\/os<\/td><\/tr><\/tbody><\/table><\/figure>\n\n\n\n<p><strong>Osoba kontaktowa do Radka Cerm\u00e1ka to <a href=\"tel:603820882\">603 820 882<\/a><\/strong><\/p>\n\n\n\n<p>Ceny bez podatku VAT<\/p>\n\n\n\n<p><\/p>","protected":false},"excerpt":{"rendered":"<p>P\u0159\u00edroda ve sv\u00e9 prav\u00e9 podstat\u011b, stezky, kter\u00e9 nikdo nezn\u00e1, m\u00edsta, kter\u00e1 mnoho z\u00a0n\u00e1s je\u0161t\u011b neobjevilo. V\u00fdjime\u010dnost z\u00e1\u017eitku a individu\u00e1ln\u00ed p\u0159\u00edstup m\u016f\u017eete za\u017e\u00edt jak p\u0159i p\u011b\u0161\u00edch horsk\u00fdch \u010di skialpov\u00fdch t\u00far\u00e1ch, tak p\u0159i lezen\u00ed \u010di vyj\u00ed\u017e\u010fk\u00e1ch na kole. Horsk\u00fd pr\u016fvodce\u00a0Radek \u010cerm\u00e1k\u00a0je profesion\u00e1l, kter\u00fd prov\u00e1z\u00ed sportovce, turisty a horolezce ve vysokohorsk\u00fdch podm\u00ednk\u00e1ch tak, aby zajistil jejich bezpe\u010dnost a [&hellip;]<\/p>","protected":false},"author":1,"featured_media":314,"parent":39,"menu_order":20,"comment_status":"closed","ping_status":"closed","template":"aktivity.php","meta":{"footnotes":""},"class_list":["post-313","page","type-page","status-publish","has-post-thumbnail","hentry"],"_links":{"self":[{"href":"https:\/\/www.grandhotelhradec.cz\/pl\/wp-json\/wp\/v2\/pages\/313","targetHints":{"allow":["GET"]}}],"collection":[{"href":"https:\/\/www.grandhotelhradec.cz\/pl\/wp-json\/wp\/v2\/pages"}],"about":[{"href":"https:\/\/www.grandhotelhradec.cz\/pl\/wp-json\/wp\/v2\/types\/page"}],"author":[{"embeddable":true,"href":"https:\/\/www.grandhotelhradec.cz\/pl\/wp-json\/wp\/v2\/users\/1"}],"replies":[{"embeddable":true,"href":"https:\/\/www.grandhotelhradec.cz\/pl\/wp-json\/wp\/v2\/comments?post=313"}],"version-history":[{"count":0,"href":"https:\/\/www.grandhotelhradec.cz\/pl\/wp-json\/wp\/v2\/pages\/313\/revisions"}],"up":[{"embeddable":true,"href":"https:\/\/www.grandhotelhradec.cz\/pl\/wp-json\/wp\/v2\/pages\/39"}],"wp:featuredmedia":[{"embeddable":true,"href":"https:\/\/www.grandhotelhradec.cz\/pl\/wp-json\/wp\/v2\/media\/314"}],"wp:attachment":[{"href":"https:\/\/www.grandhotelhradec.cz\/pl\/wp-json\/wp\/v2\/media?parent=313"}],"curies":[{"name":"wp","href":"https:\/\/api.w.org\/{rel}","templated":true}]}}