{"id":310,"date":"2025-02-13T23:58:22","date_gmt":"2025-02-13T22:58:22","guid":{"rendered":"https:\/\/www.grandhotelhradec.cz\/?page_id=310"},"modified":"2026-04-12T22:26:30","modified_gmt":"2026-04-12T20:26:30","slug":"szlak-w-koronach-drzew","status":"publish","type":"page","link":"https:\/\/www.grandhotelhradec.cz\/pl\/odkryj-pec-pod-snezkou\/szlak-w-koronach-drzew\/","title":{"rendered":"Szlak w koronach drzew"},"content":{"rendered":"<p>W pobliskich Ja\u0144skich \u0141a\u017aniach znajduje si\u0119 wyj\u0105tkowa ca\u0142oroczna \u015bcie\u017cka w koronach drzew. Na trasie maj\u0105cej ponad 1500 metr\u00f3w d\u0142ugo\u015bci czekaj\u0105 na Pa\u0144stwa pouczaj\u0105ce przystanki informacyjne, zak\u0105tki pe\u0142ne prze\u017cy\u0107 ekstremalnych, zje\u017cd\u017calnia wodna i wyj\u0105tkowa podziemna wystawa przedstawiaj\u0105ca skomplikowany system korzeni drzew. Przejd\u017a od korzeni do koron karkonoskich olbrzym\u00f3w i ciesz si\u0119 widokiem z 45-metrowej wie\u017cy widokowej.<\/p>\n\n\n\n<p><a href=\"https:\/\/leto.skiresort.cz\/letni-aktivity\/stezka-korunami-stromu\/\" target=\"_blank\" rel=\"noreferrer noopener nofollow\">Szlak w koronach drzew<\/a><\/p>\n\n\n\n<p><\/p>","protected":false},"excerpt":{"rendered":"<p>V&nbsp;nedalek\u00fdch Jansk\u00fdch L\u00e1zn\u00edch je celoro\u010dn\u011b otev\u0159ena unik\u00e1tn\u00ed Stezka korunami strom\u016f. Na trase dlouh\u00e9 v\u00edce ne\u017e 1&nbsp;500 metr\u016f v\u00e1s \u010dekaj\u00ed pou\u010dn\u00e9 informa\u010dn\u00ed zast\u00e1vky, adrenalinov\u00e1 z\u00e1kout\u00ed, tobog\u00e1n i&nbsp;jedine\u010dn\u00e1 podzemn\u00ed expozice p\u0159edstavuj\u00edc\u00ed spletit\u00fd ko\u0159enov\u00fd syst\u00e9m strom\u016f. Vydejte se od ko\u0159en\u016f do korun krkono\u0161sk\u00fdch velik\u00e1n\u016f a u\u017eijte si rozhled ze 45 metr\u016f vysok\u00e9 vyhl\u00eddkov\u00e9 v\u011b\u017ee. Stezka korunami strom\u016f<\/p>","protected":false},"author":1,"featured_media":749,"parent":39,"menu_order":2,"comment_status":"closed","ping_status":"closed","template":"aktivity.php","meta":{"footnotes":""},"class_list":["post-310","page","type-page","status-publish","has-post-thumbnail","hentry"],"_links":{"self":[{"href":"https:\/\/www.grandhotelhradec.cz\/pl\/wp-json\/wp\/v2\/pages\/310","targetHints":{"allow":["GET"]}}],"collection":[{"href":"https:\/\/www.grandhotelhradec.cz\/pl\/wp-json\/wp\/v2\/pages"}],"about":[{"href":"https:\/\/www.grandhotelhradec.cz\/pl\/wp-json\/wp\/v2\/types\/page"}],"author":[{"embeddable":true,"href":"https:\/\/www.grandhotelhradec.cz\/pl\/wp-json\/wp\/v2\/users\/1"}],"replies":[{"embeddable":true,"href":"https:\/\/www.grandhotelhradec.cz\/pl\/wp-json\/wp\/v2\/comments?post=310"}],"version-history":[{"count":1,"href":"https:\/\/www.grandhotelhradec.cz\/pl\/wp-json\/wp\/v2\/pages\/310\/revisions"}],"predecessor-version":[{"id":750,"href":"https:\/\/www.grandhotelhradec.cz\/pl\/wp-json\/wp\/v2\/pages\/310\/revisions\/750"}],"up":[{"embeddable":true,"href":"https:\/\/www.grandhotelhradec.cz\/pl\/wp-json\/wp\/v2\/pages\/39"}],"wp:featuredmedia":[{"embeddable":true,"href":"https:\/\/www.grandhotelhradec.cz\/pl\/wp-json\/wp\/v2\/media\/749"}],"wp:attachment":[{"href":"https:\/\/www.grandhotelhradec.cz\/pl\/wp-json\/wp\/v2\/media?parent=310"}],"curies":[{"name":"wp","href":"https:\/\/api.w.org\/{rel}","templated":true}]}}