{"id":305,"date":"2025-02-13T23:52:05","date_gmt":"2025-02-13T22:52:05","guid":{"rendered":"https:\/\/www.grandhotelhradec.cz\/?page_id=305"},"modified":"2026-04-12T22:17:24","modified_gmt":"2026-04-12T20:17:24","slug":"kolejka-linowa-na-sniezke","status":"publish","type":"page","link":"https:\/\/www.grandhotelhradec.cz\/pl\/odkryj-pec-pod-snezkou\/kolejka-linowa-na-sniezke\/","title":{"rendered":"Kolejka linowa na \u015anie\u017ck\u0119"},"content":{"rendered":"<p>Pec pod \u015anie\u017ck\u0105 to najcz\u0119stszy punkt wypadowy do wycieczek na \u015anie\u017ck\u0119. Grand Hotel Hradec znajduje si\u0119 w odleg\u0142o\u015bci 900 m od kolejki linowej na \u015anie\u017ck\u0119. Na najwy\u017csz\u0105 g\u00f3r\u0119 w Czechach mo\u017cna doj\u015b\u0107 pieszo lub skorzysta\u0107 z kolejki linowej Pec pod \u015anie\u017ck\u0105 \u2013 \u015anie\u017cka. Nowoczesna czteroosobowa kabinowa kolejka linowa ze stacj\u0105 przesiadkow\u0105 o nazwie R\u016f\u017eov\u00e1 hora dzia\u0142a przez ca\u0142y rok. Podczas jazdy pokonuje si\u0119 r\u00f3\u017cnic\u0119 wysoko\u015bci prawie 700 m, a przez ca\u0142\u0105 drog\u0119 turystom towarzysz\u0105 pi\u0119kne widoki na g\u00f3ry. Ze szczytu \u015anie\u017cki prowadz\u0105 oznakowane szlaki turystyczne, na przyk\u0142ad do miejscowo\u015bci \u0160pindler\u016fv Ml\u00fdn albo do schroniska Lu\u010dn\u00ed bouda.<\/p>\n\n\n\n<p><a href=\"https:\/\/www.snezkalanovka.cz\/\" data-type=\"link\" data-id=\"https:\/\/www.snezkalanovka.cz\/\" target=\"_blank\" rel=\"noreferrer noopener nofollow\">Kolejka linowa na \u015anie\u017ck\u0119<\/a><\/p>\n\n\n\n<p><\/p>","protected":false},"excerpt":{"rendered":"<p>Pec pod Sn\u011b\u017ekou je nej\u010dast\u011bj\u0161\u00edm v\u00fdchoz\u00edm m\u00edstem pro v\u00fdlety na Sn\u011b\u017eku. Na nejvy\u0161\u0161\u00ed horu \u010cesk\u00e9 republiky se m\u016f\u017eete vydat p\u011b\u0161ky nebo vyu\u017e\u00edt lanovou dr\u00e1hu Pec pod Sn\u011b\u017ekou \u2013 Sn\u011b\u017eka. Modern\u00ed \u010dty\u0159seda\u010dkov\u00e1 kabinov\u00e1 lanovka s\u00a0p\u0159estupn\u00ed stanic\u00ed na R\u016f\u017eov\u00e9 ho\u0159e je v provozu po cel\u00fd rok. B\u011bhem j\u00edzdy p\u0159ekon\u00e1te p\u0159ev\u00fd\u0161en\u00ed t\u00e9m\u011b\u0159 700 m a celou cestu v\u00e1s [&hellip;]<\/p>","protected":false},"author":1,"featured_media":306,"parent":39,"menu_order":5,"comment_status":"closed","ping_status":"closed","template":"aktivity.php","meta":{"footnotes":""},"class_list":["post-305","page","type-page","status-publish","has-post-thumbnail","hentry"],"_links":{"self":[{"href":"https:\/\/www.grandhotelhradec.cz\/pl\/wp-json\/wp\/v2\/pages\/305","targetHints":{"allow":["GET"]}}],"collection":[{"href":"https:\/\/www.grandhotelhradec.cz\/pl\/wp-json\/wp\/v2\/pages"}],"about":[{"href":"https:\/\/www.grandhotelhradec.cz\/pl\/wp-json\/wp\/v2\/types\/page"}],"author":[{"embeddable":true,"href":"https:\/\/www.grandhotelhradec.cz\/pl\/wp-json\/wp\/v2\/users\/1"}],"replies":[{"embeddable":true,"href":"https:\/\/www.grandhotelhradec.cz\/pl\/wp-json\/wp\/v2\/comments?post=305"}],"version-history":[{"count":0,"href":"https:\/\/www.grandhotelhradec.cz\/pl\/wp-json\/wp\/v2\/pages\/305\/revisions"}],"up":[{"embeddable":true,"href":"https:\/\/www.grandhotelhradec.cz\/pl\/wp-json\/wp\/v2\/pages\/39"}],"wp:featuredmedia":[{"embeddable":true,"href":"https:\/\/www.grandhotelhradec.cz\/pl\/wp-json\/wp\/v2\/media\/306"}],"wp:attachment":[{"href":"https:\/\/www.grandhotelhradec.cz\/pl\/wp-json\/wp\/v2\/media?parent=305"}],"curies":[{"name":"wp","href":"https:\/\/api.w.org\/{rel}","templated":true}]}}