{"id":291,"date":"2025-02-13T23:36:13","date_gmt":"2025-02-13T22:36:13","guid":{"rendered":"https:\/\/www.grandhotelhradec.cz\/?page_id=291"},"modified":"2026-04-12T22:16:55","modified_gmt":"2026-04-12T20:16:55","slug":"skialp","status":"publish","type":"page","link":"https:\/\/www.grandhotelhradec.cz\/pl\/odkryj-pec-pod-snezkou\/skialp\/","title":{"rendered":"Skialp"},"content":{"rendered":"<p class=\"translation-block\"><strong>Zapnij narty i wspinaj si\u0119<\/strong> przez poetycki, \u015bnie\u017cny krajobraz. Na nartach biegowych by\u0142oby to sporo pracy, na rakietach \u015bnie\u017cnych szkoda by\u0142oby nie skorzysta\u0107 ze stoku zjazdowego. Jednocze\u015bnie nie ma potrzeby spieszy\u0107 si\u0119 na stoku, wystarczy przesuwa\u0107 narty krok po kroku i dobrze si\u0119 bawi\u0107. Wybierz jedn\u0105 z tych tras, na przyk\u0142ad:<\/p>\n\n\n\n<h3 class=\"wp-block-heading\">Narciarska trasa alpejska numer pi\u0119\u0107 \u2013 Modr\u00fd dolem do V\u00fdrovca<\/h3>\n\n\n\n<p>Z Pecy pod Sn\u011b\u017ekou mo\u017cna kierowa\u0107 si\u0119 czerwonym znakiem na podjazd do Modr\u00fd dol, a zimow\u0105 \u015bcie\u017ck\u0105 z kijami przez Modr\u00fd dol mo\u017cna uda\u0107 si\u0119 do V\u00fdrovca \u200b\u200b(przeje\u017cd\u017ca si\u0119 przez masywn\u0105 \u015bcie\u017ck\u0119 lawinow\u0105, wi\u0119c nale\u017cy zachowa\u0107 ostro\u017cno\u015b\u0107, a przede wszystkim na ko\u0144cu mog\u0105 by\u0107 problemy z orientacj\u0105 ze wzgl\u0119du na wypalone tyczki). Nast\u0119pnie pod\u0105\u017camy zielon\u0105 \u015bcie\u017ck\u0105 przez Richtrovy Boudy i cieszymy si\u0119 pi\u0119knym zej\u015bciem do Pecy pod Sn\u011b\u017ekou. (Mo\u017cesz tak\u017ce wybra\u0107 wariant, w kt\u00f3rym na skrzy\u017cowaniu U Richtrov\u00fdch bud w\u0142\u0105czysz czerwone \u015bwiat\u0142o i b\u0119dziesz jecha\u0142 dalej do Zelen\u00e9 dol lub na czerwonym \u015bwietle do \u017delezn\u00e1 stezka.)<\/p>\n\n\n\n<h3 class=\"wp-block-heading\">Sz\u00f3sta trasa narciarsko-alpejska \u2013 Dolom Obr\u00edm na \u015anie\u017ck\u0119<\/h3>\n\n\n\n<p>Z Pecy pod Sn\u011b\u017ekou mo\u017cna pojecha\u0107 niebieskim szlakiem do Ob\u0159\u00ed dol i wspi\u0105\u0107 si\u0119 na prze\u0142\u0119cz pod dawn\u0105 Ob\u0159\u00ed boud\u0105, uwaga, to stromy i cz\u0119sto oblodzony odcinek!!! Pod\u0105\u017camy czerwon\u0105 \u015bcie\u017ck\u0105 przez szczyt \u015anie\u017cki, tutaj ponownie natkniemy si\u0119 na stromy i cz\u0119sto oblodzony odcinek!!! Prosimy uwa\u017ca\u0107 na innych go\u015bci, a je\u017celi wybieracie si\u0119 w przeciwnym kierunku, zdj\u0105\u0107 narty i przej\u015b\u0107 si\u0119 pieszo.Zje\u017cd\u017camy \u017c\u00f3\u0142tym szlakiem do g\u00f3rnej stacji kolejki linowej na R\u016f\u017eov\u0105 hor\u0119 (cz\u0119sto wietrzny i oblodzony teren), nast\u0119pnie przez szczelin\u0119 pod kolejk\u0105, jest to odcinek stromy i cz\u0119sto oblodzony (po ca\u0142ym odcinku dodatkowo biegn\u0105 2 stalowe liny), dalej do dolnej stacji kolejki linowej.<\/p>\n\n\n\n<p>Zjazd: dalej \u017c\u00f3\u0142tym szlakiem albo na niebieski i do Pecy pod Sn\u011b\u017ekou, lub przez \u0142\u0105ki enklawy V\u011btrn\u00edk i Karl\u016fv vrch i dalej nieoznakowan\u0105 \u015bcie\u017ck\u0105 mo\u017cna kontynuowa\u0107 do Wielkiej \u00dapy. Inn\u0105 opcj\u0105 jest bezpieczna opcja przez R\u016f\u017eohorky (znak zielono-\u017c\u00f3\u0142ty - g\u00f3rna stacja Boboliftu i zjazd po stoku do Velkej \u00dapy). Wychodz\u0105c z Pecy pod Sn\u011b\u017ekou, mo\u017cna tak\u017ce skorzysta\u0107 z zielonego znaku Bukov\u00e1 \u00fadol\u00edm, jednak nie polecamy go do zjazdu (teren stromy i cz\u0119sto bardzo oblodzony). \u00a0<\/p>\n\n\n\n<h3 class=\"wp-block-heading\">Co mo\u017cemy dla Ciebie zarezerwowa\u0107?<\/h3>\n\n\n\n<figure class=\"wp-block-table\"><table class=\"has-fixed-layout\"><tbody><tr><td>Narty\/snowboard<\/td><td>440 CZK \/ dzie\u0144 (kaucja = op\u0142ata za wynajem)<\/td><\/tr><tr><td>Narty alpejskie<\/td><td>900 CZK \/ dzie\u0144 (kaucja = op\u0142ata za wynajem)<\/td><\/tr><tr><td>Biegi narciarskie<\/td><td>350 CZK \/ dzie\u0144 (kaucja = op\u0142ata za wynajem)<\/td><\/tr><\/tbody><\/table><\/figure>","protected":false},"excerpt":{"rendered":"<p>Nalepit na ly\u017ee p\u00e1sy a stoupat&nbsp;poetickou, zasn\u011b\u017eenou krajinou. Na b\u011b\u017ek\u00e1ch u\u017e by to byla velk\u00e1 d\u0159ina, na sn\u011b\u017enic\u00edch je zase \u0161koda nevyu\u017e\u00edt svahu, kter\u00fd m\u00ed\u0159\u00ed dol\u016f. P\u0159itom na p\u00e1sech se nemus\u00ed nijak sp\u011bchat, sta\u010d\u00ed posouvat ly\u017ee krok sun krok a kochat se. Vyberte si t\u0159eba z&nbsp;t\u011bchto tras: Skialpov\u00e1 trasa p\u011btka \u2013 Modr\u00fdm dolem k V\u00fdrovce [&hellip;]<\/p>","protected":false},"author":1,"featured_media":297,"parent":39,"menu_order":18,"comment_status":"closed","ping_status":"closed","template":"aktivity.php","meta":{"footnotes":""},"class_list":["post-291","page","type-page","status-publish","has-post-thumbnail","hentry"],"_links":{"self":[{"href":"https:\/\/www.grandhotelhradec.cz\/pl\/wp-json\/wp\/v2\/pages\/291","targetHints":{"allow":["GET"]}}],"collection":[{"href":"https:\/\/www.grandhotelhradec.cz\/pl\/wp-json\/wp\/v2\/pages"}],"about":[{"href":"https:\/\/www.grandhotelhradec.cz\/pl\/wp-json\/wp\/v2\/types\/page"}],"author":[{"embeddable":true,"href":"https:\/\/www.grandhotelhradec.cz\/pl\/wp-json\/wp\/v2\/users\/1"}],"replies":[{"embeddable":true,"href":"https:\/\/www.grandhotelhradec.cz\/pl\/wp-json\/wp\/v2\/comments?post=291"}],"version-history":[{"count":0,"href":"https:\/\/www.grandhotelhradec.cz\/pl\/wp-json\/wp\/v2\/pages\/291\/revisions"}],"up":[{"embeddable":true,"href":"https:\/\/www.grandhotelhradec.cz\/pl\/wp-json\/wp\/v2\/pages\/39"}],"wp:featuredmedia":[{"embeddable":true,"href":"https:\/\/www.grandhotelhradec.cz\/pl\/wp-json\/wp\/v2\/media\/297"}],"wp:attachment":[{"href":"https:\/\/www.grandhotelhradec.cz\/pl\/wp-json\/wp\/v2\/media?parent=291"}],"curies":[{"name":"wp","href":"https:\/\/api.w.org\/{rel}","templated":true}]}}