{"id":29,"date":"2025-02-03T23:38:29","date_gmt":"2025-02-03T22:38:29","guid":{"rendered":"https:\/\/www.grandhotelhradec.cz\/?page_id=29"},"modified":"2025-11-20T20:19:41","modified_gmt":"2025-11-20T19:19:41","slug":"pokoje","status":"publish","type":"page","link":"https:\/\/www.grandhotelhradec.cz\/pl\/pokoje\/","title":{"rendered":"Pokoje"},"content":{"rendered":"<p class=\"translation-block\">V <strong>Grand Hotelu Hradec<\/strong> przygotowali\u015bmy dla Pa\u0144stwa <strong>68 luksusowych pokoj\u00f3w<\/strong>, kt\u00f3re reprezentuj\u0105 wyj\u0105tkowe po\u0142\u0105czenie dobrego smaku, elegancji, nowoczesno\u015bci i komfortu. Nasi projektanci zadbali o dob\u00f3r mebli i wszystkich akcesori\u00f3w, nie pomin\u0119li \u017cadnych szczeg\u00f3\u0142\u00f3w i nie poszli na kompromis w kwestii wysokich wymaga\u0144 dotycz\u0105cych jako\u015bci materia\u0142\u00f3w i precyzji wykonania. Z rado\u015bci\u0105 zapraszamy do przestronnych pokoj\u00f3w z dominuj\u0105cymi naturalnymi elementami, takimi jak \u015bciany z drewna d\u0119bowego, mi\u0119kkie dywany ze 100% we\u0142ny importowane a\u017c z Nowej Zelandii oraz do eleganckiej \u0142azienki wyko\u0144czonej szlachetnym kwarcytem.<\/p>\n\n\n\n<p class=\"translation-block\">Tw\u00f3j sen b\u0119dzie <strong>naprawd\u0119 kr\u00f3lewski<\/strong> na \u0142\u00f3\u017cku king-size z niezwykle wygodnymi materacami. Przyjemne antyalergiczne ko\u0142dry i poduszki, kt\u00f3rych twardo\u015b\u0107 lub mi\u0119kko\u015b\u0107 mo\u017cesz wybra\u0107 w zale\u017cno\u015bci od swoich preferencji, sprawi\u0105, \u017ce Twoje sny b\u0119d\u0105 jeszcze s\u0142odsze. Wyrafinowana i przyjazna dla \u015brodowiska technologia odzyskiwania \u015bwie\u017cego g\u00f3rskiego powietrza gwarantuje optymalny klimat we wszystkich pokojach. Standardowe wyposa\u017cenie ka\u017cdego pokoju obejmuje zestaw do parzenia kawy i herbaty, sejf, wysokiej jako\u015bci po\u0142\u0105czenie WiFi i inteligentny telewizor z szerokim wyborem kana\u0142\u00f3w. \u0141\u00f3\u017ceczko z drewna d\u0119bowego z materacem z w\u0142\u00f3kna kokosowego poddanego obr\u00f3bce cieplnej mo\u017cna wypo\u017cyczy\u0107 do spania dla dzieci. Aby zapewni\u0107 Ci maksymaln\u0105 satysfakcj\u0119, oferujemy szeroki zakres us\u0142ug hotelowych, w tym portiera, ca\u0142odobow\u0105 obs\u0142ug\u0119 parkingowego i room service (od 11:00 do 23:00). Wierzymy, \u017ce synergia luksusowego zakwaterowania, us\u0142ug premium i osza\u0142amiaj\u0105cych g\u00f3rskich krajobraz\u00f3w oferuje odpowiednie sk\u0142adniki do do\u015bwiadczenia, kt\u00f3re pozostanie w Twoim sercu na bardzo d\u0142ugo.<\/p>\n\n\n\n<p>Hotel dysponuje r\u00f3wnie\u017c dwoma podziemnymi, monitorowanymi gara\u017cami o \u0142\u0105cznej pojemno\u015bci 56 miejsc parkingowych. Cena parkingu dla naszych go\u015bci wynosi 420 CZK \/ noc.<\/p>\n\n\n\n<p><strong>Hotel spe\u0142nia standardy mi\u0119dzynarodowej klasyfikacji obiekt\u00f3w hotelowych Hotelstars klasy First Class Superior (**** Superior).<\/strong><\/p>\n\n\n\n<div style=\"height:50px\" aria-hidden=\"true\" class=\"wp-block-spacer\"><\/div>\n\n\n\n<div class=\"wp-block-columns is-layout-flex wp-container-core-columns-is-layout-9d6595d7 wp-block-columns-is-layout-flex\">\n<div class=\"wp-block-column is-layout-flow wp-block-column-is-layout-flow\">\n<figure class=\"wp-block-image size-large\"><a href=\"https:\/\/www.grandhotelhradec.cz\/pl\/pokoje\/superior-pokoj-dwuosobowy\/\"><img loading=\"lazy\" decoding=\"async\" width=\"2000\" height=\"1335\" src=\"https:\/\/www.grandhotelhradec.cz\/wp-content\/uploads\/2025\/02\/Grand-Hotel-Hradec-Pec-pod-Snezkou-Superior-dvouluzkovy-pokoj-08-2000x1335.jpg\" alt=\"Grand Hotel Hradec - Pec pod Sn\u011b\u017ekou - Pok\u00f3j dwuosobowy typu superior 08\" class=\"wp-image-133\" srcset=\"https:\/\/www.grandhotelhradec.cz\/wp-content\/uploads\/2025\/02\/Grand-Hotel-Hradec-Pec-pod-Snezkou-Superior-dvouluzkovy-pokoj-08-2000x1335.jpg 2000w, https:\/\/www.grandhotelhradec.cz\/wp-content\/uploads\/2025\/02\/Grand-Hotel-Hradec-Pec-pod-Snezkou-Superior-dvouluzkovy-pokoj-08-600x401.jpg 600w\" sizes=\"auto, (max-width: 2000px) 100vw, 2000px\" \/><\/a><\/figure>\n\n\n\n<h2 class=\"wp-block-heading\"><a href=\"https:\/\/www.grandhotelhradec.cz\/pl\/pokoje\/superior-pokoj-dwuosobowy\/\">Superior pok\u00f3j dwuosobowy<\/a><\/h2>\n\n\n\n<p>Pokoje typu Superior to wyj\u0105tkowe po\u0142\u0105czenie nowoczesnego wzornictwa, elegancji, gustu, wygody i funkcjonalnej przestrzeni.<\/p>\n\n\n\n<div class=\"wp-block-buttons is-layout-flex wp-block-buttons-is-layout-flex\">\n<div class=\"wp-block-button rezervace\"><a class=\"wp-block-button__link wp-element-button\" href=\"https:\/\/grandhotelhradec.book-onlinenow.net\/index.aspx?cur=PLN&amp;lan_id=pl-PL&amp;Page=19\" target=\"_blank\" rel=\"\">Zarezerwuj<\/a><\/div>\n<\/div>\n<\/div>\n\n\n\n<div class=\"wp-block-column is-layout-flow wp-block-column-is-layout-flow\">\n<figure class=\"wp-block-image size-large\"><a href=\"https:\/\/www.grandhotelhradec.cz\/pl\/pokoje\/superior-pokoj-trzyosobowy\/\"><img loading=\"lazy\" decoding=\"async\" width=\"2000\" height=\"1335\" src=\"https:\/\/www.grandhotelhradec.cz\/wp-content\/uploads\/2025\/02\/Grand-Hotel-Hradec-Pec-pod-Snezkou-Superior-triluzkovy-pokoj-03-2000x1335.jpg\" alt=\"Grand Hotel Hradec - Pec pod Sn\u011b\u017ekou - Pok\u00f3j trzyosobowy typu superior 03\" class=\"wp-image-139\" srcset=\"https:\/\/www.grandhotelhradec.cz\/wp-content\/uploads\/2025\/02\/Grand-Hotel-Hradec-Pec-pod-Snezkou-Superior-triluzkovy-pokoj-03-2000x1335.jpg 2000w, https:\/\/www.grandhotelhradec.cz\/wp-content\/uploads\/2025\/02\/Grand-Hotel-Hradec-Pec-pod-Snezkou-Superior-triluzkovy-pokoj-03-600x401.jpg 600w\" sizes=\"auto, (max-width: 2000px) 100vw, 2000px\" \/><\/a><\/figure>\n\n\n\n<h2 class=\"wp-block-heading\"><a href=\"https:\/\/www.grandhotelhradec.cz\/pl\/pokoje\/superior-pokoj-trzyosobowy\/\">Superior pok\u00f3j trzyosobowy<\/a><\/h2>\n\n\n\n<p>Pokoje typu Superior to wyj\u0105tkowe po\u0142\u0105czenie nowoczesnego wzornictwa, elegancji, gustu, wygody i funkcjonalnej przestrzeni.<\/p>\n\n\n\n<div class=\"wp-block-buttons is-layout-flex wp-block-buttons-is-layout-flex\">\n<div class=\"wp-block-button rezervace\"><a class=\"wp-block-button__link wp-element-button\" href=\"https:\/\/grandhotelhradec.book-onlinenow.net\/index.aspx?cur=PLN&amp;lan_id=pl-PL&amp;Page=19\" target=\"_blank\" rel=\"\">Zarezerwuj<\/a><\/div>\n<\/div>\n<\/div>\n<\/div>\n\n\n\n<div class=\"wp-block-columns is-layout-flex wp-container-core-columns-is-layout-9d6595d7 wp-block-columns-is-layout-flex\">\n<div class=\"wp-block-column is-layout-flow wp-block-column-is-layout-flow\">\n<figure class=\"wp-block-image size-large\"><a href=\"https:\/\/www.grandhotelhradec.cz\/pl\/pokoje\/deluxe-pokoj-dwuosobowy-z-tarasem-lub-balkonem\/\"><img loading=\"lazy\" decoding=\"async\" width=\"2000\" height=\"1335\" src=\"https:\/\/www.grandhotelhradec.cz\/wp-content\/uploads\/2025\/02\/Grand-Hotel-Hradec-Pec-pod-Snezkou-Deluxe-dvouluzkovy-pokoj-s-terasou-nebo-balkonem-01-2000x1335.jpg\" alt=\"Grand Hotel Hradec - Pec pod Sn\u011b\u017ekou - Pok\u00f3j dwuosobowy typu deluxe z tarasem lub balkonem 01\" class=\"wp-image-146\" srcset=\"https:\/\/www.grandhotelhradec.cz\/wp-content\/uploads\/2025\/02\/Grand-Hotel-Hradec-Pec-pod-Snezkou-Deluxe-dvouluzkovy-pokoj-s-terasou-nebo-balkonem-01-2000x1335.jpg 2000w, https:\/\/www.grandhotelhradec.cz\/wp-content\/uploads\/2025\/02\/Grand-Hotel-Hradec-Pec-pod-Snezkou-Deluxe-dvouluzkovy-pokoj-s-terasou-nebo-balkonem-01-600x401.jpg 600w\" sizes=\"auto, (max-width: 2000px) 100vw, 2000px\" \/><\/a><\/figure>\n\n\n\n<h2 class=\"wp-block-heading\"><a href=\"https:\/\/www.grandhotelhradec.cz\/pl\/pokoje\/deluxe-pokoj-dwuosobowy-z-tarasem-lub-balkonem\/\">Deluxe pok\u00f3j dwuosobowy z tarasem lub balkonem<\/a><\/h2>\n\n\n\n<p>Pokoje typu Deluxe z balkonem lub tarasem, o powierzchni 34 m2, to wyj\u0105tkowe po\u0142\u0105czenie nowoczesnego wzornictwa, elegancji, gustu, wygody i funkcjonalnej przestrzeni.<\/p>\n\n\n\n<div class=\"wp-block-buttons is-layout-flex wp-block-buttons-is-layout-flex\">\n<div class=\"wp-block-button rezervace\"><a class=\"wp-block-button__link wp-element-button\" href=\"https:\/\/grandhotelhradec.book-onlinenow.net\/index.aspx?cur=PLN&amp;lan_id=pl-PL&amp;Page=19\" target=\"_blank\" rel=\"\">Zarezerwuj<\/a><\/div>\n<\/div>\n<\/div>\n\n\n\n<div class=\"wp-block-column is-layout-flow wp-block-column-is-layout-flow\">\n<figure class=\"wp-block-image size-large\"><a href=\"https:\/\/www.grandhotelhradec.cz\/pl\/pokoje\/apartament-typu-junior-suite\/\"><img loading=\"lazy\" decoding=\"async\" width=\"2000\" height=\"1335\" src=\"https:\/\/www.grandhotelhradec.cz\/wp-content\/uploads\/2025\/02\/Grand-Hotel-Hradec-Pec-pod-Snezkou-junior-suite-02-2000x1335.jpg\" alt=\"Grand Hotel Hradec - Pec pod Sn\u011b\u017ekou - apartament typu junior suite 02\" class=\"wp-image-169\" srcset=\"https:\/\/www.grandhotelhradec.cz\/wp-content\/uploads\/2025\/02\/Grand-Hotel-Hradec-Pec-pod-Snezkou-junior-suite-02-2000x1335.jpg 2000w, https:\/\/www.grandhotelhradec.cz\/wp-content\/uploads\/2025\/02\/Grand-Hotel-Hradec-Pec-pod-Snezkou-junior-suite-02-600x401.jpg 600w\" sizes=\"auto, (max-width: 2000px) 100vw, 2000px\" \/><\/a><\/figure>\n\n\n\n<h2 class=\"wp-block-heading\"><a href=\"https:\/\/www.grandhotelhradec.cz\/pl\/pokoje\/apartament-typu-junior-suite\/\">Junior Suite<\/a><\/h2>\n\n\n\n<p>Pokoje typu Junior Suite o powierzchni 42 m2, to wyj\u0105tkowe po\u0142\u0105czenie nowoczesnego wzornictwa, elegancji, gustu, wygody i funkcjonalnej przestrzeni.<\/p>\n\n\n\n<div class=\"wp-block-buttons is-layout-flex wp-block-buttons-is-layout-flex\">\n<div class=\"wp-block-button rezervace\"><a class=\"wp-block-button__link wp-element-button\" href=\"https:\/\/grandhotelhradec.book-onlinenow.net\/index.aspx?cur=PLN&amp;lan_id=pl-PL&amp;Page=19\" target=\"_blank\" rel=\"\">Zarezerwuj<\/a><\/div>\n<\/div>\n<\/div>\n<\/div>\n\n\n\n<div class=\"wp-block-columns is-layout-flex wp-container-core-columns-is-layout-9d6595d7 wp-block-columns-is-layout-flex\">\n<div class=\"wp-block-column is-layout-flow wp-block-column-is-layout-flow\">\n<figure class=\"wp-block-image size-large\"><a href=\"https:\/\/www.grandhotelhradec.cz\/pl\/pokoje\/superior-suite-z-tarasem\/\"><img loading=\"lazy\" decoding=\"async\" width=\"2000\" height=\"1335\" src=\"https:\/\/www.grandhotelhradec.cz\/wp-content\/uploads\/2025\/02\/Grand-Hotel-Hradec-Pec-pod-Snezkou-Superior-suite-s-terasou-2000x1335.jpg\" alt=\"Grand Hotel Hradec - Pec pod Sn\u011b\u017ekou - Apartament typu superior z tarasem\" class=\"wp-image-574\" srcset=\"https:\/\/www.grandhotelhradec.cz\/wp-content\/uploads\/2025\/02\/Grand-Hotel-Hradec-Pec-pod-Snezkou-Superior-suite-s-terasou-2000x1335.jpg 2000w, https:\/\/www.grandhotelhradec.cz\/wp-content\/uploads\/2025\/02\/Grand-Hotel-Hradec-Pec-pod-Snezkou-Superior-suite-s-terasou-600x401.jpg 600w, https:\/\/www.grandhotelhradec.cz\/wp-content\/uploads\/2025\/02\/Grand-Hotel-Hradec-Pec-pod-Snezkou-Superior-suite-s-terasou-18x12.jpg 18w\" sizes=\"auto, (max-width: 2000px) 100vw, 2000px\" \/><\/a><\/figure>\n\n\n\n<h2 class=\"wp-block-heading\"><a href=\"https:\/\/www.grandhotelhradec.cz\/pl\/pokoje\/apartament-typu-junior-suite\/\"><\/a><a href=\"https:\/\/www.grandhotelhradec.cz\/pl\/pokoje\/superior-suite-z-tarasem\/\">Superior suite z tarasem<\/a><\/h2>\n\n\n\n<p>Stylowo urz\u0105dzone pokoje typu Superior Suite o powierzchni 60 m2 oferuj\u0105 wygod\u0119, ponadczasowo\u015b\u0107 i nowoczesne wzornictwo oraz balkon lub taras zewn\u0119trzny.<\/p>\n\n\n\n<div class=\"wp-block-buttons is-layout-flex wp-block-buttons-is-layout-flex\">\n<div class=\"wp-block-button rezervace\"><a class=\"wp-block-button__link wp-element-button\" href=\"https:\/\/grandhotelhradec.book-onlinenow.net\/index.aspx?cur=PLN&amp;lan_id=pl-PL&amp;Page=19\" target=\"_blank\" rel=\"\">Zarezerwuj<\/a><\/div>\n<\/div>\n<\/div>\n\n\n\n<div class=\"wp-block-column is-layout-flow wp-block-column-is-layout-flow\">\n<figure class=\"wp-block-image size-large\"><a href=\"https:\/\/www.grandhotelhradec.cz\/pl\/pokoje\/deluxe-pokoj-rodzinny\/\"><img loading=\"lazy\" decoding=\"async\" width=\"2000\" height=\"1335\" src=\"https:\/\/www.grandhotelhradec.cz\/wp-content\/uploads\/2025\/02\/Grand-Hotel-Hradec-Pec-pod-Snezkou-Rodinny-pokoj-Deluxe-01-2000x1335.webp\" alt=\"Grand Hotel Hradec - Pec pod Sn\u011b\u017ekou - Pok\u00f3j rodzinny typu deluxe 01\" class=\"wp-image-157\" srcset=\"https:\/\/www.grandhotelhradec.cz\/wp-content\/uploads\/2025\/02\/Grand-Hotel-Hradec-Pec-pod-Snezkou-Rodinny-pokoj-Deluxe-01-2000x1335.webp 2000w, https:\/\/www.grandhotelhradec.cz\/wp-content\/uploads\/2025\/02\/Grand-Hotel-Hradec-Pec-pod-Snezkou-Rodinny-pokoj-Deluxe-01-600x401.webp 600w\" sizes=\"auto, (max-width: 2000px) 100vw, 2000px\" \/><\/a><\/figure>\n\n\n\n<h2 class=\"wp-block-heading\"><a href=\"https:\/\/www.grandhotelhradec.cz\/pl\/pokoje\/apartament-typu-junior-suite\/\"><\/a><a href=\"https:\/\/www.grandhotelhradec.cz\/pl\/pokoje\/superior-suite-z-tarasem\/\"><\/a><a href=\"https:\/\/www.grandhotelhradec.cz\/pl\/pokoje\/deluxe-pokoj-rodzinny\/\">Deluxe pok\u00f3j rodzinny<\/a><\/h2>\n\n\n\n<p>Pokoje typu Deluxe Pok\u00f3j Rodzinny to wyj\u0105tkowe po\u0142\u0105czenie dw\u00f3ch stylowych pokoj\u00f3w o \u0142\u0105cznej powierzchni 68 m2. S\u0105 przeznaczone dla 4 do 5 os\u00f3b.<\/p>\n\n\n\n<div class=\"wp-block-buttons is-layout-flex wp-block-buttons-is-layout-flex\">\n<div class=\"wp-block-button rezervace\"><a class=\"wp-block-button__link wp-element-button\" href=\"https:\/\/grandhotelhradec.book-onlinenow.net\/index.aspx?cur=PLN&amp;lan_id=pl-PL&amp;Page=19\" target=\"_blank\" rel=\"\">Zarezerwuj<\/a><\/div>\n<\/div>\n<\/div>\n<\/div>\n\n\n\n<div class=\"wp-block-columns is-layout-flex wp-container-core-columns-is-layout-9d6595d7 wp-block-columns-is-layout-flex\">\n<div class=\"wp-block-column is-layout-flow wp-block-column-is-layout-flow\">\n<figure class=\"wp-block-image size-full\"><a href=\"https:\/\/www.grandhotelhradec.cz\/pl\/pokoje\/snezka-royal-penthouse\/\"><img loading=\"lazy\" decoding=\"async\" width=\"1366\" height=\"912\" src=\"https:\/\/www.grandhotelhradec.cz\/wp-content\/uploads\/2025\/02\/Snezka-Royal-Penthouse-Pec-pod-Snezkou-18.webp\" alt=\"\u015anie\u017cka Royal Penthouse - Pec pod \u015anie\u017ck\u0105 - 18\" class=\"wp-image-183\" srcset=\"https:\/\/www.grandhotelhradec.cz\/wp-content\/uploads\/2025\/02\/Snezka-Royal-Penthouse-Pec-pod-Snezkou-18.webp 1366w, https:\/\/www.grandhotelhradec.cz\/wp-content\/uploads\/2025\/02\/Snezka-Royal-Penthouse-Pec-pod-Snezkou-18-600x401.webp 600w\" sizes=\"auto, (max-width: 1366px) 100vw, 1366px\" \/><\/a><\/figure>\n\n\n\n<h2 class=\"wp-block-heading\"><a href=\"https:\/\/www.grandhotelhradec.cz\/pl\/pokoje\/apartament-typu-junior-suite\/\"><\/a><a href=\"https:\/\/www.grandhotelhradec.cz\/pl\/pokoje\/superior-suite-z-tarasem\/\"><\/a><a href=\"https:\/\/www.grandhotelhradec.cz\/pl\/pokoje\/deluxe-pokoj-rodzinny\/\"><\/a><a href=\"https:\/\/www.grandhotelhradec.cz\/pl\/pokoje\/snezka-royal-penthouse\/\">Sn\u011b\u017eka Royal Penthouse<\/a><\/h2>\n\n\n\n<p>\u015anie\u017cka Royal Penthouse to wn\u0119trze zupe\u0142nie wyj\u0105tkowe, imponuj\u0105ce, przesycone malowniczo\u015bci\u0105 g\u00f3r.  Dwukondygnacyjny Penthouse o powierzchni 155 m2 oferuje ponad standardowo wyposa\u017cone nowoczesne pokoje.<\/p>\n\n\n\n<div class=\"wp-block-buttons is-layout-flex wp-block-buttons-is-layout-flex\">\n<div class=\"wp-block-button rezervace\"><a class=\"wp-block-button__link wp-element-button\" href=\"https:\/\/grandhotelhradec.book-onlinenow.net\/index.aspx?cur=PLN&amp;lan_id=pl-PL&amp;Page=19\" target=\"_blank\" rel=\"\">Zarezerwuj<\/a><\/div>\n<\/div>\n<\/div>\n\n\n\n<div class=\"wp-block-column is-layout-flow wp-block-column-is-layout-flow\">\n<p><\/p>\n<\/div>\n<\/div>","protected":false},"excerpt":{"rendered":"<p>V&nbsp;Grand Hotelu Hradec&nbsp;pro V\u00e1s m\u00e1me p\u0159ichyst\u00e1no&nbsp;68 luxusn\u00edch pokoj\u016f, kter\u00e9 p\u0159edstavuj\u00ed jedine\u010dnou kombinaci vkusu, elegance, modernosti a pohodl\u00ed. Na\u0161i design\u00e9\u0159i si dali na v\u00fdb\u011bru n\u00e1bytku i ve\u0161ker\u00fdch dopl\u0148k\u016f velmi z\u00e1le\u017eet, nevynechali \u017e\u00e1dn\u00fd detail a neslevili z vysok\u00fdch n\u00e1rok\u016f na kvalitu materi\u00e1l\u016f a preciznost ve\u0161ker\u00e9ho proveden\u00ed. M\u016f\u017eete se tak t\u011b\u0161it na prostorn\u00e9 pokoje s&nbsp;dominantn\u011b p\u0159\u00edrodn\u00edmi prvky, jak\u00fdmi [&hellip;]<\/p>\n","protected":false},"author":1,"featured_media":181,"parent":0,"menu_order":0,"comment_status":"closed","ping_status":"closed","template":"","meta":{"footnotes":""},"class_list":["post-29","page","type-page","status-publish","has-post-thumbnail","hentry"],"_links":{"self":[{"href":"https:\/\/www.grandhotelhradec.cz\/pl\/wp-json\/wp\/v2\/pages\/29","targetHints":{"allow":["GET"]}}],"collection":[{"href":"https:\/\/www.grandhotelhradec.cz\/pl\/wp-json\/wp\/v2\/pages"}],"about":[{"href":"https:\/\/www.grandhotelhradec.cz\/pl\/wp-json\/wp\/v2\/types\/page"}],"author":[{"embeddable":true,"href":"https:\/\/www.grandhotelhradec.cz\/pl\/wp-json\/wp\/v2\/users\/1"}],"replies":[{"embeddable":true,"href":"https:\/\/www.grandhotelhradec.cz\/pl\/wp-json\/wp\/v2\/comments?post=29"}],"version-history":[{"count":1,"href":"https:\/\/www.grandhotelhradec.cz\/pl\/wp-json\/wp\/v2\/pages\/29\/revisions"}],"predecessor-version":[{"id":1047,"href":"https:\/\/www.grandhotelhradec.cz\/pl\/wp-json\/wp\/v2\/pages\/29\/revisions\/1047"}],"wp:featuredmedia":[{"embeddable":true,"href":"https:\/\/www.grandhotelhradec.cz\/pl\/wp-json\/wp\/v2\/media\/181"}],"wp:attachment":[{"href":"https:\/\/www.grandhotelhradec.cz\/pl\/wp-json\/wp\/v2\/media?parent=29"}],"curies":[{"name":"wp","href":"https:\/\/api.w.org\/{rel}","templated":true}]}}