{"id":285,"date":"2025-02-13T22:56:59","date_gmt":"2025-02-13T21:56:59","guid":{"rendered":"https:\/\/www.grandhotelhradec.cz\/?page_id=285"},"modified":"2026-04-12T22:16:55","modified_gmt":"2026-04-12T20:16:55","slug":"narciarstwo-zjazdowe","status":"publish","type":"page","link":"https:\/\/www.grandhotelhradec.cz\/pl\/odkryj-pec-pod-snezkou\/narciarstwo-zjazdowe\/","title":{"rendered":"O\u015brodek narciarski SkiResort \u010cern\u00e1 hora-Pec"},"content":{"rendered":"<p>\u015awietne trasy, idealny poranny sztruks i niezapomniane apr\u00e8s-ski. Narty w najwi\u0119kszym o\u015brodku narciarskim w Czechach. SkiResort \u010cern\u00e1 Hora \u2013 Pec sk\u0142ada si\u0119 z 6 po\u0142\u0105czonych ze sob\u0105 teren\u00f3w narciarskich. Tylko 1 karnet narciarski wystarczy na 50 km tras o r\u00f3\u017cnym stopniu trudno\u015bci i tras narciarskich. Ponadto znajduje si\u0119 tu najd\u0142u\u017cszy, dobrze o\u015bwietlony stok do wieczornej jazdy na nartach, freestyle park, snowtubing z zakr\u0119tami i wiele przygotowanych tras biegowych. Nie trzeba dodawa\u0107, \u017ce wysokiej jako\u015bci udogodnienia o\u015brodka obejmuj\u0105 szk\u00f3\u0142k\u0119 narciarsk\u0105, serwis, wypo\u017cyczalni\u0119 i szerok\u0105 gam\u0119 napoj\u00f3w.\u00a0 \u00a0\u00a0\u00a0<\/p>\n\n\n\n<p>Do terenu narciarskiego mo\u017cna dojecha\u0107 autobusem dla narciarzy GHH lub publicznym autobusem dla narciarzy.Autobus dla narciarzy GHH, zaparkowany obok sklepu hotelowego, kt\u00f3ry znajduje si\u0119 przy wyj\u015bciu z hotelowej przechowalni sprz\u0119tu narciarskiego, zawiezie Pa\u0144stwa do rejonu Javor. Zarezerwuj skibus w recepcji, gdzie mo\u017cesz r\u00f3wnie\u017c uzgodni\u0107 dok\u0142adny czas odjazdu. W drodze powrotnej ze stoku Javor autobus dla narciarzy zatrzymuje si\u0119 przy wypo\u017cyczalni nart SkiresortLive.Podczas zameldowania Go\u015bcie otrzymaj\u0105 kart\u0119 hotelow\u0105, kt\u00f3r\u0105 otrzymaj\u0105 w recepcji.Publiczny autobus dla narciarzy zatrzymuje si\u0119 przy Kapli\u010dce i kursuje co 30 minut od godziny 8:20.Odbudowuj\u0105 na zboczu Javor.<\/p>\n\n\n\n<ul class=\"wp-block-list\">\n<li class=\"translation-block\">Aktualne <strong>informacje o kolejkach linowych<\/strong> i stanie tras znajdziesz tutaj: <a href=\"https:\/\/www.skiresort.cz\/informace\/lanovky-a-vleky\/\" target=\"_blank\" rel=\"noreferrer noopener\">https:\/\/www.skiresort.cz\/informace\/lanovky-a-vleky<\/a><\/li>\n\n\n\n<li class=\"translation-block\"><strong>Informacje na temat transportu<\/strong> pomi\u0119dzy o\u015brodkami narciarskimi mo\u017cna znale\u017a\u0107 na stronie <a href=\"https:\/\/www.skiresort.cz\/sluzby\/skibus\/\" target=\"_blank\" rel=\"noreferrer noopener\">https:\/\/www.skiresort.cz\/sluzby\/skibus\/<\/a><\/li>\n\n\n\n<li class=\"translation-block\"><strong>Cenniki<\/strong> karnet\u00f3w narciarskich, informacje o szk\u00f3\u0142ce narciarskiej, wypo\u017cyczalni i serwisie znajdziesz na <a href=\"https:\/\/www.skiresort.cz\/cenik\/\" target=\"_blank\" rel=\"noreferrer noopener\">https:\/\/www.skiresort.cz\/cenik\/<\/a><\/li>\n<\/ul>\n\n\n\n<p><\/p>","protected":false},"excerpt":{"rendered":"<p>Skv\u011bl\u00e9 sjezdovky, dokonal\u00fd rann\u00ed man\u0161estr a nezapomenuteln\u00e9 apre ski. Zaly\u017eujte si v nejv\u011bt\u0161\u00edm ly\u017ea\u0159sk\u00e9m st\u0159edisku v \u010cesk\u00e9 republice. SkiResort \u010cern\u00e1 Hora &#8211; Pec tvo\u0159\u00ed 6 vz\u00e1jemn\u011b propojen\u00fdch ly\u017ea\u0159sk\u00fdch are\u00e1l\u016f. Na 50 km sjezdovek r\u016fzn\u00e9 n\u00e1ro\u010dnosti a ly\u017ea\u0159sk\u00fdch cest V\u00e1m posta\u010d\u00ed pouze 1 skipas. K dispozici je nav\u00edc nejdel\u0161\u00ed skv\u011ble osv\u011btlen\u00fd svah pro ve\u010dern\u00ed ly\u017eov\u00e1n\u00ed, freestyle [&hellip;]<\/p>","protected":false},"author":1,"featured_media":286,"parent":39,"menu_order":16,"comment_status":"closed","ping_status":"closed","template":"aktivity.php","meta":{"footnotes":""},"class_list":["post-285","page","type-page","status-publish","has-post-thumbnail","hentry"],"_links":{"self":[{"href":"https:\/\/www.grandhotelhradec.cz\/pl\/wp-json\/wp\/v2\/pages\/285","targetHints":{"allow":["GET"]}}],"collection":[{"href":"https:\/\/www.grandhotelhradec.cz\/pl\/wp-json\/wp\/v2\/pages"}],"about":[{"href":"https:\/\/www.grandhotelhradec.cz\/pl\/wp-json\/wp\/v2\/types\/page"}],"author":[{"embeddable":true,"href":"https:\/\/www.grandhotelhradec.cz\/pl\/wp-json\/wp\/v2\/users\/1"}],"replies":[{"embeddable":true,"href":"https:\/\/www.grandhotelhradec.cz\/pl\/wp-json\/wp\/v2\/comments?post=285"}],"version-history":[{"count":0,"href":"https:\/\/www.grandhotelhradec.cz\/pl\/wp-json\/wp\/v2\/pages\/285\/revisions"}],"up":[{"embeddable":true,"href":"https:\/\/www.grandhotelhradec.cz\/pl\/wp-json\/wp\/v2\/pages\/39"}],"wp:featuredmedia":[{"embeddable":true,"href":"https:\/\/www.grandhotelhradec.cz\/pl\/wp-json\/wp\/v2\/media\/286"}],"wp:attachment":[{"href":"https:\/\/www.grandhotelhradec.cz\/pl\/wp-json\/wp\/v2\/media?parent=285"}],"curies":[{"name":"wp","href":"https:\/\/api.w.org\/{rel}","templated":true}]}}