{"id":229,"date":"2025-02-12T19:47:51","date_gmt":"2025-02-12T18:47:51","guid":{"rendered":"https:\/\/www.grandhotelhradec.cz\/?page_id=229"},"modified":"2026-01-12T13:06:00","modified_gmt":"2026-01-12T12:06:00","slug":"bubbly-wellness","status":"publish","type":"page","link":"https:\/\/www.grandhotelhradec.cz\/pl\/wellness\/bubbly-wellness\/","title":{"rendered":"Bubbly Wellness"},"content":{"rendered":"<p>Witamy w Bubbly Wellness w sercu g\u00f3r w Pecu pod \u015anie\u017ck\u0105, gdzie natura \u0142\u0105czy si\u0119 z luksusem i komfortem. Nasze wellness to oaza spokoju, w kt\u00f3rej mo\u017cesz odda\u0107 si\u0119 zas\u0142u\u017conemu odpoczynkowi i regeneracji.<\/p>\n\n\n\n<p>Nasz pok\u00f3j relaksacyjny oferuje zapieraj\u0105cy dech w piersiach widok na malownicz\u0105 sceneri\u0119 g\u00f3rsk\u0105, kt\u00f3ra oczaruje Ci\u0119 o ka\u017cdej porze roku. Naturalny wystr\u00f3j wn\u0119trza tworzy harmonijn\u0105 atmosfer\u0119, kt\u00f3ra natychmiast przeniesie Ci\u0119 w stan dobrego samopoczucia i relaksu.<\/p>\n\n\n\n<p>Oferujemy szerok\u0105 gam\u0119 zabieg\u00f3w wellness i masa\u017cy, starannie zaprojektowanych, aby odpr\u0119\u017cy\u0107 Twoje cia\u0142o i umys\u0142. Nasze sauny, w tym fi\u0144ska i biosauna, zapewni\u0105 Ci wyj\u0105tkowe do\u015bwiadczenie, a du\u017cy jacuzzi i basen ch\u0142odz\u0105cy zagwarantuj\u0105 od\u015bwie\u017cenie po pracowitym, aktywnym dniu w g\u00f3rach.<\/p>\n\n\n\n<p>Przyjd\u017a i ciesz si\u0119 spokojem i cisz\u0105, relaksuj\u0105c si\u0119 na podgrzewanych le\u017cakach lub spaceruj\u0105c \u015bcie\u017ck\u0105 Kneippa, kt\u00f3ra ma dobroczynny wp\u0142yw na Twoje zdrowie. Nie zapomnij o naszej strefie ciszy, gdzie mo\u017cesz odpocz\u0105\u0107 z widokiem na otaczaj\u0105c\u0105 Ci\u0119 przyrod\u0119.<\/p>\n\n\n\n<p>Bubbly Wellness to miejsce, w kt\u00f3rym marzenia o idealnym relaksie staj\u0105 si\u0119 rzeczywisto\u015bci\u0105.<\/p>\n\n\n\n<p>Czekamy na Pa\u0144stwa wizyt\u0119!<\/p>\n\n\n\n<h2 class=\"wp-block-heading\">Godziny otwarcia i op\u0142ata za wst\u0119p Wellness <\/h2>\n\n\n\n<figure class=\"wp-block-table wcenik\"><table class=\"has-fixed-layout\"><tbody><tr><th class=\"has-text-align-center\" data-align=\"center\">&nbsp;<\/th><td colspan=\"2\">wej\u015bcie 90 minut<\/td><td colspan=\"2\">wej\u015bcie 90 minut<\/td><\/tr><tr><th class=\"has-text-align-center\" data-align=\"center\">Poniedzia\u0142ek - Czwartek<\/th><td>12:00 &#8211; 17:00<\/td><td>300 CZK \/ pers.<\/td><td>17:00 &#8211; 20:00<\/td><td>400 CZK \/ pers.<\/td><\/tr><tr><th class=\"has-text-align-center\" data-align=\"center\">Pi\u0105tek<\/th><td>12:00 &#8211; 17:00<\/td><td>300 CZK \/ pers.<\/td><td>17:00 &#8211; 22:00<\/td><td>400 CZK \/ pers.<\/td><\/tr><tr><th class=\"has-text-align-center\" data-align=\"center\">Sobota<\/th><td>11:00 &#8211; 17:00<\/td><td>300 CZK \/ pers.<\/td><td>17:00 &#8211; 22:00<\/td><td>400 CZK \/ pers.<\/td><\/tr><tr><th class=\"has-text-align-center\" data-align=\"center\">Niedziela<\/th><td>11:00 &#8211; 17:00<\/td><td>300 CZK \/ pers.<\/td><td>17:00 &#8211; 20:00<\/td><td>400 CZK \/ pers.<\/td><\/tr><tr><th class=\"has-text-align-center\" data-align=\"center\"><em>Publiczny<\/em><\/th><td colspan=\"4\">450 K\u010d \/ os<\/td><\/tr><\/tbody><\/table><\/figure>\n\n\n\n<h2 class=\"wp-block-heading\">Godziny otwarcia i op\u0142ata za wst\u0119p Prywatne wellness<\/h2>\n\n\n\n<figure class=\"wp-block-table wcenik\"><table class=\"has-fixed-layout\"><tbody><tr><th class=\"has-text-align-center\" data-align=\"center\">&nbsp;<\/th><td colspan=\"2\">wej\u015bcie 90 minut<\/td><\/tr><tr><th class=\"has-text-align-center\" data-align=\"center\">Poniedzia\u0142ek - Czwartek<\/th><td>12:00 &#8211; 20:00<\/td><td>2150 CZK \/ 2 pers.<\/td><\/tr><tr><th class=\"has-text-align-center\" data-align=\"center\">Pi\u0105tek<\/th><td>12:00 &#8211; 22:00<\/td><td>2150 CZK \/ 2 pers.<\/td><\/tr><tr><th class=\"has-text-align-center\" data-align=\"center\">Sobota<\/th><td>11:00 &#8211; 22:00<\/td><td>2150 CZK \/ 2 pers.<\/td><\/tr><tr><th class=\"has-text-align-center\" data-align=\"center\">Niedziela<\/th><td>11:00 &#8211; 20:00<\/td><td>2150 CZK \/ 2 pers.<\/td><\/tr><tr><th class=\"has-text-align-center\" data-align=\"center\">Ka\u017cda inna osoba<\/th><td colspan=\"2\">490 CZK<\/td><\/tr><\/tbody><\/table><\/figure>\n\n\n\n<p><em>Cennik obowi\u0105zuj\u0105cy od 5. 1. 202<\/em>5<\/p>\n\n\n\n<h2 class=\"wp-block-heading\">Zasady u\u017cytkowania<\/h2>\n\n\n\n<ul class=\"wp-block-list\">\n<li>Nasze centrum wellness dost\u0119pne jest dla go\u015bci hotelowych przez ca\u0142y sezon oraz dla publiczno\u015bci wy\u0142\u0105cznie po wcze\u015bniejszym uzgodnieniu.<\/li>\n\n\n\n<li>Go\u015bcie hotelowi: prosimy o wcze\u015bniejsz\u0105 rezerwacj\u0119 wej\u015b\u0107 do prywatnego wellness i masa\u017cy. Rezerwacje s\u0105 wi\u0105\u017c\u0105ce i pobierane automatycznie z konta hotelowego go\u015bcia.<\/li>\n\n\n\n<li>Publiczne: wej\u015bcie do centrum odnowy biologicznej mo\u017cliwe tylko po wcze\u015bniejszym uzgodnieniu.<\/li>\n<\/ul>\n\n\n\n<h2 class=\"wp-block-heading\">Wst\u0119p<\/h2>\n\n\n\n<p>Obejmuje dost\u0119p do miejsc publicznych: du\u017cej wanny z hydromasa\u017cem, sauny fi\u0144skiej i bio, basenu ch\u0142odz\u0105cego, chodnika Kneippa, podgrzewanych le\u017cak\u00f3w, pokoju relaksacyjnego.<\/p>\n\n\n\n<div class=\"wp-block-file\"><a id=\"wp-block-file--media-9d15a5bc-6556-4544-a7dc-17b61753ceb4\" href=\"https:\/\/www.grandhotelhradec.cz\/wp-content\/uploads\/2026\/01\/Bubbly-Wellness-Cenik-platny-od-05.01.2026.pdf\" target=\"_blank\" rel=\"noreferrer noopener\">Bubbly Wellness \u2013 Cennik wa\u017cny od 05.01.2026<\/a><a href=\"https:\/\/www.grandhotelhradec.cz\/wp-content\/uploads\/2026\/01\/Bubbly-Wellness-Cenik-platny-od-05.01.2026.pdf\" class=\"wp-block-file__button wp-element-button\" download aria-describedby=\"wp-block-file--media-9d15a5bc-6556-4544-a7dc-17b61753ceb4\">Pobiera\u0107<\/a><\/div>\n\n\n\n<ul class=\"wp-block-list\">\n<li>Dost\u0119p do centrum odnowy biologicznej jest zale\u017cny od jego przepustowo\u015bci.<\/li>\n\n\n\n<li>Zalecamy rezerwacj\u0119.<\/li>\n\n\n\n<li>Dzi\u0119kuj\u0119 za zrozumienie.<\/li>\n<\/ul>\n\n\n\n<h2 class=\"wp-block-heading\">Dzieci<\/h2>\n\n\n\n<ul class=\"wp-block-list\">\n<li>Dzieci do lat 15 mog\u0105 korzysta\u0107 z centrum odnowy biologicznej do godziny 17:00. Dzi\u0119kuj\u0119 za zrozumienie.<\/li>\n<\/ul>\n\n\n\n<h2 class=\"wp-block-heading\">Kontakt<\/h2>\n\n\n\n<p><a href=\"tel:+420490509509\">+420 490 509 509<\/a><br><a href=\"mailto:wellness@grandhotelhradec.cz\">wellness@grandhotelhradec.cz<\/a><\/p>","protected":false},"excerpt":{"rendered":"<p>V\u00edtejte v Bubbly Wellness v srdci hor v Peci pod Sn\u011b\u017ekou, kde se p\u0159\u00edroda snoub\u00ed s luxusem a pohodl\u00edm. Na\u0161e wellness je o\u00e1zou klidu, kde si m\u016f\u017eete dop\u0159\u00e1t zaslou\u017een\u00fd odpo\u010dinek a regeneraci. Z na\u0161\u00ed odpo\u010d\u00edv\u00e1rny se v\u00e1m naskytne \u00fachvatn\u00fd v\u00fdhled na malebn\u00e9 horsk\u00e9 scen\u00e9rie, kter\u00e9 v\u00e1s okouzl\u00ed b\u011bhem ka\u017ed\u00e9ho ro\u010dn\u00edho obdob\u00ed. P\u0159\u00edrodn\u00ed lad\u011bn\u00ed interi\u00e9ru vytv\u00e1\u0159\u00ed [&hellip;]<\/p>","protected":false},"author":1,"featured_media":231,"parent":35,"menu_order":0,"comment_status":"closed","ping_status":"closed","template":"","meta":{"footnotes":""},"class_list":["post-229","page","type-page","status-publish","has-post-thumbnail","hentry"],"_links":{"self":[{"href":"https:\/\/www.grandhotelhradec.cz\/pl\/wp-json\/wp\/v2\/pages\/229","targetHints":{"allow":["GET"]}}],"collection":[{"href":"https:\/\/www.grandhotelhradec.cz\/pl\/wp-json\/wp\/v2\/pages"}],"about":[{"href":"https:\/\/www.grandhotelhradec.cz\/pl\/wp-json\/wp\/v2\/types\/page"}],"author":[{"embeddable":true,"href":"https:\/\/www.grandhotelhradec.cz\/pl\/wp-json\/wp\/v2\/users\/1"}],"replies":[{"embeddable":true,"href":"https:\/\/www.grandhotelhradec.cz\/pl\/wp-json\/wp\/v2\/comments?post=229"}],"version-history":[{"count":17,"href":"https:\/\/www.grandhotelhradec.cz\/pl\/wp-json\/wp\/v2\/pages\/229\/revisions"}],"predecessor-version":[{"id":1090,"href":"https:\/\/www.grandhotelhradec.cz\/pl\/wp-json\/wp\/v2\/pages\/229\/revisions\/1090"}],"up":[{"embeddable":true,"href":"https:\/\/www.grandhotelhradec.cz\/pl\/wp-json\/wp\/v2\/pages\/35"}],"wp:featuredmedia":[{"embeddable":true,"href":"https:\/\/www.grandhotelhradec.cz\/pl\/wp-json\/wp\/v2\/media\/231"}],"wp:attachment":[{"href":"https:\/\/www.grandhotelhradec.cz\/pl\/wp-json\/wp\/v2\/media?parent=229"}],"curies":[{"name":"wp","href":"https:\/\/api.w.org\/{rel}","templated":true}]}}