{"id":159,"date":"2025-02-09T22:10:30","date_gmt":"2025-02-09T21:10:30","guid":{"rendered":"https:\/\/www.grandhotelhradec.cz\/?page_id=159"},"modified":"2025-03-23T22:22:07","modified_gmt":"2025-03-23T21:22:07","slug":"superior-suite-z-tarasem","status":"publish","type":"page","link":"https:\/\/www.grandhotelhradec.cz\/pl\/pokoje\/superior-suite-z-tarasem\/","title":{"rendered":"Superior suite z tarasem"},"content":{"rendered":"<p>Stylowo urz\u0105dzone pokoje typu Superior Suite o powierzchni 60 m2 oferuj\u0105 wygod\u0119, ponadczasowo\u015b\u0107 i nowoczesne wzornictwo oraz balkon lub taras zewn\u0119trzny. Na pok\u00f3j sk\u0142ada si\u0119 du\u017ca sypialnia a w niej wygodne \u0142\u00f3\u017cko podw\u00f3jne (z mo\u017cliwo\u015bci\u0105 oddzielenia \u0142\u00f3\u017cek), do sypialni przylega nowoczesny pok\u00f3j dzienny z wygodn\u0105 sof\u0105 rozk\u0142adan\u0105, gustownie urz\u0105dzona \u0142azienka i osobna toaleta. Ten typ pokoju jest przeznaczony dla 4 do 5 os\u00f3b. W pokoju znajduje si\u0119 r\u00f3wnie\u017c biurko oraz szafy z drewna d\u0119bowego i wydajna rekuperacja g\u00f3rskiego powietrza.<\/p>\n\n\n\n<div class=\"wp-block-group\"><div class=\"wp-block-group__inner-container is-layout-constrained wp-block-group-is-layout-constrained\">\n<h2 class=\"wp-block-heading\">Wyposa\u017cenie pokoju<\/h2>\n\n\n\n<ul class=\"wp-block-list\">\n<li>Bezp\u0142atne \u0142\u0105cze Wi-Fi wysokiej jako\u015bci<\/li>\n\n\n\n<li>Ekspres do kawy z ofert\u0105 kawy illy, czajnik elektryczny z ofert\u0105 herbat<\/li>\n\n\n\n<li>Mini bar<\/li>\n\n\n\n<li>Sejf<\/li>\n\n\n\n<li>Telefon<\/li>\n\n\n\n<li>Us\u0142uga budzenia \/ budzik<\/li>\n\n\n\n<li>Rekuperacja g\u00f3rskiego powietrza<\/li>\n\n\n\n<li>D\u0119bowe biurko i krzes\u0142o<\/li>\n\n\n\n<li>Szafa, stolik barowy i kawowy z drewna d\u0119bowego&nbsp;<\/li>\n\n\n\n<li>\u0141\u00f3\u017cko o rozmiarach King Size<\/li>\n\n\n\n<li>Zintegrowana suszarka na wilgotne rzeczy<\/li>\n\n\n\n<li>Smart TV z szerok\u0105 ofert\u0105 program\u00f3w, IPTV<\/li>\n\n\n\n<li>Napi\u0119cie elektryczne w pokoju po aktywacji kart\u0105 (jedno gniazdko dzia\u0142aj\u0105ce 24\/7)<\/li>\n\n\n\n<li>Dywany z we\u0142ny nowozelandzkiej<\/li>\n\n\n\n<li>Sofa rozk\u0142adana<\/li>\n\n\n\n<li>Podwy\u017cszona izolacja akustyczna<\/li>\n\n\n\n<li>Szafy d\u0119bowe<\/li>\n\n\n\n<li>Bielizna po\u015bcielowa (inny typ poduszki na \u017cyczenie)&nbsp;<\/li>\n\n\n\n<li>Pok\u00f3j dost\u0119pny wind\u0105<\/li>\n\n\n\n<li>Przyjazny niepe\u0142nosprawnym<\/li>\n\n\n\n<li>\u0141\u00f3\u017ceczko dzieci\u0119ce do dyspozycji na \u017cyczenie bez op\u0142aty (konieczna rezerwacja)<\/li>\n\n\n\n<li>Dost\u0119pno\u015b\u0107 wind\u0105<\/li>\n<\/ul>\n\n\n\n<h2 class=\"wp-block-heading\">W \u0142azience znajduje si\u0119<\/h2>\n\n\n\n<ul class=\"wp-block-list\">\n<li>Wanna lub prysznic<\/li>\n\n\n\n<li>Suszarka do w\u0142os\u00f3w<\/li>\n\n\n\n<li>Lusterko kosmetyczne powi\u0119kszaj\u0105ce<\/li>\n\n\n\n<li>Szlafroki i pantofle<\/li>\n\n\n\n<li>Przybory toaletowe<\/li>\n\n\n\n<li>R\u0119czniki<\/li>\n\n\n\n<li>Kosmetyki Olivia<\/li>\n\n\n\n<li>P\u0142ytki z kamienia naturalnego - kwarcyt<\/li>\n<\/ul>\n<\/div><\/div>\n\n\n\n<div style=\"height:50px\" aria-hidden=\"true\" class=\"wp-block-spacer\"><\/div>\n\n\n\n<div class=\"wp-block-buttons is-content-justification-center is-layout-flex wp-container-core-buttons-is-layout-16018d1d wp-block-buttons-is-layout-flex\">\n<div class=\"wp-block-button rezervace\"><a class=\"wp-block-button__link wp-element-button\" href=\"https:\/\/grandhotelhradec.book-onlinenow.net\/index.aspx?cur=CZK&amp;lan_id=cs-CZ&amp;Page=19&amp;promocode=GHH\" target=\"_blank\" rel=\"\">Zarezerwuj<\/a><\/div>\n<\/div>\n\n\n\n<div style=\"height:50px\" aria-hidden=\"true\" class=\"wp-block-spacer\"><\/div>\n\n\n\n<figure class=\"wp-block-gallery has-nested-images columns-default is-cropped wp-block-gallery-1 is-layout-flex wp-block-gallery-is-layout-flex\">\n<figure class=\"wp-block-image size-medium\"><a href=\"https:\/\/www.grandhotelhradec.cz\/wp-content\/uploads\/2025\/02\/Grand-Hotel-Hradec-Pec-pod-Snezkou-Superior-suite-s-terasou-01-scaled.webp\"><img loading=\"lazy\" decoding=\"async\" width=\"600\" height=\"401\" data-id=\"163\" src=\"https:\/\/www.grandhotelhradec.cz\/wp-content\/uploads\/2025\/02\/Grand-Hotel-Hradec-Pec-pod-Snezkou-Superior-suite-s-terasou-01-600x401.webp\" alt=\"\" class=\"wp-image-163\" srcset=\"https:\/\/www.grandhotelhradec.cz\/wp-content\/uploads\/2025\/02\/Grand-Hotel-Hradec-Pec-pod-Snezkou-Superior-suite-s-terasou-01-600x401.webp 600w, https:\/\/www.grandhotelhradec.cz\/wp-content\/uploads\/2025\/02\/Grand-Hotel-Hradec-Pec-pod-Snezkou-Superior-suite-s-terasou-01-2000x1335.webp 2000w\" sizes=\"auto, (max-width: 600px) 100vw, 600px\" \/><\/a><\/figure>\n\n\n\n<figure class=\"wp-block-image size-medium\"><a href=\"https:\/\/www.grandhotelhradec.cz\/wp-content\/uploads\/2025\/02\/Grand-Hotel-Hradec-Pec-pod-Snezkou-Superior-suite-s-terasou-02-scaled.webp\"><img loading=\"lazy\" decoding=\"async\" width=\"600\" height=\"401\" data-id=\"162\" src=\"https:\/\/www.grandhotelhradec.cz\/wp-content\/uploads\/2025\/02\/Grand-Hotel-Hradec-Pec-pod-Snezkou-Superior-suite-s-terasou-02-600x401.webp\" alt=\"Grand Hotel Hradec - Pec pod Sn\u011b\u017ekou - Superior apartament z tarasem 02\" class=\"wp-image-162\" srcset=\"https:\/\/www.grandhotelhradec.cz\/wp-content\/uploads\/2025\/02\/Grand-Hotel-Hradec-Pec-pod-Snezkou-Superior-suite-s-terasou-02-600x401.webp 600w, https:\/\/www.grandhotelhradec.cz\/wp-content\/uploads\/2025\/02\/Grand-Hotel-Hradec-Pec-pod-Snezkou-Superior-suite-s-terasou-02-2000x1335.webp 2000w\" sizes=\"auto, (max-width: 600px) 100vw, 600px\" \/><\/a><\/figure>\n\n\n\n<figure class=\"wp-block-image size-medium\"><a href=\"https:\/\/www.grandhotelhradec.cz\/wp-content\/uploads\/2025\/02\/Grand-Hotel-Hradec-Pec-pod-Snezkou-Superior-suite-s-terasou-04-scaled.webp\"><img loading=\"lazy\" decoding=\"async\" width=\"600\" height=\"401\" data-id=\"160\" src=\"https:\/\/www.grandhotelhradec.cz\/wp-content\/uploads\/2025\/02\/Grand-Hotel-Hradec-Pec-pod-Snezkou-Superior-suite-s-terasou-04-600x401.webp\" alt=\"Grand Hotel Hradec - Pec pod Sn\u011b\u017ekou - Superior apartament z tarasem 04\" class=\"wp-image-160\" srcset=\"https:\/\/www.grandhotelhradec.cz\/wp-content\/uploads\/2025\/02\/Grand-Hotel-Hradec-Pec-pod-Snezkou-Superior-suite-s-terasou-04-600x401.webp 600w, https:\/\/www.grandhotelhradec.cz\/wp-content\/uploads\/2025\/02\/Grand-Hotel-Hradec-Pec-pod-Snezkou-Superior-suite-s-terasou-04-2000x1335.webp 2000w\" sizes=\"auto, (max-width: 600px) 100vw, 600px\" \/><\/a><\/figure>\n<\/figure>\n\n\n\n<p><\/p>","protected":false},"excerpt":{"rendered":"<p>V designov\u011b za\u0159\u00edzen\u00fdch pokoj\u00edch typu Superior Suite o plo\u0161e 60 m2 V\u00e1s oslov\u00ed pohodl\u00ed, nad\u010dasovost, a modern\u00ed design spolu s venkovn\u00ed terasou \u010di balkonem. Sou\u010d\u00e1st\u00ed tohoto typu pokoje je prostorn\u00e1 lo\u017enice,&nbsp;kde se nach\u00e1z\u00ed pohodln\u00e9 dvoul\u016f\u017eko (kter\u00e9 je mo\u017en\u00e9 rozd\u011blit), k n\u00ed p\u0159il\u00e9h\u00e1 modern\u00ed ob\u00fdvac\u00ed pokoj s pohodlnou rozkl\u00e1dac\u00ed pohovkou, vkusn\u011b za\u0159\u00edzen\u00e1 koupelna a samostatn\u00e1 toaleta. [&hellip;]<\/p>","protected":false},"author":1,"featured_media":574,"parent":29,"menu_order":5,"comment_status":"closed","ping_status":"closed","template":"pokoj.php","meta":{"footnotes":""},"class_list":["post-159","page","type-page","status-publish","has-post-thumbnail","hentry"],"_links":{"self":[{"href":"https:\/\/www.grandhotelhradec.cz\/pl\/wp-json\/wp\/v2\/pages\/159","targetHints":{"allow":["GET"]}}],"collection":[{"href":"https:\/\/www.grandhotelhradec.cz\/pl\/wp-json\/wp\/v2\/pages"}],"about":[{"href":"https:\/\/www.grandhotelhradec.cz\/pl\/wp-json\/wp\/v2\/types\/page"}],"author":[{"embeddable":true,"href":"https:\/\/www.grandhotelhradec.cz\/pl\/wp-json\/wp\/v2\/users\/1"}],"replies":[{"embeddable":true,"href":"https:\/\/www.grandhotelhradec.cz\/pl\/wp-json\/wp\/v2\/comments?post=159"}],"version-history":[{"count":1,"href":"https:\/\/www.grandhotelhradec.cz\/pl\/wp-json\/wp\/v2\/pages\/159\/revisions"}],"predecessor-version":[{"id":723,"href":"https:\/\/www.grandhotelhradec.cz\/pl\/wp-json\/wp\/v2\/pages\/159\/revisions\/723"}],"up":[{"embeddable":true,"href":"https:\/\/www.grandhotelhradec.cz\/pl\/wp-json\/wp\/v2\/pages\/29"}],"wp:featuredmedia":[{"embeddable":true,"href":"https:\/\/www.grandhotelhradec.cz\/pl\/wp-json\/wp\/v2\/media\/574"}],"wp:attachment":[{"href":"https:\/\/www.grandhotelhradec.cz\/pl\/wp-json\/wp\/v2\/media?parent=159"}],"curies":[{"name":"wp","href":"https:\/\/api.w.org\/{rel}","templated":true}]}}