{"id":970,"date":"2025-10-23T23:26:53","date_gmt":"2025-10-23T21:26:53","guid":{"rendered":"https:\/\/www.grandhotelhradec.cz\/?page_id=970"},"modified":"2026-04-02T22:26:14","modified_gmt":"2026-04-02T20:26:14","slug":"special-flexible-seasonal-offer-with-a-3-course-dinner","status":"publish","type":"page","link":"https:\/\/www.grandhotelhradec.cz\/en\/special-offers\/special-flexible-seasonal-offer-with-a-3-course-dinner\/","title":{"rendered":"Special flexible seasonal offer with 3-course dinner"},"content":{"rendered":"<p><strong>Experience the Krkono\u0161e Mountains in style<\/strong>&nbsp;In the heart of Pec pod Sn\u011b\u017ekou, let our hotel's exceptional services pamper you. Experience a refined harmony of flavors in the magical setting of our designer restaurant, with a diverse selection of excellent beers and quality wines.&nbsp;<\/p>\n\n\n\n<p><strong>Special flexible seasonal offer with 3-course dinner<\/strong><\/p>\n\n\n\n<h3 class=\"wp-block-heading\">Benefits of booking<\/h3>\n\n\n\n<ul class=\"wp-block-list\">\n<li>Free Wi-Fi<\/li>\n\n\n\n<li>Buffet breakfast<\/li>\n\n\n\n<li><strong>Seasonal 3-course dinner included<\/strong><\/li>\n\n\n\n<li>Welcome drink upon arrival<\/li>\n\n\n\n<li>Water in the room upon arrival<\/li>\n\n\n\n<li>A gift for your children upon arrival<\/li>\n<\/ul>\n\n\n\n<p>Parking and wellness are not included in the price.<\/p>\n\n\n\n<h3 class=\"wp-block-heading\">Extra benefit<\/h3>\n\n\n\n<ul class=\"wp-block-list\">\n<li>a bottle of quality Prosecco on arrival for a direct booking purchased by 30.04.2026<\/li>\n\n\n\n<li>Upon arrival, it is possible to arrange wine pairing with dinner at the reception for 300 CZK per person<\/li>\n<\/ul>\n\n\n\n<p><\/p>\n\n\n\n<p><strong>Book your stay today and experience perfect relaxation at the Grand Hotel Hradec!<\/strong><\/p>\n\n\n\n<div class=\"wp-block-buttons is-layout-flex wp-block-buttons-is-layout-flex\">\n<div class=\"wp-block-button rezervace alt btnalt\"><a class=\"wp-block-button__link wp-element-button\" href=\"https:\/\/grandhotelhradec.book-onlinenow.net\/index.aspx?cur=USD&amp;lan_id=en-US&amp;Page=19\" target=\"_blank\" rel=\"\">Book now<\/a><\/div>\n<\/div>\n\n\n\n<p><\/p>\n\n\n\n<p>&nbsp;<\/p>\n\n\n\n<figure class=\"wp-block-image size-full\"><img loading=\"lazy\" decoding=\"async\" width=\"1920\" height=\"1080\" src=\"https:\/\/www.grandhotelhradec.cz\/wp-content\/uploads\/2025\/10\/Pokoj_GHH_I.jpg\" alt=\"\" class=\"wp-image-992\" srcset=\"https:\/\/www.grandhotelhradec.cz\/wp-content\/uploads\/2025\/10\/Pokoj_GHH_I.jpg 1920w, https:\/\/www.grandhotelhradec.cz\/wp-content\/uploads\/2025\/10\/Pokoj_GHH_I-600x338.jpg 600w, https:\/\/www.grandhotelhradec.cz\/wp-content\/uploads\/2025\/10\/Pokoj_GHH_I-18x10.jpg 18w\" sizes=\"auto, (max-width: 1920px) 100vw, 1920px\" \/><\/figure>\n\n\n\n<figure class=\"wp-block-image size-full\"><img loading=\"lazy\" decoding=\"async\" width=\"1920\" height=\"1080\" src=\"https:\/\/www.grandhotelhradec.cz\/wp-content\/uploads\/2025\/10\/Jidlo_GHH_I.jpg\" alt=\"\" class=\"wp-image-993\" srcset=\"https:\/\/www.grandhotelhradec.cz\/wp-content\/uploads\/2025\/10\/Jidlo_GHH_I.jpg 1920w, https:\/\/www.grandhotelhradec.cz\/wp-content\/uploads\/2025\/10\/Jidlo_GHH_I-600x338.jpg 600w, https:\/\/www.grandhotelhradec.cz\/wp-content\/uploads\/2025\/10\/Jidlo_GHH_I-18x10.jpg 18w\" sizes=\"auto, (max-width: 1920px) 100vw, 1920px\" \/><\/figure>","protected":false},"excerpt":{"rendered":"<p>Za\u017eijte Krkono\u0161e ve velk\u00e9m stylu&nbsp;v srdci Pece pod Sn\u011b\u017ekou a nechte se h\u00fd\u010dkat v\u00fdjime\u010dn\u00fdmi slu\u017ebami na\u0161eho hotelu. &nbsp;Poznejte&nbsp;vyt\u0159\u00edbenou harmonii chut\u00ed v&nbsp;kouzeln\u00e9m prost\u0159ed\u00ed na\u0161\u00ed designov\u00e9 restaurace a pestrou nab\u00eddkou v\u00fdte\u010dn\u00fdch piv a kvalitn\u00edch v\u00edn.&nbsp; Speci\u00e1ln\u00ed flexibiln\u00ed sezonn\u00ed nab\u00eddka s 3 &#8211; chodovou ve\u010de\u0159\u00ed V\u00fdhody rezervace Parkov\u00e1n\u00ed a wellness nejsou v cen\u011b. Extra benefit Rezervujte si sv\u016fj [&hellip;]<\/p>","protected":false},"author":1,"featured_media":971,"parent":41,"menu_order":0,"comment_status":"closed","ping_status":"closed","template":"","meta":{"footnotes":""},"class_list":["post-970","page","type-page","status-publish","has-post-thumbnail","hentry"],"_links":{"self":[{"href":"https:\/\/www.grandhotelhradec.cz\/en\/wp-json\/wp\/v2\/pages\/970","targetHints":{"allow":["GET"]}}],"collection":[{"href":"https:\/\/www.grandhotelhradec.cz\/en\/wp-json\/wp\/v2\/pages"}],"about":[{"href":"https:\/\/www.grandhotelhradec.cz\/en\/wp-json\/wp\/v2\/types\/page"}],"author":[{"embeddable":true,"href":"https:\/\/www.grandhotelhradec.cz\/en\/wp-json\/wp\/v2\/users\/1"}],"replies":[{"embeddable":true,"href":"https:\/\/www.grandhotelhradec.cz\/en\/wp-json\/wp\/v2\/comments?post=970"}],"version-history":[{"count":14,"href":"https:\/\/www.grandhotelhradec.cz\/en\/wp-json\/wp\/v2\/pages\/970\/revisions"}],"predecessor-version":[{"id":1181,"href":"https:\/\/www.grandhotelhradec.cz\/en\/wp-json\/wp\/v2\/pages\/970\/revisions\/1181"}],"up":[{"embeddable":true,"href":"https:\/\/www.grandhotelhradec.cz\/en\/wp-json\/wp\/v2\/pages\/41"}],"wp:featuredmedia":[{"embeddable":true,"href":"https:\/\/www.grandhotelhradec.cz\/en\/wp-json\/wp\/v2\/media\/971"}],"wp:attachment":[{"href":"https:\/\/www.grandhotelhradec.cz\/en\/wp-json\/wp\/v2\/media?parent=970"}],"curies":[{"name":"wp","href":"https:\/\/api.w.org\/{rel}","templated":true}]}}