{"id":890,"date":"2025-09-09T22:40:39","date_gmt":"2025-09-09T20:40:39","guid":{"rendered":"https:\/\/www.grandhotelhradec.cz\/?page_id=890"},"modified":"2025-10-14T22:55:16","modified_gmt":"2025-10-14T20:55:16","slug":"exceptional-christmas-party-in-the-mountains","status":"publish","type":"page","link":"https:\/\/www.grandhotelhradec.cz\/en\/exceptional-christmas-party-in-the-mountains\/","title":{"rendered":"An exceptional Christmas party in December and a stress-free New Year's gathering in January - in the mountains"},"content":{"rendered":"<h2 class=\"wp-block-heading\"><strong>Style, snow, and the views your team deserves.<\/strong><\/h2>\n\n\n\n<p>The Christmas and New Year's holidays are approaching \u2013 treat your team, business partners, or clients to an exceptional experience in the setting of snow-capped mountains and pure Krkono\u0161e air.<\/p>\n\n\n\n<p>For many, the Christmas party is one of the most important moments of the entire year. Therefore, it is essential,&nbsp;<strong>where<\/strong>&nbsp;is taking place.<br><strong>Grand Hotel Hradec<\/strong>, a modern, sculpted building designed by leading Czech architects, offers the best.<br>It is&nbsp;<strong>The only hotel in the location providing exclusive services to a 4\u2605+ standard<\/strong>, where elegance, comfort, and the authentic atmosphere of the Krkono\u0161e Mountains meet.<\/p>\n\n\n\n<h2 class=\"wp-block-heading\"><strong>An unconventional pre-Christmas experience full of fun, atmosphere, and good cheer<\/strong><\/h2>\n\n\n\n<ul class=\"wp-block-list\">\n<li><strong>Christmas-themed buffet<\/strong>&nbsp;of&nbsp;<strong>990 CZK \/ person<\/strong><\/li>\n\n\n\n<li><strong>Beverage packages<\/strong>&nbsp;of&nbsp;<strong>350 CZK per person<\/strong><\/li>\n\n\n\n<li><strong>Wine or rum tasting<\/strong><\/li>\n\n\n\n<li><strong>Hall and equipment rental<\/strong><\/li>\n\n\n\n<li><strong>Tailor-made teambuilding activities in the heart of the Giant Mountains<\/strong><\/li>\n\n\n\n<li><strong>Flexible offer<\/strong>&nbsp;\u2013 we will adapt everything to groups of any size<\/li>\n<\/ul>\n\n\n\n<h2 class=\"wp-block-heading\"><strong>&nbsp;Why the Grand Hotel Hradec?<\/strong><\/h2>\n\n\n\n<ul class=\"wp-block-list\">\n<li><strong>Unique location in the heart of the Giant Mountains<\/strong>, under the majestic&nbsp;<strong>Snowy<\/strong>, with charming views of the winter landscape.<\/li>\n\n\n\n<li><strong>Stylish spaces for a corporate party<\/strong>&nbsp;\u2013 from intimate lounges to an impressive restaurant and bar.<\/li>\n\n\n\n<li><strong>Top-level gastronomy<\/strong>, which will delight any gourmet.<\/li>\n\n\n\n<li><strong>Wellness and relaxation zone<\/strong>&nbsp;\u2013 the ideal place to relax after a celebration or a day of skiing.<\/li>\n\n\n\n<li><strong>Possibility of winter activities<\/strong>&nbsp;\u2013 from skiing and ski touring to romantic walks through the snowy landscape.<\/li>\n\n\n\n<li><strong>Professional team<\/strong>, who will take care of every detail of your event, making it carefree and unforgettable.<\/li>\n<\/ul>\n\n\n\n<p>We will prepare everything for you to your specifications, please contact us: <a href=\"mailto:sales@grandhotelhradec.cz\">sales@grandhotelhradec.cz<\/a> | <a href=\"tel:420720955325\">+420 720 955 325<\/a><br><\/p>\n\n\n\n<p><\/p>\n\n\n\n<figure class=\"wp-block-image alignwide size-full\"><img loading=\"lazy\" decoding=\"async\" width=\"1920\" height=\"1229\" src=\"https:\/\/www.grandhotelhradec.cz\/wp-content\/uploads\/2025\/10\/Vanoce_2025.jpg\" alt=\"\" class=\"wp-image-956\" srcset=\"https:\/\/www.grandhotelhradec.cz\/wp-content\/uploads\/2025\/10\/Vanoce_2025.jpg 1920w, https:\/\/www.grandhotelhradec.cz\/wp-content\/uploads\/2025\/10\/Vanoce_2025-600x384.jpg 600w, https:\/\/www.grandhotelhradec.cz\/wp-content\/uploads\/2025\/10\/Vanoce_2025-18x12.jpg 18w\" sizes=\"auto, (max-width: 1920px) 100vw, 1920px\" \/><\/figure>","protected":false},"excerpt":{"rendered":"<p>Styl, sn\u00edh a v\u00fdhledy, kter\u00e9 si v\u00e1\u0161 t\u00fdm zaslou\u017e\u00ed. \u010cas V\u00e1noc i novoro\u010dn\u00edch oslav se bl\u00ed\u017e\u00ed \u2014 dop\u0159ejte sv\u00e9mu t\u00fdmu, obchodn\u00edm partner\u016fm \u010di klient\u016fm v\u00fdjime\u010dn\u00fd z\u00e1\u017eitek v prost\u0159ed\u00ed zasn\u011b\u017een\u00fdch hor a \u010dist\u00e9ho krkono\u0161sk\u00e9ho vzduchu. Pro mnoh\u00e9 je v\u00e1no\u010dn\u00ed ve\u010d\u00edrek jedn\u00edm z nejd\u016fle\u017eit\u011bj\u0161\u00edch moment\u016f cel\u00e9ho roku. Proto je z\u00e1sadn\u00ed,&nbsp;kde&nbsp;se kon\u00e1.Grand Hotel Hradec, modern\u00ed \u010dlenit\u00e1 stavba navr\u017een\u00e1 [&hellip;]<\/p>","protected":false},"author":1,"featured_media":960,"parent":0,"menu_order":0,"comment_status":"closed","ping_status":"closed","template":"","meta":{"footnotes":""},"class_list":["post-890","page","type-page","status-publish","has-post-thumbnail","hentry"],"_links":{"self":[{"href":"https:\/\/www.grandhotelhradec.cz\/en\/wp-json\/wp\/v2\/pages\/890","targetHints":{"allow":["GET"]}}],"collection":[{"href":"https:\/\/www.grandhotelhradec.cz\/en\/wp-json\/wp\/v2\/pages"}],"about":[{"href":"https:\/\/www.grandhotelhradec.cz\/en\/wp-json\/wp\/v2\/types\/page"}],"author":[{"embeddable":true,"href":"https:\/\/www.grandhotelhradec.cz\/en\/wp-json\/wp\/v2\/users\/1"}],"replies":[{"embeddable":true,"href":"https:\/\/www.grandhotelhradec.cz\/en\/wp-json\/wp\/v2\/comments?post=890"}],"version-history":[{"count":8,"href":"https:\/\/www.grandhotelhradec.cz\/en\/wp-json\/wp\/v2\/pages\/890\/revisions"}],"predecessor-version":[{"id":966,"href":"https:\/\/www.grandhotelhradec.cz\/en\/wp-json\/wp\/v2\/pages\/890\/revisions\/966"}],"wp:featuredmedia":[{"embeddable":true,"href":"https:\/\/www.grandhotelhradec.cz\/en\/wp-json\/wp\/v2\/media\/960"}],"wp:attachment":[{"href":"https:\/\/www.grandhotelhradec.cz\/en\/wp-json\/wp\/v2\/media?parent=890"}],"curies":[{"name":"wp","href":"https:\/\/api.w.org\/{rel}","templated":true}]}}