{"id":413,"date":"2025-02-16T22:33:46","date_gmt":"2025-02-16T21:33:46","guid":{"rendered":"https:\/\/www.grandhotelhradec.cz\/?page_id=413"},"modified":"2025-02-16T22:33:46","modified_gmt":"2025-02-16T21:33:46","slug":"wellness-receptionist","status":"publish","type":"page","link":"https:\/\/www.grandhotelhradec.cz\/en\/career\/wellness-receptionist\/","title":{"rendered":"Wellness receptionist"},"content":{"rendered":"<p>The Wellness team of our hotel in Pec pod Sn\u011b\u017ekou is looking for a professional who will take care of wellness and make our guests' vacation experience more enjoyable.<\/p>\n\n\n\n<h2 class=\"wp-block-heading\">Job description<\/h2>\n\n\n\n<ul class=\"wp-block-list\">\n<li>Hotel wellness service (public and private wellness)<\/li>\n\n\n\n<li>Working with reservation software<\/li>\n\n\n\n<li>Addressing guests' extraordinary needs and requests<\/li>\n\n\n\n<li>Willingness to cooperate with other team members and create a friendly workplace environment<\/li>\n<\/ul>\n\n\n\n<h2 class=\"wp-block-heading\">We require<\/h2>\n\n\n\n<ul class=\"wp-block-list\">\n<li>Excellent communication skills and customer orientation<\/li>\n\n\n\n<li>Organizational skills, professional demeanor<\/li>\n\n\n\n<li>User knowledge of working on a PC<\/li>\n\n\n\n<li>Knowledge of English, both spoken and written, is an advantage<\/li>\n\n\n\n<li>Loyalty, reliability and flexibility<\/li>\n<\/ul>\n\n\n\n<h2 class=\"wp-block-heading\">We offer<\/h2>\n\n\n\n<ul class=\"wp-block-list\">\n<li>Interesting work in a wellness hotel environment<\/li>\n\n\n\n<li>Basic salary, plus incentive component<\/li>\n\n\n\n<li>Surcharge for staff meals<\/li>\n\n\n\n<li>Pension insurance supplement after 1 year with the company<\/li>\n\n\n\n<li>2x a year team building<\/li>\n\n\n\n<li>Birthday present<\/li>\n\n\n\n<li>Possibility of employee accommodation<\/li>\n\n\n\n<li>We support further education in the field<\/li>\n\n\n\n<li>Permanent contract after probationary period<\/li>\n\n\n\n<li>Employee award in sister facilities<\/li>\n<\/ul>\n\n\n\n<p><strong>Is this exactly what you are looking for? You are our person! Do not hesitate to contact us! Write to us at wellnessmgr@grandhotelhradec.cz, we will contact you immediately.<\/strong><\/p>\n\n\n\n<p>We look forward to seeing you!<\/p>\n\n\n\n<figure class=\"wp-block-embed is-type-video is-provider-youtube wp-block-embed-youtube wp-embed-aspect-16-9 wp-has-aspect-ratio\"><div class=\"wp-block-embed__wrapper\">\n<iframe loading=\"lazy\" title=\"Wellness Receptionist for Grand Hotel Hradec 4****+\" width=\"1180\" height=\"664\" src=\"https:\/\/www.youtube.com\/embed\/R7aYjcNXq5Y?feature=oembed\" frameborder=\"0\" allow=\"accelerometer; autoplay; clipboard-write; encrypted-media; gyroscope; picture-in-picture; web-share\" referrerpolicy=\"strict-origin-when-cross-origin\" allowfullscreen><\/iframe>\n<\/div><\/figure>","protected":false},"excerpt":{"rendered":"<p>Wellness T\u00fdm na\u0161eho hotelu v Peci pod Sn\u011b\u017ekou hled\u00e1 prof\u00edka, kter\u00fd se bude starat o wellnessu a zp\u0159\u00edjemn\u00ed tak na\u0161im host\u016fm z\u00e1\u017eitek z dovolen\u00e9. N\u00e1pl\u0148 pr\u00e1ce Po\u017eadujeme Nab\u00edz\u00edme Je tohle pr\u00e1v\u011b to, co hled\u00e1te? Jste n\u00e1\u0161 \u010dlov\u011bk! Nev\u00e1hejte a ozv\u011bte se n\u00e1m! Napi\u0161te n\u00e1m na email wellnessmgr@grandhotelhradec.cz, obratem se V\u00e1m ozveme. T\u011b\u0161\u00edme se na V\u00e1s!<\/p>","protected":false},"author":1,"featured_media":414,"parent":49,"menu_order":0,"comment_status":"closed","ping_status":"closed","template":"","meta":{"footnotes":""},"class_list":["post-413","page","type-page","status-publish","has-post-thumbnail","hentry"],"_links":{"self":[{"href":"https:\/\/www.grandhotelhradec.cz\/en\/wp-json\/wp\/v2\/pages\/413","targetHints":{"allow":["GET"]}}],"collection":[{"href":"https:\/\/www.grandhotelhradec.cz\/en\/wp-json\/wp\/v2\/pages"}],"about":[{"href":"https:\/\/www.grandhotelhradec.cz\/en\/wp-json\/wp\/v2\/types\/page"}],"author":[{"embeddable":true,"href":"https:\/\/www.grandhotelhradec.cz\/en\/wp-json\/wp\/v2\/users\/1"}],"replies":[{"embeddable":true,"href":"https:\/\/www.grandhotelhradec.cz\/en\/wp-json\/wp\/v2\/comments?post=413"}],"version-history":[{"count":0,"href":"https:\/\/www.grandhotelhradec.cz\/en\/wp-json\/wp\/v2\/pages\/413\/revisions"}],"up":[{"embeddable":true,"href":"https:\/\/www.grandhotelhradec.cz\/en\/wp-json\/wp\/v2\/pages\/49"}],"wp:featuredmedia":[{"embeddable":true,"href":"https:\/\/www.grandhotelhradec.cz\/en\/wp-json\/wp\/v2\/media\/414"}],"wp:attachment":[{"href":"https:\/\/www.grandhotelhradec.cz\/en\/wp-json\/wp\/v2\/media?parent=413"}],"curies":[{"name":"wp","href":"https:\/\/api.w.org\/{rel}","templated":true}]}}