{"id":409,"date":"2025-02-16T22:32:37","date_gmt":"2025-02-16T21:32:37","guid":{"rendered":"https:\/\/www.grandhotelhradec.cz\/?page_id=409"},"modified":"2025-02-16T22:32:37","modified_gmt":"2025-02-16T21:32:37","slug":"porter-bellboy","status":"publish","type":"page","link":"https:\/\/www.grandhotelhradec.cz\/en\/career\/porter-bellboy\/","title":{"rendered":"Porter \/ Baggage Handler"},"content":{"rendered":"<p>For the newly opened Grand Hotel Hradec 4****Superior (68 rooms) in Pec pod Sn\u011b\u017ekou we are looking for a suitable candidate for the position of Porter\/Bagman. Come and build something completely new, unique, exceptional with us!<\/p>\n\n\n\n<h2 class=\"wp-block-heading\">Job description<\/h2>\n\n\n\n<ul class=\"wp-block-list\">\n<li>Management, organization and coordination of welcoming guests<\/li>\n\n\n\n<li>Fleet organization (50 parking spaces)<\/li>\n\n\n\n<li>Security\/small errands<\/li>\n\n\n\n<li>Assistance to the reception and technician<\/li>\n<\/ul>\n\n\n\n<h2 class=\"wp-block-heading\">We require<\/h2>\n\n\n\n<ul class=\"wp-block-list\">\n<li>Driving license category B<\/li>\n\n\n\n<li>Decent behavior and team spirit<\/li>\n\n\n\n<li>A solid, responsible approach<\/li>\n\n\n\n<li>Languages \u200b\u200ban advantage<\/li>\n<\/ul>\n\n\n\n<h2 class=\"wp-block-heading\">We offer<\/h2>\n\n\n\n<ul class=\"wp-block-list\">\n<li>Working in a newly opened hotel<\/li>\n\n\n\n<li>Working in one of the best hotels in the Krkono\u0161e Mountains<\/li>\n\n\n\n<li>Nowoczesne podej\u015bcie do pracownik\u00f3w<\/li>\n\n\n\n<li>Serious approach and actions<\/li>\n\n\n\n<li>Motivational evaluation<\/li>\n<\/ul>\n\n\n\n<p><strong>Is this exactly what you are looking for? You are our person! Do not hesitate to contact us! Write to us at info@grandhotelhradec.cz, we will get back to you immediately.<\/strong><\/p>\n\n\n\n<p>We look forward to seeing you!<\/p>\n\n\n\n<figure class=\"wp-block-embed is-type-video is-provider-youtube wp-block-embed-youtube wp-embed-aspect-16-9 wp-has-aspect-ratio\"><div class=\"wp-block-embed__wrapper\">\n<iframe loading=\"lazy\" title=\"Porter\/Bellhop for Grand Hotel Hradec 4****+\" width=\"1180\" height=\"664\" src=\"https:\/\/www.youtube.com\/embed\/pRrlvr5_FOU?feature=oembed\" frameborder=\"0\" allow=\"accelerometer; autoplay; clipboard-write; encrypted-media; gyroscope; picture-in-picture; web-share\" referrerpolicy=\"strict-origin-when-cross-origin\" allowfullscreen><\/iframe>\n<\/div><\/figure>","protected":false},"excerpt":{"rendered":"<p>Pro nov\u011b otev\u0159en\u00fd Grand Hotel Hradec 4****Superior (68 pokoj\u016f) v Peci pod Sn\u011b\u017ekou hled\u00e1me vhodn\u00e9ho kandid\u00e1ta na pozici Port\u00fdr\/Baga\u017eista. Poj\u010fte s n\u00e1mi budovat n\u011bco zcela nov\u00e9ho, jedine\u010dn\u00e9ho, v\u00fdjime\u010dn\u00e9ho! N\u00e1pl\u0148 pr\u00e1ce Po\u017eadujeme Nab\u00edz\u00edme Je tohle pr\u00e1v\u011b to, co hled\u00e1te? Jste n\u00e1\u0161 \u010dlov\u011bk! Nev\u00e1hejte a ozv\u011bte se n\u00e1m! Napi\u0161te n\u00e1m na email info@grandhotelhradec.cz, obratem se V\u00e1m ozveme. [&hellip;]<\/p>","protected":false},"author":1,"featured_media":411,"parent":49,"menu_order":0,"comment_status":"closed","ping_status":"closed","template":"","meta":{"footnotes":""},"class_list":["post-409","page","type-page","status-publish","has-post-thumbnail","hentry"],"_links":{"self":[{"href":"https:\/\/www.grandhotelhradec.cz\/en\/wp-json\/wp\/v2\/pages\/409","targetHints":{"allow":["GET"]}}],"collection":[{"href":"https:\/\/www.grandhotelhradec.cz\/en\/wp-json\/wp\/v2\/pages"}],"about":[{"href":"https:\/\/www.grandhotelhradec.cz\/en\/wp-json\/wp\/v2\/types\/page"}],"author":[{"embeddable":true,"href":"https:\/\/www.grandhotelhradec.cz\/en\/wp-json\/wp\/v2\/users\/1"}],"replies":[{"embeddable":true,"href":"https:\/\/www.grandhotelhradec.cz\/en\/wp-json\/wp\/v2\/comments?post=409"}],"version-history":[{"count":0,"href":"https:\/\/www.grandhotelhradec.cz\/en\/wp-json\/wp\/v2\/pages\/409\/revisions"}],"up":[{"embeddable":true,"href":"https:\/\/www.grandhotelhradec.cz\/en\/wp-json\/wp\/v2\/pages\/49"}],"wp:featuredmedia":[{"embeddable":true,"href":"https:\/\/www.grandhotelhradec.cz\/en\/wp-json\/wp\/v2\/media\/411"}],"wp:attachment":[{"href":"https:\/\/www.grandhotelhradec.cz\/en\/wp-json\/wp\/v2\/media?parent=409"}],"curies":[{"name":"wp","href":"https:\/\/api.w.org\/{rel}","templated":true}]}}