{"id":406,"date":"2025-02-16T22:30:46","date_gmt":"2025-02-16T21:30:46","guid":{"rendered":"https:\/\/www.grandhotelhradec.cz\/?page_id=406"},"modified":"2025-02-16T22:30:46","modified_gmt":"2025-02-16T21:30:46","slug":"cook","status":"publish","type":"page","link":"https:\/\/www.grandhotelhradec.cz\/en\/career\/cook\/","title":{"rendered":"Cook"},"content":{"rendered":"<p>The restaurant team in Pec pod Sn\u011b\u017ekou and Jansk\u00e9 L\u00e1zn\u011b is looking for a new great colleague. If you are as passionate about gastronomy as we are, we are looking for you.<\/p>\n\n\n\n<h2 class=\"wp-block-heading\">Job description<\/h2>\n\n\n\n<ul class=\"wp-block-list\">\n<li>Cook cook cook<\/li>\n\n\n\n<li>Creative work in hotel operations from restaurants to banquets<\/li>\n\n\n\n<li>Compliance with HACCP standards<\/li>\n\n\n\n<li>To be a communicative, flexible and reliable partner who we can rely on at any time<\/li>\n<\/ul>\n\n\n\n<h2 class=\"wp-block-heading\">We require<\/h2>\n\n\n\n<ul class=\"wp-block-list\">\n<li>Previous experience in the kitchen is welcome<\/li>\n\n\n\n<li>Independent and creative thinking<\/li>\n\n\n\n<li>Creativity and team spirit<\/li>\n\n\n\n<li>The desire to improve and advance your culinary art<\/li>\n<\/ul>\n\n\n\n<h2 class=\"wp-block-heading\">We offer<\/h2>\n\n\n\n<ul class=\"wp-block-list\">\n<li>Friendly team<\/li>\n\n\n\n<li>Permanent contract<\/li>\n\n\n\n<li>Fair financial evaluation<\/li>\n\n\n\n<li>Possibility of accommodation in the location<\/li>\n\n\n\n<li>After a year, pension insurance contribution<\/li>\n\n\n\n<li>Employee meals and unlimited good and strong coffee<\/li>\n\n\n\n<li>Birthday present<\/li>\n\n\n\n<li>Discounts on F&amp;B<\/li>\n<\/ul>\n\n\n\n<p><strong>Is this exactly what you are looking for? You are our person! Do not hesitate to contact us! Write to us at info@grandhotelhradec.cz, we will get back to you immediately.<\/strong><\/p>\n\n\n\n<p>We look forward to seeing you!<\/p>\n\n\n\n<figure class=\"wp-block-embed is-type-video is-provider-youtube wp-block-embed-youtube wp-embed-aspect-16-9 wp-has-aspect-ratio\"><div class=\"wp-block-embed__wrapper\">\n<iframe loading=\"lazy\" title=\"Cook at Grand Hotel Hradec 4****+\" width=\"1180\" height=\"664\" src=\"https:\/\/www.youtube.com\/embed\/-l1OmS1snWE?feature=oembed\" frameborder=\"0\" allow=\"accelerometer; autoplay; clipboard-write; encrypted-media; gyroscope; picture-in-picture; web-share\" referrerpolicy=\"strict-origin-when-cross-origin\" allowfullscreen><\/iframe>\n<\/div><\/figure>","protected":false},"excerpt":{"rendered":"<p>T\u00fdm restaurace v Peci pod Sn\u011b\u017ekou a Jansk\u00fdch L\u00e1zn\u00edch, hled\u00e1 nov\u00e9ho fajn kolegu. Pokud jste stejn\u011b zap\u00e1len\u00fd do gastronomie, jako my, hled\u00e1me pr\u00e1v\u011b V\u00e1s. N\u00e1pl\u0148 pr\u00e1ce Po\u017eadujeme Nab\u00edz\u00edme Je tohle pr\u00e1v\u011b to, co hled\u00e1te? Jste n\u00e1\u0161 \u010dlov\u011bk! Nev\u00e1hejte a ozv\u011bte se n\u00e1m! Napi\u0161te n\u00e1m na email info@grandhotelhradec.cz, obratem se V\u00e1m ozveme. T\u011b\u0161\u00edme se na V\u00e1s!<\/p>","protected":false},"author":1,"featured_media":407,"parent":49,"menu_order":0,"comment_status":"closed","ping_status":"closed","template":"","meta":{"footnotes":""},"class_list":["post-406","page","type-page","status-publish","has-post-thumbnail","hentry"],"_links":{"self":[{"href":"https:\/\/www.grandhotelhradec.cz\/en\/wp-json\/wp\/v2\/pages\/406","targetHints":{"allow":["GET"]}}],"collection":[{"href":"https:\/\/www.grandhotelhradec.cz\/en\/wp-json\/wp\/v2\/pages"}],"about":[{"href":"https:\/\/www.grandhotelhradec.cz\/en\/wp-json\/wp\/v2\/types\/page"}],"author":[{"embeddable":true,"href":"https:\/\/www.grandhotelhradec.cz\/en\/wp-json\/wp\/v2\/users\/1"}],"replies":[{"embeddable":true,"href":"https:\/\/www.grandhotelhradec.cz\/en\/wp-json\/wp\/v2\/comments?post=406"}],"version-history":[{"count":0,"href":"https:\/\/www.grandhotelhradec.cz\/en\/wp-json\/wp\/v2\/pages\/406\/revisions"}],"up":[{"embeddable":true,"href":"https:\/\/www.grandhotelhradec.cz\/en\/wp-json\/wp\/v2\/pages\/49"}],"wp:featuredmedia":[{"embeddable":true,"href":"https:\/\/www.grandhotelhradec.cz\/en\/wp-json\/wp\/v2\/media\/407"}],"wp:attachment":[{"href":"https:\/\/www.grandhotelhradec.cz\/en\/wp-json\/wp\/v2\/media?parent=406"}],"curies":[{"name":"wp","href":"https:\/\/api.w.org\/{rel}","templated":true}]}}