{"id":375,"date":"2025-02-14T23:50:25","date_gmt":"2025-02-14T22:50:25","guid":{"rendered":"https:\/\/www.grandhotelhradec.cz\/?page_id=375"},"modified":"2025-02-25T19:36:34","modified_gmt":"2025-02-25T18:36:34","slug":"gift-voucher","status":"publish","type":"page","link":"https:\/\/www.grandhotelhradec.cz\/en\/special-offers\/gift-voucher\/","title":{"rendered":"Gift voucher"},"content":{"rendered":"<ul class=\"wp-block-list\">\n<li><strong>Gift voucher 3,000 CZK<\/strong><\/li>\n\n\n\n<li><strong>Gift voucher 6,000 CZK<\/strong><\/li>\n\n\n\n<li><strong>Gift voucher 9,000 CZK<\/strong><\/li>\n<\/ul>\n\n\n\n<div class=\"wp-block-buttons is-layout-flex wp-block-buttons-is-layout-flex\">\n<div class=\"wp-block-button rezervace\"><a class=\"wp-block-button__link wp-element-button\" href=\"https:\/\/www.grandhotelhradec.cz\/wp-content\/uploads\/2025\/03\/voucher-en.jpg\" target=\"_blank\" rel=\"\">Buy now<\/a><\/div>\n<\/div>\n\n\n\n<p>&nbsp;<\/p>\n\n\n\n<figure class=\"wp-block-image size-full\"><img loading=\"lazy\" decoding=\"async\" width=\"900\" height=\"500\" src=\"https:\/\/www.grandhotelhradec.cz\/wp-content\/uploads\/2025\/03\/voucher-en.jpg\" alt=\"Gift voucher - Grand Hotel Hradec\" class=\"wp-image-377\" srcset=\"https:\/\/www.grandhotelhradec.cz\/wp-content\/uploads\/2025\/03\/voucher-en.jpg 900w, https:\/\/www.grandhotelhradec.cz\/wp-content\/uploads\/2025\/03\/voucher-en-600x333.jpg 600w, https:\/\/www.grandhotelhradec.cz\/wp-content\/uploads\/2025\/03\/voucher-en-18x10.jpg 18w\" sizes=\"auto, (max-width: 900px) 100vw, 900px\" \/><\/figure>\n\n\n\n<p><strong>The gift voucher can be used for all services provided by Grand Hotel Hradec and will be valid for 12 months.<\/strong><\/p>\n\n\n\n<h3 class=\"wp-block-heading\">You can choose from the following services:<\/h3>\n\n\n\n<ul class=\"wp-block-list\">\n<li>accommodation including a rich breakfast buffet<\/li>\n\n\n\n<li>entry to Bubbly Wellness<\/li>\n\n\n\n<li>massages and cosmetics<\/li>\n\n\n\n<li>consumption in the Meat &amp; Meet restaurant<\/li>\n<\/ul>\n\n\n\n<p>Make your loved ones happy and give them an unforgettable experience at Grand Hotel Hradec.<\/p>\n\n\n\n<h3 class=\"wp-block-heading\">Gift voucher \u2013 payment conditions<\/h3>\n\n\n\n<ul class=\"wp-block-list\">\n<li>The total amount of vouchers purchased will be deducted from your credit card upon completion of the online booking.<\/li>\n\n\n\n<li>If you choose the bank transfer option, the voucher will be sent to you after the payment has been credited to our account.<\/li>\n\n\n\n<li>Cancellation is not possible.<\/li>\n\n\n\n<li>We will send you the gift voucher according to your wishes: by post or by e-mail.<\/li>\n\n\n\n<li>If you have any questions, please, do not hesitate to contact us.<\/li>\n<\/ul>\n\n\n\n<h3 class=\"wp-block-heading\">Gift vouchers \u2013 validity and cancellation conditions<\/h3>\n\n\n\n<ul class=\"wp-block-list\">\n<li>The gift voucher is valid for 12 months.<\/li>\n\n\n\n<li>If the gift voucher is not used by the end of its validity, it will be forfeited without compensation (cancellation is not possible).<\/li>\n\n\n\n<li>If you have any questions, please, do not hesitate to contact us.<\/li>\n<\/ul>\n\n\n\n<div class=\"wp-block-buttons is-layout-flex wp-block-buttons-is-layout-flex\">\n<div class=\"wp-block-button rezervace\"><a class=\"wp-block-button__link wp-element-button\" href=\"https:\/\/www.grandhotelhradec.cz\/wp-content\/uploads\/2025\/03\/voucher-en.jpg\" target=\"_blank\" rel=\"\">Buy now<\/a><\/div>\n<\/div>","protected":false},"excerpt":{"rendered":"<p>&nbsp; D\u00e1rkov\u00fd poukaz je mo\u017en\u00e9 uplatnit na v\u0161echny slu\u017eby Grand Hotelu Hradec s platnost\u00ed 12 m\u011bs\u00edc\u016f. Vyb\u00edrat m\u016f\u017eete z&nbsp;n\u00e1sleduj\u00edc\u00edch slu\u017eeb Ud\u011blejte radost sv\u00fdm bl\u00edzk\u00fdm a darujte jim nezapomenuteln\u00fd z\u00e1\u017eitek v&nbsp;Grand Hotelu Hradec. D\u00e1rkov\u00fd poukaz \u2013 platebn\u00ed podm\u00ednky D\u00e1rkov\u00e9 poukazy \u2013 platnost a storno podm\u00ednky<\/p>","protected":false},"author":1,"featured_media":586,"parent":41,"menu_order":0,"comment_status":"closed","ping_status":"closed","template":"","meta":{"footnotes":""},"class_list":["post-375","page","type-page","status-publish","has-post-thumbnail","hentry"],"_links":{"self":[{"href":"https:\/\/www.grandhotelhradec.cz\/en\/wp-json\/wp\/v2\/pages\/375","targetHints":{"allow":["GET"]}}],"collection":[{"href":"https:\/\/www.grandhotelhradec.cz\/en\/wp-json\/wp\/v2\/pages"}],"about":[{"href":"https:\/\/www.grandhotelhradec.cz\/en\/wp-json\/wp\/v2\/types\/page"}],"author":[{"embeddable":true,"href":"https:\/\/www.grandhotelhradec.cz\/en\/wp-json\/wp\/v2\/users\/1"}],"replies":[{"embeddable":true,"href":"https:\/\/www.grandhotelhradec.cz\/en\/wp-json\/wp\/v2\/comments?post=375"}],"version-history":[{"count":0,"href":"https:\/\/www.grandhotelhradec.cz\/en\/wp-json\/wp\/v2\/pages\/375\/revisions"}],"up":[{"embeddable":true,"href":"https:\/\/www.grandhotelhradec.cz\/en\/wp-json\/wp\/v2\/pages\/41"}],"wp:featuredmedia":[{"embeddable":true,"href":"https:\/\/www.grandhotelhradec.cz\/en\/wp-json\/wp\/v2\/media\/586"}],"wp:attachment":[{"href":"https:\/\/www.grandhotelhradec.cz\/en\/wp-json\/wp\/v2\/media?parent=375"}],"curies":[{"name":"wp","href":"https:\/\/api.w.org\/{rel}","templated":true}]}}