{"id":349,"date":"2025-02-14T23:02:20","date_gmt":"2025-02-14T22:02:20","guid":{"rendered":"https:\/\/www.grandhotelhradec.cz\/?page_id=349"},"modified":"2026-04-12T22:17:24","modified_gmt":"2026-04-12T20:17:24","slug":"ekofarma-at-lesni-bouda","status":"publish","type":"page","link":"https:\/\/www.grandhotelhradec.cz\/en\/discover-pec-pod-snezkou\/ekofarma-at-lesni-bouda\/","title":{"rendered":"Ecofarm in Lesn\u00ed bouda"},"content":{"rendered":"<p>Lesn\u00ed bouda is located on the main hiking trail from Pec pod Sn\u011b\u017ekou to the ridges of the Giant Mountains. On the terrace of the local restaurant, you can enjoy the view of grazing herds and taste some traditional specialities from the region. The captivating stories about sheep and goat breeding or traditional sheep wool processing come highly recommended.<\/p>\n\n\n\n<p><\/p>","protected":false},"excerpt":{"rendered":"<p>Lesn\u00ed bouda is located on the main hiking trail from Pec pod Sn\u011b\u017ekou to the ridges of the Giant Mountains. On the terrace of the local restaurant, you can enjoy the view of grazing herds and taste some traditional specialities from the region. The captivating stories about sheep and goat breeding or traditional sheep wool processing come highly recommended.<\/p>","protected":false},"author":1,"featured_media":350,"parent":39,"menu_order":8,"comment_status":"closed","ping_status":"closed","template":"aktivity.php","meta":{"footnotes":""},"class_list":["post-349","page","type-page","status-publish","has-post-thumbnail","hentry"],"_links":{"self":[{"href":"https:\/\/www.grandhotelhradec.cz\/en\/wp-json\/wp\/v2\/pages\/349","targetHints":{"allow":["GET"]}}],"collection":[{"href":"https:\/\/www.grandhotelhradec.cz\/en\/wp-json\/wp\/v2\/pages"}],"about":[{"href":"https:\/\/www.grandhotelhradec.cz\/en\/wp-json\/wp\/v2\/types\/page"}],"author":[{"embeddable":true,"href":"https:\/\/www.grandhotelhradec.cz\/en\/wp-json\/wp\/v2\/users\/1"}],"replies":[{"embeddable":true,"href":"https:\/\/www.grandhotelhradec.cz\/en\/wp-json\/wp\/v2\/comments?post=349"}],"version-history":[{"count":0,"href":"https:\/\/www.grandhotelhradec.cz\/en\/wp-json\/wp\/v2\/pages\/349\/revisions"}],"up":[{"embeddable":true,"href":"https:\/\/www.grandhotelhradec.cz\/en\/wp-json\/wp\/v2\/pages\/39"}],"wp:featuredmedia":[{"embeddable":true,"href":"https:\/\/www.grandhotelhradec.cz\/en\/wp-json\/wp\/v2\/media\/350"}],"wp:attachment":[{"href":"https:\/\/www.grandhotelhradec.cz\/en\/wp-json\/wp\/v2\/media?parent=349"}],"curies":[{"name":"wp","href":"https:\/\/api.w.org\/{rel}","templated":true}]}}