{"id":345,"date":"2025-02-14T22:59:32","date_gmt":"2025-02-14T21:59:32","guid":{"rendered":"https:\/\/www.grandhotelhradec.cz\/?page_id=345"},"modified":"2026-04-12T22:17:24","modified_gmt":"2026-04-12T20:17:24","slug":"monkey-park-rope-climbing-centre","status":"publish","type":"page","link":"https:\/\/www.grandhotelhradec.cz\/en\/discover-pec-pod-snezkou\/monkey-park-rope-climbing-centre\/","title":{"rendered":"Monkey Park - rope climbing centre"},"content":{"rendered":"<p class=\"translation-block\"><strong>The Monkey Park rope park in Pec pod Sn\u011b\u017ekou<\/strong>, a 2-minute walk from the Grand Hotel Hradec, consists of 22 consecutive rope obstacles with 4 bridges (crossings) over the river and dam and offers original and unique entertainment suitable for all ages.<\/p>\n\n\n\n<p>By entering the rope park from the tower with a 70-meter long passage over the Pe\u010d dam, you will enter one of the most beautiful circuits in the beautiful nature of the Krkono\u0161e Mountains. There is no need to worry about the difficulty, everyone completes the Monkey Park passage according to their own abilities and the park staff is always available to give you advice and help.<\/p>\n\n\n\n<figure data-wp-context=\"{&quot;imageId&quot;:&quot;69ed0abc95f51&quot;}\" data-wp-interactive=\"core\/image\" data-wp-key=\"69ed0abc95f51\" class=\"wp-block-image size-large wp-lightbox-container\"><img loading=\"lazy\" decoding=\"async\" width=\"2000\" height=\"1146\" data-wp-class--hide=\"state.isContentHidden\" data-wp-class--show=\"state.isContentVisible\" data-wp-init=\"callbacks.setButtonStyles\" data-wp-on--click=\"actions.showLightbox\" data-wp-on--load=\"callbacks.setButtonStyles\" data-wp-on-window--resize=\"callbacks.setButtonStyles\" src=\"https:\/\/www.grandhotelhradec.cz\/wp-content\/uploads\/2025\/02\/Lanovy-park-Monkey-Park-Pec-pod-Snezkou-01-2000x1146.webp\" alt=\"Monkey Park - rope climbing centre \u2013 Pec pod Sn\u011b\u017ekou 01\" class=\"wp-image-347\" srcset=\"https:\/\/www.grandhotelhradec.cz\/wp-content\/uploads\/2025\/02\/Lanovy-park-Monkey-Park-Pec-pod-Snezkou-01-2000x1146.webp 2000w, https:\/\/www.grandhotelhradec.cz\/wp-content\/uploads\/2025\/02\/Lanovy-park-Monkey-Park-Pec-pod-Snezkou-01-600x344.webp 600w, https:\/\/www.grandhotelhradec.cz\/wp-content\/uploads\/2025\/02\/Lanovy-park-Monkey-Park-Pec-pod-Snezkou-01.webp 2048w\" sizes=\"auto, (max-width: 2000px) 100vw, 2000px\" \/><button\n\t\t\tclass=\"lightbox-trigger\"\n\t\t\ttype=\"button\"\n\t\t\taria-haspopup=\"dialog\"\n\t\t\taria-label=\"Enlarge\"\n\t\t\tdata-wp-init=\"callbacks.initTriggerButton\"\n\t\t\tdata-wp-on--click=\"actions.showLightbox\"\n\t\t\tdata-wp-style--right=\"state.imageButtonRight\"\n\t\t\tdata-wp-style--top=\"state.imageButtonTop\"\n\t\t>\n\t\t\t<svg xmlns=\"http:\/\/www.w3.org\/2000\/svg\" width=\"12\" height=\"12\" fill=\"none\" viewbox=\"0 0 12 12\">\n\t\t\t\t<path fill=\"#fff\" d=\"M2 0a2 2 0 0 0-2 2v2h1.5V2a.5.5 0 0 1 .5-.5h2V0H2Zm2 10.5H2a.5.5 0 0 1-.5-.5V8H0v2a2 2 0 0 0 2 2h2v-1.5ZM8 12v-1.5h2a.5.5 0 0 0 .5-.5V8H12v2a2 2 0 0 1-2 2H8Zm2-12a2 2 0 0 1 2 2v2h-1.5V2a.5.5 0 0 0-.5-.5H8V0h2Z\" \/>\n\t\t\t<\/svg>\n\t\t<\/button><\/figure>\n\n\n\n<p>Entry to the Monkey Park is permitted for children and adults from 140 cm. Mandatory equipment includes a seat harness with safety carabiners and pulley, a helmet and protective gloves.<\/p>\n\n\n\n<p>The children's rope park is intended for children up to 140 cm tall and from 4 years of age. There are 3 circuit variants and a children's crossing - fly - prepared for children. Children can complete and experience the amazing feeling of 2 crossings over the upper part of the Pec Dam. The route with the children is always completed by one of the guides and the children are under the constant supervision of experienced guides. The offer for children is complemented by a climbing wall and archery.<\/p>","protected":false},"excerpt":{"rendered":"<p>Lanov\u00fd park Monkey Park v Peci pod Sn\u011b\u017ekou, vzd\u00e1len\u00fd 2 minuty ch\u016fze od Grand Hotelu Hradec, se skl\u00e1d\u00e1 z 22 po sob\u011b jdouc\u00edch lanov\u00fdch p\u0159ek\u00e1\u017eek se 4 p\u0159emost\u011bn\u00edmi (p\u0159ejezdy) p\u0159es \u0159eku a p\u0159ehradu a nab\u00edz\u00ed origin\u00e1ln\u00ed a jedine\u010dnou z\u00e1bavu vhodnou pro v\u0161echny v\u011bkov\u00e9 kategorie. N\u00e1stupem do lanov\u00e9ho parku\u00a0z v\u011b\u017ee s dlouh\u00fdm 70 metrov\u00fdm p\u0159ejezdem\u00a0p\u0159es peckou [&hellip;]<\/p>","protected":false},"author":1,"featured_media":346,"parent":39,"menu_order":6,"comment_status":"closed","ping_status":"closed","template":"aktivity.php","meta":{"footnotes":""},"class_list":["post-345","page","type-page","status-publish","has-post-thumbnail","hentry"],"_links":{"self":[{"href":"https:\/\/www.grandhotelhradec.cz\/en\/wp-json\/wp\/v2\/pages\/345","targetHints":{"allow":["GET"]}}],"collection":[{"href":"https:\/\/www.grandhotelhradec.cz\/en\/wp-json\/wp\/v2\/pages"}],"about":[{"href":"https:\/\/www.grandhotelhradec.cz\/en\/wp-json\/wp\/v2\/types\/page"}],"author":[{"embeddable":true,"href":"https:\/\/www.grandhotelhradec.cz\/en\/wp-json\/wp\/v2\/users\/1"}],"replies":[{"embeddable":true,"href":"https:\/\/www.grandhotelhradec.cz\/en\/wp-json\/wp\/v2\/comments?post=345"}],"version-history":[{"count":0,"href":"https:\/\/www.grandhotelhradec.cz\/en\/wp-json\/wp\/v2\/pages\/345\/revisions"}],"up":[{"embeddable":true,"href":"https:\/\/www.grandhotelhradec.cz\/en\/wp-json\/wp\/v2\/pages\/39"}],"wp:featuredmedia":[{"embeddable":true,"href":"https:\/\/www.grandhotelhradec.cz\/en\/wp-json\/wp\/v2\/media\/346"}],"wp:attachment":[{"href":"https:\/\/www.grandhotelhradec.cz\/en\/wp-json\/wp\/v2\/media?parent=345"}],"curies":[{"name":"wp","href":"https:\/\/api.w.org\/{rel}","templated":true}]}}