{"id":339,"date":"2025-02-14T22:49:12","date_gmt":"2025-02-14T21:49:12","guid":{"rendered":"https:\/\/www.grandhotelhradec.cz\/?page_id=339"},"modified":"2026-04-12T22:17:24","modified_gmt":"2026-04-12T20:17:24","slug":"obri-dul-valley","status":"publish","type":"page","link":"https:\/\/www.grandhotelhradec.cz\/en\/discover-pec-pod-snezkou\/obri-dul-valley\/","title":{"rendered":"Ob\u0159\u00ed d\u016fl Valley"},"content":{"rendered":"<p class=\"translation-block\">Ob\u0159\u00ed d\u016fl Valley is part of the Krkono\u0161e National Park. The valley extends beyond Pec pod Sn\u011b\u017ekou to the foothills of Sn\u011b\u017eka Mountain. A link to the trail is available here: https:\/\/mapy.cz\/s\/jocofojune. A marked hiking trail leads through the valley, which in the summer months can be followed all the way to the peak of Sn\u011b\u017eka. The picturesque mountain chalets dotted along the way, or a visit to the so-called Krakono\u0161 garden with its many rare plants, will make your trip a truly memorable one.<\/p>","protected":false},"excerpt":{"rendered":"<p class=\"translation-block\">Ob\u0159\u00ed d\u016fl Valley is part of the Krkono\u0161e National Park. The valley extends beyond Pec pod Sn\u011b\u017ekou to the foothills of Sn\u011b\u017eka Mountain. A link to the trail is available here: https:\/\/mapy.cz\/s\/jocofojune. A marked hiking trail leads through the valley, which in the summer months can be followed all the way to the peak of Sn\u011b\u017eka. The picturesque mountain chalets dotted along the way, or a visit to the so-called Krakono\u0161 garden with its many rare plants, will make your trip a truly memorable one.<\/p>","protected":false},"author":1,"featured_media":340,"parent":39,"menu_order":12,"comment_status":"closed","ping_status":"closed","template":"aktivity.php","meta":{"footnotes":""},"class_list":["post-339","page","type-page","status-publish","has-post-thumbnail","hentry"],"_links":{"self":[{"href":"https:\/\/www.grandhotelhradec.cz\/en\/wp-json\/wp\/v2\/pages\/339","targetHints":{"allow":["GET"]}}],"collection":[{"href":"https:\/\/www.grandhotelhradec.cz\/en\/wp-json\/wp\/v2\/pages"}],"about":[{"href":"https:\/\/www.grandhotelhradec.cz\/en\/wp-json\/wp\/v2\/types\/page"}],"author":[{"embeddable":true,"href":"https:\/\/www.grandhotelhradec.cz\/en\/wp-json\/wp\/v2\/users\/1"}],"replies":[{"embeddable":true,"href":"https:\/\/www.grandhotelhradec.cz\/en\/wp-json\/wp\/v2\/comments?post=339"}],"version-history":[{"count":0,"href":"https:\/\/www.grandhotelhradec.cz\/en\/wp-json\/wp\/v2\/pages\/339\/revisions"}],"up":[{"embeddable":true,"href":"https:\/\/www.grandhotelhradec.cz\/en\/wp-json\/wp\/v2\/pages\/39"}],"wp:featuredmedia":[{"embeddable":true,"href":"https:\/\/www.grandhotelhradec.cz\/en\/wp-json\/wp\/v2\/media\/340"}],"wp:attachment":[{"href":"https:\/\/www.grandhotelhradec.cz\/en\/wp-json\/wp\/v2\/media?parent=339"}],"curies":[{"name":"wp","href":"https:\/\/api.w.org\/{rel}","templated":true}]}}