{"id":33,"date":"2025-02-03T23:38:55","date_gmt":"2025-02-03T22:38:55","guid":{"rendered":"https:\/\/www.grandhotelhradec.cz\/?page_id=33"},"modified":"2026-03-30T00:34:57","modified_gmt":"2026-03-29T22:34:57","slug":"conference-rooms","status":"publish","type":"page","link":"https:\/\/www.grandhotelhradec.cz\/en\/conference-rooms\/","title":{"rendered":"Conferences"},"content":{"rendered":"<h2 class=\"wp-block-heading\">Capacity up to 180 persons<\/h2>\n\n\n\n<p>Are you looking for representative premises to organise training, conferences, business meetings, public screenings, workshops or private celebrations? Do you want to be surrounded by beautiful, sophisticated interiors with fresh air recuperation, plenty of daylight and cutting-edge technical facilities? If your answer is yes, then our conference areas are exactly what you\u2019re looking for. A bonus for attendees is the charming outdoor atrium between the meeting rooms, and of course our professional service and superb catering.<\/p>\n\n\n\n<p>If you are interested in more detailed information about conference space options, teambuilding activities or our hotel, we have prepared a conference brochure for you at the following link:&nbsp;<\/p>\n\n\n\n<ul class=\"wp-block-list\">\n<li><a href=\"https:\/\/www.grandhotelhradec.cz\/wp-content\/uploads\/GHH-factsheet-2.3.pdf\" target=\"_blank\" rel=\"noreferrer noopener\">Fact Sheet - Grand Hotel Hradec<\/a><\/li>\n\n\n\n<li><a href=\"https:\/\/www.grandhotelhradec.cz\/wp-content\/uploads\/Banketova-mapy-GHH-2025.pdf\" target=\"_blank\" rel=\"noreferrer noopener\">Banquet map \u2013 Grand Hotel Hradec<\/a><\/li>\n<\/ul>\n\n\n\n<h2 class=\"wp-block-heading\">Spring offer for new enquiries:<\/h2>\n\n\n\n<ul class=\"wp-block-list\">\n<li><strong>Special discounted accommodation rates<\/strong><\/li>\n\n\n\n<li><strong>100% discount on congress space rental<\/strong><\/li>\n\n\n\n<li><strong>Free access to the wellness area until 17:00<\/strong><\/li>\n<\/ul>\n\n\n\n<p>Contact us and together we will arrange all the details directly for you<br><a href=\"tel:+420720955325\">+420 720\u00a0955\u00a0325<\/a>\u00a0\/\u00a0<a href=\"mailto:sales@grandhotelhradec.cz\">sales@grandhotelhradec.cz<\/a> \/ alternatively use the form below \u2026<\/p>\n\n\n\n<figure class=\"wp-block-gallery has-nested-images columns-default is-cropped wp-block-gallery-1 is-layout-flex wp-block-gallery-is-layout-flex\">\n<figure class=\"wp-block-image size-medium\"><a href=\"https:\/\/www.grandhotelhradec.cz\/wp-content\/uploads\/2025\/02\/Firemni-akce-Pec-pod-Snezkou.jpg\"><img loading=\"lazy\" decoding=\"async\" width=\"600\" height=\"401\" data-id=\"218\" src=\"https:\/\/www.grandhotelhradec.cz\/wp-content\/uploads\/2025\/02\/Firemni-akce-Pec-pod-Snezkou-600x401.jpg\" alt=\"Corporate events Pec pod Sn\u011b\u017ekou\" class=\"wp-image-218\" srcset=\"https:\/\/www.grandhotelhradec.cz\/wp-content\/uploads\/2025\/02\/Firemni-akce-Pec-pod-Snezkou-600x401.jpg 600w, https:\/\/www.grandhotelhradec.cz\/wp-content\/uploads\/2025\/02\/Firemni-akce-Pec-pod-Snezkou.jpg 1366w\" sizes=\"auto, (max-width: 600px) 100vw, 600px\" \/><\/a><\/figure>\n\n\n\n<figure class=\"wp-block-image size-medium\"><a href=\"https:\/\/www.grandhotelhradec.cz\/wp-content\/uploads\/2025\/02\/Konference-Pec-pod-Snezkou.jpg\"><img loading=\"lazy\" decoding=\"async\" width=\"600\" height=\"401\" data-id=\"219\" src=\"https:\/\/www.grandhotelhradec.cz\/wp-content\/uploads\/2025\/02\/Konference-Pec-pod-Snezkou-600x401.jpg\" alt=\"Conference Pec pod Sn\u011b\u017ekou\" class=\"wp-image-219\" srcset=\"https:\/\/www.grandhotelhradec.cz\/wp-content\/uploads\/2025\/02\/Konference-Pec-pod-Snezkou-600x401.jpg 600w, https:\/\/www.grandhotelhradec.cz\/wp-content\/uploads\/2025\/02\/Konference-Pec-pod-Snezkou.jpg 1366w\" sizes=\"auto, (max-width: 600px) 100vw, 600px\" \/><\/a><\/figure>\n\n\n\n<figure class=\"wp-block-image size-medium\"><a href=\"https:\/\/www.grandhotelhradec.cz\/wp-content\/uploads\/2025\/02\/Teambuilding-Pec-pod-Snezkou.jpg\"><img loading=\"lazy\" decoding=\"async\" width=\"600\" height=\"401\" data-id=\"217\" src=\"https:\/\/www.grandhotelhradec.cz\/wp-content\/uploads\/2025\/02\/Teambuilding-Pec-pod-Snezkou-600x401.jpg\" alt=\"Teambuilding Pec pod Sn\u011b\u017ekou\" class=\"wp-image-217\" srcset=\"https:\/\/www.grandhotelhradec.cz\/wp-content\/uploads\/2025\/02\/Teambuilding-Pec-pod-Snezkou-600x401.jpg 600w, https:\/\/www.grandhotelhradec.cz\/wp-content\/uploads\/2025\/02\/Teambuilding-Pec-pod-Snezkou.jpg 1366w\" sizes=\"auto, (max-width: 600px) 100vw, 600px\" \/><\/a><\/figure>\n<\/figure>\n\n\n\n<h2 class=\"wp-block-heading\">Non-binding inquiry<\/h2>\n\n\n<style id=\"wpforms-css-vars-911\">\n\t\t\t\t#wpforms-911 {\n\t\t\t\t--wpforms-field-size-input-height: 43px;\n--wpforms-field-size-input-spacing: 15px;\n--wpforms-field-size-font-size: 16px;\n--wpforms-field-size-line-height: 19px;\n--wpforms-field-size-padding-h: 14px;\n--wpforms-field-size-checkbox-size: 16px;\n--wpforms-field-size-sublabel-spacing: 5px;\n--wpforms-field-size-icon-size: 1;\n--wpforms-label-size-font-size: 16px;\n--wpforms-label-size-line-height: 19px;\n--wpforms-label-size-sublabel-font-size: 14px;\n--wpforms-label-size-sublabel-line-height: 17px;\n--wpforms-button-size-font-size: 17px;\n--wpforms-button-size-height: 41px;\n--wpforms-button-size-padding-h: 15px;\n--wpforms-button-size-margin-top: 10px;\n--wpforms-container-shadow-size-box-shadow: none;\n\t\t\t}\n\t\t\t<\/style><div class=\"wpforms-container wpforms-container-full wpforms-render-modern\" id=\"wpforms-911\"><form id=\"wpforms-form-911\" class=\"wpforms-validate wpforms-form wpforms-ajax-form\" data-formid=\"911\" method=\"post\" enctype=\"multipart\/form-data\" action=\"\/en\/wp-json\/wp\/v2\/pages\/33\" data-token=\"445aebe3efed38241ae52b43ff2aaac0\" data-token-time=\"1777519094\" data-trp-original-action=\"\/en\/wp-json\/wp\/v2\/pages\/33\"><noscript class=\"wpforms-error-noscript\">Please enable JavaScript in your browser to complete this form.<\/noscript><div id=\"wpforms-error-noscript\" style=\"display: none;\">Please enable JavaScript in your browser to complete this form.<\/div><div class=\"wpforms-field-container\"><div id=\"wpforms-911-field_0-container\" class=\"wpforms-field wpforms-field-name\" data-field-id=\"0\"><fieldset><legend class=\"wpforms-field-label\">Name <span class=\"wpforms-required-label\" aria-hidden=\"true\">*<\/span><\/legend><div class=\"wpforms-field-row wpforms-field-large\"><div class=\"wpforms-field-row-block wpforms-first wpforms-one-half\"><input type=\"text\" id=\"wpforms-911-field_0\" class=\"wpforms-field-name-first wpforms-field-required\" name=\"wpforms[fields][0][first]\" aria-errormessage=\"wpforms-911-field_0-error\" required><label for=\"wpforms-911-field_0\" class=\"wpforms-field-sublabel after\">First<\/label><\/div><div class=\"wpforms-field-row-block wpforms-one-half\"><input type=\"text\" id=\"wpforms-911-field_0-last\" class=\"wpforms-field-name-last wpforms-field-required\" name=\"wpforms[fields][0][last]\" aria-errormessage=\"wpforms-911-field_0-last-error\" required><label for=\"wpforms-911-field_0-last\" class=\"wpforms-field-sublabel after\">Last<\/label><\/div><\/div><\/fieldset><\/div><div id=\"wpforms-911-field_10-container\" class=\"wpforms-field wpforms-field-layout\" data-field-id=\"10\"><div class=\"wpforms-field-layout-rows wpforms-field-large\"><div class=\"wpforms-layout-row\"><div class=\"wpforms-layout-column wpforms-layout-column-50\"><div id=\"wpforms-911-field_1-container\" class=\"wpforms-field wpforms-field-email\" data-field-id=\"1\"><label class=\"wpforms-field-label\" for=\"wpforms-911-field_1\">E-mail <span class=\"wpforms-required-label\" aria-hidden=\"true\">*<\/span><\/label><input type=\"email\" id=\"wpforms-911-field_1\" class=\"wpforms-field-medium wpforms-field-required\" name=\"wpforms[fields][1]\" spellcheck=\"false\" aria-errormessage=\"wpforms-911-field_1-error\" required><\/div><\/div><div class=\"wpforms-layout-column wpforms-layout-column-50\"><div id=\"wpforms-911-field_5-container\" class=\"wpforms-field wpforms-field-phone\" data-field-id=\"5\"><label class=\"wpforms-field-label\" for=\"wpforms-911-field_5\">Telephone<\/label><input type=\"tel\" id=\"wpforms-911-field_5\" class=\"wpforms-field-medium wpforms-smart-phone-field\" data-rule-smart-phone-field=\"true\" name=\"wpforms[fields][5]\" aria-label=\"Telephone\" aria-errormessage=\"wpforms-911-field_5-error\" ><\/div><\/div><\/div><\/div><\/div><div id=\"wpforms-911-field_11-container\" class=\"wpforms-field wpforms-field-layout\" data-field-id=\"11\"><div class=\"wpforms-field-layout-rows wpforms-field-large\"><div class=\"wpforms-layout-row\"><div class=\"wpforms-layout-column wpforms-layout-column-50\"><div id=\"wpforms-911-field_6-container\" class=\"wpforms-field wpforms-field-date-time\" data-field-id=\"6\"><label class=\"wpforms-field-label\" for=\"wpforms-911-field_6\">Date from<\/label><div class=\"wpforms-datepicker-wrap\"><input type=\"text\" id=\"wpforms-911-field_6\" class=\"wpforms-field-date-time-date wpforms-datepicker wpforms-field-medium\" data-date-format=\"d\/m\/Y\" data-disable-past-dates=\"1\" data-disable-todays-date=\"0\" data-input=\"true\" name=\"wpforms[fields][6][date]\" aria-errormessage=\"wpforms-911-field_6-error\" ><a title=\"Clear Date\" data-clear role=\"button\" tabindex=\"0\" class=\"wpforms-datepicker-clear\" aria-label=\"Clear Date\" style=\"display:none;\"><\/a><\/div><\/div><\/div><div class=\"wpforms-layout-column wpforms-layout-column-50\"><div id=\"wpforms-911-field_7-container\" class=\"wpforms-field wpforms-field-date-time\" data-field-id=\"7\"><label class=\"wpforms-field-label\" for=\"wpforms-911-field_7\">Date to<\/label><div class=\"wpforms-datepicker-wrap\"><input type=\"text\" id=\"wpforms-911-field_7\" class=\"wpforms-field-date-time-date wpforms-datepicker wpforms-field-medium\" data-date-format=\"d\/m\/Y\" data-disable-past-dates=\"1\" data-disable-todays-date=\"0\" data-input=\"true\" name=\"wpforms[fields][7][date]\" aria-errormessage=\"wpforms-911-field_7-error\" ><a title=\"Clear Date\" data-clear role=\"button\" tabindex=\"0\" class=\"wpforms-datepicker-clear\" aria-label=\"Clear Date\" style=\"display:none;\"><\/a><\/div><\/div><\/div><\/div><\/div><\/div><div id=\"wpforms-911-field_12-container\" class=\"wpforms-field wpforms-field-layout\" data-field-id=\"12\"><div class=\"wpforms-field-layout-rows wpforms-field-large\"><div class=\"wpforms-layout-row\"><div class=\"wpforms-layout-column wpforms-layout-column-50\"><div id=\"wpforms-911-field_9-container\" class=\"wpforms-field wpforms-field-number\" data-field-id=\"9\"><label class=\"wpforms-field-label\" for=\"wpforms-911-field_9\">Number of people <span class=\"wpforms-required-label\" aria-hidden=\"true\">*<\/span><\/label><input type=\"number\" id=\"wpforms-911-field_9\" class=\"wpforms-field-medium wpforms-field-required\" name=\"wpforms[fields][9]\" step=\"any\" aria-errormessage=\"wpforms-911-field_9-error\" required><\/div><\/div><div class=\"wpforms-layout-column wpforms-layout-column-50\"><div id=\"wpforms-911-field_4-container\" class=\"wpforms-field wpforms-field-text\" data-field-id=\"4\"><label class=\"wpforms-field-label\" for=\"wpforms-911-field_4\">Company<\/label><input type=\"text\" id=\"wpforms-911-field_4\" class=\"wpforms-field-medium\" name=\"wpforms[fields][4]\" aria-errormessage=\"wpforms-911-field_4-error\" ><\/div><\/div><\/div><\/div><\/div><div id=\"wpforms-911-field_2-container\" class=\"wpforms-field wpforms-field-textarea\" data-field-id=\"2\"><label class=\"wpforms-field-label\" for=\"wpforms-911-field_2\">Comment or message<\/label><textarea id=\"wpforms-911-field_2\" class=\"wpforms-field-medium\" name=\"wpforms[fields][2]\" aria-errormessage=\"wpforms-911-field_2-error\" ><\/textarea><\/div><\/div><!-- .wpforms-field-container --><div class=\"wpforms-recaptcha-container wpforms-is-recaptcha wpforms-is-recaptcha-type-invisible\" ><div class=\"g-recaptcha\" data-sitekey=\"6Le7bdsqAAAAAHoQcYedGgPiKoXAKydj16cMv_dO\" data-size=\"invisible\"><\/div><\/div><div class=\"wpforms-submit-container\" ><input type=\"hidden\" name=\"wpforms[id]\" value=\"911\"><input type=\"hidden\" name=\"page_title\" value=\"\"><input type=\"hidden\" name=\"page_url\" value=\"https:\/\/www.grandhotelhradec.cz\/en\/wp-json\/wp\/v2\/pages\/33\"><input type=\"hidden\" name=\"url_referer\" value=\"\"><button type=\"submit\" name=\"wpforms[submit]\" id=\"wpforms-submit-911\" class=\"wpforms-submit\" data-alt-text=\"Odes\u00edl\u00e1ni...\" data-submit-text=\"Odeslat nez\u00e1vaznou popt\u00e1vku\" aria-live=\"assertive\" value=\"wpforms-submit\">Send a non-binding inquiry<\/button><img loading=\"lazy\" decoding=\"async\" src=\"https:\/\/www.grandhotelhradec.cz\/wp-content\/plugins\/wpforms\/assets\/images\/submit-spin.svg\" class=\"wpforms-submit-spinner\" style=\"display: none;\" width=\"26\" height=\"26\" alt=\"Loading\"><\/div><input type=\"hidden\" name=\"trp-form-language\" value=\"en\"\/><\/form><\/div>  <!-- .wpforms-container -->","protected":false},"excerpt":{"rendered":"<p>Kapacita a\u017e 180 osob Hled\u00e1te reprezentativn\u00ed prostory pro uspo\u0159\u00e1d\u00e1n\u00ed \u0161kolen\u00ed, konference, obchodn\u00edho jedn\u00e1n\u00ed, ve\u0159ejn\u00e9 projekce, workshopu \u010di soukrom\u00e9 oslavy? Chcete, aby V\u00e1s obklopoval kr\u00e1sn\u00fd, \u00fa\u010deln\u011b promy\u0161len\u00fd interi\u00e9r s rekuperac\u00ed \u010derstv\u00e9ho vzduchu, dostatkem denn\u00edho sv\u011btla, vybaven\u00fd nejmodern\u011bj\u0161\u00edm technick\u00fdm z\u00e1zem\u00edm? Pokud je Va\u0161e odpov\u011b\u010f kladn\u00e1, pak jsou na\u0161e konferen\u010dn\u00ed prostory p\u0159esn\u011b t\u00edm, co hled\u00e1te. Bonusem pro \u00fa\u010dastn\u00edky [&hellip;]<\/p>","protected":false},"author":1,"featured_media":218,"parent":0,"menu_order":0,"comment_status":"closed","ping_status":"closed","template":"","meta":{"footnotes":""},"class_list":["post-33","page","type-page","status-publish","has-post-thumbnail","hentry"],"_links":{"self":[{"href":"https:\/\/www.grandhotelhradec.cz\/en\/wp-json\/wp\/v2\/pages\/33","targetHints":{"allow":["GET"]}}],"collection":[{"href":"https:\/\/www.grandhotelhradec.cz\/en\/wp-json\/wp\/v2\/pages"}],"about":[{"href":"https:\/\/www.grandhotelhradec.cz\/en\/wp-json\/wp\/v2\/types\/page"}],"author":[{"embeddable":true,"href":"https:\/\/www.grandhotelhradec.cz\/en\/wp-json\/wp\/v2\/users\/1"}],"replies":[{"embeddable":true,"href":"https:\/\/www.grandhotelhradec.cz\/en\/wp-json\/wp\/v2\/comments?post=33"}],"version-history":[{"count":5,"href":"https:\/\/www.grandhotelhradec.cz\/en\/wp-json\/wp\/v2\/pages\/33\/revisions"}],"predecessor-version":[{"id":1155,"href":"https:\/\/www.grandhotelhradec.cz\/en\/wp-json\/wp\/v2\/pages\/33\/revisions\/1155"}],"wp:featuredmedia":[{"embeddable":true,"href":"https:\/\/www.grandhotelhradec.cz\/en\/wp-json\/wp\/v2\/media\/218"}],"wp:attachment":[{"href":"https:\/\/www.grandhotelhradec.cz\/en\/wp-json\/wp\/v2\/media?parent=33"}],"curies":[{"name":"wp","href":"https:\/\/api.w.org\/{rel}","templated":true}]}}