{"id":329,"date":"2025-02-14T01:08:30","date_gmt":"2025-02-14T00:08:30","guid":{"rendered":"https:\/\/www.grandhotelhradec.cz\/?page_id=329"},"modified":"2026-04-12T22:17:24","modified_gmt":"2026-04-12T20:17:24","slug":"pecka-adventure-park","status":"publish","type":"page","link":"https:\/\/www.grandhotelhradec.cz\/en\/discover-pec-pod-snezkou\/pecka-adventure-park\/","title":{"rendered":"Pecka Adventure Park"},"content":{"rendered":"<p>The Pecka adventure park is a unique collection of larger-than-life wooden animal models, rope trails and climbing frames. You can visit it for free at the upper station of the Port\u00e1\u0161ky cable car in Velk\u00e1 \u00dapa, just 2.5 km from the Grand Hotel Hradec.<\/p>\n\n\n\n<p class=\"translation-block\">The <strong>Pecka adventure park<\/strong> represents life in the branches of trees, in the meadow and near a mountain stream, which is typical of the <a href=\"https:\/\/www.kudyznudy.cz\/kam-pojedete\/krkonose-a-podkrkonosi.aspx\" target=\"_self\">Krkono\u0161e<\/a> nature. The trail <strong>at <a href=\"https:\/\/www.kudyznudy.cz\/aktivity\/horska-chata-portasky-v-krkonosich\" target=\"_self\">Port\u00e1\u0161ova bouda<\/a><\/strong> at an altitude of 1062 m above sea level has more than ten <strong>sites with wooden sculptures<\/strong> depicting characteristic animals, insects or birds of the <a href=\"https:\/\/www.kudyznudy.cz\/kam-pojedete\/krkonose-a-podkrkonosi.aspx\" target=\"_self\">Krkono\u0161e<\/a>.<\/p>\n\n\n\n<p class=\"translation-block\">The <strong>adventure park<\/strong> is composed of three parts: the <strong>water world, the world in the treetops, and the meadow<\/strong> part. One part is created in a meadow, the second in a forest, and the third on the border between the forest and the meadow. An interesting feature in the forest part is the <strong>walkway suspended above the ground<\/strong> between tree trunks. There you will also discover <strong>models of bird nests<\/strong> typical of the <a href=\"https:\/\/www.kudyznudy.cz\/aktivity\/krkonossky-narodni-park\" target=\"_self\">Krkono\u0161e<\/a>. Not only children will enjoy the view of the region from the viewpoint formed by <strong>deer antlers<\/strong>. Along the attic walkway, you will walk between <strong>giant wooden sculptures of a lynx<\/strong>, a viper, and a spindle tree. All of these elements are passable and children can climb them.<\/p>\n\n\n\n<p class=\"translation-block\">They can also crawl through <strong>fox or badger burrows<\/strong>, learn to recognize animal tracks, or explore a life-size anthill under construction. Children will also enjoy the <strong>180-meter-long rope trail between the trees<\/strong>. For example, they will discover how the rare black stork nests in the <a href=\"https:\/\/www.kudyznudy.cz\/aktivity\/krkonossky-narodni-park\" target=\"_self\">Krkono\u0161e<\/a>.<\/p>\n\n\n\n<p class=\"translation-block\">Bring a <strong>wooden ball<\/strong> for your trip, it will help you overcome several water and mechanical obstacles. You will use the Pecky souvenir, a wooden ball, the most in the Water World. In the <strong>large salamander<\/strong> installation, which is made up of a system of wooden clouses (small tanks), children will test their motor skills and logic. You can buy it at the SkiResort Live scooter rental and from the cable car operator at the upper station in Port\u00e1\u0161ky. But you can have a lot of fun without it, as the wooden ball is not a requirement for entry to the Game Landscape.<\/p>\n\n\n\n<figure data-wp-context=\"{&quot;imageId&quot;:&quot;69ecfa61b3912&quot;}\" data-wp-interactive=\"core\/image\" data-wp-key=\"69ecfa61b3912\" class=\"wp-block-image size-large wp-lightbox-container\"><img loading=\"lazy\" decoding=\"async\" width=\"2000\" height=\"1330\" data-wp-class--hide=\"state.isContentHidden\" data-wp-class--show=\"state.isContentVisible\" data-wp-init=\"callbacks.setButtonStyles\" data-wp-on--click=\"actions.showLightbox\" data-wp-on--load=\"callbacks.setButtonStyles\" data-wp-on-window--resize=\"callbacks.setButtonStyles\" src=\"https:\/\/www.grandhotelhradec.cz\/wp-content\/uploads\/2025\/02\/Herni-krajina-Pecka-Pec-pod-Snezkou-01-2000x1330.webp\" alt=\"Pecka adventure park - Pec pod Sn\u011b\u017ekou 01\" class=\"wp-image-331\" srcset=\"https:\/\/www.grandhotelhradec.cz\/wp-content\/uploads\/2025\/02\/Herni-krajina-Pecka-Pec-pod-Snezkou-01-2000x1330.webp 2000w, https:\/\/www.grandhotelhradec.cz\/wp-content\/uploads\/2025\/02\/Herni-krajina-Pecka-Pec-pod-Snezkou-01-600x399.webp 600w\" sizes=\"auto, (max-width: 2000px) 100vw, 2000px\" \/><button\n\t\t\tclass=\"lightbox-trigger\"\n\t\t\ttype=\"button\"\n\t\t\taria-haspopup=\"dialog\"\n\t\t\taria-label=\"Enlarge\"\n\t\t\tdata-wp-init=\"callbacks.initTriggerButton\"\n\t\t\tdata-wp-on--click=\"actions.showLightbox\"\n\t\t\tdata-wp-style--right=\"state.imageButtonRight\"\n\t\t\tdata-wp-style--top=\"state.imageButtonTop\"\n\t\t>\n\t\t\t<svg xmlns=\"http:\/\/www.w3.org\/2000\/svg\" width=\"12\" height=\"12\" fill=\"none\" viewbox=\"0 0 12 12\">\n\t\t\t\t<path fill=\"#fff\" d=\"M2 0a2 2 0 0 0-2 2v2h1.5V2a.5.5 0 0 1 .5-.5h2V0H2Zm2 10.5H2a.5.5 0 0 1-.5-.5V8H0v2a2 2 0 0 0 2 2h2v-1.5ZM8 12v-1.5h2a.5.5 0 0 0 .5-.5V8H12v2a2 2 0 0 1-2 2H8Zm2-12a2 2 0 0 1 2 2v2h-1.5V2a.5.5 0 0 0-.5-.5H8V0h2Z\" \/>\n\t\t\t<\/svg>\n\t\t<\/button><\/figure>\n\n\n\n<h2 class=\"wp-block-heading\">Scooters<\/h2>\n\n\n\n<p>You can go down from Pecca on scooters. You can find scooter rentals in Port\u00e1\u0161ky, right next to the upper station of the chairlift, or down in Velk\u00e1 \u00dapa.&nbsp;<\/p>\n\n\n\n<p><strong>HOW TO GET TO THE GAME LANDSCAPE STRAIGHT FROM THE FURNACE UNDER THE SNOW?&nbsp;<\/strong><\/p>\n\n\n\n<p>If you are heading to the Pecka Game Landscape directly from Pec pod Sn\u011b\u017ekou, you can choose from several routes:&nbsp;<\/p>\n\n\n\n<ul class=\"wp-block-list\">\n<li class=\"translation-block\">Take the cable car (Sn\u011b\u017eka) to R\u016f\u017eov\u00e1 hora. Then go down to Port\u00e1\u0161ky to the Pecka Game Landscape. The route from R\u016f\u017eov\u00e1 hora is asphalt. You can also do it with a stroller. From the Pecka Game Landscape, you can go down to Velk\u00e1 \u00dapa either on the asphalt road or along the forest path called the Mountain Carriers' Path. <br><br><\/li>\n\n\n\n<li class=\"translation-block\">From Pec pod Sn\u011b\u017ekou, take the \"old road\" to Velk\u00e1 \u00dapa. It is the <a href=\"https:\/\/mapy.cz\/s\/3rIO1\" target=\"_self\">Krakono\u0161's Confessional Walking Trail<\/a> with several play elements for children. From Velk\u00e1 \u00dapa, you can take the Port\u00e1\u0161ky chairlift to Port\u00e1\u0161ky, or choose walking routes (see above). <br><br><\/li>\n\n\n\n<li class=\"translation-block\">Directly from Pec, you can also climb <a href=\"https:\/\/mapy.cz\/s\/3rIOj\" target=\"_self\">R\u016f\u017eov\u00e1 hora on foot and then descend<\/a> to the Game Landscape in Port\u00e1\u0161ky. This route is not suitable for strollers. <br><br><\/li>\n\n\n\n<li class=\"translation-block\">From Pec to Velk\u00e1 \u00dapa, it is also possible to go up the path that begins to climb slightly into the forest behind the M\u00e1j hotel. This route is asphalted and will take you to the Game Landscape. However, it is possible to turn off from it and go up to the Game Landscape by a shorter route along other tourist routes (for example, \u0160ramle), which are no longer asphalted.<\/li>\n<\/ul>\n\n\n\n<p><a href=\"https:\/\/leto.skiresort.cz\/letni-aktivity\/herni-krajina-pecka\/\" data-type=\"link\" data-id=\"https:\/\/leto.skiresort.cz\/letni-aktivity\/herni-krajina-pecka\/\" target=\"_blank\" rel=\"noreferrer noopener nofollow\">Pecka Adventure Park<\/a><\/p>\n\n\n\n<p><\/p>","protected":false},"excerpt":{"rendered":"<p>Hern\u00ed krajina Pecka p\u0159edstavuje unik\u00e1tn\u00ed soubor d\u0159ev\u011bn\u00fdch model\u016f zv\u00ed\u0159at v nad\u017eivotn\u00ed velikosti, lanov\u00fdch stezek a prol\u00e9za\u010dek. Zdarma ji m\u016f\u017eete nav\u0161t\u00edvit u horn\u00ed stanice lanovky na Port\u00e1\u0161ky ve Velk\u00e9 \u00dap\u011b, vzd\u00e1len\u00e9 jen 2,5km od Grand Hotelu Hradec. Hern\u00ed krajina Pecka&nbsp;p\u0159edstavuje \u017eivot ve v\u011btv\u00edch strom\u016f, na louce i v bl\u00edzkosti horsk\u00e9 byst\u0159iny, kter\u00fd je typick\u00fd pro&nbsp;krkono\u0161skou&nbsp;p\u0159\u00edrodu. Stezka&nbsp;u&nbsp;Port\u00e1\u0161ovy [&hellip;]<\/p>","protected":false},"author":1,"featured_media":331,"parent":39,"menu_order":7,"comment_status":"closed","ping_status":"closed","template":"aktivity.php","meta":{"footnotes":""},"class_list":["post-329","page","type-page","status-publish","has-post-thumbnail","hentry"],"_links":{"self":[{"href":"https:\/\/www.grandhotelhradec.cz\/en\/wp-json\/wp\/v2\/pages\/329","targetHints":{"allow":["GET"]}}],"collection":[{"href":"https:\/\/www.grandhotelhradec.cz\/en\/wp-json\/wp\/v2\/pages"}],"about":[{"href":"https:\/\/www.grandhotelhradec.cz\/en\/wp-json\/wp\/v2\/types\/page"}],"author":[{"embeddable":true,"href":"https:\/\/www.grandhotelhradec.cz\/en\/wp-json\/wp\/v2\/users\/1"}],"replies":[{"embeddable":true,"href":"https:\/\/www.grandhotelhradec.cz\/en\/wp-json\/wp\/v2\/comments?post=329"}],"version-history":[{"count":0,"href":"https:\/\/www.grandhotelhradec.cz\/en\/wp-json\/wp\/v2\/pages\/329\/revisions"}],"up":[{"embeddable":true,"href":"https:\/\/www.grandhotelhradec.cz\/en\/wp-json\/wp\/v2\/pages\/39"}],"wp:featuredmedia":[{"embeddable":true,"href":"https:\/\/www.grandhotelhradec.cz\/en\/wp-json\/wp\/v2\/media\/331"}],"wp:attachment":[{"href":"https:\/\/www.grandhotelhradec.cz\/en\/wp-json\/wp\/v2\/media?parent=329"}],"curies":[{"name":"wp","href":"https:\/\/api.w.org\/{rel}","templated":true}]}}