{"id":313,"date":"2025-02-14T00:05:39","date_gmt":"2025-02-13T23:05:39","guid":{"rendered":"https:\/\/www.grandhotelhradec.cz\/?page_id=313"},"modified":"2026-04-12T22:16:55","modified_gmt":"2026-04-12T20:16:55","slug":"mountain-guide","status":"publish","type":"page","link":"https:\/\/www.grandhotelhradec.cz\/en\/discover-pec-pod-snezkou\/mountain-guide\/","title":{"rendered":"Mountain guide"},"content":{"rendered":"<p><strong>Nature in its true essence, trails that no one knows, places that many of us have not yet discovered. You can experience the uniqueness of the experience and an individual approach both during hiking mountain or ski alpine tours, as well as during climbing or cycling tours.<\/strong><\/p>\n\n\n\n<p class=\"translation-block\">Mountain guide <strong>Radek \u010cerm\u00e1k<\/strong> is a professional who accompanies athletes, tourists and climbers in high-altitude conditions in order to ensure their safety and prepare extraordinary experiences for them. He is an accredited mountain guide, a member of the Mountain Service and also of the mountaineering and travel association A-MountTeam, with which he has completed a number of expeditions (5,000 - 6,000 m above sea level) to various places on our planet. Among the most interesting ones are, for example, the North Pole, the Pamirs, the Himalayas, the Caucasus or Patagonia. In addition to expeditions, Radek is an active ski mountaineer. He has organized and participated in a number of European ski-alpine-travel-mountaineering expeditions, e.g. in the Tatras, the Alps or northern Norway.<\/p>\n\n\n\n<p>Radek \u010cerm\u00e1k can offer professional guide services to clients of the Grand Hotel Hradec in the following scope:<\/p>\n\n\n\n<ul class=\"wp-block-list\">\n<li class=\"translation-block\">In the summer, there are unusual hikes with the topography and history of the Krkono\u0161e Mountains, cycling tours that are tailored to those interested.<\/li>\n\n\n\n<li class=\"translation-block\">In winter, it organizes individual ski tours, snowshoeing and hiking trips, avalanche courses, and ice climbing with ice axes and crampons.<\/li>\n<\/ul>\n\n\n\n<p class=\"translation-block\">These services are intended for both individuals and companies, in short, for everyone who is interested in mountains and extraordinary adventures. Their common denominator is <strong>an individual approach and an exceptional experience.<\/strong><\/p>\n\n\n\n<figure class=\"wp-block-table\"><table class=\"has-fixed-layout\"><tbody><tr><td>6-hour hike for a couple<\/td><td>from 5,000 CZK<\/td><\/tr><tr><td>Group of 7 to 12 people<\/td><td>10,000 CZK<\/td><\/tr><tr><td>Company up to 8 people<\/td><td>10,000 CZK<\/td><\/tr><tr><td>Company with more than 8 people<\/td><td>individual calculation<\/td><\/tr><\/tbody><\/table><\/figure>\n\n\n\n<p>It is possible to take any size group on the trip, and the number of guides will be adjusted accordingly.<br><br><strong>Approximate prices for rental additional equipment<\/strong><\/p>\n\n\n\n<figure class=\"wp-block-table\"><table class=\"has-fixed-layout\"><tbody><tr><td>Skialp set<\/td><td>800 CZK\/day\/person<\/td><\/tr><tr><td>Snowshoes<\/td><td>250 CZK\/day\/person<\/td><\/tr><tr><td>Ice grips<\/td><td>100 CZK\/day\/person<\/td><\/tr><tr><td>Chopsticks<\/td><td>100 CZK\/day\/person<\/td><\/tr><\/tbody><\/table><\/figure>\n\n\n\n<p><strong>Contact Radek \u010cerm\u00e1k is <a href=\"tel:603820882\">603 820 882<\/a><\/strong><\/p>\n\n\n\n<p>Prices excluding VAT<\/p>\n\n\n\n<p><\/p>","protected":false},"excerpt":{"rendered":"<p>P\u0159\u00edroda ve sv\u00e9 prav\u00e9 podstat\u011b, stezky, kter\u00e9 nikdo nezn\u00e1, m\u00edsta, kter\u00e1 mnoho z\u00a0n\u00e1s je\u0161t\u011b neobjevilo. V\u00fdjime\u010dnost z\u00e1\u017eitku a individu\u00e1ln\u00ed p\u0159\u00edstup m\u016f\u017eete za\u017e\u00edt jak p\u0159i p\u011b\u0161\u00edch horsk\u00fdch \u010di skialpov\u00fdch t\u00far\u00e1ch, tak p\u0159i lezen\u00ed \u010di vyj\u00ed\u017e\u010fk\u00e1ch na kole. Horsk\u00fd pr\u016fvodce\u00a0Radek \u010cerm\u00e1k\u00a0je profesion\u00e1l, kter\u00fd prov\u00e1z\u00ed sportovce, turisty a horolezce ve vysokohorsk\u00fdch podm\u00ednk\u00e1ch tak, aby zajistil jejich bezpe\u010dnost a [&hellip;]<\/p>","protected":false},"author":1,"featured_media":314,"parent":39,"menu_order":20,"comment_status":"closed","ping_status":"closed","template":"aktivity.php","meta":{"footnotes":""},"class_list":["post-313","page","type-page","status-publish","has-post-thumbnail","hentry"],"_links":{"self":[{"href":"https:\/\/www.grandhotelhradec.cz\/en\/wp-json\/wp\/v2\/pages\/313","targetHints":{"allow":["GET"]}}],"collection":[{"href":"https:\/\/www.grandhotelhradec.cz\/en\/wp-json\/wp\/v2\/pages"}],"about":[{"href":"https:\/\/www.grandhotelhradec.cz\/en\/wp-json\/wp\/v2\/types\/page"}],"author":[{"embeddable":true,"href":"https:\/\/www.grandhotelhradec.cz\/en\/wp-json\/wp\/v2\/users\/1"}],"replies":[{"embeddable":true,"href":"https:\/\/www.grandhotelhradec.cz\/en\/wp-json\/wp\/v2\/comments?post=313"}],"version-history":[{"count":0,"href":"https:\/\/www.grandhotelhradec.cz\/en\/wp-json\/wp\/v2\/pages\/313\/revisions"}],"up":[{"embeddable":true,"href":"https:\/\/www.grandhotelhradec.cz\/en\/wp-json\/wp\/v2\/pages\/39"}],"wp:featuredmedia":[{"embeddable":true,"href":"https:\/\/www.grandhotelhradec.cz\/en\/wp-json\/wp\/v2\/media\/314"}],"wp:attachment":[{"href":"https:\/\/www.grandhotelhradec.cz\/en\/wp-json\/wp\/v2\/media?parent=313"}],"curies":[{"name":"wp","href":"https:\/\/api.w.org\/{rel}","templated":true}]}}