{"id":310,"date":"2025-02-13T23:58:22","date_gmt":"2025-02-13T22:58:22","guid":{"rendered":"https:\/\/www.grandhotelhradec.cz\/?page_id=310"},"modified":"2026-04-12T22:26:30","modified_gmt":"2026-04-12T20:26:30","slug":"treetop-walk","status":"publish","type":"page","link":"https:\/\/www.grandhotelhradec.cz\/en\/discover-pec-pod-snezkou\/treetop-walk\/","title":{"rendered":"Treetop walkway"},"content":{"rendered":"<p>The unique treetop walkway in nearby Jansk\u00e9 L\u00e1zn\u011b is open all year round. The trail, which is 1.5 km long, includes fascinating information points, adrenaline-inducing activities, a water slide and a unique underground exhibition featuring the intricate tree root system of the surrounding forest. The journey takes you from the roots to the canopies of the immense trees that cover the Giant Mountains, where you can enjoy the view from the 45-meter high observation tower.<\/p>\n\n\n\n<p><a href=\"https:\/\/leto.skiresort.cz\/letni-aktivity\/stezka-korunami-stromu\/\" target=\"_blank\" rel=\"noreferrer noopener nofollow\">Treetop walkway<\/a><\/p>\n\n\n\n<p><\/p>","protected":false},"excerpt":{"rendered":"<p>In nearby Jansk\u00e9 L\u00e1zn\u011b, a unique treetop walkway is open year-round. Along the more than 1,500-meter route, you'll find educational information stops, adrenaline-pumping corners, a bobsled slide, and a unique underground exhibit showcasing the complex root systems of trees. Journey from the roots to the crowns of the Krkono\u0161e giants and enjoy the view from the 45-meter-high observation tower. Treetop walkway<\/p>","protected":false},"author":1,"featured_media":749,"parent":39,"menu_order":2,"comment_status":"closed","ping_status":"closed","template":"aktivity.php","meta":{"footnotes":""},"class_list":["post-310","page","type-page","status-publish","has-post-thumbnail","hentry"],"_links":{"self":[{"href":"https:\/\/www.grandhotelhradec.cz\/en\/wp-json\/wp\/v2\/pages\/310","targetHints":{"allow":["GET"]}}],"collection":[{"href":"https:\/\/www.grandhotelhradec.cz\/en\/wp-json\/wp\/v2\/pages"}],"about":[{"href":"https:\/\/www.grandhotelhradec.cz\/en\/wp-json\/wp\/v2\/types\/page"}],"author":[{"embeddable":true,"href":"https:\/\/www.grandhotelhradec.cz\/en\/wp-json\/wp\/v2\/users\/1"}],"replies":[{"embeddable":true,"href":"https:\/\/www.grandhotelhradec.cz\/en\/wp-json\/wp\/v2\/comments?post=310"}],"version-history":[{"count":1,"href":"https:\/\/www.grandhotelhradec.cz\/en\/wp-json\/wp\/v2\/pages\/310\/revisions"}],"predecessor-version":[{"id":750,"href":"https:\/\/www.grandhotelhradec.cz\/en\/wp-json\/wp\/v2\/pages\/310\/revisions\/750"}],"up":[{"embeddable":true,"href":"https:\/\/www.grandhotelhradec.cz\/en\/wp-json\/wp\/v2\/pages\/39"}],"wp:featuredmedia":[{"embeddable":true,"href":"https:\/\/www.grandhotelhradec.cz\/en\/wp-json\/wp\/v2\/media\/749"}],"wp:attachment":[{"href":"https:\/\/www.grandhotelhradec.cz\/en\/wp-json\/wp\/v2\/media?parent=310"}],"curies":[{"name":"wp","href":"https:\/\/api.w.org\/{rel}","templated":true}]}}