{"id":305,"date":"2025-02-13T23:52:05","date_gmt":"2025-02-13T22:52:05","guid":{"rendered":"https:\/\/www.grandhotelhradec.cz\/?page_id=305"},"modified":"2026-04-12T22:17:24","modified_gmt":"2026-04-12T20:17:24","slug":"cable-car-to-snezka","status":"publish","type":"page","link":"https:\/\/www.grandhotelhradec.cz\/en\/discover-pec-pod-snezkou\/cable-car-to-snezka\/","title":{"rendered":"Cableway to Sn\u011b\u017eka"},"content":{"rendered":"<p>Pec pod Sn\u011b\u017ekou is the most common starting point for trips to Sn\u011b\u017eka, the highest mountain in the Czech Republic. Grand Hotel Hradec is located within walking distance (900 metres) from the cableway to Sn\u011b\u017eka. You can reach to the highest mountain in the Czech Republic either on foot or via the Pec pod Sn\u011b\u017ekou - Sn\u011b\u017eka cableway. The modern four-seater gondola lift with a transfer station on R\u016f\u017eov\u00e1 hora is open all year round. The lift ascends almost 700 m and provides breathtaking mountain views along the entire route. Marked hiking trails lead from Sn\u011b\u017eka peak to \u0160pindler\u016fv Ml\u00fdn or Meadow Chalet.<\/p>\n\n\n\n<p><a href=\"https:\/\/www.snezkalanovka.cz\/\" data-type=\"link\" data-id=\"https:\/\/www.snezkalanovka.cz\/\" target=\"_blank\" rel=\"noreferrer noopener nofollow\">Cableway to Sn\u011b\u017eka<\/a><\/p>\n\n\n\n<p><\/p>","protected":false},"excerpt":{"rendered":"<p>Pec pod Sn\u011b\u017ekou je nej\u010dast\u011bj\u0161\u00edm v\u00fdchoz\u00edm m\u00edstem pro v\u00fdlety na Sn\u011b\u017eku. Na nejvy\u0161\u0161\u00ed horu \u010cesk\u00e9 republiky se m\u016f\u017eete vydat p\u011b\u0161ky nebo vyu\u017e\u00edt lanovou dr\u00e1hu Pec pod Sn\u011b\u017ekou \u2013 Sn\u011b\u017eka. Modern\u00ed \u010dty\u0159seda\u010dkov\u00e1 kabinov\u00e1 lanovka s\u00a0p\u0159estupn\u00ed stanic\u00ed na R\u016f\u017eov\u00e9 ho\u0159e je v provozu po cel\u00fd rok. B\u011bhem j\u00edzdy p\u0159ekon\u00e1te p\u0159ev\u00fd\u0161en\u00ed t\u00e9m\u011b\u0159 700 m a celou cestu v\u00e1s [&hellip;]<\/p>","protected":false},"author":1,"featured_media":306,"parent":39,"menu_order":5,"comment_status":"closed","ping_status":"closed","template":"aktivity.php","meta":{"footnotes":""},"class_list":["post-305","page","type-page","status-publish","has-post-thumbnail","hentry"],"_links":{"self":[{"href":"https:\/\/www.grandhotelhradec.cz\/en\/wp-json\/wp\/v2\/pages\/305","targetHints":{"allow":["GET"]}}],"collection":[{"href":"https:\/\/www.grandhotelhradec.cz\/en\/wp-json\/wp\/v2\/pages"}],"about":[{"href":"https:\/\/www.grandhotelhradec.cz\/en\/wp-json\/wp\/v2\/types\/page"}],"author":[{"embeddable":true,"href":"https:\/\/www.grandhotelhradec.cz\/en\/wp-json\/wp\/v2\/users\/1"}],"replies":[{"embeddable":true,"href":"https:\/\/www.grandhotelhradec.cz\/en\/wp-json\/wp\/v2\/comments?post=305"}],"version-history":[{"count":0,"href":"https:\/\/www.grandhotelhradec.cz\/en\/wp-json\/wp\/v2\/pages\/305\/revisions"}],"up":[{"embeddable":true,"href":"https:\/\/www.grandhotelhradec.cz\/en\/wp-json\/wp\/v2\/pages\/39"}],"wp:featuredmedia":[{"embeddable":true,"href":"https:\/\/www.grandhotelhradec.cz\/en\/wp-json\/wp\/v2\/media\/306"}],"wp:attachment":[{"href":"https:\/\/www.grandhotelhradec.cz\/en\/wp-json\/wp\/v2\/media?parent=305"}],"curies":[{"name":"wp","href":"https:\/\/api.w.org\/{rel}","templated":true}]}}