{"id":302,"date":"2025-02-13T23:49:12","date_gmt":"2025-02-13T22:49:12","guid":{"rendered":"https:\/\/www.grandhotelhradec.cz\/?page_id=302"},"modified":"2026-04-12T22:26:22","modified_gmt":"2026-04-12T20:26:22","slug":"relaxpark-pec-bobsleigh-track-and-lemuria","status":"publish","type":"page","link":"https:\/\/www.grandhotelhradec.cz\/en\/discover-pec-pod-snezkou\/relaxpark-pec-bobsleigh-track-and-lemuria\/","title":{"rendered":"Relaxpark Pec with bob-sleigh track"},"content":{"rendered":"<p class=\"translation-block\">The sports and relaxation center <strong>Relaxpark Pec<\/strong> is designed for children and adults. Your children will not want to leave Lemuria, an area full of climbing frames, long slides and large trampolines. Adrenaline lovers will appreciate the 900-meter-long bobsleigh track. It is designed for year-round operation, so you can ride it even in snowdrifts.<\/p>\n\n\n\n<p><a href=\"https:\/\/www.relaxpark.cz\/en\/bobsled-track\/\" data-type=\"link\" data-id=\"https:\/\/www.relaxpark.cz\/bobova-draha\/\" target=\"_blank\" rel=\"noreferrer noopener nofollow\">Relax Park Pec<\/a><\/p>\n\n\n\n<p><\/p>","protected":false},"excerpt":{"rendered":"<p>Sportovn\u011b relaxa\u010dn\u00ed centrum\u00a0Relaxpark Pec\u00a0je ur\u010deno pro d\u011bti i dosp\u011bl\u00e9. Z Lemurie, are\u00e1lu pln\u00e9ho prol\u00e9za\u010dek, dlouh\u00fdch skluzavek nebo velk\u00fdch trampol\u00edn, se va\u0161im d\u011btem nebude cht\u00edt dom\u016f. Milovn\u00edci adrenalinu zase ocen\u00ed 900 metr\u016f dlouhou bobovou dr\u00e1hu. Ta je zkonstruovan\u00e1 pro celoro\u010dn\u00ed provoz, tak\u017ee jezdit m\u016f\u017eete i v z\u00e1v\u011bj\u00edch sn\u011bhu. Relax Park Pec<\/p>","protected":false},"author":1,"featured_media":331,"parent":39,"menu_order":4,"comment_status":"closed","ping_status":"closed","template":"aktivity.php","meta":{"footnotes":""},"class_list":["post-302","page","type-page","status-publish","has-post-thumbnail","hentry"],"_links":{"self":[{"href":"https:\/\/www.grandhotelhradec.cz\/en\/wp-json\/wp\/v2\/pages\/302","targetHints":{"allow":["GET"]}}],"collection":[{"href":"https:\/\/www.grandhotelhradec.cz\/en\/wp-json\/wp\/v2\/pages"}],"about":[{"href":"https:\/\/www.grandhotelhradec.cz\/en\/wp-json\/wp\/v2\/types\/page"}],"author":[{"embeddable":true,"href":"https:\/\/www.grandhotelhradec.cz\/en\/wp-json\/wp\/v2\/users\/1"}],"replies":[{"embeddable":true,"href":"https:\/\/www.grandhotelhradec.cz\/en\/wp-json\/wp\/v2\/comments?post=302"}],"version-history":[{"count":1,"href":"https:\/\/www.grandhotelhradec.cz\/en\/wp-json\/wp\/v2\/pages\/302\/revisions"}],"predecessor-version":[{"id":752,"href":"https:\/\/www.grandhotelhradec.cz\/en\/wp-json\/wp\/v2\/pages\/302\/revisions\/752"}],"up":[{"embeddable":true,"href":"https:\/\/www.grandhotelhradec.cz\/en\/wp-json\/wp\/v2\/pages\/39"}],"wp:featuredmedia":[{"embeddable":true,"href":"https:\/\/www.grandhotelhradec.cz\/en\/wp-json\/wp\/v2\/media\/331"}],"wp:attachment":[{"href":"https:\/\/www.grandhotelhradec.cz\/en\/wp-json\/wp\/v2\/media?parent=302"}],"curies":[{"name":"wp","href":"https:\/\/api.w.org\/{rel}","templated":true}]}}