{"id":299,"date":"2025-02-13T23:37:50","date_gmt":"2025-02-13T22:37:50","guid":{"rendered":"https:\/\/www.grandhotelhradec.cz\/?page_id=299"},"modified":"2026-04-12T22:16:55","modified_gmt":"2026-04-12T20:16:55","slug":"sledding","status":"publish","type":"page","link":"https:\/\/www.grandhotelhradec.cz\/en\/discover-pec-pod-snezkou\/sledding\/","title":{"rendered":"Sledding"},"content":{"rendered":"<p><strong>Go back to your childhood and enjoy sledding down hills. In the Krkono\u0161e Mountains, sledding is spontaneous, so it is possible to practice this sport on almost every hill and go down from different slopes. We have prepared two tips for you for a wonderful and long descent.<\/strong><\/p>\n\n\n\n<h3 class=\"wp-block-heading\">Descent from \u010cern\u00e1 hora to Pec pod Sn\u011b\u017ekou via Kol\u00ednsk\u00e1 bouda<\/h3>\n\n\n\n<p>Route description: You can take the cable car to \u010cern\u00e1 hora from Jansk\u00e9 L\u00e1zn\u011b. You can get to Jansk\u00e9 L\u00e1zn\u011b by bus (timetables available at the reception) or you can use the taxi service (603 493 222). From Monday to Thursday we can also arrange a transfer by the GHH ski bus (however, interest in this service must be reported in advance at the hotel reception).<\/p>\n\n\n\n<h3 class=\"wp-block-heading\">Descent from R\u016f\u017eohorky via Port\u00e1\u0161ovy boudy and Jana hut to Velk\u00e1 \u00dapa or Sp\u00e1len\u00fd ml\u00fdn<\/h3>\n\n\n\n<p>Route description: take the cable car to R\u016f\u017eov\u00e1 hora, or walk up, return from Velk\u00e1 \u00dapa or Sp\u00e1len\u00fd ml\u00fdn by bus (timetables available at the reception) or you can use the taxi service (603 493 222), from Monday to Thursday we can also arrange a transfer by GHH ski bus (however, interest in this service must be reported in advance at the hotel reception).<\/p>\n\n\n\n<h3 class=\"wp-block-heading\">What can you rent at Grand Hotel Hradec?<\/h3>\n\n\n\n<figure class=\"wp-block-table\"><table class=\"has-fixed-layout\"><tbody><tr><td>Sledges<\/td><td>250 CZK \/ day (deposit = payment for rental)<\/td><\/tr><tr><td>Snow plates<\/td><td>100 CZK \/ day (deposit = payment for rental)<\/td><\/tr><tr><td>Snowshoes<\/td><td>260 CZK \/ day (deposit = payment for rental)<\/td><\/tr><\/tbody><\/table><\/figure>","protected":false},"excerpt":{"rendered":"<p>Vra\u0165te se do d\u011btsk\u00fdch let a u\u017e\u00edvejte si sj\u00ed\u017ed\u011bn\u00ed kopc\u016f na s\u00e1\u0148k\u00e1ch. U n\u00e1s v Krkono\u0161\u00edch se s\u00e1\u0148kuje spont\u00e1nn\u011b, proto je mo\u017en\u00e9 provozovat tento sport t\u00e9m\u011b\u0159 na ka\u017ed\u00e9m kopci a sj\u00ed\u017ed\u011bt z r\u016fzn\u00fdch str\u00e1n\u00ed. P\u0159ipravili jsme pro V\u00e1s dva tipy pro b\u00e1je\u010dn\u00fd a dlouh\u00fd sjezd. Sjezd z \u010cern\u00e9 hory do Pece pod Sn\u011b\u017ekou p\u0159es Kol\u00ednskou [&hellip;]<\/p>","protected":false},"author":1,"featured_media":300,"parent":39,"menu_order":19,"comment_status":"closed","ping_status":"closed","template":"aktivity.php","meta":{"footnotes":""},"class_list":["post-299","page","type-page","status-publish","has-post-thumbnail","hentry"],"_links":{"self":[{"href":"https:\/\/www.grandhotelhradec.cz\/en\/wp-json\/wp\/v2\/pages\/299","targetHints":{"allow":["GET"]}}],"collection":[{"href":"https:\/\/www.grandhotelhradec.cz\/en\/wp-json\/wp\/v2\/pages"}],"about":[{"href":"https:\/\/www.grandhotelhradec.cz\/en\/wp-json\/wp\/v2\/types\/page"}],"author":[{"embeddable":true,"href":"https:\/\/www.grandhotelhradec.cz\/en\/wp-json\/wp\/v2\/users\/1"}],"replies":[{"embeddable":true,"href":"https:\/\/www.grandhotelhradec.cz\/en\/wp-json\/wp\/v2\/comments?post=299"}],"version-history":[{"count":0,"href":"https:\/\/www.grandhotelhradec.cz\/en\/wp-json\/wp\/v2\/pages\/299\/revisions"}],"up":[{"embeddable":true,"href":"https:\/\/www.grandhotelhradec.cz\/en\/wp-json\/wp\/v2\/pages\/39"}],"wp:featuredmedia":[{"embeddable":true,"href":"https:\/\/www.grandhotelhradec.cz\/en\/wp-json\/wp\/v2\/media\/300"}],"wp:attachment":[{"href":"https:\/\/www.grandhotelhradec.cz\/en\/wp-json\/wp\/v2\/media?parent=299"}],"curies":[{"name":"wp","href":"https:\/\/api.w.org\/{rel}","templated":true}]}}