{"id":291,"date":"2025-02-13T23:36:13","date_gmt":"2025-02-13T22:36:13","guid":{"rendered":"https:\/\/www.grandhotelhradec.cz\/?page_id=291"},"modified":"2026-04-12T22:16:55","modified_gmt":"2026-04-12T20:16:55","slug":"skialp","status":"publish","type":"page","link":"https:\/\/www.grandhotelhradec.cz\/en\/discover-pec-pod-snezkou\/skialp\/","title":{"rendered":"Skialp"},"content":{"rendered":"<p class=\"translation-block\"><strong>Stick ski straps on your skis and climb<\/strong> through the poetic, snowy landscape. On cross-country skis, it would be a lot of work, but on snowshoes it would be a shame not to take advantage of the slope that is heading down. However, on ski straps you don't have to rush, you just have to move your skis step by step and enjoy. Choose from these routes:<\/p>\n\n\n\n<h3 class=\"wp-block-heading\">Alpine ski route five \u2013 through Modr\u00fd dol to V\u00fdrovec<\/h3>\n\n\n\n<p>From Pec pod Sn\u011b\u017ekou, follow the red trail to the ascent to Modr\u00fd dol and follow the winter pole path through Modr\u00fd dol to V\u00fdrovec (you are passing through a massive avalanche path, so be careful, and especially at the end you may have problems with orientation due to blown poles). Then continue on the green trail through Richtrovy Boudy and enjoy a beautiful descent all the way down to Pec pod Sn\u011b\u017ekou. (You can also choose the option where you turn to the red trail at the U Richtrovy bud crossroads and continue to Zelen\u00fd dol or follow the red trail to \u017delezn\u00e1 stezka.)<\/p>\n\n\n\n<h3 class=\"wp-block-heading\">Alpine ski route number six \u2013 Through the Giant Valley to Sn\u011b\u017eka<\/h3>\n\n\n\n<p>From Pec pod Sn\u011b\u017ekou you take the blue route to Ob\u0159\u00ed d\u016fl and climb to the saddle under the former Ob\u0159\u00ed bouda, be careful, this is a steep and often icy section!!! You follow the red route over the top of Sn\u011b\u017eka, here you will again encounter a steep and often icy section!!! Please be careful of other visitors and if you go in the opposite direction, take off your skis and walk. You proceed down the yellow route to the upper station of the cable car on R\u016f\u017eov\u00e1 hora (often blown out and icy terrain), then through the gap under the cable car, this is a steep and often icy section (and in addition, there are 2 steel cables running lengthwise throughout the entire section), continue to the lower station of the cable car.<\/p>\n\n\n\n<p>When descending: continue along the yellow or blue path and to Pec pod Sn\u011b\u017ekou, or through the meadows of the V\u011btrn\u00edk and Karl\u016fv vrch enclaves and along the unmarked path you can continue to Velk\u00e1 \u00dapa. Another option is a safe option via R\u016f\u017eohorky (green and yellow mark - upper station of the Bobolift and along the slope down to Velk\u00e1 \u00dapa). When ascending from Pec pod Sn\u011b\u017ekou, you can also use the green mark through the Bukov\u00fd \u00fadol\u00edem, but we do not recommend it for the descent (steep and often very icy terrain). \u00a0<\/p>\n\n\n\n<h3 class=\"wp-block-heading\">What can we book for you?<\/h3>\n\n\n\n<figure class=\"wp-block-table\"><table class=\"has-fixed-layout\"><tbody><tr><td>Skiing\/Snowboarding<\/td><td>440 CZK \/ day (deposit = payment for rental)<\/td><\/tr><tr><td>Alpine skis<\/td><td>900 CZK \/ day (deposit = payment for rental)<\/td><\/tr><tr><td>Cross-country ski<\/td><td>350 CZK \/ day (deposit = payment for rental)<\/td><\/tr><\/tbody><\/table><\/figure>","protected":false},"excerpt":{"rendered":"<p>Nalepit na ly\u017ee p\u00e1sy a stoupat&nbsp;poetickou, zasn\u011b\u017eenou krajinou. Na b\u011b\u017ek\u00e1ch u\u017e by to byla velk\u00e1 d\u0159ina, na sn\u011b\u017enic\u00edch je zase \u0161koda nevyu\u017e\u00edt svahu, kter\u00fd m\u00ed\u0159\u00ed dol\u016f. P\u0159itom na p\u00e1sech se nemus\u00ed nijak sp\u011bchat, sta\u010d\u00ed posouvat ly\u017ee krok sun krok a kochat se. Vyberte si t\u0159eba z&nbsp;t\u011bchto tras: Skialpov\u00e1 trasa p\u011btka \u2013 Modr\u00fdm dolem k V\u00fdrovce [&hellip;]<\/p>","protected":false},"author":1,"featured_media":297,"parent":39,"menu_order":18,"comment_status":"closed","ping_status":"closed","template":"aktivity.php","meta":{"footnotes":""},"class_list":["post-291","page","type-page","status-publish","has-post-thumbnail","hentry"],"_links":{"self":[{"href":"https:\/\/www.grandhotelhradec.cz\/en\/wp-json\/wp\/v2\/pages\/291","targetHints":{"allow":["GET"]}}],"collection":[{"href":"https:\/\/www.grandhotelhradec.cz\/en\/wp-json\/wp\/v2\/pages"}],"about":[{"href":"https:\/\/www.grandhotelhradec.cz\/en\/wp-json\/wp\/v2\/types\/page"}],"author":[{"embeddable":true,"href":"https:\/\/www.grandhotelhradec.cz\/en\/wp-json\/wp\/v2\/users\/1"}],"replies":[{"embeddable":true,"href":"https:\/\/www.grandhotelhradec.cz\/en\/wp-json\/wp\/v2\/comments?post=291"}],"version-history":[{"count":0,"href":"https:\/\/www.grandhotelhradec.cz\/en\/wp-json\/wp\/v2\/pages\/291\/revisions"}],"up":[{"embeddable":true,"href":"https:\/\/www.grandhotelhradec.cz\/en\/wp-json\/wp\/v2\/pages\/39"}],"wp:featuredmedia":[{"embeddable":true,"href":"https:\/\/www.grandhotelhradec.cz\/en\/wp-json\/wp\/v2\/media\/297"}],"wp:attachment":[{"href":"https:\/\/www.grandhotelhradec.cz\/en\/wp-json\/wp\/v2\/media?parent=291"}],"curies":[{"name":"wp","href":"https:\/\/api.w.org\/{rel}","templated":true}]}}