{"id":288,"date":"2025-02-13T22:59:26","date_gmt":"2025-02-13T21:59:26","guid":{"rendered":"https:\/\/www.grandhotelhradec.cz\/?page_id=288"},"modified":"2026-04-12T22:16:55","modified_gmt":"2026-04-12T20:16:55","slug":"cross-country-skiing","status":"publish","type":"page","link":"https:\/\/www.grandhotelhradec.cz\/en\/discover-pec-pod-snezkou\/cross-country-skiing\/","title":{"rendered":"Cross-country skiing"},"content":{"rendered":"<p><strong>Cross-country skiing is not only a balm for our bodies, a sport, but also a beautiful way of active relaxation and an opportunity to discover new places. Choose from these routes, for example:<\/strong><br>&nbsp;<\/p>\n\n\n\n<h3 class=\"wp-block-heading\"><strong>To Sn\u011b\u017eka and via V\u00fdrovka and Li\u0161\u010d\u00ed hora back to Pec (19 km)<\/strong><\/h3>\n\n\n\n<p>From Pec you can take the cable car to Sn\u011b\u017eka. From Sn\u011b\u017eka you can descend to Ob\u0159\u00ed sedlo and further to Lu\u010dn\u00ed bouda and through the monument to the victims of the mountains you will reach V\u00fdrovka. From V\u00fdrovka you can go along a flat section to the Na Rozcest\u00ed cottage and from there via Li\u0161\u010d\u00ed hora to the Ski hut and the Zahr\u00e1dky ski slope. Here you can go down to Pec or extend the circuit through Pecka solitude. The circuit is approximately 19 km in total (including the cable car to Sn\u011b\u017eka). <strong><em><a href=\"https:\/\/www.grandhotelhradec.cz\/wp-content\/uploads\/2025\/02\/bezkovani-mapa-1.pdf\" data-type=\"attachment\" data-id=\"294\">Route map in PDF<\/a><\/em><\/strong><br>\u00a0<\/p>\n\n\n\n<h3 class=\"wp-block-heading\"><strong>Through Bramberk to the hill, through Li\u0161\u010d\u00ed hora and Rennerovky back to Pec (18 km)<\/strong><\/h3>\n\n\n\n<p>A moderately difficult circuit, which you can make even more difficult by not using the cable car to Hn\u011bd\u00fd vrch. Without the cable car, the approximately eighteen-kilometer route will offer you a groomed trail along its entire length. After taking the cable car to Hn\u011bd\u00fd vrch, you can enjoy the view of the Krkono\u0161e Mountains from the Hn\u011bd\u00fd vrch lookout tower. From Hn\u011bd\u00fd vrch, you will drive over Li\u0161\u010d\u00ed hora to the Na Rozcest\u00ed buffet. From there, you will head past Dvorsk\u00e1 bouda and Rennerov\u00fd buda along the Vodovodn\u00ed cesta to Lesn\u00ed bouda and Zahr\u00e1dky. Here you can go back to Pec or extend the circuit through Pecka samota. <strong><em><a href=\"https:\/\/www.grandhotelhradec.cz\/wp-content\/uploads\/2025\/02\/bezkovani-mapa-2.pdf\" data-type=\"attachment\" data-id=\"293\">Route map in PDF<\/a><\/em><\/strong><br>\u00a0<\/p>\n\n\n\n<h3 class=\"wp-block-heading\"><strong>Short sightseeing trip from Pec to Pec (8 km)<\/strong><\/h3>\n\n\n\n<p>A very easy circuit, which you can make more difficult by not using the cable car to Hn\u011bd\u00fd vrch. Without the cable car, the approximately eight-kilometer route offers you a groomed trail along its entire length, with the possibility of skating. After taking the cable car to Hn\u011bd\u00fd vrch, you can visit the observation tower of the same name, where in good weather you will see the Krkono\u0161e Mountains in all their beauty.\u00a0<strong><em><a href=\"https:\/\/www.grandhotelhradec.cz\/wp-content\/uploads\/2025\/02\/bezkovani-mapa-3.pdf\" data-type=\"attachment\" data-id=\"292\">Route map in PDF<\/a><\/em><\/strong><\/p>\n\n\n\n<h3 class=\"wp-block-heading\">What can we book for you?<\/h3>\n\n\n\n<figure class=\"wp-block-table\"><table class=\"has-fixed-layout\"><tbody><tr><td>Skiing\/Snowboarding<\/td><td>490 CZK \/ day (deposit = payment for rental)<\/td><\/tr><tr><td>Alpine skis<\/td><td>990 CZK \/ day (deposit = payment for rental)<\/td><\/tr><tr><td>Cross-country ski<\/td><td>350 CZK \/ day (deposit = payment for rental)<\/td><\/tr><\/tbody><\/table><\/figure>","protected":false},"excerpt":{"rendered":"<p>Cross-country skiing is not only a balm for our bodies, a sport, but also a beautiful way to actively relax and an opportunity to discover new places. For example, choose from these routes: To Sn\u011b\u017eka and back to Pec via V\u00fdrovka and Li\u0161\u010d\u00ed hora (19 km). From Pec, you take the cable car up to Sn\u011b\u017eka. From Sn\u011b\u017eka, you descend to Ob\u0159\u00ed sedlo and then to [\u2026]<\/p>","protected":false},"author":1,"featured_media":289,"parent":39,"menu_order":17,"comment_status":"closed","ping_status":"closed","template":"aktivity.php","meta":{"footnotes":""},"class_list":["post-288","page","type-page","status-publish","has-post-thumbnail","hentry"],"_links":{"self":[{"href":"https:\/\/www.grandhotelhradec.cz\/en\/wp-json\/wp\/v2\/pages\/288","targetHints":{"allow":["GET"]}}],"collection":[{"href":"https:\/\/www.grandhotelhradec.cz\/en\/wp-json\/wp\/v2\/pages"}],"about":[{"href":"https:\/\/www.grandhotelhradec.cz\/en\/wp-json\/wp\/v2\/types\/page"}],"author":[{"embeddable":true,"href":"https:\/\/www.grandhotelhradec.cz\/en\/wp-json\/wp\/v2\/users\/1"}],"replies":[{"embeddable":true,"href":"https:\/\/www.grandhotelhradec.cz\/en\/wp-json\/wp\/v2\/comments?post=288"}],"version-history":[{"count":0,"href":"https:\/\/www.grandhotelhradec.cz\/en\/wp-json\/wp\/v2\/pages\/288\/revisions"}],"up":[{"embeddable":true,"href":"https:\/\/www.grandhotelhradec.cz\/en\/wp-json\/wp\/v2\/pages\/39"}],"wp:featuredmedia":[{"embeddable":true,"href":"https:\/\/www.grandhotelhradec.cz\/en\/wp-json\/wp\/v2\/media\/289"}],"wp:attachment":[{"href":"https:\/\/www.grandhotelhradec.cz\/en\/wp-json\/wp\/v2\/media?parent=288"}],"curies":[{"name":"wp","href":"https:\/\/api.w.org\/{rel}","templated":true}]}}