{"id":285,"date":"2025-02-13T22:56:59","date_gmt":"2025-02-13T21:56:59","guid":{"rendered":"https:\/\/www.grandhotelhradec.cz\/?page_id=285"},"modified":"2026-04-12T22:16:55","modified_gmt":"2026-04-12T20:16:55","slug":"skiing","status":"publish","type":"page","link":"https:\/\/www.grandhotelhradec.cz\/en\/discover-pec-pod-snezkou\/skiing\/","title":{"rendered":"SkiResort \u010cern\u00e1 hora \u2013 Pec"},"content":{"rendered":"<p>Great slopes, perfect morning air and unforgettable apr\u00e8s ski. Ski in the largest ski resort in the Czech Republic. SkiResort \u010cern\u00e1 Hora \u2013 Pec consists of 6 interconnected ski areas. Only 1 ski pass is enough for 50 km of slopes of various difficulty and ski routes. In addition, there is the longest, perfectly lit slope for evening skiing, a freestyle park, snow tubing with banked turns and a number of groomed cross-country trails. Of course, the resort has a high-quality background with a ski school, service, rental and a wide range of refreshments.\u00a0 \u00a0\u00a0\u00a0<\/p>\n\n\n\n<p>For transportation to the ski area, you can use the GHH ski bus or the public ski bus. The GHH ski bus stops at the hotel shop, which is located at the exit from the hotel ski room, and will take you to the Javor area. Book the ski bus at the reception, where you can also arrange the exact departure time. For the return trip from the Javor slope, the ski bus stops at the SkiresortLive ski rental. Guests must show their hotel card when boarding, which they will receive at the reception upon check-in. The public ski bus stops at Kapli\u010dka and runs at 30-minute intervals from 8:20. It stops at the Javor slope on the way back.<\/p>\n\n\n\n<ul class=\"wp-block-list\">\n<li class=\"translation-block\">Current information about cable cars and the condition of the slopes can be found here: https:\/\/www.skiresort.cz\/informace\/lanovky-a-vleky\/<\/li>\n\n\n\n<li class=\"translation-block\"><strong>Information about transportation<\/strong> between ski resorts can be found at <a href=\"https:\/\/www.skiresort.cz\/sluzby\/skibus\/\" target=\"_blank\" rel=\"noreferrer noopener\">https:\/\/www.skiresort.cz\/sluzby\/skibus\/<\/a><\/li>\n\n\n\n<li class=\"translation-block\"><strong>Price lists<\/strong> of ski passes, information about ski schools, rentals and service can be found at <a href=\"https:\/\/www.skiresort.cz\/cenik\/\" target=\"_blank\" rel=\"noreferrer noopener\">https:\/\/www.skiresort.cz\/cenik\/<\/a><\/li>\n<\/ul>\n\n\n\n<p><\/p>","protected":false},"excerpt":{"rendered":"<p>Great slopes, perfect morning corduroy, and unforgettable apr\u00e8s-ski. Ski in the largest ski resort in the Czech Republic. SkiResort \u010cern\u00e1 Hora \u2013 Pec consists of 6 interconnected ski areas. You only need one ski pass for 50 km of slopes of varying difficulty and ski routes. Additionally, there is the longest, excellently lit slope for night skiing, a freestyle [...]<\/p>","protected":false},"author":1,"featured_media":286,"parent":39,"menu_order":16,"comment_status":"closed","ping_status":"closed","template":"aktivity.php","meta":{"footnotes":""},"class_list":["post-285","page","type-page","status-publish","has-post-thumbnail","hentry"],"_links":{"self":[{"href":"https:\/\/www.grandhotelhradec.cz\/en\/wp-json\/wp\/v2\/pages\/285","targetHints":{"allow":["GET"]}}],"collection":[{"href":"https:\/\/www.grandhotelhradec.cz\/en\/wp-json\/wp\/v2\/pages"}],"about":[{"href":"https:\/\/www.grandhotelhradec.cz\/en\/wp-json\/wp\/v2\/types\/page"}],"author":[{"embeddable":true,"href":"https:\/\/www.grandhotelhradec.cz\/en\/wp-json\/wp\/v2\/users\/1"}],"replies":[{"embeddable":true,"href":"https:\/\/www.grandhotelhradec.cz\/en\/wp-json\/wp\/v2\/comments?post=285"}],"version-history":[{"count":0,"href":"https:\/\/www.grandhotelhradec.cz\/en\/wp-json\/wp\/v2\/pages\/285\/revisions"}],"up":[{"embeddable":true,"href":"https:\/\/www.grandhotelhradec.cz\/en\/wp-json\/wp\/v2\/pages\/39"}],"wp:featuredmedia":[{"embeddable":true,"href":"https:\/\/www.grandhotelhradec.cz\/en\/wp-json\/wp\/v2\/media\/286"}],"wp:attachment":[{"href":"https:\/\/www.grandhotelhradec.cz\/en\/wp-json\/wp\/v2\/media?parent=285"}],"curies":[{"name":"wp","href":"https:\/\/api.w.org\/{rel}","templated":true}]}}