{"id":159,"date":"2025-02-09T22:10:30","date_gmt":"2025-02-09T21:10:30","guid":{"rendered":"https:\/\/www.grandhotelhradec.cz\/?page_id=159"},"modified":"2025-03-23T22:22:07","modified_gmt":"2025-03-23T21:22:07","slug":"superior-suite-with-terrace","status":"publish","type":"page","link":"https:\/\/www.grandhotelhradec.cz\/en\/rooms\/superior-suite-with-terrace\/","title":{"rendered":"Superior suite with terrace"},"content":{"rendered":"<p>These designer Superior Suites with a floorspace of 60 m2 will embrace you in comfortable, timeless and modern design with an outdoor terrace or balcony. These rooms feature a spacious bedroom with a comfortable double bed (which can be divided), an adjacent living room with a comfortable fold-out sofa, tastefully appointed bathroom and separate toilet. These rooms are suitable for 4 to 5 people. The rooms also feature a solid oak desk and wardrobes and highly effective mountain air recuperation.<\/p>\n\n\n\n<div class=\"wp-block-group\"><div class=\"wp-block-group__inner-container is-layout-constrained wp-block-group-is-layout-constrained\">\n<h2 class=\"wp-block-heading\">Room facilities<\/h2>\n\n\n\n<ul class=\"wp-block-list\">\n<li>Free quality WiFi<\/li>\n\n\n\n<li>Espresso machine with a selection of illy coffee, kettle with a selection of teas<\/li>\n\n\n\n<li>Minibar<\/li>\n\n\n\n<li>Safety deposit box<\/li>\n\n\n\n<li>Telephone<\/li>\n\n\n\n<li>Wake-up service \/ alarm clock<\/li>\n\n\n\n<li>Mountain air recuperation<\/li>\n\n\n\n<li>Solid oak desk and chair<\/li>\n\n\n\n<li>Solid oak wardrobe, bar and bedside tables&nbsp;<\/li>\n\n\n\n<li>King size bed<\/li>\n\n\n\n<li>Built-in dryer for wet items<\/li>\n\n\n\n<li>Smart TV with countless channels, IPTV<\/li>\n\n\n\n<li>Power supply in the room activated by card (one socket functional 24\/7)<\/li>\n\n\n\n<li>Carpets made of 100% New Zealand wool<\/li>\n\n\n\n<li>Sofa bed<\/li>\n\n\n\n<li>Superior soundproofing<\/li>\n\n\n\n<li>Solid oak cabinets<\/li>\n\n\n\n<li>Bedding and linens (different pillows available on request)&nbsp;<\/li>\n\n\n\n<li>Room accessible by elevator<\/li>\n\n\n\n<li>Wheelchair access<\/li>\n\n\n\n<li>Children\u2019s bed available for free on request (reservation needed)<\/li>\n\n\n\n<li>Accessible by elevator<\/li>\n<\/ul>\n\n\n\n<h2 class=\"wp-block-heading\">In your private bathroom<\/h2>\n\n\n\n<ul class=\"wp-block-list\">\n<li>Bath tub or shower<\/li>\n\n\n\n<li>Hair dryer<\/li>\n\n\n\n<li>Magnifying cosmetic mirror<\/li>\n\n\n\n<li>Bathrobe and slippers<\/li>\n\n\n\n<li>Toiletries<\/li>\n\n\n\n<li>Towels<\/li>\n\n\n\n<li>Olivia Cosmetics<\/li>\n\n\n\n<li>Natural stone tiling - quartzite<\/li>\n<\/ul>\n<\/div><\/div>\n\n\n\n<div style=\"height:50px\" aria-hidden=\"true\" class=\"wp-block-spacer\"><\/div>\n\n\n\n<div class=\"wp-block-buttons is-content-justification-center is-layout-flex wp-container-core-buttons-is-layout-16018d1d wp-block-buttons-is-layout-flex\">\n<div class=\"wp-block-button rezervace\"><a class=\"wp-block-button__link wp-element-button\" href=\"https:\/\/grandhotelhradec.book-onlinenow.net\/index.aspx?cur=CZK&amp;lan_id=cs-CZ&amp;Page=19&amp;promocode=GHH\" target=\"_blank\" rel=\"\">Book now<\/a><\/div>\n<\/div>\n\n\n\n<div style=\"height:50px\" aria-hidden=\"true\" class=\"wp-block-spacer\"><\/div>\n\n\n\n<figure class=\"wp-block-gallery has-nested-images columns-default is-cropped wp-block-gallery-1 is-layout-flex wp-block-gallery-is-layout-flex\">\n<figure class=\"wp-block-image size-medium\"><a href=\"https:\/\/www.grandhotelhradec.cz\/wp-content\/uploads\/2025\/02\/Grand-Hotel-Hradec-Pec-pod-Snezkou-Superior-suite-s-terasou-01-scaled.webp\"><img loading=\"lazy\" decoding=\"async\" width=\"600\" height=\"401\" data-id=\"163\" src=\"https:\/\/www.grandhotelhradec.cz\/wp-content\/uploads\/2025\/02\/Grand-Hotel-Hradec-Pec-pod-Snezkou-Superior-suite-s-terasou-01-600x401.webp\" alt=\"\" class=\"wp-image-163\" srcset=\"https:\/\/www.grandhotelhradec.cz\/wp-content\/uploads\/2025\/02\/Grand-Hotel-Hradec-Pec-pod-Snezkou-Superior-suite-s-terasou-01-600x401.webp 600w, https:\/\/www.grandhotelhradec.cz\/wp-content\/uploads\/2025\/02\/Grand-Hotel-Hradec-Pec-pod-Snezkou-Superior-suite-s-terasou-01-2000x1335.webp 2000w\" sizes=\"auto, (max-width: 600px) 100vw, 600px\" \/><\/a><\/figure>\n\n\n\n<figure class=\"wp-block-image size-medium\"><a href=\"https:\/\/www.grandhotelhradec.cz\/wp-content\/uploads\/2025\/02\/Grand-Hotel-Hradec-Pec-pod-Snezkou-Superior-suite-s-terasou-02-scaled.webp\"><img loading=\"lazy\" decoding=\"async\" width=\"600\" height=\"401\" data-id=\"162\" src=\"https:\/\/www.grandhotelhradec.cz\/wp-content\/uploads\/2025\/02\/Grand-Hotel-Hradec-Pec-pod-Snezkou-Superior-suite-s-terasou-02-600x401.webp\" alt=\"Grand Hotel Hradec - Pec pod Sn\u011b\u017ekou - Superior suite with terrace 02\" class=\"wp-image-162\" srcset=\"https:\/\/www.grandhotelhradec.cz\/wp-content\/uploads\/2025\/02\/Grand-Hotel-Hradec-Pec-pod-Snezkou-Superior-suite-s-terasou-02-600x401.webp 600w, https:\/\/www.grandhotelhradec.cz\/wp-content\/uploads\/2025\/02\/Grand-Hotel-Hradec-Pec-pod-Snezkou-Superior-suite-s-terasou-02-2000x1335.webp 2000w\" sizes=\"auto, (max-width: 600px) 100vw, 600px\" \/><\/a><\/figure>\n\n\n\n<figure class=\"wp-block-image size-medium\"><a href=\"https:\/\/www.grandhotelhradec.cz\/wp-content\/uploads\/2025\/02\/Grand-Hotel-Hradec-Pec-pod-Snezkou-Superior-suite-s-terasou-04-scaled.webp\"><img loading=\"lazy\" decoding=\"async\" width=\"600\" height=\"401\" data-id=\"160\" src=\"https:\/\/www.grandhotelhradec.cz\/wp-content\/uploads\/2025\/02\/Grand-Hotel-Hradec-Pec-pod-Snezkou-Superior-suite-s-terasou-04-600x401.webp\" alt=\"Grand Hotel Hradec - Pec pod Sn\u011b\u017ekou - Superior suite with terrace 04\" class=\"wp-image-160\" srcset=\"https:\/\/www.grandhotelhradec.cz\/wp-content\/uploads\/2025\/02\/Grand-Hotel-Hradec-Pec-pod-Snezkou-Superior-suite-s-terasou-04-600x401.webp 600w, https:\/\/www.grandhotelhradec.cz\/wp-content\/uploads\/2025\/02\/Grand-Hotel-Hradec-Pec-pod-Snezkou-Superior-suite-s-terasou-04-2000x1335.webp 2000w\" sizes=\"auto, (max-width: 600px) 100vw, 600px\" \/><\/a><\/figure>\n<\/figure>\n\n\n\n<p><\/p>","protected":false},"excerpt":{"rendered":"<p>V designov\u011b za\u0159\u00edzen\u00fdch pokoj\u00edch typu Superior Suite o plo\u0161e 60 m2 V\u00e1s oslov\u00ed pohodl\u00ed, nad\u010dasovost, a modern\u00ed design spolu s venkovn\u00ed terasou \u010di balkonem. Sou\u010d\u00e1st\u00ed tohoto typu pokoje je prostorn\u00e1 lo\u017enice,&nbsp;kde se nach\u00e1z\u00ed pohodln\u00e9 dvoul\u016f\u017eko (kter\u00e9 je mo\u017en\u00e9 rozd\u011blit), k n\u00ed p\u0159il\u00e9h\u00e1 modern\u00ed ob\u00fdvac\u00ed pokoj s pohodlnou rozkl\u00e1dac\u00ed pohovkou, vkusn\u011b za\u0159\u00edzen\u00e1 koupelna a samostatn\u00e1 toaleta. [&hellip;]<\/p>","protected":false},"author":1,"featured_media":574,"parent":29,"menu_order":5,"comment_status":"closed","ping_status":"closed","template":"pokoj.php","meta":{"footnotes":""},"class_list":["post-159","page","type-page","status-publish","has-post-thumbnail","hentry"],"_links":{"self":[{"href":"https:\/\/www.grandhotelhradec.cz\/en\/wp-json\/wp\/v2\/pages\/159","targetHints":{"allow":["GET"]}}],"collection":[{"href":"https:\/\/www.grandhotelhradec.cz\/en\/wp-json\/wp\/v2\/pages"}],"about":[{"href":"https:\/\/www.grandhotelhradec.cz\/en\/wp-json\/wp\/v2\/types\/page"}],"author":[{"embeddable":true,"href":"https:\/\/www.grandhotelhradec.cz\/en\/wp-json\/wp\/v2\/users\/1"}],"replies":[{"embeddable":true,"href":"https:\/\/www.grandhotelhradec.cz\/en\/wp-json\/wp\/v2\/comments?post=159"}],"version-history":[{"count":1,"href":"https:\/\/www.grandhotelhradec.cz\/en\/wp-json\/wp\/v2\/pages\/159\/revisions"}],"predecessor-version":[{"id":723,"href":"https:\/\/www.grandhotelhradec.cz\/en\/wp-json\/wp\/v2\/pages\/159\/revisions\/723"}],"up":[{"embeddable":true,"href":"https:\/\/www.grandhotelhradec.cz\/en\/wp-json\/wp\/v2\/pages\/29"}],"wp:featuredmedia":[{"embeddable":true,"href":"https:\/\/www.grandhotelhradec.cz\/en\/wp-json\/wp\/v2\/media\/574"}],"wp:attachment":[{"href":"https:\/\/www.grandhotelhradec.cz\/en\/wp-json\/wp\/v2\/media?parent=159"}],"curies":[{"name":"wp","href":"https:\/\/api.w.org\/{rel}","templated":true}]}}