{"id":1098,"date":"2026-01-12T13:25:56","date_gmt":"2026-01-12T12:25:56","guid":{"rendered":"https:\/\/www.grandhotelhradec.cz\/?page_id=1098"},"modified":"2026-01-12T13:42:24","modified_gmt":"2026-01-12T12:42:24","slug":"taping-after-tension-2","status":"publish","type":"page","link":"https:\/\/www.grandhotelhradec.cz\/en\/wellness\/taping-after-tension-2\/","title":{"rendered":"Taping after weight lifting"},"content":{"rendered":"<p><strong>Regeneration, relief, movement support \u2013 a modern form of regeneration<\/strong><\/p>\n\n\n\n<p>After sports, hiking or a hard day, you deserve quality regeneration. Taping helps relieve muscle and tendon overload, soothes irritated areas and supports the proper functioning of the musculoskeletal system. Taping at Bubbly Wellness is a gentle method to support regeneration after sports and restore lightness to the body. Targeted application of tapes helps muscles and tendons function properly again.<\/p>\n\n\n\n<p>It is not a treatment or a substitute for medical intervention. Taping is suitable for both men and women without distinction.<\/p>\n\n\n\n<p><strong>Regeneration service reservation: 30 min<\/strong><\/p>\n\n\n\n<h2 class=\"wp-block-heading\">We offer targeted taping of the following areas:<\/h2>\n\n\n\n<h3 class=\"wp-block-heading\">Neck, entire neck - trapezius<\/h3>\n\n\n\n<ul class=\"wp-block-list\">\n<li><strong>At<\/strong>: long sitting, stress, strenuous hiking, lying on a pillow, rapid neck movement and stiffness<\/li>\n\n\n\n<li><strong>Muscles<\/strong>: m. trapezius (trapezoid), m. levator scapulae (scapular elevator)<\/li>\n\n\n\n<li><strong>Effect<\/strong>: release tension, improve head posture, promote stretching<\/li>\n<\/ul>\n\n\n\n<p>Price for women: 720 CZK<br>Price for men: 750 CZK<\/p>\n\n\n\n<p><em>The price includes: consultation with a taping therapist and diagnosis of stiffness and strain, application of a quality kinesiology tape for relaxation, taping care instructions and taping removal instructions.<\/em><\/p>\n\n\n\n<h3 class=\"wp-block-heading\">Shia<\/h3>\n\n\n\n<ul class=\"wp-block-list\">\n<li><strong>At<\/strong>: long sitting, stress, strenuous hiking, lying on a pillow and other strain<\/li>\n\n\n\n<li><strong>Muscles<\/strong>: m. trapezius (trapezoid)<\/li>\n\n\n\n<li><strong>Effect<\/strong>: release tension, improve head posture, promote stretching<\/li>\n<\/ul>\n\n\n\n<p>Price for women: 610 CZK<br>Price men: 610 CZK<\/p>\n\n\n\n<p><em>The price includes: consultation with a taping therapist and diagnosis of stiffness and strain, application of a quality kinesiology tape for relaxation, taping care instructions and taping removal instructions.<\/em><\/p>\n\n\n\n<h3 class=\"wp-block-heading\">Shoulder<\/h3>\n\n\n\n<ul class=\"wp-block-list\">\n<li><strong>At<\/strong>: wearing a backpack hiking, cycling, throwing, swimming and general fatigue<\/li>\n\n\n\n<li><strong>Muscles<\/strong>: m. deltoideus (deltoid), rotator cuff (structure of muscles and tendons surrounding the shoulder joint)<\/li>\n\n\n\n<li><strong>Effect<\/strong>: joint fixation, stability and relief<\/li>\n<\/ul>\n\n\n\n<p>Price for women: 605 CZK<br>Price for men: 615 CZK<\/p>\n\n\n\n<p><em>The price includes: consultation with a taping therapist and diagnosis of stiffness and strain, application of a quality kinesiology tape for relaxation, taping care instructions and taping removal instructions.<\/em><\/p>\n\n\n\n<h3 class=\"wp-block-heading\">Biceps. Triceps<\/h3>\n\n\n\n<ul class=\"wp-block-list\">\n<li><strong>At<\/strong>: weight-bearing fitness, walking with trekking poles, other leisure activities<\/li>\n\n\n\n<li><strong>Muscles<\/strong>: biceps brachii short head, long head, triceps brachii<\/li>\n\n\n\n<li><strong>Effect<\/strong>: reduction of muscle tension, overall relaxation<\/li>\n<\/ul>\n\n\n\n<p>Price for women: 635 CZK<br>Price men: 640 CZK<\/p>\n\n\n\n<p><em>The price includes: consultation with a taping therapist and diagnosis of stiffness and strain, application of a quality kinesiology tape for relaxation, taping care instructions and taping removal instructions.<\/em><\/p>\n\n\n\n<h3 class=\"wp-block-heading\">Wrist, finger, thumb<\/h3>\n\n\n\n<ul class=\"wp-block-list\">\n<li><strong>At<\/strong>: cycling, walking with trekking poles, working with the phone, general hand fatigue<\/li>\n\n\n\n<li><strong>Muscles<\/strong>: carpal bones and overall wrist, can be thumb or finger separately, m.<\/li>\n\n\n\n<li><strong>Effect<\/strong>: overload relief, stress relief<\/li>\n<\/ul>\n\n\n\n<p>Price for women: 580 CZK<br>Price for men: 585 CZK<\/p>\n\n\n\n<p><em>The price includes: consultation with a taping therapist and diagnosis of stiffness and strain, application of a quality kinesiology tape for relaxation, taping care instructions and taping removal instructions.<\/em><\/p>\n\n\n\n<h3 class=\"wp-block-heading\">Carpal tunnel<\/h3>\n\n\n\n<ul class=\"wp-block-list\">\n<li><strong>At<\/strong>: cycling, walking with trekking poles, working with the phone, general hand fatigue<\/li>\n\n\n\n<li><strong>Muscles<\/strong>: muscles of the forearm, carpal area, can be thumb or finger separately, m. extensor carpi radialis longus \/ brevis, m. flexor carpi radialis<\/li>\n\n\n\n<li><strong>Effect<\/strong>: relief of overloaded tendons, tension relief<\/li>\n<\/ul>\n\n\n\n<p>Price for women: 650 CZK<br>Price for men: 665 CZK<\/p>\n\n\n\n<p><em>The price includes: consultation with a taping therapist and diagnosis of stiffness and strain, application of a quality kinesiology tape for relaxation, taping care instructions and taping removal instructions.<\/em><\/p>\n\n\n\n<h3 class=\"wp-block-heading\">Tennis elbow \/ Javelin (golf) elbow<\/h3>\n\n\n\n<ul class=\"wp-block-list\">\n<li><strong>At<\/strong>: bicycling, walking with trekking poles, working with a phone, general hand fatigue, strained muscles on the inside of the elbow from tennis, golf and similar activities<\/li>\n\n\n\n<li><strong>Muscles<\/strong>: Lateral epicondylitis, ulnar epicondylitis, congested wrist and finger flexor muscles<\/li>\n\n\n\n<li><strong>Effect<\/strong>: relief of overloaded tendons, tension relief<\/li>\n<\/ul>\n\n\n\n<p>Price for women: 655 CZK<br>Price for men: 665 CZK<\/p>\n\n\n\n<p><em>The price includes: consultation with a taping therapist and diagnosis of stiffness and strain, application of a quality kinesiology tape for relaxation, taping care instructions and taping removal instructions.<\/em><\/p>\n\n\n\n<h3 class=\"wp-block-heading\">Hands - thumb and fingers<\/h3>\n\n\n\n<ul class=\"wp-block-list\">\n<li><strong>At<\/strong>: overloading by repetitive hand movement, cycling, trekking poles, fatigue<\/li>\n\n\n\n<li><strong>Muscles<\/strong>: thumb and finger muscles<\/li>\n\n\n\n<li><strong>Effect<\/strong>: pain relief, tendon strengthening, functional support<\/li>\n<\/ul>\n\n\n\n<p>Price for women: 580 CZK<br>Price for men: 585 CZK<\/p>\n\n\n\n<p><em>The price includes: consultation with a taping therapist and diagnosis of stiffness and strain, application of a quality kinesiology tape for relaxation, taping care instructions and taping removal instructions.<\/em><\/p>\n\n\n\n<h3 class=\"wp-block-heading\">Lumbar region<\/h3>\n\n\n\n<ul class=\"wp-block-list\">\n<li><strong>At<\/strong>: exertion, poor posture, long walking, after strenuous hiking<\/li>\n\n\n\n<li><strong>Muscles<\/strong>: m. erector spinae (spinal erectors), m. quadratus lumborum (lumbar muscle)<\/li>\n\n\n\n<li><strong>Effect<\/strong>: relaxation and strengthening of the lumbar region, prevention of blockages or sciatica<\/li>\n<\/ul>\n\n\n\n<p>Price for women: 615 CZK<br>Price for men: 665 CZK<\/p>\n\n\n\n<p><em>The price includes: consultation with a taping therapist and diagnosis of stiffness and strain, application of a quality kinesiology tape for relaxation, taping care instructions and taping removal instructions.<\/em><\/p>\n\n\n\n<h3 class=\"wp-block-heading\">Thighs, hamstrings<\/h3>\n\n\n\n<ul class=\"wp-block-list\">\n<li><strong>At<\/strong>: hiking, running, hill walking, cycling<\/li>\n\n\n\n<li><strong>Muscles<\/strong>: m. quadriceps femoris (quadriceps femoris) m. biceps femoris (biceps femoris)<\/li>\n\n\n\n<li><strong>Effect<\/strong>: reduction of muscle tension, prevention of cramps<\/li>\n<\/ul>\n\n\n\n<p>Price for women: 685 CZK<br>Price for men: 700 CZK<\/p>\n\n\n\n<p><em>The price includes: consultation with a taping therapist and diagnosis of stiffness and strain, application of a quality kinesiology tape for relaxation, taping care instructions and taping removal instructions.<\/em><\/p>\n\n\n\n<h3 class=\"wp-block-heading\">Knees<\/h3>\n\n\n\n<ul class=\"wp-block-list\">\n<li><strong>At<\/strong>: more load in the terrain, pain when descending<\/li>\n\n\n\n<li><strong>Muscles<\/strong>: m. vastus medialis \/ lateralis (inner head of the quadriceps femoris), patellar tendons<\/li>\n\n\n\n<li><strong>Effect<\/strong>: knee joint strengthening, stability support<\/li>\n<\/ul>\n\n\n\n<p>Price for women: 645 CZK<br>Price for men: 655 CZK<\/p>\n\n\n\n<p><em>The price includes: consultation with a taping therapist and diagnosis of stiffness and strain, application of a quality kinesiology tape for relaxation, taping care instructions and taping removal instructions.<\/em><\/p>\n\n\n\n<h3 class=\"wp-block-heading\">Ankle<\/h3>\n\n\n\n<ul class=\"wp-block-list\">\n<li><strong>At<\/strong>: uneven terrain, feeling of fatigue in the area<\/li>\n\n\n\n<li><strong>Muscles<\/strong>: m. peroneus longus \/ brevis, ligaments of the ankle joint<\/li>\n\n\n\n<li><strong>Effect<\/strong>: stabilization support, overload prevention<\/li>\n<\/ul>\n\n\n\n<p>Price for women: 700 CZK<br>Price men: 710 CZK<\/p>\n\n\n\n<p><em>The price includes: consultation with a taping therapist and diagnosis of stiffness and strain, application of a quality kinesiology tape for relaxation, taping care instructions and taping removal instructions.<\/em><\/p>\n\n\n\n<h3 class=\"wp-block-heading\">Achilles<\/h3>\n\n\n\n<ul class=\"wp-block-list\">\n<li><strong>At<\/strong>: walking uphill, running, standing for long periods<\/li>\n\n\n\n<li><strong>Muscles<\/strong>: tendon m. triceps surae (triceps calf muscle)<\/li>\n\n\n\n<li><strong>Effect<\/strong>: relieving strain on the tendon, promoting regeneration<\/li>\n<\/ul>\n\n\n\n<p>Price for women: 580 CZK<br>Price for men: 585 CZK<\/p>\n\n\n\n<p><em>The price includes: consultation with a taping therapist and diagnosis of stiffness and strain, application of a quality kinesiology tape for relaxation, taping care instructions and taping removal instructions.<\/em><\/p>\n\n\n\n<h3 class=\"wp-block-heading\">Calf muscle<\/h3>\n\n\n\n<ul class=\"wp-block-list\">\n<li><strong>At<\/strong>: walking and hiking, cycling, running, leisure activities<\/li>\n\n\n\n<li><strong>Muscles<\/strong>: musculus gastrocnemius ( calf muscle)<\/li>\n\n\n\n<li><strong>Effect<\/strong>: muscle relaxation and overall regeneration<\/li>\n<\/ul>\n\n\n\n<p>Price for women: 585 CZK<br>Price men: 590 CZK<\/p>\n\n\n\n<p><em>The price includes: consultation with a taping therapist and diagnosis of stiffness and strain, application of a quality kinesiology tape for relaxation, taping care instructions and taping removal instructions.<\/em><\/p>\n\n\n\n<h3 class=\"wp-block-heading\">Regeneration of the foot and ankle arch<\/h3>\n\n\n\n<ul class=\"wp-block-list\">\n<li><strong>At<\/strong>: walking and hiking, cycling, running, leisure activities<\/li>\n\n\n\n<li><strong>Where<\/strong>: longitudinal and transverse arch, muscles of the foot, tendons<\/li>\n\n\n\n<li><strong>Effect<\/strong>: relaxation of the ankle and overall arch of the foot<\/li>\n<\/ul>\n\n\n\n<p>Price for women: 600 CZK<br>Price men: 630 CZK<\/p>\n\n\n\n<p><em>The price includes: consultation with a taping therapist and diagnosis of stiffness and strain, application of a quality kinesiology tape for relaxation, taping care instructions and taping removal instructions.<\/em><\/p>\n\n\n\n<h2 class=\"wp-block-heading\">Children<\/h2>\n\n\n\n<p>It is possible from the age of 15 years exceptionally after parental consent, signing of the health questionnaire by the parents and consultation with the masseur, see the price list for adults.<\/p>\n\n\n\n<h2 class=\"wp-block-heading\">Notice<\/h2>\n\n\n\n<p>Taping is not a medical procedure.<\/p>\n\n\n\n<h3 class=\"wp-block-heading\">We do not provide taping for<\/h3>\n\n\n\n<ul class=\"wp-block-list\">\n<li>rotations<\/li>\n\n\n\n<li>post-operative and post-traumatic conditions<\/li>\n\n\n\n<li>for sudden sprains and minor injuries<\/li>\n\n\n\n<li>lymphatic problems (no lymphatic taping either)<\/li>\n\n\n\n<li>open wounds, eczema or rashes or skin irritation, enlargement of moles or a large number of moles in the area of application<\/li>\n<\/ul>\n\n\n\n<p><strong>Before applying the tape after diagnosing the problem of congestion, it is necessary to sign a short HEALTH QUESTIONNAIRE<\/strong><\/p>\n\n\n\n<h2 class=\"wp-block-heading\">Terms of service<\/h2>\n\n\n\n<p>Our taping service is intended only for healthy people after physical stress (hiking, cycling, muscle and tendon tension).<\/p>\n\n\n\n<h2 class=\"wp-block-heading\">Condition for application of taping<\/h2>\n\n\n\n<p>Before applying the tapeworm <strong>the skin at the application site must be shaved smoothly<\/strong> (hairless). Tape does not adhere well to hairless skin and thus reduces its effectiveness. In addition, removing the tape can cause very unpleasant pain and skin irritation. In more sensitive persons, there may be inflammation of the hair follicle, i.e. a minor inflammation of the hair bulb.<\/p>\n\n\n\n<p><strong>If you wish to cancel or change your reservation, please inform us at least 24 hours in advance during Bubly Wellness opening hours. If you cancel your reservation later, you will be charged 50% of the price of the service. If you do not cancel your reservation or arrive at the scheduled time, you will be charged the full price.<\/strong><\/p>","protected":false},"excerpt":{"rendered":"<p>Regenerace, \u00faleva, podpora pohybu \u2013 modern\u00ed forma regenerace Po sportu, t\u00fa\u0159e nebo n\u00e1ro\u010dn\u00e9m dni si zaslou\u017e\u00edte kvalitn\u00ed regeneraci. Tejpov\u00e1n\u00ed napom\u00e1h\u00e1 uvoln\u011bn\u00ed p\u0159et\u00ed\u017een\u00ed sval\u016f a \u0161lach, zklid\u0148uje podr\u00e1\u017ed\u011bn\u00e9 oblasti a podporuje spr\u00e1vnou funkci pohybov\u00e9ho apar\u00e1tu. Tejpov\u00e1n\u00ed v Bubbly Wellness je \u0161etrn\u00e1 metoda, jak podpo\u0159it regeneraci po sportu a vr\u00e1tit t\u011blu lehkost. C\u00edlen\u00e1 aplikace tejp\u016f pom\u00e1h\u00e1 sval\u016fm [&hellip;]<\/p>","protected":false},"author":1,"featured_media":1102,"parent":35,"menu_order":0,"comment_status":"closed","ping_status":"closed","template":"","meta":{"footnotes":""},"class_list":["post-1098","page","type-page","status-publish","has-post-thumbnail","hentry"],"_links":{"self":[{"href":"https:\/\/www.grandhotelhradec.cz\/en\/wp-json\/wp\/v2\/pages\/1098","targetHints":{"allow":["GET"]}}],"collection":[{"href":"https:\/\/www.grandhotelhradec.cz\/en\/wp-json\/wp\/v2\/pages"}],"about":[{"href":"https:\/\/www.grandhotelhradec.cz\/en\/wp-json\/wp\/v2\/types\/page"}],"author":[{"embeddable":true,"href":"https:\/\/www.grandhotelhradec.cz\/en\/wp-json\/wp\/v2\/users\/1"}],"replies":[{"embeddable":true,"href":"https:\/\/www.grandhotelhradec.cz\/en\/wp-json\/wp\/v2\/comments?post=1098"}],"version-history":[{"count":4,"href":"https:\/\/www.grandhotelhradec.cz\/en\/wp-json\/wp\/v2\/pages\/1098\/revisions"}],"predecessor-version":[{"id":1104,"href":"https:\/\/www.grandhotelhradec.cz\/en\/wp-json\/wp\/v2\/pages\/1098\/revisions\/1104"}],"up":[{"embeddable":true,"href":"https:\/\/www.grandhotelhradec.cz\/en\/wp-json\/wp\/v2\/pages\/35"}],"wp:featuredmedia":[{"embeddable":true,"href":"https:\/\/www.grandhotelhradec.cz\/en\/wp-json\/wp\/v2\/media\/1102"}],"wp:attachment":[{"href":"https:\/\/www.grandhotelhradec.cz\/en\/wp-json\/wp\/v2\/media?parent=1098"}],"curies":[{"name":"wp","href":"https:\/\/api.w.org\/{rel}","templated":true}]}}