{"id":979,"date":"2025-10-28T22:45:33","date_gmt":"2025-10-28T21:45:33","guid":{"rendered":"https:\/\/www.grandhotelhradec.cz\/?page_id=979"},"modified":"2026-04-02T22:26:49","modified_gmt":"2026-04-02T20:26:49","slug":"spezielles-flexibles-saisonangebot-mit-3-gange-menu-und-wellness","status":"publish","type":"page","link":"https:\/\/www.grandhotelhradec.cz\/de\/sonderangebote\/spezielles-flexibles-saisonangebot-mit-3-gange-menu-und-wellness\/","title":{"rendered":"Spezielles flexibles Saisonangebot mit 3-G\u00e4nge-Men\u00fc und Wellness"},"content":{"rendered":"<p class=\"translation-block\"><strong>Erleben Sie das Riesengebirge mit Stil<\/strong> im Herzen von Peca pod Sn\u011b\u017ekou und lassen Sie sich von den au\u00dfergew\u00f6hnlichen Dienstleistungen unseres Hotels verw\u00f6hnen.Lernen Sie die raffinierte Harmonie der Aromen in der zauberhaften Umgebung unseres Designrestaurants und ein vielf\u00e4ltiges Angebot an hervorragenden Bieren und Qualit\u00e4tsweinen kennen.Nach der R\u00fcckkehr von einer Wanderung oder bevor Sie sich auf den Weg machen, um die Sch\u00f6nheit des Riesengebirges zu entdecken, tanken Sie neue Energie in unserem exklusiven Wellnesscenter.<\/p>\n\n\n\n<p><strong>Spezielles flexibles Saisonangebot mit 3-G\u00e4nge-Men\u00fc und Wellness<\/strong><\/p>\n\n\n\n<h3 class=\"wp-block-heading\">Vorteile der Buchung<\/h3>\n\n\n\n<ul class=\"wp-block-list\">\n<li>Kostenloses Wi-Fi<\/li>\n\n\n\n<li>Fr\u00fchst\u00fcck inbegriffen<\/li>\n\n\n\n<li><strong>Saisonales 3-G\u00e4nge-Men\u00fc inklusive<\/strong><\/li>\n\n\n\n<li><strong>Eintritt ins Bubbly Wellness f\u00fcr 90 Minuten bis 17:00 Uhr an jedem Tag Ihres Aufenthaltes<\/strong><\/li>\n\n\n\n<li>Willkommensgetr\u00e4nk bei der Ankunft<\/li>\n\n\n\n<li>Wasser im Zimmer bei Ankunft<\/li>\n\n\n\n<li>Ein Geschenk f\u00fcr Ihre Kinder bei der Ankunft<\/li>\n<\/ul>\n\n\n\n<p>Das Parken ist nicht im Preis inbegriffen und unterliegt der Verf\u00fcgbarkeit.<\/p>\n\n\n\n<h3 class=\"wp-block-heading\">Zus\u00e4tzlicher Vorteil<\/h3>\n\n\n\n<ul class=\"wp-block-list\">\n<li>Eine Flasche hochwertigen Prosecco bei Ankunft bei Direktbuchung, abgeschlossen bis 30.04.2026<\/li>\n\n\n\n<li>Bei der Ankunft ist es m\u00f6glich, an der Rezeption eine Weinbegleitung zum Abendessen f\u00fcr 300 CZK pro Person zu vereinbaren.<\/li>\n<\/ul>\n\n\n\n<p><\/p>\n\n\n\n<p><strong>Buchen Sie noch heute Ihren Aufenthalt und erleben Sie perfekte Entspannung im Grand Hotel Hradec!<\/strong><\/p>\n\n\n\n<div class=\"wp-block-buttons is-layout-flex wp-block-buttons-is-layout-flex\">\n<div class=\"wp-block-button rezervace alt btnalt\"><a class=\"wp-block-button__link wp-element-button\" href=\"https:\/\/grandhotelhradec.book-onlinenow.net\/index.aspx?cur=EUR&amp;lan_id=en-US&amp;Page=19\" target=\"_blank\" rel=\"\">Reservieren<\/a><\/div>\n<\/div>\n\n\n\n<p>&nbsp;<\/p>\n\n\n\n<figure class=\"wp-block-image size-full\"><img loading=\"lazy\" decoding=\"async\" width=\"1920\" height=\"1080\" src=\"https:\/\/www.grandhotelhradec.cz\/wp-content\/uploads\/2025\/10\/Pokoj_GHH_I.jpg\" alt=\"\" class=\"wp-image-992\" srcset=\"https:\/\/www.grandhotelhradec.cz\/wp-content\/uploads\/2025\/10\/Pokoj_GHH_I.jpg 1920w, https:\/\/www.grandhotelhradec.cz\/wp-content\/uploads\/2025\/10\/Pokoj_GHH_I-600x338.jpg 600w, https:\/\/www.grandhotelhradec.cz\/wp-content\/uploads\/2025\/10\/Pokoj_GHH_I-18x10.jpg 18w\" sizes=\"auto, (max-width: 1920px) 100vw, 1920px\" \/><\/figure>\n\n\n\n<figure class=\"wp-block-image size-full\"><img loading=\"lazy\" decoding=\"async\" width=\"1920\" height=\"1080\" src=\"https:\/\/www.grandhotelhradec.cz\/wp-content\/uploads\/2025\/10\/Jidlo_GHH_I.jpg\" alt=\"\" class=\"wp-image-993\" srcset=\"https:\/\/www.grandhotelhradec.cz\/wp-content\/uploads\/2025\/10\/Jidlo_GHH_I.jpg 1920w, https:\/\/www.grandhotelhradec.cz\/wp-content\/uploads\/2025\/10\/Jidlo_GHH_I-600x338.jpg 600w, https:\/\/www.grandhotelhradec.cz\/wp-content\/uploads\/2025\/10\/Jidlo_GHH_I-18x10.jpg 18w\" sizes=\"auto, (max-width: 1920px) 100vw, 1920px\" \/><\/figure>\n\n\n\n<figure class=\"wp-block-image size-full\"><img loading=\"lazy\" decoding=\"async\" width=\"1920\" height=\"1080\" src=\"https:\/\/www.grandhotelhradec.cz\/wp-content\/uploads\/2025\/10\/wellness_GHH_I-1.jpg\" alt=\"\" class=\"wp-image-998\" srcset=\"https:\/\/www.grandhotelhradec.cz\/wp-content\/uploads\/2025\/10\/wellness_GHH_I-1.jpg 1920w, https:\/\/www.grandhotelhradec.cz\/wp-content\/uploads\/2025\/10\/wellness_GHH_I-1-600x338.jpg 600w, https:\/\/www.grandhotelhradec.cz\/wp-content\/uploads\/2025\/10\/wellness_GHH_I-1-18x10.jpg 18w\" sizes=\"auto, (max-width: 1920px) 100vw, 1920px\" \/><\/figure>","protected":false},"excerpt":{"rendered":"<p>Za\u017eijte Krkono\u0161e ve velk\u00e9m stylu&nbsp;v srdci Pece pod Sn\u011b\u017ekou a nechte se h\u00fd\u010dkat v\u00fdjime\u010dn\u00fdmi slu\u017ebami na\u0161eho hotelu. &nbsp;Poznejte&nbsp;vyt\u0159\u00edbenou harmonii chut\u00ed v&nbsp;kouzeln\u00e9m prost\u0159ed\u00ed na\u0161\u00ed designov\u00e9 restaurace a pestrou nab\u00eddkou v\u00fdte\u010dn\u00fdch piv a kvalitn\u00edch v\u00edn.&nbsp;Po n\u00e1vratu z t\u00fary, nebo ne\u017e vyraz\u00edte za kr\u00e1sami Krkono\u0161, na\u010derpejte energii v na\u0161em exkluzivn\u00edm wellness centru.&nbsp; Speci\u00e1ln\u00ed flexibiln\u00ed sezonn\u00ed nab\u00eddka s 3 [&hellip;]<\/p>","protected":false},"author":1,"featured_media":991,"parent":41,"menu_order":0,"comment_status":"closed","ping_status":"closed","template":"","meta":{"footnotes":""},"class_list":["post-979","page","type-page","status-publish","has-post-thumbnail","hentry"],"_links":{"self":[{"href":"https:\/\/www.grandhotelhradec.cz\/de\/wp-json\/wp\/v2\/pages\/979","targetHints":{"allow":["GET"]}}],"collection":[{"href":"https:\/\/www.grandhotelhradec.cz\/de\/wp-json\/wp\/v2\/pages"}],"about":[{"href":"https:\/\/www.grandhotelhradec.cz\/de\/wp-json\/wp\/v2\/types\/page"}],"author":[{"embeddable":true,"href":"https:\/\/www.grandhotelhradec.cz\/de\/wp-json\/wp\/v2\/users\/1"}],"replies":[{"embeddable":true,"href":"https:\/\/www.grandhotelhradec.cz\/de\/wp-json\/wp\/v2\/comments?post=979"}],"version-history":[{"count":10,"href":"https:\/\/www.grandhotelhradec.cz\/de\/wp-json\/wp\/v2\/pages\/979\/revisions"}],"predecessor-version":[{"id":1182,"href":"https:\/\/www.grandhotelhradec.cz\/de\/wp-json\/wp\/v2\/pages\/979\/revisions\/1182"}],"up":[{"embeddable":true,"href":"https:\/\/www.grandhotelhradec.cz\/de\/wp-json\/wp\/v2\/pages\/41"}],"wp:featuredmedia":[{"embeddable":true,"href":"https:\/\/www.grandhotelhradec.cz\/de\/wp-json\/wp\/v2\/media\/991"}],"wp:attachment":[{"href":"https:\/\/www.grandhotelhradec.cz\/de\/wp-json\/wp\/v2\/media?parent=979"}],"curies":[{"name":"wp","href":"https:\/\/api.w.org\/{rel}","templated":true}]}}