{"id":51,"date":"2025-02-03T23:40:48","date_gmt":"2025-02-03T22:40:48","guid":{"rendered":"https:\/\/www.grandhotelhradec.cz\/?page_id=51"},"modified":"2025-03-04T00:36:39","modified_gmt":"2025-03-03T23:36:39","slug":"esg","status":"publish","type":"page","link":"https:\/\/www.grandhotelhradec.cz\/de\/esg\/","title":{"rendered":"ESG"},"content":{"rendered":"<p class=\"translation-block\">Das <strong>ESG-Konzept<\/strong> wurde erstmals von den Vereinten Nationen in ihren Grunds\u00e4tzen f\u00fcr verantwortungsbewusstes Investment aus dem Jahr 2006 eingef\u00fchrt, hat sich aber in den letzten Jahren immer weiter verbreitet. Die Abk\u00fcrzung ESG setzt sich aus den englischen W\u00f6rtern \u201eEnvironmental, Social, Governance\u201c (Umwelt, Soziales, Unternehmensf\u00fchrung) zusammen und bezieht sich auf Kriterien und Standards f\u00fcr die \u00f6kologische und soziale Leistung von Unternehmen sowie deren Management und Governance. Das ESG-Konzept selbst basiert auf dem Konzept des sozial verantwortlichen Wirtschaftens und spiegelt das Bed\u00fcrfnis der Anleger wider, Einblick in das Umwelt-, Governance- und Sozialverhalten von Unternehmen zu erhalten.<\/p>\n\n\n\n<ul class=\"wp-block-list\">\n<li class=\"translation-block\">Das <strong>Grand Hotel Hradec<\/strong> ist ein modernes und energieeffizientes Geb\u00e4ude in Pec pod Sn\u011b\u017ekou. Es nutzt einzigartige Energiequellen und wurde unter Ber\u00fccksichtigung von ESG-Faktoren (Umwelt, Soziales und Governance) entworfen.<\/li>\n\n\n\n<li class=\"translation-block\">Im Jahr 2017 wurde es vom Ministerium f\u00fcr regionale Entwicklung der Tschechischen Republik im Rahmen des tschechischen Energie- und Umweltprojekts (CEEP) mit einem <strong>Sonderpreis f\u00fcr nachhaltige Entwicklung ausgezeichnet<\/strong>.<\/li>\n\n\n\n<li class=\"translation-block\"><strong>Die 20 geothermischen Bohrungen<\/strong>, die zur Beheizung des Hotels genutzt werden, bilden zusammen mit der Bergluftr\u00fcckgewinnung ein System, das umweltfreundlicher ist und dazu beitr\u00e4gt, dass im Hotel unabh\u00e4ngig von der Jahreszeit eine konstante und angenehme Temperatur herrscht.<\/li>\n\n\n\n<li class=\"translation-block\">F\u00fcr den Bau wurden <strong>1 131 m2 Dreifachverglasung verwendet<\/strong>, was einer der weiteren Faktoren f\u00fcr einen niedrigen Energieverbrauch ist.<\/li>\n\n\n\n<li class=\"translation-block\"><strong>Die Sonnenkollektoren<\/strong> auf dem Dach, die die Sonnenenergie zur Stromerzeugung nutzen, haben eine Leistung von 20 kWp und tragen dazu bei, den Verbrauch von Strom aus dem \u00f6rtlichen Netz zu verringern.<\/li>\n<\/ul>\n\n\n\n<p><strong>Dank dieser innovativen L\u00f6sungen konnte der Energieverbrauch gesenkt und die Umweltauswirkungen des Hotels minimiert werden.<\/strong><\/p>\n\n\n\n<p><\/p>","protected":false},"excerpt":{"rendered":"<p>Koncept&nbsp;ESG&nbsp;byl poprv\u00e9 p\u0159edstaven Organizac\u00ed spojen\u00fdch n\u00e1rod\u016f ve sv\u00fdch Z\u00e1sad\u00e1ch odpov\u011bdn\u00e9ho investov\u00e1n\u00ed z roku 2006, ale v posledn\u00edch letech se stal roz\u0161\u00ed\u0159en\u011bj\u0161\u00edm. Zkratka ESG je spojen\u00edm anglick\u00fdch slov \u201eEnvironmental, Social, Governance\u201c, p\u0159i\u010dem\u017e jde o krit\u00e9ria a normy pro \u010dinnosti spole\u010dnost\u00ed z hlediska \u017eivotn\u00edho prost\u0159ed\u00ed, soci\u00e1ln\u00edho vlivu a jejich \u0159\u00edzen\u00ed a veden\u00ed. Samotn\u00fd koncept ESG je postaven [&hellip;]<\/p>","protected":false},"author":1,"featured_media":403,"parent":0,"menu_order":0,"comment_status":"closed","ping_status":"closed","template":"","meta":{"footnotes":""},"class_list":["post-51","page","type-page","status-publish","has-post-thumbnail","hentry"],"_links":{"self":[{"href":"https:\/\/www.grandhotelhradec.cz\/de\/wp-json\/wp\/v2\/pages\/51","targetHints":{"allow":["GET"]}}],"collection":[{"href":"https:\/\/www.grandhotelhradec.cz\/de\/wp-json\/wp\/v2\/pages"}],"about":[{"href":"https:\/\/www.grandhotelhradec.cz\/de\/wp-json\/wp\/v2\/types\/page"}],"author":[{"embeddable":true,"href":"https:\/\/www.grandhotelhradec.cz\/de\/wp-json\/wp\/v2\/users\/1"}],"replies":[{"embeddable":true,"href":"https:\/\/www.grandhotelhradec.cz\/de\/wp-json\/wp\/v2\/comments?post=51"}],"version-history":[{"count":0,"href":"https:\/\/www.grandhotelhradec.cz\/de\/wp-json\/wp\/v2\/pages\/51\/revisions"}],"wp:featuredmedia":[{"embeddable":true,"href":"https:\/\/www.grandhotelhradec.cz\/de\/wp-json\/wp\/v2\/media\/403"}],"wp:attachment":[{"href":"https:\/\/www.grandhotelhradec.cz\/de\/wp-json\/wp\/v2\/media?parent=51"}],"curies":[{"name":"wp","href":"https:\/\/api.w.org\/{rel}","templated":true}]}}