{"id":45,"date":"2025-02-03T23:40:22","date_gmt":"2025-02-03T22:40:22","guid":{"rendered":"https:\/\/www.grandhotelhradec.cz\/?page_id=45"},"modified":"2025-11-20T20:14:24","modified_gmt":"2025-11-20T19:14:24","slug":"snezka-royal-penthouse","status":"publish","type":"page","link":"https:\/\/www.grandhotelhradec.cz\/de\/pokoje\/snezka-royal-penthouse\/","title":{"rendered":"Sn\u011b\u017eka Royal Penthouse"},"content":{"rendered":"<p><strong>M\u00f6chten Sie sich mit etwas wirklich Au\u00dfergew\u00f6hnlichem belohnen? Sie genie\u00dfen Gesellschaft, legen aber auch Wert auf absolute Privatsph\u00e4re? Dann nehmen Sie eine Einladung in unser exklusives Sn\u011b\u017eka Royal Penthouse an.<\/strong>&nbsp;<\/p>\n\n\n\n<p><strong>Das zweist\u00f6ckige Sn\u011b\u017eka Royal Penthouse verf\u00fcgt \u00fcber eine Grundfl\u00e4che von 155 m2, drei Schlafzimmer, drei Badezimmer, zwei offene Terrassen, Panoramablick, einen Whirlpool und einen privaten Service.<\/strong><\/p>\n\n\n\n<p class=\"translation-block\">Wundersch\u00f6n. Gro\u00dfz\u00fcgig. Durchdrungen von der Sch\u00f6nheit der Berge. Das ist das <strong>Sn\u011b\u017eka Royal Penthouse<\/strong>. Ein lichtdurchfluteter und frisch duftender Raum mit Panoramablick auf die Landschaft, der Sie mit den goldenen Strahlen des Sonnenaufgangs aus dem Bett hebt und unter dem Nachthimmel einschlafen l\u00e4sst. In den modernen, stilvoll raffinierten Zimmern mit eleganter Einrichtung und flauschigen Teppichen werden Sie sich fantastisch f\u00fchlen. Die N\u00e4he der Bergwildnis wird Sie auf Schritt und Tritt begleiten. Die Aussicht auf die Landschaft k\u00f6nnen Sie von bequemen Sofas und Sesseln, der zauberhaft bequemen LED- oder majest\u00e4tischen Terrasse aus genie\u00dfen, die nicht nur einen Sitzbereich im Freien, sondern auch einen entspannenden Whirlpool bietet.<\/p>\n\n\n\n<p>Das Sn\u011b\u017eka Royal Penthouse ist absolut au\u00dfergew\u00f6hnlich, gro\u00dfz\u00fcgig ausgestattet und von der Sch\u00f6nheit der Berge durchdrungen. Das zweist\u00f6ckige Penthouse mit einer Grundfl\u00e4che von 155 m2 bietet erstklassig ausgestattete moderne R\u00e4ume: ein Wohnzimmer mit Bar, K\u00fcchenzeile (ohne Herd) und Essbereich, 3 Schlafzimmer, 3 Badezimmer, eine separate Toilette und zwei gro\u00dfe offene Terrassen mit 55 m\u00b2 und 77 m\u00b2 Fl\u00e4che mit atemberaubenden Panoramen und einem Whirlpool. Der gesamte Raum ist mit massiven Eichenm\u00f6beln ausgestattet. Das Wohnzimmer bietet bequeme Sofas und Sessel, w\u00e4hrend die Schlafzimmer \u00fcber Doppelbetten verf\u00fcgen, die getrennt werden k\u00f6nnen. Das Sn\u011b\u017eka Royal Penthouse bietet ein au\u00dfergew\u00f6hnliches Erlebnis, pers\u00f6nlichen Service und absolute Privatsph\u00e4re. Es ist f\u00fcr bis zu 6 Personen geeignet.&nbsp;<\/p>\n\n\n\n<div style=\"height:20px\" aria-hidden=\"true\" class=\"wp-block-spacer\"><\/div>\n\n\n\n<div class=\"wp-block-buttons is-content-justification-center is-layout-flex wp-container-core-buttons-is-layout-16018d1d wp-block-buttons-is-layout-flex\">\n<div class=\"wp-block-button rezervace\"><a class=\"wp-block-button__link wp-element-button\" href=\"https:\/\/grandhotelhradec.book-onlinenow.net\/index.aspx?cur=CZK&amp;lan_id=cs-CZ&amp;Page=19&amp;promocode=GHH\" target=\"_blank\" rel=\"\">Reservieren<\/a><\/div>\n<\/div>\n\n\n\n<div style=\"height:75px\" aria-hidden=\"true\" class=\"wp-block-spacer\"><\/div>\n\n\n\n<h2 class=\"wp-block-heading\">Spezielle Dienstleistungen f\u00fcr G\u00e4ste des Sn\u011b\u017eka Royal Penthouse<\/h2>\n\n\n\n<div class=\"wp-block-media-text has-media-on-the-right is-stacked-on-mobile\"><div class=\"wp-block-media-text__content\">\n<ul class=\"wp-block-list\">\n<li>Parkplatz auf 2 Etagen <\/li>\n\n\n\n<li>Kostenlose Wellness<\/li>\n\n\n\n<li>Besonderer Check-in<\/li>\n\n\n\n<li>Unser neuer Premium Prosecco Superiore Di Cartizze Dry DOCG von unserem Winzer Val \u010foca<\/li>\n\n\n\n<li>VIP-Service<\/li>\n\n\n\n<li>Privater Whirlpool auf der Terrasse<\/li>\n\n\n\n<li>Strau\u00df frischer Blumen im Zimmer<\/li>\n\n\n\n<li>Angebot Fr\u00fchst\u00fcck im Zimmer<\/li>\n\n\n\n<li>Autoaufbereitung (innen, au\u00dfen und Windschutzscheibe)<\/li>\n\n\n\n<li>Geschenk zum Abschied<\/li>\n\n\n\n<li>24-Stunden-Bereitschaftsdienst f\u00fcr Gep\u00e4cktr\u00e4ger<\/li>\n\n\n\n<li>Privater Shuttle zum Skigebiet und im Winter zur\u00fcck zum Hotel<\/li>\n<\/ul>\n<\/div><figure class=\"wp-block-media-text__media\"><a href=\"https:\/\/www.grandhotelhradec.cz\/wp-content\/uploads\/2025\/02\/Snezka-Royal-Penthouse-Pec-pod-Snezkou-06.webp\"><img loading=\"lazy\" decoding=\"async\" width=\"1024\" height=\"683\" src=\"https:\/\/www.grandhotelhradec.cz\/wp-content\/uploads\/2025\/02\/Snezka-Royal-Penthouse-Pec-pod-Snezkou-06.webp\" alt=\"Snezka Royal Penthouse - Pec pod Snezkou - 06\" class=\"wp-image-189 size-full\" srcset=\"https:\/\/www.grandhotelhradec.cz\/wp-content\/uploads\/2025\/02\/Snezka-Royal-Penthouse-Pec-pod-Snezkou-06.webp 1024w, https:\/\/www.grandhotelhradec.cz\/wp-content\/uploads\/2025\/02\/Snezka-Royal-Penthouse-Pec-pod-Snezkou-06-600x400.webp 600w\" sizes=\"auto, (max-width: 1024px) 100vw, 1024px\" \/><\/a><\/figure><\/div>\n\n\n\n<h3 class=\"wp-block-heading\">Restaurant Meat &amp; Meet<\/h3>\n\n\n\n<p>Wenn Sie kulinarische K\u00f6stlichkeiten aus aller Welt sowie traditionelle Riesengebirgsk\u00fcche genie\u00dfen m\u00f6chten, ist unser einzigartiges, stilvolles Meat &amp; Meet Restaurant genau das Richtige f\u00fcr Sie. Unser professionelles Team zaubert erlesene Gerichte aus erstklassigen Zutaten von unserem eigenen Biobauernhof in Annovice und von anderen lokalen Lieferanten. Die Herkunft der Zutaten ist genauso wichtig wie die reine Qualit\u00e4t ihrer Zubereitung und der raffinierte Geschmack der Gerichte.<\/p>\n\n\n\n<p>Zum Restaurant geh\u00f6ren auch ein Weinkeller und eine Bar. Der Weinkeller des Restaurants, der von unserem privaten Sommelier geleitet wird, bietet eine gro\u00dfe Auswahl an Weinen aus aller Welt sowie Spezialit\u00e4ten renommierter m\u00e4hrischer Winzer. Es gibt auch eine private Lounge und eine stilvolle Bar, die auf Schaumweine und Champagner spezialisiert ist. Liebhaber schaumiger Biere k\u00f6nnen sich auf sorgf\u00e4ltig zusammengestelltes Pilsner Urquell Lager und Craft-Biere aus der nahegelegenen Minibrauerei Trautenberk freuen.<\/p>\n\n\n\n<h3 class=\"wp-block-heading\">Geschenk<\/h3>\n\n\n\n<p>Wenn Sie Ihre Lieben mit einem Geschenkgutschein f\u00fcr eine \u00dcbernachtung \u00fcberraschen m\u00f6chten, erstellen wir gerne einen individuellen Gutschein f\u00fcr Sie. Kontaktieren Sie uns direkt mit Ihrer Anfrage per E-Mail an sales@grandhotelhrade.cz.<\/p>\n\n\n\n<p>Liebe G\u00e4ste, wir m\u00f6chten Sie dar\u00fcber informieren, dass die Unterbringung mit einem Hund im Sne\u017eka Royal Penthouse nicht gestattet ist<\/p>\n\n\n\n<div style=\"height:50px\" aria-hidden=\"true\" class=\"wp-block-spacer\"><\/div>\n\n\n\n<div class=\"wp-block-group\"><div class=\"wp-block-group__inner-container is-layout-constrained wp-block-group-is-layout-constrained\">\n<h2 class=\"wp-block-heading\">Badausstattung<\/h2>\n\n\n\n<ul class=\"wp-block-list\">\n<li>Kostenloses hochwertiges WLAN<\/li>\n\n\n\n<li>Espresso-Kaffeemaschine mit Illy-Kaffeeangebot, Wasserkocher mit Teeangebot<\/li>\n\n\n\n<li>Kochnische mit Grundgeschirr und K\u00fchlschrank<\/li>\n\n\n\n<li>Esstisch mit gepolsterter Bank und St\u00fchlen<\/li>\n\n\n\n<li>Minibar<\/li>\n\n\n\n<li>Safe<\/li>\n\n\n\n<li>Telefon<\/li>\n\n\n\n<li>Weckservice \/ Wecker<\/li>\n\n\n\n<li>Erholung in der H\u00f6henluft<\/li>\n\n\n\n<li>Schreibtisch, St\u00fchle, Couchtische aus Eiche<\/li>\n\n\n\n<li>Garderobe und Stehtische aus Eichenholz\u00a0<\/li>\n\n\n\n<li>Kingsize-Bett<\/li>\n\n\n\n<li>Eingebauter Trockner f\u00fcr nasse W\u00e4sche<\/li>\n\n\n\n<li>Smart TV mit unz\u00e4hligen Sendern, IPTV<\/li>\n\n\n\n<li>Stromanschluss im Zimmer per Karte freischaltbar (eine Steckdose 24\/7 funktionsf\u00e4hig)<\/li>\n\n\n\n<li>Teppiche aus 100% neuseel\u00e4ndischer Wolle<\/li>\n\n\n\n<li>Designer-Sofas und -Tische, Sessel<\/li>\n\n\n\n<li>Hervorragende Schalld\u00e4mmung<\/li>\n\n\n\n<li>Schr\u00e4nke aus massiver Eiche<\/li>\n\n\n\n<li>Allergikerfreundliche Bett- und Bettw\u00e4sche (auf Anfrage auch andere Kissen erh\u00e4ltlich)<\/li>\n\n\n\n<li>Zimmer mit Aufzug erreichbar<\/li>\n\n\n\n<li>Zugang f\u00fcr Rollstuhlfahrer<\/li>\n\n\n\n<li>Kinderbett auf Anfrage verf\u00fcgbar<\/li>\n\n\n\n<li>Mit dem Aufzug erreichbar<\/li>\n<\/ul>\n\n\n\n<h2 class=\"wp-block-heading\">In Ihren privaten Badezimmern<\/h2>\n\n\n\n<ul class=\"wp-block-list\">\n<li>Badewanne und zwei Duschen<\/li>\n\n\n\n<li>Haartrockner<\/li>\n\n\n\n<li>Kosmetikspiegel mit Vergr\u00f6\u00dferung<\/li>\n\n\n\n<li>Bademantel und Hausschuhe<\/li>\n\n\n\n<li>Toilettenartikel<\/li>\n\n\n\n<li>Handt\u00fccher<\/li>\n\n\n\n<li>Olivia Kosmetik<\/li>\n\n\n\n<li>Natursteinfliesen - Quarzit<\/li>\n<\/ul>\n<\/div><\/div>\n\n\n\n<div style=\"height:50px\" aria-hidden=\"true\" class=\"wp-block-spacer\"><\/div>\n\n\n\n<div class=\"wp-block-buttons is-content-justification-center is-layout-flex wp-container-core-buttons-is-layout-16018d1d wp-block-buttons-is-layout-flex\">\n<div class=\"wp-block-button rezervace\"><a class=\"wp-block-button__link wp-element-button\" href=\"https:\/\/grandhotelhradec.book-onlinenow.net\/index.aspx?cur=CZK&amp;lan_id=cs-CZ&amp;Page=19&amp;promocode=GHH\" target=\"_blank\" rel=\"\">Reservieren<\/a><\/div>\n<\/div>\n\n\n\n<div style=\"height:50px\" aria-hidden=\"true\" class=\"wp-block-spacer\"><\/div>\n\n\n\n<figure class=\"wp-block-gallery has-nested-images columns-default is-cropped wp-block-gallery-1 is-layout-flex wp-block-gallery-is-layout-flex\">\n<figure class=\"wp-block-image size-large\"><a href=\"https:\/\/www.grandhotelhradec.cz\/wp-content\/uploads\/2025\/02\/Snezka-Royal-Penthouse-Pec-pod-Snezkou-06.webp\"><img loading=\"lazy\" decoding=\"async\" width=\"1024\" height=\"683\" data-id=\"189\" src=\"https:\/\/www.grandhotelhradec.cz\/wp-content\/uploads\/2025\/02\/Snezka-Royal-Penthouse-Pec-pod-Snezkou-06.webp\" alt=\"Snezka Royal Penthouse - Pec pod Snezkou - 06\" class=\"wp-image-189\" srcset=\"https:\/\/www.grandhotelhradec.cz\/wp-content\/uploads\/2025\/02\/Snezka-Royal-Penthouse-Pec-pod-Snezkou-06.webp 1024w, https:\/\/www.grandhotelhradec.cz\/wp-content\/uploads\/2025\/02\/Snezka-Royal-Penthouse-Pec-pod-Snezkou-06-600x400.webp 600w\" sizes=\"auto, (max-width: 1024px) 100vw, 1024px\" \/><\/a><\/figure>\n\n\n\n<figure class=\"wp-block-image size-large\"><a href=\"https:\/\/www.grandhotelhradec.cz\/wp-content\/uploads\/2025\/02\/Snezka-Royal-Penthouse-Pec-pod-Snezkou-19.webp\"><img loading=\"lazy\" decoding=\"async\" width=\"1024\" height=\"685\" data-id=\"173\" src=\"https:\/\/www.grandhotelhradec.cz\/wp-content\/uploads\/2025\/02\/Snezka-Royal-Penthouse-Pec-pod-Snezkou-19.webp\" alt=\"Snezka Royal Penthouse - Pec pod Snezkou - 19\" class=\"wp-image-173\" srcset=\"https:\/\/www.grandhotelhradec.cz\/wp-content\/uploads\/2025\/02\/Snezka-Royal-Penthouse-Pec-pod-Snezkou-19.webp 1024w, https:\/\/www.grandhotelhradec.cz\/wp-content\/uploads\/2025\/02\/Snezka-Royal-Penthouse-Pec-pod-Snezkou-19-600x401.webp 600w\" sizes=\"auto, (max-width: 1024px) 100vw, 1024px\" \/><\/a><\/figure>\n\n\n\n<figure class=\"wp-block-image size-large\"><a href=\"https:\/\/www.grandhotelhradec.cz\/wp-content\/uploads\/2025\/02\/Snezka-Royal-Penthouse-Pec-pod-Snezkou-05.webp\"><img loading=\"lazy\" decoding=\"async\" width=\"1024\" height=\"683\" data-id=\"188\" src=\"https:\/\/www.grandhotelhradec.cz\/wp-content\/uploads\/2025\/02\/Snezka-Royal-Penthouse-Pec-pod-Snezkou-05.webp\" alt=\"Snezka Royal Penthouse - Pec pod Snezkou - 05\" class=\"wp-image-188\" srcset=\"https:\/\/www.grandhotelhradec.cz\/wp-content\/uploads\/2025\/02\/Snezka-Royal-Penthouse-Pec-pod-Snezkou-05.webp 1024w, https:\/\/www.grandhotelhradec.cz\/wp-content\/uploads\/2025\/02\/Snezka-Royal-Penthouse-Pec-pod-Snezkou-05-600x400.webp 600w\" sizes=\"auto, (max-width: 1024px) 100vw, 1024px\" \/><\/a><\/figure>\n\n\n\n<figure class=\"wp-block-image size-large\"><a href=\"https:\/\/www.grandhotelhradec.cz\/wp-content\/uploads\/2025\/02\/Snezka-Royal-Penthouse-Pec-pod-Snezkou-07.webp\"><img loading=\"lazy\" decoding=\"async\" width=\"1024\" height=\"683\" data-id=\"190\" src=\"https:\/\/www.grandhotelhradec.cz\/wp-content\/uploads\/2025\/02\/Snezka-Royal-Penthouse-Pec-pod-Snezkou-07.webp\" alt=\"Snezka Royal Penthouse - Pec pod Snezkou - 07\" class=\"wp-image-190\" srcset=\"https:\/\/www.grandhotelhradec.cz\/wp-content\/uploads\/2025\/02\/Snezka-Royal-Penthouse-Pec-pod-Snezkou-07.webp 1024w, https:\/\/www.grandhotelhradec.cz\/wp-content\/uploads\/2025\/02\/Snezka-Royal-Penthouse-Pec-pod-Snezkou-07-600x400.webp 600w\" sizes=\"auto, (max-width: 1024px) 100vw, 1024px\" \/><\/a><\/figure>\n\n\n\n<figure class=\"wp-block-image size-large\"><a href=\"https:\/\/www.grandhotelhradec.cz\/wp-content\/uploads\/2025\/02\/Snezka-Royal-Penthouse-Pec-pod-Snezkou-14.webp\"><img loading=\"lazy\" decoding=\"async\" width=\"1024\" height=\"685\" data-id=\"179\" src=\"https:\/\/www.grandhotelhradec.cz\/wp-content\/uploads\/2025\/02\/Snezka-Royal-Penthouse-Pec-pod-Snezkou-14.webp\" alt=\"Snezka Royal Penthouse - Pec pod Snezkou - 14\" class=\"wp-image-179\" srcset=\"https:\/\/www.grandhotelhradec.cz\/wp-content\/uploads\/2025\/02\/Snezka-Royal-Penthouse-Pec-pod-Snezkou-14.webp 1024w, https:\/\/www.grandhotelhradec.cz\/wp-content\/uploads\/2025\/02\/Snezka-Royal-Penthouse-Pec-pod-Snezkou-14-600x401.webp 600w\" sizes=\"auto, (max-width: 1024px) 100vw, 1024px\" \/><\/a><\/figure>\n\n\n\n<figure class=\"wp-block-image size-large\"><a href=\"https:\/\/www.grandhotelhradec.cz\/wp-content\/uploads\/2025\/02\/Snezka-Royal-Penthouse-Pec-pod-Snezkou-17.webp\"><img loading=\"lazy\" decoding=\"async\" width=\"1366\" height=\"912\" data-id=\"182\" src=\"https:\/\/www.grandhotelhradec.cz\/wp-content\/uploads\/2025\/02\/Snezka-Royal-Penthouse-Pec-pod-Snezkou-17.webp\" alt=\"Snezka Royal Penthouse - Pec pod Snezkou - 17\" class=\"wp-image-182\" srcset=\"https:\/\/www.grandhotelhradec.cz\/wp-content\/uploads\/2025\/02\/Snezka-Royal-Penthouse-Pec-pod-Snezkou-17.webp 1366w, https:\/\/www.grandhotelhradec.cz\/wp-content\/uploads\/2025\/02\/Snezka-Royal-Penthouse-Pec-pod-Snezkou-17-600x401.webp 600w\" sizes=\"auto, (max-width: 1366px) 100vw, 1366px\" \/><\/a><\/figure>\n\n\n\n<figure class=\"wp-block-image size-large\"><a href=\"https:\/\/www.grandhotelhradec.cz\/wp-content\/uploads\/2025\/02\/Snezka-Royal-Penthouse-Pec-pod-Snezkou-18.webp\"><img loading=\"lazy\" decoding=\"async\" width=\"1366\" height=\"912\" data-id=\"183\" src=\"https:\/\/www.grandhotelhradec.cz\/wp-content\/uploads\/2025\/02\/Snezka-Royal-Penthouse-Pec-pod-Snezkou-18.webp\" alt=\"Snezka Royal Penthouse - Pec pod Snezkou - 18\" class=\"wp-image-183\" srcset=\"https:\/\/www.grandhotelhradec.cz\/wp-content\/uploads\/2025\/02\/Snezka-Royal-Penthouse-Pec-pod-Snezkou-18.webp 1366w, https:\/\/www.grandhotelhradec.cz\/wp-content\/uploads\/2025\/02\/Snezka-Royal-Penthouse-Pec-pod-Snezkou-18-600x401.webp 600w\" sizes=\"auto, (max-width: 1366px) 100vw, 1366px\" \/><\/a><\/figure>\n\n\n\n<figure class=\"wp-block-image size-large\"><a href=\"https:\/\/www.grandhotelhradec.cz\/wp-content\/uploads\/2025\/02\/Snezka-Royal-Penthouse-Pec-pod-Snezkou-10.webp\"><img loading=\"lazy\" decoding=\"async\" width=\"1024\" height=\"684\" data-id=\"175\" src=\"https:\/\/www.grandhotelhradec.cz\/wp-content\/uploads\/2025\/02\/Snezka-Royal-Penthouse-Pec-pod-Snezkou-10.webp\" alt=\"Snezka Royal Penthouse - Pec pod Snezkou - 10\" class=\"wp-image-175\" srcset=\"https:\/\/www.grandhotelhradec.cz\/wp-content\/uploads\/2025\/02\/Snezka-Royal-Penthouse-Pec-pod-Snezkou-10.webp 1024w, https:\/\/www.grandhotelhradec.cz\/wp-content\/uploads\/2025\/02\/Snezka-Royal-Penthouse-Pec-pod-Snezkou-10-600x401.webp 600w\" sizes=\"auto, (max-width: 1024px) 100vw, 1024px\" \/><\/a><\/figure>\n\n\n\n<figure class=\"wp-block-image size-large\"><a href=\"https:\/\/www.grandhotelhradec.cz\/wp-content\/uploads\/2025\/02\/Snezka-Royal-Penthouse-Pec-pod-Snezkou-02.webp\"><img loading=\"lazy\" decoding=\"async\" width=\"1024\" height=\"684\" data-id=\"185\" src=\"https:\/\/www.grandhotelhradec.cz\/wp-content\/uploads\/2025\/02\/Snezka-Royal-Penthouse-Pec-pod-Snezkou-02.webp\" alt=\"Snezka Royal Penthouse - Pec pod Snezkou - 02\" class=\"wp-image-185\" srcset=\"https:\/\/www.grandhotelhradec.cz\/wp-content\/uploads\/2025\/02\/Snezka-Royal-Penthouse-Pec-pod-Snezkou-02.webp 1024w, https:\/\/www.grandhotelhradec.cz\/wp-content\/uploads\/2025\/02\/Snezka-Royal-Penthouse-Pec-pod-Snezkou-02-600x401.webp 600w\" sizes=\"auto, (max-width: 1024px) 100vw, 1024px\" \/><\/a><\/figure>\n\n\n\n<figure class=\"wp-block-image size-large\"><a href=\"https:\/\/www.grandhotelhradec.cz\/wp-content\/uploads\/2025\/02\/Snezka-Royal-Penthouse-Pec-pod-Snezkou-16.webp\"><img loading=\"lazy\" decoding=\"async\" width=\"1024\" height=\"684\" data-id=\"181\" src=\"https:\/\/www.grandhotelhradec.cz\/wp-content\/uploads\/2025\/02\/Snezka-Royal-Penthouse-Pec-pod-Snezkou-16.webp\" alt=\"Snezka Royal Penthouse - Pec pod Snezkou - 16\" class=\"wp-image-181\" srcset=\"https:\/\/www.grandhotelhradec.cz\/wp-content\/uploads\/2025\/02\/Snezka-Royal-Penthouse-Pec-pod-Snezkou-16.webp 1024w, https:\/\/www.grandhotelhradec.cz\/wp-content\/uploads\/2025\/02\/Snezka-Royal-Penthouse-Pec-pod-Snezkou-16-600x401.webp 600w\" sizes=\"auto, (max-width: 1024px) 100vw, 1024px\" \/><\/a><\/figure>\n\n\n\n<figure class=\"wp-block-image size-large\"><a href=\"https:\/\/www.grandhotelhradec.cz\/wp-content\/uploads\/2025\/02\/Snezka-Royal-Penthouse-Pec-pod-Snezkou-04.webp\"><img loading=\"lazy\" decoding=\"async\" width=\"1366\" height=\"912\" data-id=\"187\" src=\"https:\/\/www.grandhotelhradec.cz\/wp-content\/uploads\/2025\/02\/Snezka-Royal-Penthouse-Pec-pod-Snezkou-04.webp\" alt=\"Snezka Royal Penthouse - Pec pod Snezkou - 04\" class=\"wp-image-187\" srcset=\"https:\/\/www.grandhotelhradec.cz\/wp-content\/uploads\/2025\/02\/Snezka-Royal-Penthouse-Pec-pod-Snezkou-04.webp 1366w, https:\/\/www.grandhotelhradec.cz\/wp-content\/uploads\/2025\/02\/Snezka-Royal-Penthouse-Pec-pod-Snezkou-04-600x401.webp 600w\" sizes=\"auto, (max-width: 1366px) 100vw, 1366px\" \/><\/a><\/figure>\n\n\n\n<figure class=\"wp-block-image size-large\"><a href=\"https:\/\/www.grandhotelhradec.cz\/wp-content\/uploads\/2025\/02\/Snezka-Royal-Penthouse-Pec-pod-Snezkou-03.webp\"><img loading=\"lazy\" decoding=\"async\" width=\"1024\" height=\"684\" data-id=\"186\" src=\"https:\/\/www.grandhotelhradec.cz\/wp-content\/uploads\/2025\/02\/Snezka-Royal-Penthouse-Pec-pod-Snezkou-03.webp\" alt=\"Snezka Royal Penthouse - Pec pod Snezkou - 03\" class=\"wp-image-186\" srcset=\"https:\/\/www.grandhotelhradec.cz\/wp-content\/uploads\/2025\/02\/Snezka-Royal-Penthouse-Pec-pod-Snezkou-03.webp 1024w, https:\/\/www.grandhotelhradec.cz\/wp-content\/uploads\/2025\/02\/Snezka-Royal-Penthouse-Pec-pod-Snezkou-03-600x401.webp 600w\" sizes=\"auto, (max-width: 1024px) 100vw, 1024px\" \/><\/a><\/figure>\n\n\n\n<figure class=\"wp-block-image size-large\"><a href=\"https:\/\/www.grandhotelhradec.cz\/wp-content\/uploads\/2025\/02\/Snezka-Royal-Penthouse-Pec-pod-Snezkou-01.webp\"><img loading=\"lazy\" decoding=\"async\" width=\"1366\" height=\"913\" data-id=\"184\" src=\"https:\/\/www.grandhotelhradec.cz\/wp-content\/uploads\/2025\/02\/Snezka-Royal-Penthouse-Pec-pod-Snezkou-01.webp\" alt=\"Snezka Royal Penthouse - Pec pod Snezkou - 01\" class=\"wp-image-184\" srcset=\"https:\/\/www.grandhotelhradec.cz\/wp-content\/uploads\/2025\/02\/Snezka-Royal-Penthouse-Pec-pod-Snezkou-01.webp 1366w, https:\/\/www.grandhotelhradec.cz\/wp-content\/uploads\/2025\/02\/Snezka-Royal-Penthouse-Pec-pod-Snezkou-01-600x401.webp 600w\" sizes=\"auto, (max-width: 1366px) 100vw, 1366px\" \/><\/a><\/figure>\n\n\n\n<figure class=\"wp-block-image size-large\"><a href=\"https:\/\/www.grandhotelhradec.cz\/wp-content\/uploads\/2025\/02\/Snezka-Royal-Penthouse-Pec-pod-Snezkou-08.webp\"><img loading=\"lazy\" decoding=\"async\" width=\"1024\" height=\"683\" data-id=\"191\" src=\"https:\/\/www.grandhotelhradec.cz\/wp-content\/uploads\/2025\/02\/Snezka-Royal-Penthouse-Pec-pod-Snezkou-08.webp\" alt=\"Snezka Royal Penthouse - Pec pod Snezkou - 08\" class=\"wp-image-191\" srcset=\"https:\/\/www.grandhotelhradec.cz\/wp-content\/uploads\/2025\/02\/Snezka-Royal-Penthouse-Pec-pod-Snezkou-08.webp 1024w, https:\/\/www.grandhotelhradec.cz\/wp-content\/uploads\/2025\/02\/Snezka-Royal-Penthouse-Pec-pod-Snezkou-08-600x400.webp 600w\" sizes=\"auto, (max-width: 1024px) 100vw, 1024px\" \/><\/a><\/figure>\n\n\n\n<figure class=\"wp-block-image size-large\"><a href=\"https:\/\/www.grandhotelhradec.cz\/wp-content\/uploads\/2025\/02\/Grand-Hotel-Hradec-Pec-pod-Snezkou-Rodinny-pokoj-Deluxe-03.webp\"><img loading=\"lazy\" decoding=\"async\" width=\"2000\" height=\"1334\" data-id=\"155\" src=\"https:\/\/www.grandhotelhradec.cz\/wp-content\/uploads\/2025\/02\/Grand-Hotel-Hradec-Pec-pod-Snezkou-Rodinny-pokoj-Deluxe-03-2000x1334.webp\" alt=\"Grand Hotel Hradec - Pec pod Sn\u011b\u017ekou - Deluxe Familienzimmer 03\" class=\"wp-image-155\" srcset=\"https:\/\/www.grandhotelhradec.cz\/wp-content\/uploads\/2025\/02\/Grand-Hotel-Hradec-Pec-pod-Snezkou-Rodinny-pokoj-Deluxe-03-2000x1334.webp 2000w, https:\/\/www.grandhotelhradec.cz\/wp-content\/uploads\/2025\/02\/Grand-Hotel-Hradec-Pec-pod-Snezkou-Rodinny-pokoj-Deluxe-03-600x400.webp 600w, https:\/\/www.grandhotelhradec.cz\/wp-content\/uploads\/2025\/02\/Grand-Hotel-Hradec-Pec-pod-Snezkou-Rodinny-pokoj-Deluxe-03.webp 2048w\" sizes=\"auto, (max-width: 2000px) 100vw, 2000px\" \/><\/a><\/figure>\n\n\n\n<figure class=\"wp-block-image size-large\"><a href=\"https:\/\/www.grandhotelhradec.cz\/wp-content\/uploads\/2025\/02\/Grand-Hotel-Hradec-Pec-pod-Snezkou-Rodinny-pokoj-Deluxe-04.webp\"><img loading=\"lazy\" decoding=\"async\" width=\"2000\" height=\"1334\" data-id=\"154\" src=\"https:\/\/www.grandhotelhradec.cz\/wp-content\/uploads\/2025\/02\/Grand-Hotel-Hradec-Pec-pod-Snezkou-Rodinny-pokoj-Deluxe-04-2000x1334.webp\" alt=\"Grand Hotel Hradec - Pec pod Sn\u011b\u017ekou - Deluxe Familienzimmer 04\" class=\"wp-image-154\" srcset=\"https:\/\/www.grandhotelhradec.cz\/wp-content\/uploads\/2025\/02\/Grand-Hotel-Hradec-Pec-pod-Snezkou-Rodinny-pokoj-Deluxe-04-2000x1334.webp 2000w, https:\/\/www.grandhotelhradec.cz\/wp-content\/uploads\/2025\/02\/Grand-Hotel-Hradec-Pec-pod-Snezkou-Rodinny-pokoj-Deluxe-04-600x400.webp 600w, https:\/\/www.grandhotelhradec.cz\/wp-content\/uploads\/2025\/02\/Grand-Hotel-Hradec-Pec-pod-Snezkou-Rodinny-pokoj-Deluxe-04.webp 2048w\" sizes=\"auto, (max-width: 2000px) 100vw, 2000px\" \/><\/a><\/figure>\n\n\n\n<figure class=\"wp-block-image size-large\"><a href=\"https:\/\/www.grandhotelhradec.cz\/wp-content\/uploads\/2025\/02\/Snezka-Royal-Penthouse-Pec-pod-Snezkou-09.webp\"><img loading=\"lazy\" decoding=\"async\" width=\"1366\" height=\"912\" data-id=\"174\" src=\"https:\/\/www.grandhotelhradec.cz\/wp-content\/uploads\/2025\/02\/Snezka-Royal-Penthouse-Pec-pod-Snezkou-09.webp\" alt=\"Snezka Royal Penthouse - Pec pod Snezkou - 09\" class=\"wp-image-174\" srcset=\"https:\/\/www.grandhotelhradec.cz\/wp-content\/uploads\/2025\/02\/Snezka-Royal-Penthouse-Pec-pod-Snezkou-09.webp 1366w, https:\/\/www.grandhotelhradec.cz\/wp-content\/uploads\/2025\/02\/Snezka-Royal-Penthouse-Pec-pod-Snezkou-09-600x401.webp 600w\" sizes=\"auto, (max-width: 1366px) 100vw, 1366px\" \/><\/a><\/figure>\n<\/figure>","protected":false},"excerpt":{"rendered":"<p>Chcete se odm\u011bnit n\u011b\u010d\u00edm opravdu v\u00fdjime\u010dn\u00fdm? M\u00e1te r\u00e1di spole\u010dnost, ale i \u00fapln\u00e9 soukrom\u00ed? Pak p\u0159ijm\u011bte pozv\u00e1n\u00ed do na\u0161eho jedine\u010dn\u00e9ho Sn\u011b\u017eka Royal Penthouse.&nbsp; Dvoupatrov\u00fd Sn\u011b\u017eka Royal Penthouse disponuje 155 m2, t\u0159emi pokoji, t\u0159emi koupelnami, dv\u011bma otev\u0159en\u00fdmi terasami, panoramatick\u00fdmi v\u00fdhledy, mas\u00e1\u017en\u00ed v\u00ed\u0159ivkou a vlastn\u00edm servisem&#8230; Kr\u00e1sn\u00fd. Velkorys\u00fd. Prostoupen\u00fd malebnost\u00ed hor. Pr\u00e1v\u011b takov\u00fd je&nbsp;Sn\u011b\u017eka Royal Penthouse. Sv\u011btlem zalit\u00e9 [&hellip;]<\/p>\n","protected":false},"author":1,"featured_media":183,"parent":29,"menu_order":7,"comment_status":"closed","ping_status":"closed","template":"pokoj.php","meta":{"footnotes":""},"class_list":["post-45","page","type-page","status-publish","has-post-thumbnail","hentry"],"_links":{"self":[{"href":"https:\/\/www.grandhotelhradec.cz\/de\/wp-json\/wp\/v2\/pages\/45","targetHints":{"allow":["GET"]}}],"collection":[{"href":"https:\/\/www.grandhotelhradec.cz\/de\/wp-json\/wp\/v2\/pages"}],"about":[{"href":"https:\/\/www.grandhotelhradec.cz\/de\/wp-json\/wp\/v2\/types\/page"}],"author":[{"embeddable":true,"href":"https:\/\/www.grandhotelhradec.cz\/de\/wp-json\/wp\/v2\/users\/1"}],"replies":[{"embeddable":true,"href":"https:\/\/www.grandhotelhradec.cz\/de\/wp-json\/wp\/v2\/comments?post=45"}],"version-history":[{"count":4,"href":"https:\/\/www.grandhotelhradec.cz\/de\/wp-json\/wp\/v2\/pages\/45\/revisions"}],"predecessor-version":[{"id":1044,"href":"https:\/\/www.grandhotelhradec.cz\/de\/wp-json\/wp\/v2\/pages\/45\/revisions\/1044"}],"up":[{"embeddable":true,"href":"https:\/\/www.grandhotelhradec.cz\/de\/wp-json\/wp\/v2\/pages\/29"}],"wp:featuredmedia":[{"embeddable":true,"href":"https:\/\/www.grandhotelhradec.cz\/de\/wp-json\/wp\/v2\/media\/183"}],"wp:attachment":[{"href":"https:\/\/www.grandhotelhradec.cz\/de\/wp-json\/wp\/v2\/media?parent=45"}],"curies":[{"name":"wp","href":"https:\/\/api.w.org\/{rel}","templated":true}]}}