{"id":41,"date":"2025-02-03T23:39:58","date_gmt":"2025-02-03T22:39:58","guid":{"rendered":"https:\/\/www.grandhotelhradec.cz\/?page_id=41"},"modified":"2026-04-30T12:23:39","modified_gmt":"2026-04-30T10:23:39","slug":"sonderangebote","status":"publish","type":"page","link":"https:\/\/www.grandhotelhradec.cz\/de\/sonderangebote\/","title":{"rendered":"Sonderangebote"},"content":{"rendered":"<div class=\"wp-block-columns is-layout-flex wp-container-core-columns-is-layout-9d6595d7 wp-block-columns-is-layout-flex\">\n<div class=\"wp-block-column is-layout-flow wp-block-column-is-layout-flow\">\n<figure class=\"wp-block-image size-full\"><a href=\"https:\/\/www.grandhotelhradec.cz\/de\/sonderangebote\/spezielle-flexible-saisonangebote-mit-3-gange-menu\/\"><img loading=\"lazy\" decoding=\"async\" width=\"372\" height=\"243\" src=\"https:\/\/www.grandhotelhradec.cz\/wp-content\/uploads\/2025\/10\/BALICEK_3MENU_WEB_372x243_px_nabidka_III_2.jpg\" alt=\"\" class=\"wp-image-1000\" srcset=\"https:\/\/www.grandhotelhradec.cz\/wp-content\/uploads\/2025\/10\/BALICEK_3MENU_WEB_372x243_px_nabidka_III_2.jpg 372w, https:\/\/www.grandhotelhradec.cz\/wp-content\/uploads\/2025\/10\/BALICEK_3MENU_WEB_372x243_px_nabidka_III_2-18x12.jpg 18w\" sizes=\"auto, (max-width: 372px) 100vw, 372px\" \/><\/a><\/figure>\n\n\n\n<h3 class=\"wp-block-heading\">Aufenthalt Paket <br>mit einem dreig\u00e4ngigen Abendessen<\/h3>\n\n\n\n<p>Erleben Sie das Riesengebirge mit Stil<\/p>\n\n\n\n<div class=\"wp-block-buttons is-layout-flex wp-block-buttons-is-layout-flex\">\n<div class=\"wp-block-button\"><a class=\"wp-block-button__link wp-element-button\" href=\"https:\/\/www.grandhotelhradec.cz\/de\/sonderangebote\/spezielle-flexible-saisonangebote-mit-3-gange-menu\/\">Weitere Informationen<\/a><\/div>\n<\/div>\n<\/div>\n\n\n\n<div class=\"wp-block-column is-layout-flow wp-block-column-is-layout-flow\">\n<figure class=\"wp-block-image size-full\"><a href=\"https:\/\/www.grandhotelhradec.cz\/de\/sonderangebote\/spezielles-flexibles-saisonangebot-mit-3-gange-menu-und-wellness\/\"><img loading=\"lazy\" decoding=\"async\" width=\"372\" height=\"243\" src=\"https:\/\/www.grandhotelhradec.cz\/wp-content\/uploads\/2025\/10\/BALICEK_3MENU_Wellness_WEB_372x243_px_nabidka_III_2.jpg\" alt=\"\" class=\"wp-image-1001\" srcset=\"https:\/\/www.grandhotelhradec.cz\/wp-content\/uploads\/2025\/10\/BALICEK_3MENU_Wellness_WEB_372x243_px_nabidka_III_2.jpg 372w, https:\/\/www.grandhotelhradec.cz\/wp-content\/uploads\/2025\/10\/BALICEK_3MENU_Wellness_WEB_372x243_px_nabidka_III_2-18x12.jpg 18w\" sizes=\"auto, (max-width: 372px) 100vw, 372px\" \/><\/a><\/figure>\n\n\n\n<h3 class=\"wp-block-heading\">Aufenthalt Paket <br>mit dreig\u00e4ngigem Abendessen und Wellness<\/h3>\n\n\n\n<p>Erleben Sie das Riesengebirge mit Stil<\/p>\n\n\n\n<div class=\"wp-block-buttons is-layout-flex wp-block-buttons-is-layout-flex\">\n<div class=\"wp-block-button\"><a class=\"wp-block-button__link wp-element-button\" href=\"https:\/\/www.grandhotelhradec.cz\/de\/sonderangebote\/spezielles-flexibles-saisonangebot-mit-3-gange-menu-und-wellness\/\">Weitere Informationen<\/a><\/div>\n<\/div>\n<\/div>\n\n\n\n<div class=\"wp-block-column is-layout-flow wp-block-column-is-layout-flow\">\n<figure class=\"wp-block-image size-full is-resized\"><a href=\"https:\/\/www.grandhotelhradec.cz\/de\/sonderangebote\/ein-geschenk-zum-bleiben\/\"><img loading=\"lazy\" decoding=\"async\" width=\"372\" height=\"243\" src=\"https:\/\/www.grandhotelhradec.cz\/wp-content\/uploads\/2026\/04\/KVETEN_bonus-Lahev_vina_zdarma_WEB_372x243_px_nabidka.webp\" alt=\"\" class=\"wp-image-1205\" style=\"object-fit:cover;width:372px;height:auto\" srcset=\"https:\/\/www.grandhotelhradec.cz\/wp-content\/uploads\/2026\/04\/KVETEN_bonus-Lahev_vina_zdarma_WEB_372x243_px_nabidka.webp 372w, https:\/\/www.grandhotelhradec.cz\/wp-content\/uploads\/2026\/04\/KVETEN_bonus-Lahev_vina_zdarma_WEB_372x243_px_nabidka-18x12.webp 18w\" sizes=\"auto, (max-width: 372px) 100vw, 372px\" \/><\/a><\/figure>\n\n\n\n<h3 class=\"wp-block-heading\">Geschenk f\u00fcr den Aufenthalt<\/h3>\n\n\n\n<p>Buchen Sie Ihren Aufenthalt auf unserer Website und erhalten Sie eine Flasche hochwertigen Prosecco<\/p>\n\n\n\n<div class=\"wp-block-buttons is-layout-flex wp-block-buttons-is-layout-flex\">\n<div class=\"wp-block-button\"><a class=\"wp-block-button__link wp-element-button\" href=\"https:\/\/www.grandhotelhradec.cz\/de\/sonderangebote\/ein-geschenk-zum-bleiben\/\">Weitere Informationen<\/a><\/div>\n<\/div>\n<\/div>\n<\/div>\n\n\n\n<div class=\"wp-block-columns is-layout-flex wp-container-core-columns-is-layout-9d6595d7 wp-block-columns-is-layout-flex\">\n<div class=\"wp-block-column is-layout-flow wp-block-column-is-layout-flow\">\n<figure class=\"wp-block-image size-medium\"><a class=\"rezervace\" href=\"https:\/\/grandhotelhradec.book-onlinenow.net\/index.aspx?specialoffer=MLOS+3+nights+NRF&amp;lan_id=cs-CZ&amp;cur=CZK&amp;promocode=GHH\" target=\"_blank\"><img loading=\"lazy\" decoding=\"async\" width=\"600\" height=\"393\" src=\"https:\/\/www.grandhotelhradec.cz\/wp-content\/uploads\/2025\/02\/sleva-10-600x393.jpg\" alt=\"Rabatt 10%\" class=\"wp-image-384\" srcset=\"https:\/\/www.grandhotelhradec.cz\/wp-content\/uploads\/2025\/02\/sleva-10-600x393.jpg 600w, https:\/\/www.grandhotelhradec.cz\/wp-content\/uploads\/2025\/02\/sleva-10.jpg 1366w\" sizes=\"auto, (max-width: 600px) 100vw, 600px\" \/><\/a><\/figure>\n\n\n\n<h3 class=\"wp-block-heading\">Bleiben Sie l\u00e4nger und sparen Sie 10 %<\/h3>\n\n\n\n<p>Aufenthaltsdauer ab 3 N\u00e4chten \u2013 keine Stornierung m\u00f6glich<\/p>\n\n\n\n<div class=\"wp-block-buttons is-layout-flex wp-block-buttons-is-layout-flex\">\n<div class=\"wp-block-button rezervace\"><a class=\"wp-block-button__link wp-element-button\" href=\"https:\/\/grandhotelhradec.book-onlinenow.net\/index.aspx?specialoffer=MLOS+3+nights+NRF&amp;lan_id=cs-CZ&amp;cur=CZK&amp;promocode=GHH\" target=\"_blank\" rel=\"\">Reservieren<\/a><\/div>\n<\/div>\n<\/div>\n\n\n\n<div class=\"wp-block-column is-layout-flow wp-block-column-is-layout-flow\">\n<figure class=\"wp-block-image size-medium\"><a class=\"rezervace\" href=\"https:\/\/grandhotelhradec.book-onlinenow.net\/index.aspx?specialoffer=MLOS+3+nights+NRF&amp;lan_id=cs-CZ&amp;cur=CZK&amp;promocode=GHH\" target=\"_blank\"><img loading=\"lazy\" decoding=\"async\" width=\"600\" height=\"393\" src=\"https:\/\/www.grandhotelhradec.cz\/wp-content\/uploads\/2025\/02\/sleva-5-600x393.jpg\" alt=\"Rabatt 5%\" class=\"wp-image-383\" srcset=\"https:\/\/www.grandhotelhradec.cz\/wp-content\/uploads\/2025\/02\/sleva-5-600x393.jpg 600w, https:\/\/www.grandhotelhradec.cz\/wp-content\/uploads\/2025\/02\/sleva-5.jpg 1366w\" sizes=\"auto, (max-width: 600px) 100vw, 600px\" \/><\/a><\/figure>\n\n\n\n<h3 class=\"wp-block-heading\">Bleiben Sie 3 oder mehr N\u00e4chte und sparen Sie 5 %<\/h3>\n\n\n\n<p>Mindestaufenthalt von 3 N\u00e4chten - stornierbar<\/p>\n\n\n\n<div class=\"wp-block-buttons is-layout-flex wp-block-buttons-is-layout-flex\">\n<div class=\"wp-block-button rezervace\"><a class=\"wp-block-button__link wp-element-button\" href=\"https:\/\/grandhotelhradec.book-onlinenow.net\/index.aspx?specialoffer=MLOS+3+nights+NRF&amp;lan_id=cs-CZ&amp;cur=CZK&amp;promocode=GHH\" target=\"_blank\" rel=\"\">Reservieren<\/a><\/div>\n<\/div>\n<\/div>\n\n\n\n<div class=\"wp-block-column is-layout-flow wp-block-column-is-layout-flow\">\n<figure class=\"wp-block-image size-full\"><a class=\"rezervace\" href=\"https:\/\/grandhotelhradec.book-onlinenow.net\/index.aspx?specialoffer=MLOS+3+nights+NRF&amp;lan_id=cs-CZ&amp;cur=CZK&amp;promocode=GHH\" target=\"_blank\"><img loading=\"lazy\" decoding=\"async\" width=\"1366\" height=\"894\" src=\"https:\/\/www.grandhotelhradec.cz\/wp-content\/uploads\/2025\/02\/Slevovy-kupon.jpg\" alt=\"Rabatt-Coupon\" class=\"wp-image-382\" srcset=\"https:\/\/www.grandhotelhradec.cz\/wp-content\/uploads\/2025\/02\/Slevovy-kupon.jpg 1366w, https:\/\/www.grandhotelhradec.cz\/wp-content\/uploads\/2025\/02\/Slevovy-kupon-600x393.jpg 600w\" sizes=\"auto, (max-width: 1366px) 100vw, 1366px\" \/><\/a><\/figure>\n\n\n\n<h3 class=\"wp-block-heading\">Sonderangebot mit 5 % Rabatt<\/h3>\n\n\n\n<p>Aufenthaltsdauer 1 \u2013 2 N\u00e4chte \u2013 keine Stornierungsm\u00f6glichkeit<\/p>\n\n\n\n<div class=\"wp-block-buttons is-layout-flex wp-block-buttons-is-layout-flex\">\n<div class=\"wp-block-button rezervace\"><a class=\"wp-block-button__link wp-element-button\" href=\"https:\/\/grandhotelhradec.book-onlinenow.net\/index.aspx?specialoffer=MLOS+3+nights+NRF&amp;lan_id=cs-CZ&amp;cur=CZK&amp;promocode=GHH\" target=\"_blank\" rel=\"\">Reservieren<\/a><\/div>\n<\/div>\n<\/div>\n<\/div>\n\n\n\n<div class=\"wp-block-columns is-layout-flex wp-container-core-columns-is-layout-9d6595d7 wp-block-columns-is-layout-flex\">\n<div class=\"wp-block-column is-layout-flow wp-block-column-is-layout-flow\">\n<figure class=\"wp-block-image size-full\"><a class=\"\" href=\"https:\/\/www.grandhotelhradec.cz\/de\/sonderangebote\/geschenkgutschein\/\"><img loading=\"lazy\" decoding=\"async\" width=\"378\" height=\"247\" src=\"https:\/\/www.grandhotelhradec.cz\/wp-content\/uploads\/2025\/02\/voucher-poukaz.jpg\" alt=\"Gutschein-Gutschein\" class=\"wp-image-395\"\/><\/a><\/figure>\n\n\n\n<h3 class=\"wp-block-heading\">Geschenkgutschein<\/h3>\n\n\n\n<p>Geschenkgutschein f\u00fcr alle Hotelleistungen<\/p>\n\n\n\n<div class=\"wp-block-buttons is-layout-flex wp-block-buttons-is-layout-flex\">\n<div class=\"wp-block-button\"><a class=\"wp-block-button__link wp-element-button\" href=\"https:\/\/www.grandhotelhradec.cz\/de\/sonderangebote\/geschenkgutschein\/\">Weitere Informationen<\/a><\/div>\n<\/div>\n<\/div>\n\n\n\n<div class=\"wp-block-column is-layout-flow wp-block-column-is-layout-flow\"><\/div>\n\n\n\n<div class=\"wp-block-column is-layout-flow wp-block-column-is-layout-flow\"><\/div>\n<\/div>\n\n\n\n<p><\/p>","protected":false},"excerpt":{"rendered":"<p>Pobytov\u00fd bal\u00ed\u010dek s t\u0159\u00edchodovou ve\u010de\u0159\u00ed Za\u017eijte Krkono\u0161e ve velk\u00e9m stylu Pobytov\u00fd bal\u00ed\u010dek s t\u0159\u00edchodovou ve\u010de\u0159\u00ed a wellness Za\u017eijte Krkono\u0161e ve velk\u00e9m stylu D\u00e1rek k pobytu Rezervujte si pobyt na na\u0161ich webov\u00fdch str\u00e1nk\u00e1ch a z\u00edskejte lahev kvalitn\u00edho Prosecca Z\u016fsta\u0148te d\u00e9le a u\u0161et\u0159ete 10% D\u00e9lka pobytu od 3 noc\u00ed &#8211; bez mo\u017enosti storna Z\u016fsta\u0148te 3 a v\u00edce [&hellip;]<\/p>","protected":false},"author":1,"featured_media":365,"parent":0,"menu_order":0,"comment_status":"closed","ping_status":"closed","template":"","meta":{"footnotes":""},"class_list":["post-41","page","type-page","status-publish","has-post-thumbnail","hentry"],"_links":{"self":[{"href":"https:\/\/www.grandhotelhradec.cz\/de\/wp-json\/wp\/v2\/pages\/41","targetHints":{"allow":["GET"]}}],"collection":[{"href":"https:\/\/www.grandhotelhradec.cz\/de\/wp-json\/wp\/v2\/pages"}],"about":[{"href":"https:\/\/www.grandhotelhradec.cz\/de\/wp-json\/wp\/v2\/types\/page"}],"author":[{"embeddable":true,"href":"https:\/\/www.grandhotelhradec.cz\/de\/wp-json\/wp\/v2\/users\/1"}],"replies":[{"embeddable":true,"href":"https:\/\/www.grandhotelhradec.cz\/de\/wp-json\/wp\/v2\/comments?post=41"}],"version-history":[{"count":54,"href":"https:\/\/www.grandhotelhradec.cz\/de\/wp-json\/wp\/v2\/pages\/41\/revisions"}],"predecessor-version":[{"id":1207,"href":"https:\/\/www.grandhotelhradec.cz\/de\/wp-json\/wp\/v2\/pages\/41\/revisions\/1207"}],"wp:featuredmedia":[{"embeddable":true,"href":"https:\/\/www.grandhotelhradec.cz\/de\/wp-json\/wp\/v2\/media\/365"}],"wp:attachment":[{"href":"https:\/\/www.grandhotelhradec.cz\/de\/wp-json\/wp\/v2\/media?parent=41"}],"curies":[{"name":"wp","href":"https:\/\/api.w.org\/{rel}","templated":true}]}}