{"id":406,"date":"2025-02-16T22:30:46","date_gmt":"2025-02-16T21:30:46","guid":{"rendered":"https:\/\/www.grandhotelhradec.cz\/?page_id=406"},"modified":"2025-02-16T22:30:46","modified_gmt":"2025-02-16T21:30:46","slug":"koch","status":"publish","type":"page","link":"https:\/\/www.grandhotelhradec.cz\/de\/karriere\/koch\/","title":{"rendered":"Kochen"},"content":{"rendered":"<p>Das Restaurantteam in Pec pod Sn\u011b\u017ekou und Jansk\u00e9 L\u00e1zn\u011b sucht einen neuen coolen Kollegen. Wenn Sie die gleiche Leidenschaft f\u00fcr die Gastronomie haben wie wir, sind wir auf der Suche nach Ihnen.<\/p>\n\n\n\n<h2 class=\"wp-block-heading\">Arbeitsinhalte<\/h2>\n\n\n\n<ul class=\"wp-block-list\">\n<li>Koch, Koch, Koch<\/li>\n\n\n\n<li>Kreatives Arbeiten im Hotelbetrieb vom Restaurant bis zum Bankett<\/li>\n\n\n\n<li>Einhaltung der HACCP-Standards<\/li>\n\n\n\n<li>Ein kommunikativer, flexibler und verl\u00e4sslicher Partner zu sein, auf den wir uns jederzeit verlassen k\u00f6nnen<\/li>\n<\/ul>\n\n\n\n<h2 class=\"wp-block-heading\">Wir fordern<\/h2>\n\n\n\n<ul class=\"wp-block-list\">\n<li>Vorkenntnisse in der K\u00fcche sind willkommen<\/li>\n\n\n\n<li>Unabh\u00e4ngiges und kreatives Denken<\/li>\n\n\n\n<li>Kreativit\u00e4t und Teamgeist<\/li>\n\n\n\n<li>Der Wunsch, sich zu verbessern und seine Kochk\u00fcnste weiterzuentwickeln<\/li>\n<\/ul>\n\n\n\n<h2 class=\"wp-block-heading\">Wir bieten<\/h2>\n\n\n\n<ul class=\"wp-block-list\">\n<li>Freundliches Team<\/li>\n\n\n\n<li>Vertrag auf unbestimmte Zeit<\/li>\n\n\n\n<li>Faire finanzielle Bewertung<\/li>\n\n\n\n<li>M\u00f6glichkeit der Unterbringung vor Ort<\/li>\n\n\n\n<li>Nach einem Jahr erfolgt ein Beitrag zur Zusatzrentenversicherung<\/li>\n\n\n\n<li>Personalverpflegung und unbegrenzt guter und starker Kaffee<\/li>\n\n\n\n<li>Geburtstagsgeschenk<\/li>\n\n\n\n<li>F&amp;B-Rabatte<\/li>\n<\/ul>\n\n\n\n<p><strong>Ist das genau das, was Sie suchen? Du bist unser Mann! Z\u00f6gern Sie nicht, uns zu kontaktieren! Senden Sie uns eine E-Mail an info@grandhotelhradec.cz, wir werden uns umgehend bei Ihnen melden.<\/strong><\/p>\n\n\n\n<p>Wir freuen uns auf Sie!<\/p>\n\n\n\n<figure class=\"wp-block-embed is-type-video is-provider-youtube wp-block-embed-youtube wp-embed-aspect-16-9 wp-has-aspect-ratio\"><div class=\"wp-block-embed__wrapper\">\n<iframe loading=\"lazy\" title=\"Koch im Grand Hotel Hradec 4****+\" width=\"1180\" height=\"664\" src=\"https:\/\/www.youtube.com\/embed\/-l1OmS1snWE?feature=oembed\" frameborder=\"0\" allow=\"accelerometer; autoplay; clipboard-write; encrypted-media; gyroscope; picture-in-picture; web-share\" referrerpolicy=\"strict-origin-when-cross-origin\" allowfullscreen><\/iframe>\n<\/div><\/figure>","protected":false},"excerpt":{"rendered":"<p>T\u00fdm restaurace v Peci pod Sn\u011b\u017ekou a Jansk\u00fdch L\u00e1zn\u00edch, hled\u00e1 nov\u00e9ho fajn kolegu. Pokud jste stejn\u011b zap\u00e1len\u00fd do gastronomie, jako my, hled\u00e1me pr\u00e1v\u011b V\u00e1s. N\u00e1pl\u0148 pr\u00e1ce Po\u017eadujeme Nab\u00edz\u00edme Je tohle pr\u00e1v\u011b to, co hled\u00e1te? Jste n\u00e1\u0161 \u010dlov\u011bk! Nev\u00e1hejte a ozv\u011bte se n\u00e1m! Napi\u0161te n\u00e1m na email info@grandhotelhradec.cz, obratem se V\u00e1m ozveme. T\u011b\u0161\u00edme se na V\u00e1s!<\/p>","protected":false},"author":1,"featured_media":407,"parent":49,"menu_order":0,"comment_status":"closed","ping_status":"closed","template":"","meta":{"footnotes":""},"class_list":["post-406","page","type-page","status-publish","has-post-thumbnail","hentry"],"_links":{"self":[{"href":"https:\/\/www.grandhotelhradec.cz\/de\/wp-json\/wp\/v2\/pages\/406","targetHints":{"allow":["GET"]}}],"collection":[{"href":"https:\/\/www.grandhotelhradec.cz\/de\/wp-json\/wp\/v2\/pages"}],"about":[{"href":"https:\/\/www.grandhotelhradec.cz\/de\/wp-json\/wp\/v2\/types\/page"}],"author":[{"embeddable":true,"href":"https:\/\/www.grandhotelhradec.cz\/de\/wp-json\/wp\/v2\/users\/1"}],"replies":[{"embeddable":true,"href":"https:\/\/www.grandhotelhradec.cz\/de\/wp-json\/wp\/v2\/comments?post=406"}],"version-history":[{"count":0,"href":"https:\/\/www.grandhotelhradec.cz\/de\/wp-json\/wp\/v2\/pages\/406\/revisions"}],"up":[{"embeddable":true,"href":"https:\/\/www.grandhotelhradec.cz\/de\/wp-json\/wp\/v2\/pages\/49"}],"wp:featuredmedia":[{"embeddable":true,"href":"https:\/\/www.grandhotelhradec.cz\/de\/wp-json\/wp\/v2\/media\/407"}],"wp:attachment":[{"href":"https:\/\/www.grandhotelhradec.cz\/de\/wp-json\/wp\/v2\/media?parent=406"}],"curies":[{"name":"wp","href":"https:\/\/api.w.org\/{rel}","templated":true}]}}