{"id":375,"date":"2025-02-14T23:50:25","date_gmt":"2025-02-14T22:50:25","guid":{"rendered":"https:\/\/www.grandhotelhradec.cz\/?page_id=375"},"modified":"2025-02-25T19:36:34","modified_gmt":"2025-02-25T18:36:34","slug":"geschenkgutschein","status":"publish","type":"page","link":"https:\/\/www.grandhotelhradec.cz\/de\/sonderangebote\/geschenkgutschein\/","title":{"rendered":"Geschenkgutschein"},"content":{"rendered":"<ul class=\"wp-block-list\">\n<li><strong>Geschenkgutschein im Wert von 3.000 CZK<\/strong><\/li>\n\n\n\n<li><strong>Geschenkgutschein im Wert von 6.000 CZK<\/strong><\/li>\n\n\n\n<li><strong>Geschenkgutschein im Wert von 9.000 CZK<\/strong><\/li>\n<\/ul>\n\n\n\n<div class=\"wp-block-buttons is-layout-flex wp-block-buttons-is-layout-flex\">\n<div class=\"wp-block-button rezervace\"><a class=\"wp-block-button__link wp-element-button\" href=\"https:\/\/www.grandhotelhradec.cz\/wp-content\/uploads\/2025\/03\/voucher-en.jpg\" target=\"_blank\" rel=\"\">Jetzt kaufen<\/a><\/div>\n<\/div>\n\n\n\n<p>&nbsp;<\/p>\n\n\n\n<figure class=\"wp-block-image size-full\"><img loading=\"lazy\" decoding=\"async\" width=\"900\" height=\"500\" src=\"https:\/\/www.grandhotelhradec.cz\/wp-content\/uploads\/2025\/03\/voucher-en.jpg\" alt=\"Gutschein - Grand Hotel Hradec\" class=\"wp-image-377\" srcset=\"https:\/\/www.grandhotelhradec.cz\/wp-content\/uploads\/2025\/03\/voucher-en.jpg 900w, https:\/\/www.grandhotelhradec.cz\/wp-content\/uploads\/2025\/03\/voucher-en-600x333.jpg 600w, https:\/\/www.grandhotelhradec.cz\/wp-content\/uploads\/2025\/03\/voucher-en-18x10.jpg 18w\" sizes=\"auto, (max-width: 900px) 100vw, 900px\" \/><\/figure>\n\n\n\n<p><strong>Der Geschenkgutschein kann f\u00fcr alle Leistungen des Grand Hotel Hradec verwendet werden und ist 12 Monate g\u00fcltig.<\/strong><\/p>\n\n\n\n<h3 class=\"wp-block-heading\">Sie k\u00f6nnen aus folgenden Leistungen w\u00e4hlen:<\/h3>\n\n\n\n<ul class=\"wp-block-list\">\n<li>\u00dcbernachtung inklusive reichhaltigem Fr\u00fchst\u00fccksbuffet<\/li>\n\n\n\n<li>Eintritt zum Bubbly Wellness<\/li>\n\n\n\n<li>Massagen und Kosmetik<\/li>\n\n\n\n<li>Verzehr im Meat &amp; Meet Restaurant<\/li>\n<\/ul>\n\n\n\n<p>Machen Sie Ihren Lieben eine Freude und schenken Sie ihnen ein unvergessliches Erlebnis im Grand Hotel Hradec.<\/p>\n\n\n\n<h3 class=\"wp-block-heading\">Geschenkgutschein \u2013 Zahlungsbedingungen<\/h3>\n\n\n\n<ul class=\"wp-block-list\">\n<li>Der Gesamtbetrag des Gutscheinkaufs wird nach Abschluss der Online-Buchung von Ihrer Kreditkarte abgebucht.<\/li>\n\n\n\n<li>Bei Auswahl der Zahlungsart Bank\u00fcberweisung erfolgt die Versendung des Gutscheines nach Zahlungseingang auf unserem Konto.<\/li>\n\n\n\n<li>Eine Stornierung ist nicht m\u00f6glich.<\/li>\n\n\n\n<li>Wir senden Ihnen den Geschenkgutschein ganz nach Ihren W\u00fcnschen zu: per Post oder per E-Mail.<\/li>\n\n\n\n<li>Wenn Sie Fragen haben, z\u00f6gern Sie bitte nicht, uns zu kontaktieren.<\/li>\n<\/ul>\n\n\n\n<h3 class=\"wp-block-heading\">Geschenkgutscheine \u2013 G\u00fcltigkeits- und Stornierungsbedingungen<\/h3>\n\n\n\n<ul class=\"wp-block-list\">\n<li>Der Geschenkgutschein ist 12 Monate g\u00fcltig.<\/li>\n\n\n\n<li>Wird der Geschenkgutschein bis zum Ablauf seiner G\u00fcltigkeit nicht genutzt, verf\u00e4llt er entsch\u00e4digungslos (eine Stornierung ist nicht m\u00f6glich).<\/li>\n\n\n\n<li>Wenn Sie Fragen haben, z\u00f6gern Sie bitte nicht, uns zu kontaktieren.<\/li>\n<\/ul>\n\n\n\n<div class=\"wp-block-buttons is-layout-flex wp-block-buttons-is-layout-flex\">\n<div class=\"wp-block-button rezervace\"><a class=\"wp-block-button__link wp-element-button\" href=\"https:\/\/www.grandhotelhradec.cz\/wp-content\/uploads\/2025\/03\/voucher-en.jpg\" target=\"_blank\" rel=\"\">Jetzt kaufen<\/a><\/div>\n<\/div>","protected":false},"excerpt":{"rendered":"<p>&nbsp; D\u00e1rkov\u00fd poukaz je mo\u017en\u00e9 uplatnit na v\u0161echny slu\u017eby Grand Hotelu Hradec s platnost\u00ed 12 m\u011bs\u00edc\u016f. Vyb\u00edrat m\u016f\u017eete z&nbsp;n\u00e1sleduj\u00edc\u00edch slu\u017eeb Ud\u011blejte radost sv\u00fdm bl\u00edzk\u00fdm a darujte jim nezapomenuteln\u00fd z\u00e1\u017eitek v&nbsp;Grand Hotelu Hradec. D\u00e1rkov\u00fd poukaz \u2013 platebn\u00ed podm\u00ednky D\u00e1rkov\u00e9 poukazy \u2013 platnost a storno podm\u00ednky<\/p>","protected":false},"author":1,"featured_media":586,"parent":41,"menu_order":0,"comment_status":"closed","ping_status":"closed","template":"","meta":{"footnotes":""},"class_list":["post-375","page","type-page","status-publish","has-post-thumbnail","hentry"],"_links":{"self":[{"href":"https:\/\/www.grandhotelhradec.cz\/de\/wp-json\/wp\/v2\/pages\/375","targetHints":{"allow":["GET"]}}],"collection":[{"href":"https:\/\/www.grandhotelhradec.cz\/de\/wp-json\/wp\/v2\/pages"}],"about":[{"href":"https:\/\/www.grandhotelhradec.cz\/de\/wp-json\/wp\/v2\/types\/page"}],"author":[{"embeddable":true,"href":"https:\/\/www.grandhotelhradec.cz\/de\/wp-json\/wp\/v2\/users\/1"}],"replies":[{"embeddable":true,"href":"https:\/\/www.grandhotelhradec.cz\/de\/wp-json\/wp\/v2\/comments?post=375"}],"version-history":[{"count":0,"href":"https:\/\/www.grandhotelhradec.cz\/de\/wp-json\/wp\/v2\/pages\/375\/revisions"}],"up":[{"embeddable":true,"href":"https:\/\/www.grandhotelhradec.cz\/de\/wp-json\/wp\/v2\/pages\/41"}],"wp:featuredmedia":[{"embeddable":true,"href":"https:\/\/www.grandhotelhradec.cz\/de\/wp-json\/wp\/v2\/media\/586"}],"wp:attachment":[{"href":"https:\/\/www.grandhotelhradec.cz\/de\/wp-json\/wp\/v2\/media?parent=375"}],"curies":[{"name":"wp","href":"https:\/\/api.w.org\/{rel}","templated":true}]}}