{"id":358,"date":"2025-02-14T23:36:57","date_gmt":"2025-02-14T22:36:57","guid":{"rendered":"https:\/\/www.grandhotelhradec.cz\/?page_id=358"},"modified":"2026-04-12T22:17:24","modified_gmt":"2026-04-12T20:17:24","slug":"e-bikes","status":"publish","type":"page","link":"https:\/\/www.grandhotelhradec.cz\/de\/entdecken-sie-pec-pod-snezkou\/e-bikes\/","title":{"rendered":"E-Bikes"},"content":{"rendered":"<p class=\"translation-block\">Wenn Sie die Sch\u00f6nheit des Riesengebirges erkunden und eine Bergwanderung auf eine andere Art und Weise als zu Fu\u00df genie\u00dfen m\u00f6chten, mieten Sie eines der E-Bikes, das Sie an Orte bringt, die Ihnen den Atem rauben werden. Dadurch bietet der Platz ein wirklich komplettes Golfangebot. Die Aussicht auf das Riesengebirge, einschlie\u00dflich der dominierenden Berge \u010cern\u00e1 hora und Sn\u011b\u017eka, sowie auf die wundersch\u00f6nen Berge Vran\u00ed vrchy und Zvi\u010dina wird Ihr Spielerlebnis komplett bereichern.<\/p>\n\n\n\n<p><em>*Das Angebot gilt nach Verf\u00fcgbarkeit unserer Partner, vorwiegend in der Sommersaison.<\/em><\/p>\n\n\n\n<h2 class=\"wp-block-heading\">Probieren Sie die Radwege rund um das Grand Hotel Hradec aus<\/h2>\n\n\n\n<h3 class=\"wp-block-heading\">Kinderradweg<\/h3>\n\n\n\n<p><strong>Kinderroute \u2013 Variante A<\/strong><\/p>\n\n\n\n<ul class=\"wp-block-list\">\n<li>L\u00e4nge: 17,1 km<\/li>\n\n\n\n<li>H\u00f6he: 550 m<\/li>\n\n\n\n<li>Schwierigkeit: 1\/3<\/li>\n<\/ul>\n\n\n\n<p><strong>Kinderroute \u2013 Variante B (mit Seilbahn)<\/strong><\/p>\n\n\n\n<ul class=\"wp-block-list\">\n<li>L\u00e4nge: 13,3 km<\/li>\n\n\n\n<li>H\u00f6he: 230 m<\/li>\n\n\n\n<li>Schwierigkeit: 1\/3<\/li>\n<\/ul>\n\n\n\n<p>Fahren Sie zur Hauptkreuzung in Petzer (Pec), dort nach links und gleich wieder nach links (!) auf den Radweg K1A, dann weiter bis zur Johannisbaude (Janova bouda). Biegen Sie hier links auf den Kubat-Weg (Kub\u00e1tova cesta) ab. Sie sind am Ziel \u2013 in der Spielelandschaft PECKA. Sie k\u00f6nnen weiter bergauf zur Bergbaude R\u016f\u017eohorky fahren, wo Sie zu Mittag essen k\u00f6nnen. R\u00fcckweg \u2013 identisch.<\/p>\n\n\n\n<p>Hinweis \u2013 die Route f\u00fchrt einen langen H\u00fcgel hinauf. Sie k\u00f6nnen die Route unterwegs verlassen und zur Seilbahn an der Bergbaude Port\u00e1\u0161ky fahren, die Sie zur Spiellandschaft Pecka hinaufbringt. Eine alternative Variante ist der Weg entlang des rechten Ufers der Aupa (\u00dapa), wo es mehrere Kinderspielpl\u00e4tze gibt. Fahren Sie nach Gro\u00df-Aupa (Velk\u00e1 \u00dapa), hier zur Port\u00e1\u0161ky-Seilbahn, mit dieser hinauf zur Spiellandschaft Pecka und von dort ggf. einen kleinen H\u00fcgel nach R\u016f\u017eohorky (Bauernhof, Restaurant) hinauf. Die R\u00fcckfahrt kann dann entlang der zu Beginn beschriebenen Route K1A erfolgen.<\/p>\n\n\n\n<p><strong>Kinderroute \u2013 Variante A<\/strong><\/p>\n\n\n\n<iframe loading=\"lazy\" style=\"border:none\" src=\"https:\/\/sk.frame.mapy.cz\/s\/lavodekugo\" width=\"100%\" height=\"280\" frameborder=\"0\"><\/iframe>\n\n\n\n<p><strong>Kinderroute \u2013 Variante B (Teil eins)<\/strong><\/p>\n\n\n\n<iframe loading=\"lazy\" style=\"border:none\" src=\"https:\/\/sk.frame.mapy.cz\/s\/kesavabuca\" width=\"100%\" height=\"280\" frameborder=\"0\"><\/iframe>\n\n\n\n<p><strong>F\u00fcr Kinder - Variante B 02<\/strong><\/p>\n\n\n\n<iframe loading=\"lazy\" style=\"border:none\" src=\"https:\/\/sk.frame.mapy.cz\/s\/ducelapebo\" width=\"100%\" height=\"280\" frameborder=\"0\"><\/iframe>\n\n\n\n<h2 class=\"wp-block-heading\">Route 1<\/h2>\n\n\n\n<ul class=\"wp-block-list\">\n<li>L\u00e4nge: 26 km<\/li>\n\n\n\n<li>H\u00f6he: 970 m<\/li>\n\n\n\n<li>Schwierigkeit: 2\/3<\/li>\n<\/ul>\n\n\n\n<p>Unterhalb des Hotels sofort nach rechts, bergauf zur den Richterbauden (Richtrovy boudy), weiter zur Tannenbaude (V\u00fdrovka) und von dort rechts auf den Sattel zwischen Wiesenberg (Lu\u010dn\u00ed hora) und Hochwiesenberg (Studni\u010dn\u00ed hora), zum Denkmal f\u00fcr die Opfer der Berge (Pam\u00e1tn\u00edk ob\u011btem hor) (Sie k\u00f6nnen bis zur Wiesenbaude (Lu\u010dn\u00ed bouda) hinunterfahren und auf dem gleichen Weg zur\u00fcckkehren). Dann kehren Sie zur Tannenbaue (V\u00fdrovka) zur\u00fcck und fahren geradeaus zur Baude Na Rozcest\u00ed (Am Wegekreuz) weiter. Hier fahren Sie geradeaus, vorbei an der Hofbaude (Dvorsk\u00e1 bouda), bis zu den Vorderen Rennerbauden (P\u0159edn\u00ed Rennerovky). Unterhalb der Bauden nach links und anschlie\u00dfend scharf links von der Stra\u00dfe abbiegen. Dann weiter \u00fcber den Zinnecker-Graben (Zinneckerov\u00e1 strouha) auf dem Wasserleitungsweg (Vodovodn\u00ed cesta) bis zu den Auerwiesbauden (Tet\u0159ev\u00ed Boudy). Hier scharf nach links, fast im 180-Grad-Winkel, in Richtung Waldbaude (Lesn\u00ed bouda) abbiegen. An der Waldbaude (Lesn\u00ed bouda) biegen Sie rechts zu den T\u00f6pferbauden (Hrn\u010d\u00ed\u0159sk\u00e9 boudy) ab, an den Bohnwiesbauden (Lu\u010diny) biegen Sie links und sofort wieder links ab. Sobald Sie den Mulda-Lift (vlek Mulda) unterqueren, biegen Sie rechts ab (nach Petzer (Pec) gelangen Sie ggf. auch geradeaus, aber die Strecke ist etwas l\u00e4nger). Von hier aus f\u00fchrt eine Asphaltstra\u00dfe direkt nach Petzer (Pec). Fahren Sie bis zur Hauptkreuzung in Petzer (Pec) hinunter und biegen hier links zum Grandhotel Hradec ab.<\/p>\n\n\n\n<iframe loading=\"lazy\" style=\"border:none\" src=\"https:\/\/sk.frame.mapy.cz\/s\/focovagute\" width=\"100%\" height=\"280\" frameborder=\"0\"><\/iframe>\n\n\n\n<figure data-wp-context=\"{&quot;imageId&quot;:&quot;69f2cf1ddc23a&quot;}\" data-wp-interactive=\"core\/image\" data-wp-key=\"69f2cf1ddc23a\" class=\"wp-block-image size-large wp-lightbox-container\"><img loading=\"lazy\" decoding=\"async\" width=\"2000\" height=\"1333\" data-wp-class--hide=\"state.isContentHidden\" data-wp-class--show=\"state.isContentVisible\" data-wp-init=\"callbacks.setButtonStyles\" data-wp-on--click=\"actions.showLightbox\" data-wp-on--load=\"callbacks.setButtonStyles\" data-wp-on-window--resize=\"callbacks.setButtonStyles\" src=\"https:\/\/www.grandhotelhradec.cz\/wp-content\/uploads\/2025\/02\/Elektrokola-Pec-pod-Snezkou-02-2000x1333.webp\" alt=\"Elektrofahrr\u00e4der -Pec pod Sn\u011b\u017ekou 02\" class=\"wp-image-359\" srcset=\"https:\/\/www.grandhotelhradec.cz\/wp-content\/uploads\/2025\/02\/Elektrokola-Pec-pod-Snezkou-02-2000x1333.webp 2000w, https:\/\/www.grandhotelhradec.cz\/wp-content\/uploads\/2025\/02\/Elektrokola-Pec-pod-Snezkou-02-600x400.webp 600w\" sizes=\"auto, (max-width: 2000px) 100vw, 2000px\" \/><button\n\t\t\tclass=\"lightbox-trigger\"\n\t\t\ttype=\"button\"\n\t\t\taria-haspopup=\"dialog\"\n\t\t\taria-label=\"Vergr\u00f6\u00dfern\"\n\t\t\tdata-wp-init=\"callbacks.initTriggerButton\"\n\t\t\tdata-wp-on--click=\"actions.showLightbox\"\n\t\t\tdata-wp-style--right=\"state.imageButtonRight\"\n\t\t\tdata-wp-style--top=\"state.imageButtonTop\"\n\t\t>\n\t\t\t<svg xmlns=\"http:\/\/www.w3.org\/2000\/svg\" width=\"12\" height=\"12\" fill=\"none\" viewbox=\"0 0 12 12\">\n\t\t\t\t<path fill=\"#fff\" d=\"M2 0a2 2 0 0 0-2 2v2h1.5V2a.5.5 0 0 1 .5-.5h2V0H2Zm2 10.5H2a.5.5 0 0 1-.5-.5V8H0v2a2 2 0 0 0 2 2h2v-1.5ZM8 12v-1.5h2a.5.5 0 0 0 .5-.5V8H12v2a2 2 0 0 1-2 2H8Zm2-12a2 2 0 0 1 2 2v2h-1.5V2a.5.5 0 0 0-.5-.5H8V0h2Z\" \/>\n\t\t\t<\/svg>\n\t\t<\/button><\/figure>\n\n\n\n<h2 class=\"wp-block-heading\">Route 2<\/h2>\n\n\n\n<p>L\u00e4nge: 22,3 km<br>H\u00f6henmeter: 570 m (Variante B 220 m)<br>Schwierigkeit: 2\/3<br><br><strong>Mittelschwer \u2013 mit 2 Seilbahnen<\/strong><\/p>\n\n\n\n<p>Nehmen Sie die Seilbahn hinauf zum Braunberg (Hn\u011bd\u00fd vrch), dann den Radweg zum Bauernhof Waldbaude (Lesn\u00ed Bouda), von dort zur T\u00f6pferbaude (Hrn\u010d\u00ed\u0159sk\u00e1 bouda), dann \u00fcber die Bohnwiesbauden (Lu\u010diny) zur Kol\u00ednsk\u00e1 Bouda. Biegen Sie an der Kreuzung unterhalb der Kol\u00ednsk\u00e1 Bouda rechts ab, am Wegweiser nicht weiter bergab, sondern links bergauf fahren. Am n\u00e4chsten Wegweiser leicht rechts, weiter auf dem Radweg K19B. An der T-Kreuzung links abbiegen. An den Zrcadlov\u00e9 Boudy geradeaus.<\/p>\n\n\n\n<p><strong>Variante A mit Seilbahn<\/strong><\/p>\n\n\n\n<p>Bis zur Gabelung auf dem Lobkovic-Weg \u2013 bergab leicht rechts. Weiter bergab und oberhalb der Hoffmannbaude (Hoffmanova bouda) nach rechts bis zur Talstation der Seilbahn Schwarzenberger Express (\u010cernohorsk\u00fd Express).<\/p>\n\n\n\n<p><strong>Variante B<\/strong><\/p>\n\n\n\n<p>An der Gabelung auf die Schwarzenberger Landtra\u00dfe (\u010cernohorsk\u00e1 silnice), hinauf bis zum Gipfel des Schwarzenbergs (\u010cern\u00e1 hora). Vom Schwarzenberg (\u010cern\u00e1 hora) neben den Schwarzbauden (\u010cern\u00e9 boudy), an der Kreuzung nach links (so vermeiden Sie den steilen Anstieg oberhalb der Wegkreuzung V\u00e1clav\u00e1k). Entlang des 1.Riesengebirgs-Naturlehrpfades weiter geradeaus, am Wegweiser an der Wegkreuzung Lu\u010dn\u00ed Sv\u00e1\u017enice rechts bis zur Kreuzung Pod Kol\u00ednskou boudou und von dort \u00fcber die Bohnwiesbauden (Lu\u010diny) zur Kol\u00ednsk\u00e1 Bouda, oberhalb der Prager Baude (Pra\u017esk\u00e1 bouda) leicht rechts und gleich wieder links \u2013 Abfahrt unter dem ESO-Skilift hindurch und vorbei an der \u017di\u017ekova bouda bis zum Skilift JAVOR, dann geradeaus bis zur Hauptkreuzung in Petzer (Pec), hier links zum Grandhotel Hradec.<\/p>\n\n\n\n<p><strong>Route 2 - Variante A (erster Teil)<\/strong><\/p>\n\n\n\n<iframe loading=\"lazy\" style=\"border:none\" src=\"https:\/\/sk.frame.mapy.cz\/s\/hugusanufo\" width=\"100%\" height=\"280\" frameborder=\"0\"><\/iframe>\n\n\n\n<p><strong>Trail 2 - Variante A (zweiter Teil)<\/strong><\/p>\n\n\n\n<iframe loading=\"lazy\" style=\"border:none\" src=\"https:\/\/sk.frame.mapy.cz\/s\/dorufucuvu\" width=\"100%\" height=\"280\" frameborder=\"0\"><\/iframe>\n\n\n\n<p><strong>Route 2 - Variante B<\/strong><\/p>\n\n\n\n<iframe loading=\"lazy\" style=\"border:none\" src=\"https:\/\/sk.frame.mapy.cz\/s\/lefazutalo\" width=\"100%\" height=\"280\" frameborder=\"0\"><\/iframe>\n\n\n\n<h2 class=\"wp-block-heading\">Route 3 \u2013 Route mit sch\u00f6nen Aussichten<\/h2>\n\n\n\n<ul class=\"wp-block-list\">\n<li>Mittlerer Schwierigkeitsgrad, lang<\/li>\n\n\n\n<li>L\u00e4nge: 39,1 km<\/li>\n\n\n\n<li>H\u00f6henunterschied: 1.550 m (Variante B mit Seilbahn 1.300 m)<\/li>\n\n\n\n<li>Schwierigkeit: 3\/3<\/li>\n<\/ul>\n\n\n\n<p><strong>Variante A<\/strong><\/p>\n\n\n\n<p>Unterhalb des Hotels gleich rechts, bergauf zur Richter-Baude (Richtrov\u00e1 bouda), weiter zur Tannenbaude oder Geiergucke (V\u00fdrovka bouda), von dort nach rechts auf den Sattel zwischen Hochwiesenberg (Lu\u010dn\u00ed hora) und Brunnberg (Studni\u010dn\u00ed hora), zum Denkmal f\u00fcr die Opfer der Berge (Sie k\u00f6nnen bis zur Wiesenbaude (Lu\u010dn\u00ed Bouda) hinunterfahren und auf dem gleichen Weg zur\u00fcckkehren). Zur\u00fcck zur Tannenbaude oder Geiergucke (V\u00fdrovka bouda) und geradeaus weiter zur Baude Na Rozcest\u00ed (Am Wegekreuz). Hier gerade entlang der Hofbaude (Dvorsk\u00e1 bouda) bis zu den Vordere Rennerbauden (P\u0159edn\u00ed Rennerovky). Unterhalb der Bauden nach links und anschlie\u00dfend scharf links von der Stra\u00dfe abbiegen. Weiter \u00fcber den Zinnecker-Graben auf dem Wasserleitungsweg (Vodovodn\u00ed cesta) bis zu den Auerwiesbauden (Tet\u0159ev\u00ed Boudy). Hier scharf nach links, fast im 180-Grad-Winkel, in Richtung Waldbaude (Lesn\u00ed bouda) abbiegen. Von dort aus weiter zu den T\u00f6pferbauden (Hrn\u010d\u00ed\u0159sk\u00e9 boudy). Weiterfahren und unterhalb der Cihl\u00e1\u0159sk\u00e1 bouda (Ziegelbrenner-Baude) scharf nach links (fast 180 Grad). Folgen Sie der Asphaltstra\u00dfe und biegen Sie an der Gabelung nach rechts ab (siehe Nummer 17). Wenn Sie auf die Stra\u00dfe (T-Kreuzung) treffen, links abbiegen und weiter bis zu den Spiegelbauden (Zrcadlovky). Wenn Sie auf die Stra\u00dfe treffen \u2013 Variante A mit Schwarzenberg-Seilbahn (lanovka \u010cern\u00e1 Hora) \u2013 nach rechts bergab nach Johannisbad (J\u00e1nsk\u00e9 L\u00e1zn\u011b) und hier zur Seilbahn.<\/p>\n\n\n\n<p><strong>Variante B<\/strong><\/p>\n\n\n\n<p>Nach links bergauf in Richtung Zinnercker-Bauden (Zinnerckerovy boudy) und von dort weiter hinauf bis zum Gipfel des Schwarzenbergs (\u010cern\u00e1 hora).\nFortsetzung von der Bergstation der Seilbahn: Vorbei an den Schwarzbauden (\u010cern\u00e9 boudy) bis zur Kreuzung, hier links, am Zrcadla (Gipfel) entlang \u2013 so vermeiden den steilen Anstieg oberhalb der Wegkreuzung V\u00e1clav\u00e1k. Bei Auffahrt auf die Asphaltstra\u00dfe scharf rechts, fast im 180-Grad-Winkel, bis zur Kreuzung Pod Kol\u00ednskou boudou und von dort \u00fcber Bohnwiesbauden (Lu\u010diny) zur Kol\u00ednsk\u00e1 Bouda, oberhalb der Prager Baude (Pra\u017esk\u00e1 bouda) leicht rechts und gleich wieder links \u2013 Abfahrt unter dem ESO-Skilift hindurch und vorbei an der \u017di\u017ekova Bouda bis zum Skilift JAVOR, dann geradeaus bis nach Petzer (Pec) bis zur Hauptkreuzung, hier links zum Grandhotel Hradec.<\/p>\n\n\n\n<p><strong>Route 3 - Variante A (erster Teil)<\/strong><\/p>\n\n\n\n<iframe loading=\"lazy\" style=\"border:none\" src=\"https:\/\/sk.frame.mapy.cz\/s\/memubojoju\" width=\"100%\" height=\"280\" frameborder=\"0\"><\/iframe>\n\n\n\n<p><strong>Route 3 - Variante A (zweiter Teil)<\/strong><\/p>\n\n\n\n<iframe loading=\"lazy\" style=\"border:none\" src=\"https:\/\/sk.frame.mapy.cz\/s\/dovolenuda\" width=\"100%\" height=\"280\" frameborder=\"0\"><\/iframe>\n\n\n\n<p><strong>Route 3 - Variante B<\/strong><\/p>\n\n\n\n<iframe loading=\"lazy\" style=\"border:none\" src=\"https:\/\/sk.frame.mapy.cz\/s\/cuvuvelaka\" width=\"100%\" height=\"280\" frameborder=\"0\"><\/iframe>\n\n\n\n<h2 class=\"wp-block-heading\">Route 4<\/h2>\n\n\n\n<p>Lang, anspruchsvoller, f\u00fcr diejenigen, die schon einmal in Petzer (Pec) waren und ein etwas \"anderes\" Riesengebirge entdecken m\u00f6chten (die malerische Umgebung von Lyse\u010din)<\/p>\n\n\n\n<ul class=\"wp-block-list\">\n<li>L\u00e4nge: 43 km<\/li>\n\n\n\n<li>H\u00f6henunterschied: 1.300 m<\/li>\n\n\n\n<li>Schwierigkeit: 3\/3<\/li>\n<\/ul>\n\n\n\n<p><strong>Variante A<\/strong><\/p>\n\n\n\n<p>Fahren Sie zur Hauptkreuzung in Petzer (Pec) hinunter, dort nach links und gleich wieder nach links auf den Radweg K1A. Auf diesem bis zu den Jonabodenbauden (Janovy Boudy).<\/p>\n\n\n\n<iframe loading=\"lazy\" style=\"border:none\" src=\"https:\/\/sk.frame.mapy.cz\/s\/bovulukuba\" width=\"100%\" height=\"280\" frameborder=\"0\"><\/iframe>\n\n\n\n<p><strong>Variante B<\/strong><\/p>\n\n\n\n<p>Fahren Sie zur Hauptkreuzung in Petzer (Pec) hinunter, \u00fcber die Br\u00fccke und dann entlang des linken Ufers der Aupa (\u00dapa) nach Gro\u00dfaupa (Velk\u00e1 \u00dapa) zur Port\u00e1\u0161ky-Seilbahn. Mit der gelangen Sie hinauf zu den Port\u00e1\u0161ovy Boudy und von dort aus bergab zu den Jonabodenbauden (Janovy Boudy).\n\nVon hier aus ist der Verlauf beider Routen gleich. Fahren Sie weiter in Richtung Abgebrannte M\u00fchle (Sp\u00e1len\u00fd ml\u00fdn). Folgen Sie dem M\u00e4rchenweg (K24) nach Unter-Kleinaupa (Doln\u00ed Mal\u00e1 \u00dapa), dann weiter nach Kleinaupa (Mal\u00e1 \u00dapa) bis zur Kirche und entlang des Gebr\u00fcder-\u010capek-Wegs (Cesta brat\u0159\u00ed \u010capk\u016f) in Richtung Grenzbaude (Pomezn\u00ed bouda) nach Ober-Kleinaupa (Horn\u00ed Mal\u00e1 \u00dapa). Hier besteht die M\u00f6glichkeit, in der \u00f6rtlichen Brauerei Trautenberk, in der es ein Restaurant gibt, etwas zu essen. Das dort gebraute Bier haben Sie vielleicht schon in unserem Restaurant probiert (nat\u00fcrlich bietet die Brauerei auch verschiedene andere Bierspezialit\u00e4ten an, wie z. B. 14-gr\u00e4diges Bier, zehngr\u00e4diges Sommer-ALE und viele weitere *). Zur\u00fcckkehren k\u00f6nnen Sie entlang der Hauptstra\u00dfe und dann wieder zur Kirche in Kleinaupa (Mal\u00e1 \u00dapa) hinunterfahren. Von hier aus fahren Sie nach links auf dem M\u00e4rchenweg \/ Gebr\u00fcder-\u010capek-Weg (Cesta brat\u0159\u00ed \u010capk\u016f) weiter, an der Gabelung links. Am Cestn\u00edk (Wegweiser) nach links entlang des Gebr\u00fcder-\u010capek-Wegs (Cesta brat\u0159\u00ed \u010capk\u016f). An der Kolbendorfer Baude (Lyse\u010dinsk\u00e1 bouda) nach rechts in Richtung Ober-Kolbendorf (Horn\u00ed Lyse\u010diny) und dann immer geradeaus auf dem Radweg K1B bis nach Unter-Kolbendorf (Doln\u00ed Lyse\u010diny). Weiter geradeaus bis nach Marschendorf (Horn\u00ed Mar\u0161ov). Bei M\u00fcdigkeit k\u00f6nnen Sie von hier aus bereits die Hauptstra\u00dfe entlang nach Petzer (Pec pod Sn\u011b\u017ekou) fahren. Ansonsten fahren Sie weiter zum Rudolfsweg und auf diesem in Richtung des Hotels Pra\u017ea\u010dka. Dann zu den Krausebauden (Krausovy Boudy), weiter zu den Gro\u00dfe Pardubitzer Bauden (Velk\u00e9 Pardubick\u00e9 Boudy) und von hier bis zur Kreuzung unterhalb des Schwarzenbergs (\u010cern\u00e1 hora) und nach Petzer (Pec). Alternativ k\u00f6nnen Sie von den Krausebauden (Krausovy Boudy) zum H\u00fcgel Sign\u00e1l fahren, von dort zur Wegkreuzung P\u011bticest\u00ed, zur Wegkreuzung V\u00e1clav\u00e1k und von dort nach Petzer (Pec pod Sn\u011b\u017ekou). Auf dieser Route treffen Sie wahrscheinlich nicht viele Touristen an, bis beide Routen wieder an die vom Schwarzenberg (\u010cern\u00e1 hora) nach Petzer (Pec) f\u00fchrende Strecke ankn\u00fcpfen.<\/p>","protected":false},"excerpt":{"rendered":"<p>Pokud chcete prozkoumat kr\u00e1sy Krkono\u0161sk\u00fdch hor a u\u017e\u00edt si horskou t\u00faru jin\u00fdm zp\u016fsobem ne\u017e p\u011b\u0161ky, p\u016fj\u010dte si n\u011bkter\u00e9 z&nbsp;elektrokol, kter\u00e9 V\u00e1s zaveze na m\u00edsta, kde se V\u00e1m bude tajit dech. *Nab\u00eddka plat\u00ed dle dostupnosti na\u0161ich partner\u016f, prim\u00e1rn\u011b v&nbsp;letn\u00ed sez\u00f3n\u011b. Vyzkou\u0161ejte cyklostezky kolem Grand hotelu Hradec D\u011btsk\u00e1 cyklostezka D\u011btsk\u00e1 trasa &#8211; Varianta A D\u011btsk\u00e1 trasa &#8211; [&hellip;]<\/p>","protected":false},"author":1,"featured_media":360,"parent":39,"menu_order":3,"comment_status":"closed","ping_status":"closed","template":"aktivity.php","meta":{"footnotes":""},"class_list":["post-358","page","type-page","status-publish","has-post-thumbnail","hentry"],"_links":{"self":[{"href":"https:\/\/www.grandhotelhradec.cz\/de\/wp-json\/wp\/v2\/pages\/358","targetHints":{"allow":["GET"]}}],"collection":[{"href":"https:\/\/www.grandhotelhradec.cz\/de\/wp-json\/wp\/v2\/pages"}],"about":[{"href":"https:\/\/www.grandhotelhradec.cz\/de\/wp-json\/wp\/v2\/types\/page"}],"author":[{"embeddable":true,"href":"https:\/\/www.grandhotelhradec.cz\/de\/wp-json\/wp\/v2\/users\/1"}],"replies":[{"embeddable":true,"href":"https:\/\/www.grandhotelhradec.cz\/de\/wp-json\/wp\/v2\/comments?post=358"}],"version-history":[{"count":0,"href":"https:\/\/www.grandhotelhradec.cz\/de\/wp-json\/wp\/v2\/pages\/358\/revisions"}],"up":[{"embeddable":true,"href":"https:\/\/www.grandhotelhradec.cz\/de\/wp-json\/wp\/v2\/pages\/39"}],"wp:featuredmedia":[{"embeddable":true,"href":"https:\/\/www.grandhotelhradec.cz\/de\/wp-json\/wp\/v2\/media\/360"}],"wp:attachment":[{"href":"https:\/\/www.grandhotelhradec.cz\/de\/wp-json\/wp\/v2\/media?parent=358"}],"curies":[{"name":"wp","href":"https:\/\/api.w.org\/{rel}","templated":true}]}}